{"id":996,"date":"2019-01-13T21:43:58","date_gmt":"2019-01-13T21:43:58","guid":{"rendered":"http:\/\/wp2.ele.puc-rio.br\/?page_id=996"},"modified":"2019-02-13T14:18:20","modified_gmt":"2019-02-13T14:18:20","slug":"ica","status":"publish","type":"page","link":"https:\/\/www.ele.puc-rio.br\/es\/laboratorios\/ica\/","title":{"rendered":"INTELIGENCIA COMPUTACIONAL APLICADA"},"content":{"rendered":"<p>[vc_row css_animation=\u00bb\u00bb row_type=\u00bbrow\u00bb use_row_as_full_screen_section=\u00bbno\u00bb type=\u00bbfull_width\u00bb angled_section=\u00bbno\u00bb text_align=\u00bbleft\u00bb background_image_as_pattern=\u00bbwithout_pattern\u00bb][vc_column][vc_accordion active_tab=\u00bb1&#8243; collapsible=\u00bbyes\u00bb style=\u00bbtoggle\u00bb title=\u00bb<a>Breve historia<\/a>\u00ab][vc_accordion_tab title=\u00bb<a>Breve historia<\/a>\u00ab][vc_column_text]<\/p>\r\n<p>El ICA, desde 1993, cuenta con experiencia en el desarrollo de sistemas de apoyo a la decisi\u00f3n, que atrae a algunos de los mejores alumnos de la PUC-Rio y absorbe casi el 100% de sus alumnos de doctorado. Actualmente su equipo est\u00e1 compuesto por m\u00e1s de 60 t\u00e9cnicos y 15 doctores. Su infraestructura actual, ubicada en el Edificio Cardeal Leme de la PUC-Rio, se compone de 3 laboratorios (\u2248150 m\u00b2 de superficie total), con 80 puestos de trabajo, adem\u00e1s de 3 clusters (PCs y GPU). En 2013, el ICA ocupar\u00e1 un \u00e1rea aproximada de 240 m\u00b2, va a estar situado en el predio NRCP (en construcci\u00f3n) en la PUC-Rio.<\/p>\r\n<p>[\/vc_column_text][\/vc_accordion_tab][vc_accordion_tab title=\u00bb<a>\u00c1rea de Actuaci\u00f3n<\/a>\u00ab][vc_column_text]<\/p>\r\n<p>El ICA es un laboratorio del Departamento de Ingenier\u00eda El\u00e9ctrica de la PUC-Rio que se dedica al desarrollo de tecnolog\u00eda de sistemas inteligentes de apoyo a la decisi\u00f3n. Este laboratorio se centra en la investigaci\u00f3n aplicada y su \u00e1gil transformaci\u00f3n en producto tecnol\u00f3gico de inter\u00e9s por parte de grandes empresas nacionales. En su actuaci\u00f3n el ICA moviliza recursos humanos y dirige la investigaci\u00f3n para la soluci\u00f3n de problemas de empresas, respondiendo con flexibilidad y rapidez a cualquier solicitud de sus clientes.<\/p>\r\n<p>La misi\u00f3n del ICA es proporcionar sistemas de software de apoyo a la decisi\u00f3n alineados con el negocio del cliente, lo que se traduce en competitividad, calidad y reducci\u00f3n de costos. Las soluciones ofrecidas por el ICA combinan r\u00e1pido desarrollo, innovaci\u00f3n y flexibilidad para empresas que dependen de software para apoyar a las \u00e1reas de negocio obtengan resultados tangibles al invertir en la mejor\u00eda de los procesos.<\/p>\r\n<p>El laboratorio cuenta con amplia experiencia en el desarrollo y aplicaci\u00f3n de modelos inteligentes para el apoyo a la decisi\u00f3n en diversas \u00e1reas, tales como exploraci\u00f3n y producci\u00f3n de petr\u00f3leo, energ\u00eda y nanotecnolog\u00eda. Se realizan proyectos de investigaci\u00f3n y desarrollo en colaboraci\u00f3n con diversas empresas, por ejemplo, Petrobras, TAG, ONS, Light, Plena, Furnas, Taesa, Souza Cruz, Eletrobr\u00e1s, Embratel y PUC-Rio. Entre las especialidades del ICA, podemos destacar: sistemas inteligentes de interferencia, previsi\u00f3n y optimizaci\u00f3n, an\u00e1lisis econ\u00f3mica y de riesgo en condiciones de incertidumbre, desarrollo de \u00abproxies\u00bb en condiciones de incertidumbre, procesamiento de datos y \u00abdatamining\u00bb, computaci\u00f3n distribuida y cooperativa, s\u00edntesis y caracterizaci\u00f3n de nuevos dispositivos en la escala nano m\u00e9trica.<\/p>\r\n<p>[\/vc_column_text][\/vc_accordion_tab][vc_accordion_tab title=\u00bbRelevancia\/Impacto\u00bb][vc_column_text]<\/p>\r\n<p>El ICA tiene su propio laboratorio, con la infraestructura computacional avanzada para el desarrollo de sus actividades de investigaci\u00f3n cient\u00edfica. La producci\u00f3n cient\u00edfica cuenta con m\u00e1s de 350 art\u00edculos cient\u00edfico y 3 libros, as\u00ed como 25 tesis de doctorado y 43 disertaciones de maestr\u00eda. Sin embargo, ha ganado cuarto Premios de Tecnolog\u00eda de la Petrobras, en los a\u00f1os 2005, 2007, 2008 y 2010.<br \/>\r\n<br \/>\r\nUno de los principales resultados logrados por los proyectos llevados a cabo por el Laboratorio de ICA, en asociaci\u00f3n con la Petrobras, es el sistema OCTOPUS, que ofrece un ambiente integrado de apoyo a la decisi\u00f3n para el \u00e1rea E&amp;P, realizando la optimizaci\u00f3n conjunta de la trayectoria y la localizaci\u00f3n de pozos con simulaci\u00f3n de dep\u00f3sitos. Hay tambi\u00e9n, el SMART, que es un sistema modular de apoyo a la decisi\u00f3n para optimizaci\u00f3n del \u00abscheduling\u00bb en refiner\u00edas de petr\u00f3leo y el CONFPETRO que es un sistema de caracterizaci\u00f3n de la confiabilidad humana para \u00e1reas de petr\u00f3leo.<br \/>\r\n<br \/>\r\nEn el sector de energ\u00eda el\u00e9ctrica, el ICA se destaca en la planificaci\u00f3n, operaci\u00f3n, control, programaci\u00f3n, generaci\u00f3n, eficiencia energ\u00e9tica, distribuci\u00f3n, comercializaci\u00f3n, previsi\u00f3n, an\u00e1lisis de riesgo, medio ambiente, calidad y confiabilidad humana, inferencia y modelado. Entre los proyectos realizados en el sector el\u00e9ctrico est\u00e1n: el Sistema Inteligente de Apoyo a la Decisi\u00f3n en la Recuperaci\u00f3n de P\u00e9rdida por Fraude y en la Caracterizaci\u00f3n de los Defraudadores y el Sistema de Apoyo para la Planificaci\u00f3n Estrat\u00e9gica de la Comercializaci\u00f3n de Energ\u00eda.<\/p>\r\n<p>[\/vc_column_text][\/vc_accordion_tab][vc_accordion_tab title=\u00bb<a>Contacto<\/a>\u00ab][vc_column_text]<\/p>\r\n<p><span class=\"txt\"><strong>Profesor(es) Responsable(s):<\/strong><\/span><br \/>\r\n<span class=\"txt\">Marco Aur\u00e9lio C. Pacheco e Marley Vallesco<\/span><br \/>\r\n<br \/>\r\n<span class=\"txt\"><strong>Ubicaci\u00f3n:<\/strong><\/span><br \/>\r\n<span class=\"txt\">Rua Marqu\u00eas de S\u00e3o Vicente 225, Pr\u00e9dio Cardeal Leme, 6\u00ba andar, Sala 612 &#8211; G\u00e1vea, Rio de Janeiro &#8211; RJ<\/span><br \/>\r\n<br \/>\r\n<span class=\"txt\"><strong>Tel\u00e9fono(s):<\/strong><\/span><br \/>\r\n<span class=\"txt\">(+55 21) 3527-1207<\/span><br \/>\r\n<span class=\"txt\">(+55 21) 3527-1221<\/span><br \/>\r\n<span class=\"txt\">(+55 21) 3527-1634<\/span>\u00a0<br \/>\r\n<br \/>\r\n<span class=\"txt\"><strong>Vea m\u00e1s en:<\/strong><\/span><br \/>\r\n<a href=\"http:\/\/www.ele.puc-rio.br\/graduacao\/ica.ele.puc-rio.br\">\u2022 www.ica.ele.puc-rio.br<\/a><\/p>\r\n<p>[\/vc_column_text][\/vc_accordion_tab][\/vc_accordion][vc_empty_space height=\u00bb50px\u00bb][\/vc_column][\/vc_row]<\/p>","protected":false},"excerpt":{"rendered":"<p>[vc_row css_animation=\u00bb\u00bb row_type=\u00bbrow\u00bb use_row_as_full_screen_section=\u00bbno\u00bb type=\u00bbfull_width\u00bb angled_section=\u00bbno\u00bb text_align=\u00bbleft\u00bb background_image_as_pattern=\u00bbwithout_pattern\u00bb][vc_column][vc_accordion active_tab=\u00bb1&#8243; collapsible=\u00bbyes\u00bb style=\u00bbtoggle\u00bb title=\u00bbBreve historia\u00ab][vc_accordion_tab title=\u00bbBreve historia\u00ab][vc_column_text] El ICA, desde 1993, cuenta con experiencia en el desarrollo de sistemas de apoyo a la decisi\u00f3n, que atrae a algunos de los mejores alumnos de la PUC-Rio y absorbe&#8230;<\/p>\n","protected":false},"author":1,"featured_media":0,"parent":648,"menu_order":0,"comment_status":"closed","ping_status":"closed","template":"","meta":{"_exactmetrics_skip_tracking":false,"_exactmetrics_sitenote_active":false,"_exactmetrics_sitenote_note":"","_exactmetrics_sitenote_category":0,"footnotes":""},"class_list":["post-996","page","type-page","status-publish","hentry"],"_links":{"self":[{"href":"https:\/\/www.ele.puc-rio.br\/es\/wp-json\/wp\/v2\/pages\/996\/"}],"collection":[{"href":"https:\/\/www.ele.puc-rio.br\/es\/wp-json\/wp\/v2\/pages\/"}],"about":[{"href":"https:\/\/www.ele.puc-rio.br\/es\/wp-json\/wp\/v2\/types\/page\/"}],"author":[{"embeddable":true,"href":"https:\/\/www.ele.puc-rio.br\/es\/wp-json\/wp\/v2\/users\/1\/"}],"replies":[{"embeddable":true,"href":"https:\/\/www.ele.puc-rio.br\/es\/wp-json\/wp\/v2\/comments\/?post=996"}],"version-history":[{"count":1,"href":"https:\/\/www.ele.puc-rio.br\/es\/wp-json\/wp\/v2\/pages\/996\/revisions\/"}],"predecessor-version":[{"id":997,"href":"https:\/\/www.ele.puc-rio.br\/es\/wp-json\/wp\/v2\/pages\/996\/revisions\/997\/"}],"up":[{"embeddable":true,"href":"https:\/\/www.ele.puc-rio.br\/es\/wp-json\/wp\/v2\/pages\/648\/"}],"wp:attachment":[{"href":"https:\/\/www.ele.puc-rio.br\/es\/wp-json\/wp\/v2\/media\/?parent=996"}],"curies":[{"name":"wp","href":"https:\/\/api.w.org\/{rel}","templated":true}]}}