{"id":733,"date":"2019-01-10T12:34:54","date_gmt":"2019-01-10T12:34:54","guid":{"rendered":"http:\/\/wp2.ele.puc-rio.br\/?page_id=733"},"modified":"2019-02-13T13:18:27","modified_gmt":"2019-02-13T13:18:27","slug":"corpotecnicoeadministrativo","status":"publish","type":"page","link":"https:\/\/www.ele.puc-rio.br\/es\/corpotecnicoeadministrativo\/","title":{"rendered":"CUERPO TECNICO Y ADMINISTRATIVO"},"content":{"rendered":"<p>[vc_row css_animation=\u00bb\u00bb row_type=\u00bbrow\u00bb use_row_as_full_screen_section=\u00bbno\u00bb type=\u00bbfull_width\u00bb angled_section=\u00bbno\u00bb text_align=\u00bbleft\u00bb background_image_as_pattern=\u00bbwithout_pattern\u00bb][vc_column][vc_empty_space][vc_row_inner row_type=\u00bbrow\u00bb type=\u00bbfull_width\u00bb text_align=\u00bbleft\u00bb css_animation=\u00bb\u00bb][vc_column_inner width=\u00bb1\/4&#8243;][vc_single_image image=\u00bb365&#8243; img_size=\u00bbfull\u00bb style=\u00bbvc_box_outline\u00bb border_color=\u00bbsandy_brown\u00bb qode_css_animation=\u00bb\u00bb][vc_column_text]<\/p>\r\n<p><span style=\"font-size: 10pt;\"><strong>Nome:\u00a0<\/strong>BRUNO XIMENES DE PAIVA\u00a0<\/span><br \/>\r\n<span style=\"font-size: 10pt;\"><strong>Cargo:\u00a0<\/strong>Auxiliar<br \/>\r\n<\/span><span style=\"font-size: 10pt;\"><strong>E-mail:\u00a0<\/strong>bruno@ele.puc-rio.br<\/span><\/p>\r\n<p>[\/vc_column_text][\/vc_column_inner][vc_column_inner width=\u00bb1\/4&#8243;][vc_single_image image=\u00bb366&#8243; img_size=\u00bbfull\u00bb style=\u00bbvc_box_outline\u00bb border_color=\u00bbsandy_brown\u00bb qode_css_animation=\u00bb\u00bb][vc_column_text]<\/p>\r\n<p><span style=\"font-size: 10pt;\"><strong>Nome:\u00a0<\/strong>CARLOS AFONSO PACHECO CAMPOS\u00a0<\/span><br \/>\r\n<span style=\"font-size: 10pt;\"><strong>Cargo:\u00a0<\/strong>T\u00e9cnico de laborat\u00f3rio (Eletrot\u00e9cnica)<br \/>\r\n<\/span><span style=\"font-size: 10pt;\"><strong>E-mail:\u00a0<\/strong>cafonso@ele.puc-rio.br<\/span><\/p>\r\n<p>[\/vc_column_text][\/vc_column_inner][vc_column_inner width=\u00bb1\/4&#8243;][vc_single_image image=\u00bb367&#8243; img_size=\u00bbfull\u00bb style=\u00bbvc_box_outline\u00bb border_color=\u00bbsandy_brown\u00bb qode_css_animation=\u00bb\u00bb][vc_column_text]<\/p>\r\n<p><span style=\"font-size: 10pt;\"><strong>Nome:\u00a0<\/strong>DANILO FERREIRA\u00a0<\/span><br \/>\r\n<span style=\"font-size: 10pt;\"><strong>Cargo:\u00a0<\/strong>Auxiliar<br \/>\r\n<\/span><span style=\"font-size: 10pt;\"><strong>E-mail:\u00a0<\/strong>danilo@ele.puc-rio.br<\/span><\/p>\r\n<p>[\/vc_column_text][\/vc_column_inner][vc_column_inner width=\u00bb1\/4&#8243;][vc_single_image image=\u00bb368&#8243; img_size=\u00bb1312&#215;1749&#8243; style=\u00bbvc_box_outline\u00bb border_color=\u00bbsandy_brown\u00bb qode_css_animation=\u00bb\u00bb][vc_column_text]<\/p>\r\n<p><span style=\"font-size: 10pt;\"><strong>Nome:\u00a0<\/strong>EVANDRO COSTA DOS REIS\u00a0<\/span><br \/>\r\n<span style=\"font-size: 10pt;\"><strong>Cargo:\u00a0<\/strong>T\u00e9cnico de laborat\u00f3rio (Eletr\u00f4nica)<\/span><\/p>\r\n<p><span style=\"font-size: 10pt;\"><strong>E-mail:\u00a0<\/strong>evandro@ele.puc-rio.br<\/span><\/p>\r\n<p>[\/vc_column_text][\/vc_column_inner][\/vc_row_inner][vc_row_inner row_type=\u00bbrow\u00bb type=\u00bbfull_width\u00bb text_align=\u00bbleft\u00bb css_animation=\u00bb\u00bb css=\u00bb.vc_custom_1546023120812{margin-top: 35px !important;}\u00bb][vc_column_inner width=\u00bb1\/4&#8243;][vc_single_image image=\u00bb369&#8243; img_size=\u00bbfull\u00bb style=\u00bbvc_box_outline\u00bb border_color=\u00bbsandy_brown\u00bb qode_css_animation=\u00bb\u00bb][vc_column_text]<\/p>\r\n<p><span style=\"font-size: 10pt;\"><strong>Nome:\u00a0<\/strong>ISNARDE ANTONIO ERNESTO\u00a0<\/span><br \/>\r\n<span style=\"font-size: 10pt;\"><strong>Cargo:\u00a0<\/strong>Suporte t\u00e9cnico<br \/>\r\n<\/span><span style=\"font-size: 10pt;\"><strong>E-mail:\u00a0<\/strong>isnarde@ele.puc-rio.br<\/span><\/p>\r\n<p>[\/vc_column_text][\/vc_column_inner][vc_column_inner width=\u00bb1\/4&#8243;][vc_single_image image=\u00bb374&#8243; img_size=\u00bb1312&#215;1749&#8243; style=\u00bbvc_box_outline\u00bb border_color=\u00bbsandy_brown\u00bb qode_css_animation=\u00bb\u00bb][vc_column_text]<\/p>\r\n<p><span style=\"font-size: 10pt;\"><strong>Nome:\u00a0<\/strong>LU\u00cdS F. V. GOMES\u00a0<\/span><br \/>\r\n<span style=\"font-size: 10pt;\"><strong>Cargo:\u00a0<\/strong>Gerente de T.I.<br \/>\r\n<\/span><span style=\"font-size: 10pt;\"><strong>E-mail:\u00a0<\/strong>lf@ele.puc-rio.br<\/span><br \/>\r\n<span style=\"font-size: 10pt;\"><a href=\"http:\/\/lattes.cnpq.br\/6577273081687333\" target=\"_blank\" rel=\"noopener\">CURR\u00cdCULO LATTES<\/a><\/span><\/p>\r\n<p>[\/vc_column_text][\/vc_column_inner][vc_column_inner width=\u00bb1\/4&#8243;][vc_single_image image=\u00bb370&#8243; img_size=\u00bb1312&#215;1749&#8243; style=\u00bbvc_box_outline\u00bb border_color=\u00bbsandy_brown\u00bb qode_css_animation=\u00bb\u00bb][vc_column_text]<\/p>\r\n<p><span style=\"font-size: 10pt;\"><strong>Nome:\u00a0<\/strong>MANUEL RAMOS MARTINS\u00a0<\/span><br \/>\r\n<span style=\"font-size: 10pt;\"><strong>Cargo:\u00a0<\/strong>T\u00e9cnico de laborat\u00f3rio (Eletr\u00f4nica)<br \/>\r\n<\/span><span style=\"font-size: 10pt;\"><strong>E-mail:\u00a0<\/strong>manuel@ele.puc-rio.br<\/span><\/p>\r\n<p>[\/vc_column_text][\/vc_column_inner][vc_column_inner width=\u00bb1\/4&#8243;][vc_single_image image=\u00bb371&#8243; img_size=\u00bb1312&#215;1749&#8243; style=\u00bbvc_box_outline\u00bb border_color=\u00bbsandy_brown\u00bb qode_css_animation=\u00bb\u00bb][vc_column_text]<\/p>\r\n<p><span style=\"font-size: 10pt;\"><strong>Nome:\u00a0<\/strong>MARCIA BRUM GUERRA GOMES\u00a0<\/span><br \/>\r\n<span style=\"font-size: 10pt;\"><strong>Cargo:\u00a0<\/strong>Assessora da dire\u00e7\u00e3o<br \/>\r\n<\/span><span style=\"font-size: 10pt;\"><strong>E-mail:\u00a0<\/strong>marcia@ele.puc-rio.br<\/span><\/p>\r\n<p>[\/vc_column_text][\/vc_column_inner][\/vc_row_inner][vc_row_inner row_type=\u00bbrow\u00bb type=\u00bbfull_width\u00bb text_align=\u00bbleft\u00bb css_animation=\u00bb\u00bb css=\u00bb.vc_custom_1546023120812{margin-top: 35px !important;}\u00bb][vc_column_inner width=\u00bb1\/4&#8243;][vc_single_image image=\u00bb372&#8243; img_size=\u00bbfull\u00bb style=\u00bbvc_box_outline\u00bb border_color=\u00bbsandy_brown\u00bb qode_css_animation=\u00bb\u00bb][vc_column_text]<\/p>\r\n<p><span style=\"font-size: 10pt;\"><strong>Nome:\u00a0<\/strong>RAFAEL DOS SANTOS\u00a0<\/span><br \/>\r\n<span style=\"font-size: 10pt;\"><strong>Cargo:\u00a0<\/strong>Secret\u00e1rio da Gradua\u00e7\u00e3o<br \/>\r\n<\/span><span style=\"font-size: 10pt;\"><strong>E-mail:\u00a0<\/strong>rsantos@ele.puc-rio.br<\/span><\/p>\r\n<p>[\/vc_column_text][\/vc_column_inner][vc_column_inner width=\u00bb1\/4&#8243;][vc_single_image image=\u00bb373&#8243; img_size=\u00bb1312&#215;1749&#8243; style=\u00bbvc_box_outline\u00bb border_color=\u00bbsandy_brown\u00bb qode_css_animation=\u00bb\u00bb][vc_column_text]<\/p>\r\n<p><span style=\"font-size: 10pt;\"><strong>Nome:\u00a0<\/strong>T\u00c9O ROMANO\u00a0<\/span><br \/>\r\n<span style=\"font-size: 10pt;\"><strong>Cargo:\u00a0<\/strong>Secret\u00e1rio da P\u00f3s-Gradua\u00e7\u00e3o<br \/>\r\n<\/span><span style=\"font-size: 10pt;\"><strong>E-mail:\u00a0<\/strong>romano@ele.puc-rio.br<\/span><\/p>\r\n<p>[\/vc_column_text][\/vc_column_inner][vc_column_inner width=\u00bb1\/4&#8243;][\/vc_column_inner][vc_column_inner width=\u00bb1\/4&#8243;][\/vc_column_inner][\/vc_row_inner][\/vc_column][\/vc_row][vc_row css_animation=\u00bb\u00bb row_type=\u00bbrow\u00bb use_row_as_full_screen_section=\u00bbno\u00bb type=\u00bbfull_width\u00bb angled_section=\u00bbno\u00bb text_align=\u00bbleft\u00bb background_image_as_pattern=\u00bbwithout_pattern\u00bb][vc_column][vc_empty_space][vc_empty_space][\/vc_column][\/vc_row]<\/p>","protected":false},"excerpt":{"rendered":"<p>[vc_row css_animation=\u00bb\u00bb row_type=\u00bbrow\u00bb use_row_as_full_screen_section=\u00bbno\u00bb type=\u00bbfull_width\u00bb angled_section=\u00bbno\u00bb text_align=\u00bbleft\u00bb background_image_as_pattern=\u00bbwithout_pattern\u00bb][vc_column][vc_empty_space][vc_row_inner row_type=\u00bbrow\u00bb type=\u00bbfull_width\u00bb text_align=\u00bbleft\u00bb css_animation=\u00bb\u00bb][vc_column_inner width=\u00bb1\/4&#8243;][vc_single_image image=\u00bb365&#8243; img_size=\u00bbfull\u00bb style=\u00bbvc_box_outline\u00bb border_color=\u00bbsandy_brown\u00bb qode_css_animation=\u00bb\u00bb][vc_column_text] Nome:\u00a0BRUNO XIMENES DE PAIVA\u00a0 Cargo:\u00a0Auxiliar E-mail:\u00a0bruno@ele.puc-rio.br [\/vc_column_text][\/vc_column_inner][vc_column_inner width=\u00bb1\/4&#8243;][vc_single_image image=\u00bb366&#8243; img_size=\u00bbfull\u00bb style=\u00bbvc_box_outline\u00bb border_color=\u00bbsandy_brown\u00bb qode_css_animation=\u00bb\u00bb][vc_column_text] Nome:\u00a0CARLOS AFONSO PACHECO CAMPOS\u00a0 Cargo:\u00a0T\u00e9cnico de laborat\u00f3rio (Eletrot\u00e9cnica) E-mail:\u00a0cafonso@ele.puc-rio.br [\/vc_column_text][\/vc_column_inner][vc_column_inner width=\u00bb1\/4&#8243;][vc_single_image image=\u00bb367&#8243; img_size=\u00bbfull\u00bb style=\u00bbvc_box_outline\u00bb&#8230;<\/p>\n","protected":false},"author":1,"featured_media":0,"parent":0,"menu_order":0,"comment_status":"closed","ping_status":"closed","template":"","meta":{"_exactmetrics_skip_tracking":false,"_exactmetrics_sitenote_active":false,"_exactmetrics_sitenote_note":"","_exactmetrics_sitenote_category":0,"footnotes":""},"class_list":["post-733","page","type-page","status-publish","hentry"],"_links":{"self":[{"href":"https:\/\/www.ele.puc-rio.br\/es\/wp-json\/wp\/v2\/pages\/733\/"}],"collection":[{"href":"https:\/\/www.ele.puc-rio.br\/es\/wp-json\/wp\/v2\/pages\/"}],"about":[{"href":"https:\/\/www.ele.puc-rio.br\/es\/wp-json\/wp\/v2\/types\/page\/"}],"author":[{"embeddable":true,"href":"https:\/\/www.ele.puc-rio.br\/es\/wp-json\/wp\/v2\/users\/1\/"}],"replies":[{"embeddable":true,"href":"https:\/\/www.ele.puc-rio.br\/es\/wp-json\/wp\/v2\/comments\/?post=733"}],"version-history":[{"count":1,"href":"https:\/\/www.ele.puc-rio.br\/es\/wp-json\/wp\/v2\/pages\/733\/revisions\/"}],"predecessor-version":[{"id":734,"href":"https:\/\/www.ele.puc-rio.br\/es\/wp-json\/wp\/v2\/pages\/733\/revisions\/734\/"}],"wp:attachment":[{"href":"https:\/\/www.ele.puc-rio.br\/es\/wp-json\/wp\/v2\/media\/?parent=733"}],"curies":[{"name":"wp","href":"https:\/\/api.w.org\/{rel}","templated":true}]}}