{"id":671,"date":"2019-01-09T20:49:51","date_gmt":"2019-01-09T20:49:51","guid":{"rendered":"http:\/\/wp2.ele.puc-rio.br\/?page_id=671"},"modified":"2019-01-09T20:49:51","modified_gmt":"2019-01-09T20:49:51","slug":"tesis-y-disertaciones","status":"publish","type":"page","link":"https:\/\/www.ele.puc-rio.br\/es\/tesis-y-disertaciones\/","title":{"rendered":"TESIS Y DISERTACIONES"},"content":{"rendered":"<p>Los Proyectos de Postgrado en Ingenier\u00eda El\u00e9ctrica pueden ser encontrados en el Sistema Maxwell (<a href=\"http:\/\/www.ele.puc-rio.br\/posgraduacao\/www.maxwell.vrac.puc-rio.br\/\">www.maxwell.vrac.puc-rio.br\/<\/a>) desde 08\/2000.<\/p>\r\n<p><br \/>\r\n<span class=\"txt\">Al hacer clic en el enlace de abajo le dar\u00e1 acceso a la lista de tesis y disertaciones por Programa de PG \/ Nivel y A\u00f1o y podr\u00e1 elegir aquellos (s) que desea leer. Es importante se\u00f1alar que la decisi\u00f3n de dejar o no un trabajo para acceso del p\u00fablico es s\u00f3lo del autor(s), de acuerdo con la Ley Federal 9.610\/98, que establece Derechos de Autor.<\/span><br \/>\r\n<br \/>\r\n<a href=\"http:\/\/www.maxwell.vrac.puc-rio.br\/ConsultasporPG.php?prog=10&amp;data=TODAS&amp;strSecao=show1&amp;nivel=TOD\">Tesis y Disertaciones por Programa de PG\/N\u00edvel y A\u00f1o<\/a>\u00a0<br \/>\r\n<br \/>\r\n<br \/>\r\n<br \/>\r\n<br \/>\r\n<\/p>","protected":false},"excerpt":{"rendered":"<p>Los Proyectos de Postgrado en Ingenier\u00eda El\u00e9ctrica pueden ser encontrados en el Sistema Maxwell (www.maxwell.vrac.puc-rio.br\/) desde 08\/2000. Al hacer clic en el enlace de abajo le dar\u00e1 acceso a la lista de tesis y disertaciones por Programa de PG \/ Nivel y A\u00f1o y podr\u00e1&#8230;<\/p>\n","protected":false},"author":1,"featured_media":0,"parent":0,"menu_order":0,"comment_status":"closed","ping_status":"closed","template":"","meta":{"_exactmetrics_skip_tracking":false,"_exactmetrics_sitenote_active":false,"_exactmetrics_sitenote_note":"","_exactmetrics_sitenote_category":0,"footnotes":""},"class_list":["post-671","page","type-page","status-publish","hentry"],"_links":{"self":[{"href":"https:\/\/www.ele.puc-rio.br\/es\/wp-json\/wp\/v2\/pages\/671\/"}],"collection":[{"href":"https:\/\/www.ele.puc-rio.br\/es\/wp-json\/wp\/v2\/pages\/"}],"about":[{"href":"https:\/\/www.ele.puc-rio.br\/es\/wp-json\/wp\/v2\/types\/page\/"}],"author":[{"embeddable":true,"href":"https:\/\/www.ele.puc-rio.br\/es\/wp-json\/wp\/v2\/users\/1\/"}],"replies":[{"embeddable":true,"href":"https:\/\/www.ele.puc-rio.br\/es\/wp-json\/wp\/v2\/comments\/?post=671"}],"version-history":[{"count":1,"href":"https:\/\/www.ele.puc-rio.br\/es\/wp-json\/wp\/v2\/pages\/671\/revisions\/"}],"predecessor-version":[{"id":673,"href":"https:\/\/www.ele.puc-rio.br\/es\/wp-json\/wp\/v2\/pages\/671\/revisions\/673\/"}],"wp:attachment":[{"href":"https:\/\/www.ele.puc-rio.br\/es\/wp-json\/wp\/v2\/media\/?parent=671"}],"curies":[{"name":"wp","href":"https:\/\/api.w.org\/{rel}","templated":true}]}}