{"id":631,"date":"2019-01-09T20:22:25","date_gmt":"2019-01-09T20:22:25","guid":{"rendered":"http:\/\/wp2.ele.puc-rio.br\/?page_id=631"},"modified":"2019-02-26T19:30:06","modified_gmt":"2019-02-26T19:30:06","slug":"inscricao","status":"publish","type":"page","link":"https:\/\/www.ele.puc-rio.br\/es\/inscricao\/","title":{"rendered":"INSCRIPCI\u00d3N"},"content":{"rendered":"<p>Las inscripciones son hechas en l\u00ednea en\u00a0<a href=\"http:\/\/www.ele.puc-rio.br\/posgraduacao\/www.puc-rio.br\/ensinopesq\/ccpg\/inscricoes.html\">www.puc-rio.br\/ensinopesq\/ccpg\/inscricoes.html<\/a>. En este sitio constan el calendario escolar de la universidad, la lista de documentos requeridos, formularios y cartas de presentaci\u00f3n-patr\u00f3n.<br \/>\r\n<br \/>\r\nEl an\u00e1lisis de los candidatos es hecho por la Comisi\u00f3n de Postgrado e Investigaci\u00f3n del Programa basado en el Curriculum Vitae, en el Hist\u00f3rico Escolar, las cartas de presentaci\u00f3n y, en caso necesario, en una entrevista.<br \/>\r\n<br \/>\r\nLos candidatos son informados del resultado del an\u00e1lisis de las solicitudes de inscripci\u00f3n por carta, correo electr\u00f3nico o tel\u00e9fono.<br \/>\r\n<br \/>\r\n<span class=\"txt\"><strong>Lista de documentos necesarios para todos los candidatos:<\/strong><\/span><br \/>\r\n<br \/>\r\n<span class=\"txt\"><span style=\"color: #e58b0a;\">\u2022<\/span>\u00a0Hoja de vida (curriculum vitae);<\/span><br \/>\r\n<span class=\"txt\"><span style=\"color: #e58b0a;\">\u2022<\/span>\u00a0Diploma de pregrado o certificado de posible conclusi\u00f3n antes del inicio del curso pretendido;<\/span><br \/>\r\n<span class=\"txt\"><span style=\"color: #e58b0a;\">\u2022<\/span>\u00a0Hist\u00f3rico escolar del pregrado;<\/span><br \/>\r\n<span class=\"txt\"><span style=\"color: #e58b0a;\">\u2022<\/span>\u00a0Dos cartas de referencia.<\/span><br \/>\r\n<br \/>\r\n<span class=\"txt\"><strong>Para candidatos a la maestria:<\/strong><\/span><br \/>\r\n<br \/>\r\n<span class=\"txt\"><span style=\"color: #e58b0a;\">\u2022<\/span>\u00a0Acuerdo de compromiso entre el alumno y su orientador para las \u00e1reas de concentraci\u00f3n: M\u00e9todos de Apoyo a la Decisi\u00f3n e Procesamiento de Se\u00f1ales, Automaci\u00f3n y Rob\u00f3tica.<\/span><br \/>\r\n<br \/>\r\n<span class=\"txt\"><strong>Para candidatos al doctorado:<\/strong><\/span><br \/>\r\n<br \/>\r\n<span class=\"txt\"><span style=\"color: #e58b0a;\">\u2022<\/span>\u00a0Diploma de la maestr\u00eda o certificado de posible conclusi\u00f3n antes del inicio del curso pretendido;<\/span><br \/>\r\n<span class=\"txt\"><span style=\"color: #e58b0a;\">\u2022<\/span>\u00a0Hist\u00f3rico escolar de la maestr\u00eda;<\/span><br \/>\r\n<span class=\"txt\"><span style=\"color: #e58b0a;\">\u2022<\/span>\u00a0Acuerdo de compromiso entre el alumno y su orientador para todas las \u00e1reas de concentraci\u00f3n;<\/span><br \/>\r\n<br \/>\r\n<span class=\"txt\"><strong>Enlaces para:<\/strong><\/span><br \/>\r\n<br \/>\r\n<span class=\"txt\"><a href=\"http:\/\/www.ele.puc-rio.br\/wp-content\/uploads\/2019\/01\/folharef-1.pdf\" target=\"_blank\" rel=\"noopener\">\u2022 Modelo de carta de referencia<\/a><\/span><br \/>\r\n<span class=\"txt\"><a href=\"http:\/\/wp2.ele.puc-rio.br\/wp-content\/uploads\/2019\/01\/1formulario_termo_compromisso_entre_professor_aluno_mestrado.doc\">\u2022 Acuerdo de compromiso entre el alumno y su orientador &#8211; maestr\u00eda<\/a><\/span><br \/>\r\n<span class=\"txt\"><a href=\"http:\/\/www.ele.puc-rio.br\/wp-content\/uploads\/2019\/01\/1formulario_termo_compromisso_entre_professor_aluno_doutorado.doc\" target=\"_blank\" rel=\"noopener\">\u2022 Acuerdo de compromiso entre el alumno y su orientador &#8211; doctorado<\/a><\/span><br \/>\r\n<br \/>\r\n<span class=\"txt\"><strong>Certificado de suficiencia en portugu\u00e9s para extranjeros (Celpe-Bras):<\/strong><\/span><br \/>\r\n<br \/>\r\nLos candidatos seleccionados para el programa, que no tengan como lengua madre el portugu\u00e9s o el espa\u00f1ol, deber\u00e1n presentar en el acto de la matricula el certificado de suficiencia en lengua portuguesa para extranjeros\u00a0<a href=\"http:\/\/celpebras.inep.gov.br\">Celpe-Bras<\/a>. Decisi\u00f3n v\u00e1lida para entrada no programa a partir de 2014.<\/p>\r\n<p>&nbsp;<\/p>\r\n<p>&nbsp;<\/p>","protected":false},"excerpt":{"rendered":"<p>Las inscripciones son hechas en l\u00ednea en\u00a0www.puc-rio.br\/ensinopesq\/ccpg\/inscricoes.html. En este sitio constan el calendario escolar de la universidad, la lista de documentos requeridos, formularios y cartas de presentaci\u00f3n-patr\u00f3n. El an\u00e1lisis de los candidatos es hecho por la Comisi\u00f3n de Postgrado e Investigaci\u00f3n del Programa basado en&#8230;<\/p>\n","protected":false},"author":1,"featured_media":0,"parent":0,"menu_order":0,"comment_status":"closed","ping_status":"closed","template":"","meta":{"_exactmetrics_skip_tracking":false,"_exactmetrics_sitenote_active":false,"_exactmetrics_sitenote_note":"","_exactmetrics_sitenote_category":0,"footnotes":""},"class_list":["post-631","page","type-page","status-publish","hentry"],"_links":{"self":[{"href":"https:\/\/www.ele.puc-rio.br\/es\/wp-json\/wp\/v2\/pages\/631\/"}],"collection":[{"href":"https:\/\/www.ele.puc-rio.br\/es\/wp-json\/wp\/v2\/pages\/"}],"about":[{"href":"https:\/\/www.ele.puc-rio.br\/es\/wp-json\/wp\/v2\/types\/page\/"}],"author":[{"embeddable":true,"href":"https:\/\/www.ele.puc-rio.br\/es\/wp-json\/wp\/v2\/users\/1\/"}],"replies":[{"embeddable":true,"href":"https:\/\/www.ele.puc-rio.br\/es\/wp-json\/wp\/v2\/comments\/?post=631"}],"version-history":[{"count":5,"href":"https:\/\/www.ele.puc-rio.br\/es\/wp-json\/wp\/v2\/pages\/631\/revisions\/"}],"predecessor-version":[{"id":1490,"href":"https:\/\/www.ele.puc-rio.br\/es\/wp-json\/wp\/v2\/pages\/631\/revisions\/1490\/"}],"wp:attachment":[{"href":"https:\/\/www.ele.puc-rio.br\/es\/wp-json\/wp\/v2\/media\/?parent=631"}],"curies":[{"name":"wp","href":"https:\/\/api.w.org\/{rel}","templated":true}]}}