{"id":597,"date":"2019-01-09T19:46:26","date_gmt":"2019-01-09T19:46:26","guid":{"rendered":"http:\/\/wp2.ele.puc-rio.br\/?page_id=597"},"modified":"2025-03-24T10:12:53","modified_gmt":"2025-03-24T13:12:53","slug":"presentacion","status":"publish","type":"page","link":"https:\/\/www.ele.puc-rio.br\/es\/presentacion\/","title":{"rendered":"PRESENTACI\u00d3N"},"content":{"rendered":"<p>La Pontificia Universidad Cat\u00f3lica de R\u00edo de Janeiro es una instituci\u00f3n privada sin fines de lucro que se destaca en la producci\u00f3n y transmisi\u00f3n del conocimiento, basada en el respeto por los valores humanos y en la \u00e9tica.<br \/>\r\n<br \/>\r\nEl Departamento de Ingenier\u00eda El\u00e9ctrica y el Centro de Estudios en Telecomunicaciones de la PUC-Rio buscan la excelencia en la investigaci\u00f3n, ense\u00f1anza y extensi\u00f3n para la formaci\u00f3n de profesionales competentes, habilitados al pleno desempe\u00f1o de sus funciones.<br \/>\r\n<br \/>\r\nEl Programa de Postgrado en Ingenier\u00eda El\u00e9ctrica de la PUC-Rio fue valorado com la nota 6 por la CAPES en 2022.<br \/>\r\n<strong><br \/>\r\n<\/strong><\/p>\r\n<p class=\"\" data-start=\"0\" data-end=\"10\"><strong data-start=\"0\" data-end=\"10\">MISI\u00d3N<\/strong><\/p>\r\n<p class=\"\" data-start=\"12\" data-end=\"296\">Formar recursos humanos altamente calificados en Ingenier\u00eda El\u00e9ctrica, y desarrollar investigaci\u00f3n cient\u00edfica y tecnol\u00f3gica de excelencia, generando conocimientos innovadores y soluciones de alto impacto que contribuyan al desarrollo cient\u00edfico, tecnol\u00f3gico y socioecon\u00f3mico del pa\u00eds.<\/p>\r\n<p class=\"\" data-start=\"298\" data-end=\"308\"><strong data-start=\"298\" data-end=\"308\">VISI\u00d3N<\/strong><\/p>\r\n<p class=\"\" data-start=\"310\" data-end=\"638\">Mantenerse como programa de excelencia en Ingenier\u00eda El\u00e9ctrica, ampliando su liderazgo cient\u00edfico y tecnol\u00f3gico mediante la investigaci\u00f3n de frontera, formaci\u00f3n de alto nivel y cooperaci\u00f3n nacional e internacional, contribuyendo al desarrollo sostenible en un escenario de constantes cambios tecnol\u00f3gicos, clim\u00e1ticos y sociales.<\/p>\r\n<p class=\"\" data-start=\"640\" data-end=\"653\"><strong data-start=\"640\" data-end=\"653\">OBJETIVOS<\/strong><\/p>\r\n<p class=\"\" data-start=\"658\" data-end=\"840\">1. Formar recursos humanos altamente calificados, capaces de enfrentar los desaf\u00edos tecnol\u00f3gicos en Ingenier\u00eda El\u00e9ctrica, en un ambiente estimulante, din\u00e1mico, colaborativo e inclusivo.<\/p>\r\n<p class=\"\" data-start=\"845\" data-end=\"977\">2. Producir y difundir investigaci\u00f3n b\u00e1sica, aplicada e interdisciplinaria de alto impacto cient\u00edfico, tecnol\u00f3gico, social y econ\u00f3mico.<\/p>\r\n<p class=\"\" data-start=\"982\" data-end=\"1119\">3. Realizar la transferencia de tecnolog\u00eda e impulsar la innovaci\u00f3n, con \u00e9nfasis en proyectos de I+D, internacionalizaci\u00f3n y emprendimiento.<\/p>\r\n<p><br \/>\r\n<span class=\"txt\"><strong>Acreditaci\u00f3n<\/strong><\/span><br \/>\r\n<br \/>\r\n<span class=\"txt\"><span style=\"color: #e58b0a;\">Maestr\u00eda:<\/span><\/span><\/p>\r\n<p>Homologado por el CNE (Porter\u00eda MEC 656, DOU 27\/07\/2017 &#8211; Parecer CES\/CNE 288\/2015, de 08\/07\/2015). Evaluado por la CAPES al grado 7 para el cuadrienio 2013\/2016. T\u00edtulo atribuido: Mag\u00edster en Ciencias en Ingenier\u00eda El\u00e9ctrica.<br \/>\r\n<br \/>\r\n<span class=\"txt\"><span style=\"color: #e58b0a;\">Doctorado:<\/span><\/span><\/p>\r\n<p>Homologado por el CNE (Porter\u00eda M MEC 656, DOU 27\/07\/2017 &#8211; Parecer CES\/CNE 288\/2015, de 08\/07\/2015). Evaluado por la CAPES al grado 7 para el cuadrienio 2013\/2016. T\u00edtulo atribuido: M\u00e1ster en Ciencias en Ingenier\u00eda El\u00e9ctrica.<\/p>\r\n<p>&nbsp;<\/p>\r\n<p>&nbsp;<\/p>","protected":false},"excerpt":{"rendered":"<p>La Pontificia Universidad Cat\u00f3lica de R\u00edo de Janeiro es una instituci\u00f3n privada sin fines de lucro que se destaca en la producci\u00f3n y transmisi\u00f3n del conocimiento, basada en el respeto por los valores humanos y en la \u00e9tica. El Departamento de Ingenier\u00eda El\u00e9ctrica y el&#8230;<\/p>\n","protected":false},"author":1,"featured_media":0,"parent":0,"menu_order":0,"comment_status":"closed","ping_status":"closed","template":"","meta":{"_exactmetrics_skip_tracking":false,"_exactmetrics_sitenote_active":false,"_exactmetrics_sitenote_note":"","_exactmetrics_sitenote_category":0,"footnotes":""},"class_list":["post-597","page","type-page","status-publish","hentry"],"_links":{"self":[{"href":"https:\/\/www.ele.puc-rio.br\/es\/wp-json\/wp\/v2\/pages\/597\/"}],"collection":[{"href":"https:\/\/www.ele.puc-rio.br\/es\/wp-json\/wp\/v2\/pages\/"}],"about":[{"href":"https:\/\/www.ele.puc-rio.br\/es\/wp-json\/wp\/v2\/types\/page\/"}],"author":[{"embeddable":true,"href":"https:\/\/www.ele.puc-rio.br\/es\/wp-json\/wp\/v2\/users\/1\/"}],"replies":[{"embeddable":true,"href":"https:\/\/www.ele.puc-rio.br\/es\/wp-json\/wp\/v2\/comments\/?post=597"}],"version-history":[{"count":3,"href":"https:\/\/www.ele.puc-rio.br\/es\/wp-json\/wp\/v2\/pages\/597\/revisions\/"}],"predecessor-version":[{"id":2644,"href":"https:\/\/www.ele.puc-rio.br\/es\/wp-json\/wp\/v2\/pages\/597\/revisions\/2644\/"}],"wp:attachment":[{"href":"https:\/\/www.ele.puc-rio.br\/es\/wp-json\/wp\/v2\/media\/?parent=597"}],"curies":[{"name":"wp","href":"https:\/\/api.w.org\/{rel}","templated":true}]}}