{"id":490,"date":"2019-01-09T12:40:48","date_gmt":"2019-01-09T12:40:48","guid":{"rendered":"http:\/\/wp2.ele.puc-rio.br\/?page_id=490"},"modified":"2019-01-09T18:10:00","modified_gmt":"2019-01-09T18:10:00","slug":"infraestrutura","status":"publish","type":"page","link":"https:\/\/www.ele.puc-rio.br\/es\/infraestrutura\/","title":{"rendered":"INFRAESTRUCTURA"},"content":{"rendered":"<p>El Departamento de Ingenier\u00eda El\u00e9ctrica de la PUC-Rio dispone de m\u00e1s de 20\u00a0<strong>laborat\u00f3rios<\/strong>, donde se desarrollan investigaciones conducidas por profesores y donde los alumnos de pregrado pueden participar, sea por medio de trabajos de iniciaci\u00f3n cient\u00edfica, trabajos de finalizaci\u00f3n del curso y estudios orientados, sea por medio de participaci\u00f3n en proyectos desarrollados en colaboraci\u00f3n con empresas p\u00fablicas, privadas o financiadas por agencias de fomento de investigaci\u00f3n (CNPq, CAPES, FAPERJ, por ejemplo).\u00a0<\/p>\r\n<p>Adem\u00e1s de estos laboratorios, hay varias otras instalaciones de ense\u00f1anza y de facilidades que puedan ser libremente utilizados, ya que el uso de\u00a0<strong>los sistemas computacionales<\/strong>\u00a0y de\u00a0<strong>actividades experimentales<\/strong>\u00a0constituye un aspecto fundamental de la formaci\u00f3n de los alumnos de Ingenier\u00eda El\u00e9ctrica. En el primer semestre, el alumno novato se coloca en la posici\u00f3n de un ingeniero, debiendo resolver un problema real propuesto en las clases de\u00a0<strong>Introducci\u00f3n a la Ingenier\u00eda.<\/strong>\u00a0Para finalizar su curso, el alumno debe ejecutar un\u00a0<strong>Proyecto de Pregrado<\/strong>\u00a0\u2013 resolviendo en su totalidad un problema de Ingenier\u00eda guiado por un profesor del departamento, as\u00ed como hacer un per\u00edodo de\u00a0<strong>pr\u00e1cticas profesionales<\/strong>\u00a0en alguna empresa, de preferencia, de Ingenier\u00eda.\u00a0<\/p>\r\n<p>Los alumnos de Ingenier\u00eda El\u00e9ctrica tambi\u00e9n cuentan, con la\u00a0<strong>Incubadora G\u00eanesis<\/strong>\u00a0y la\u00a0<strong>Empresa J\u00fanior<\/strong>, la primera desarrollada para proporcionar la infraestructura necesaria a los alumnos y antiguos alumnos egresados que tengan inter\u00e9s en crear sus propias empresas dentro de la universidad, y la segunda tiene el objetivo de desarrollar proyectos y actividades de consultor\u00eda para el mercado profesional. La Incubadora proporciona no solo las oficinas comerciales en su propio edificio en la PUC-Rio, como tambi\u00e9n el apoyo legal, gesti\u00f3n, oficina de prensa y la orientaci\u00f3n de los profesores.<\/p>\r\n<p>&nbsp;<\/p>\r\n<p>&nbsp;<\/p>","protected":false},"excerpt":{"rendered":"<p>El Departamento de Ingenier\u00eda El\u00e9ctrica de la PUC-Rio dispone de m\u00e1s de 20\u00a0laborat\u00f3rios, donde se desarrollan investigaciones conducidas por profesores y donde los alumnos de pregrado pueden participar, sea por medio de trabajos de iniciaci\u00f3n cient\u00edfica, trabajos de finalizaci\u00f3n del curso y estudios orientados, sea&#8230;<\/p>\n","protected":false},"author":1,"featured_media":0,"parent":0,"menu_order":0,"comment_status":"closed","ping_status":"closed","template":"","meta":{"_exactmetrics_skip_tracking":false,"_exactmetrics_sitenote_active":false,"_exactmetrics_sitenote_note":"","_exactmetrics_sitenote_category":0,"footnotes":""},"class_list":["post-490","page","type-page","status-publish","hentry"],"_links":{"self":[{"href":"https:\/\/www.ele.puc-rio.br\/es\/wp-json\/wp\/v2\/pages\/490\/"}],"collection":[{"href":"https:\/\/www.ele.puc-rio.br\/es\/wp-json\/wp\/v2\/pages\/"}],"about":[{"href":"https:\/\/www.ele.puc-rio.br\/es\/wp-json\/wp\/v2\/types\/page\/"}],"author":[{"embeddable":true,"href":"https:\/\/www.ele.puc-rio.br\/es\/wp-json\/wp\/v2\/users\/1\/"}],"replies":[{"embeddable":true,"href":"https:\/\/www.ele.puc-rio.br\/es\/wp-json\/wp\/v2\/comments\/?post=490"}],"version-history":[{"count":2,"href":"https:\/\/www.ele.puc-rio.br\/es\/wp-json\/wp\/v2\/pages\/490\/revisions\/"}],"predecessor-version":[{"id":492,"href":"https:\/\/www.ele.puc-rio.br\/es\/wp-json\/wp\/v2\/pages\/490\/revisions\/492\/"}],"wp:attachment":[{"href":"https:\/\/www.ele.puc-rio.br\/es\/wp-json\/wp\/v2\/media\/?parent=490"}],"curies":[{"name":"wp","href":"https:\/\/api.w.org\/{rel}","templated":true}]}}