{"id":482,"date":"2018-12-20T13:13:55","date_gmt":"2018-12-20T13:13:55","guid":{"rendered":"http:\/\/wp2.ele.puc-rio.br\/historiaseatividades\/"},"modified":"2019-02-13T14:06:28","modified_gmt":"2019-02-13T14:06:28","slug":"historiaseatividades-2","status":"publish","type":"page","link":"https:\/\/www.ele.puc-rio.br\/es\/historiaseatividades-2\/","title":{"rendered":"HISTORIA Y ACTIVIDADES"},"content":{"rendered":"<p>DEE fue fundado en 1947 con la tarea de establecer el Curso de Licenciatura en Ingenier\u00eda El\u00e9ctrica y, en lo referente a la legislaci\u00f3n, ofrecer el t\u00edtulo de Ingeniero El\u00e9ctrico. Actualmente, adem\u00e1s de ser responsable por el pregrado en Ingenier\u00eda El\u00e9ctrica, en conjunto con el CETUC &#8211; Centro de Telecomunicaciones, el DEE es co-responsable por los pregrados en Ingenier\u00eda de Computaci\u00f3n con el Departamento de Inform\u00e1tica; de Automatizaci\u00f3n y Control con el Departamento Ingenier\u00eda Mec\u00e1nica; y, de Nanotecnolog\u00eda, con los Departamento de Ingenier\u00eda de Materiales, Qu\u00edmica y F\u00edsica.<\/p>\r\n<p>En 1963 se fund\u00f3 el Programa de Postgrado en Ingenier\u00eda El\u00e9ctrica, pionero en Brasil, ofreciendo el t\u00edtulo de Mag\u00edster en Ciencias en Ingenier\u00eda El\u00e9ctrica. Desde 1981, en colaboraci\u00f3n con el CETUC, empez\u00f3 a ofrecer el t\u00edtulo de Doctor en Ciencias en Ingenier\u00eda El\u00e9ctrica.<\/p>\r\n<p>&nbsp;<\/p>\r\n<p>&nbsp;<\/p>\r\n<p>&nbsp;<\/p>","protected":false},"excerpt":{"rendered":"<p>DEE fue fundado en 1947 con la tarea de establecer el Curso de Licenciatura en Ingenier\u00eda El\u00e9ctrica y, en lo referente a la legislaci\u00f3n, ofrecer el t\u00edtulo de Ingeniero El\u00e9ctrico. Actualmente, adem\u00e1s de ser responsable por el pregrado en Ingenier\u00eda El\u00e9ctrica, en conjunto con el&#8230;<\/p>\n","protected":false},"author":1,"featured_media":0,"parent":0,"menu_order":0,"comment_status":"closed","ping_status":"closed","template":"","meta":{"_exactmetrics_skip_tracking":false,"_exactmetrics_sitenote_active":false,"_exactmetrics_sitenote_note":"","_exactmetrics_sitenote_category":0,"footnotes":""},"class_list":["post-482","page","type-page","status-publish","hentry"],"_links":{"self":[{"href":"https:\/\/www.ele.puc-rio.br\/es\/wp-json\/wp\/v2\/pages\/482\/"}],"collection":[{"href":"https:\/\/www.ele.puc-rio.br\/es\/wp-json\/wp\/v2\/pages\/"}],"about":[{"href":"https:\/\/www.ele.puc-rio.br\/es\/wp-json\/wp\/v2\/types\/page\/"}],"author":[{"embeddable":true,"href":"https:\/\/www.ele.puc-rio.br\/es\/wp-json\/wp\/v2\/users\/1\/"}],"replies":[{"embeddable":true,"href":"https:\/\/www.ele.puc-rio.br\/es\/wp-json\/wp\/v2\/comments\/?post=482"}],"version-history":[{"count":1,"href":"https:\/\/www.ele.puc-rio.br\/es\/wp-json\/wp\/v2\/pages\/482\/revisions\/"}],"predecessor-version":[{"id":483,"href":"https:\/\/www.ele.puc-rio.br\/es\/wp-json\/wp\/v2\/pages\/482\/revisions\/483\/"}],"wp:attachment":[{"href":"https:\/\/www.ele.puc-rio.br\/es\/wp-json\/wp\/v2\/media\/?parent=482"}],"curies":[{"name":"wp","href":"https:\/\/api.w.org\/{rel}","templated":true}]}}