{"id":1126,"date":"2019-01-15T22:30:29","date_gmt":"2019-01-15T22:30:29","guid":{"rendered":"http:\/\/wp2.ele.puc-rio.br\/?page_id=1126"},"modified":"2019-02-22T19:17:40","modified_gmt":"2019-02-22T19:17:40","slug":"videos","status":"publish","type":"page","link":"https:\/\/www.ele.puc-rio.br\/es\/videos\/","title":{"rendered":"V\u00eddeos"},"content":{"rendered":"<p>[vc_row css_animation=\u00bb\u00bb row_type=\u00bbrow\u00bb use_row_as_full_screen_section=\u00bbno\u00bb type=\u00bbfull_width\u00bb angled_section=\u00bbno\u00bb text_align=\u00bbleft\u00bb background_image_as_pattern=\u00bbwithout_pattern\u00bb][vc_column][vc_empty_space]<div class='q_masonry_blog'><div class=\"q_masonry_blog_grid_sizer\"><\/div><div class=\"q_masonry_blog_grid_gutter\"><\/div><article  class='post-1358 post type-post status-publish format-standard has-post-thumbnail hentry category-videos-es '><div class=\"q_masonry_blog_post_image\"><a itemprop=\"url\" href=\"https:\/\/www.ele.puc-rio.br\/es\/sistemas-de-energia-eletrica\/\" target=\"_self\"><img decoding=\"async\" itemprop=\"image\" src=\"https:\/\/www.ele.puc-rio.br\/wp-content\/uploads\/2019\/02\/delberis-1.jpg\" \/><\/a><\/div><div class=\"q_masonry_blog_post_text\"><h4 itemprop=\"name\" class=\"q_masonry_blog_title entry_title\"><a itemprop=\"url\" href=\"https:\/\/www.ele.puc-rio.br\/es\/sistemas-de-energia-eletrica\/\">Sistemas de Energia El\u00e9trica<\/a><\/h4><p itemprop=\"description\" class=\"q_masonry_blog_excerpt\">&nbsp; &nbsp;...<\/p><div class=\"q_masonry_blog_post_info\"><\/div><\/div><\/article><article  class='post-1359 post type-post status-publish format-standard has-post-thumbnail hentry category-videos-es '><div class=\"q_masonry_blog_post_image\"><a itemprop=\"url\" href=\"https:\/\/www.ele.puc-rio.br\/es\/sua-fatura-de-energia-eletrica-com-geracao-distribuida\/\" target=\"_self\"><img decoding=\"async\" itemprop=\"image\" src=\"https:\/\/www.ele.puc-rio.br\/wp-content\/uploads\/2019\/02\/delberis-2.jpg\" \/><\/a><\/div><div class=\"q_masonry_blog_post_text\"><h4 itemprop=\"name\" class=\"q_masonry_blog_title entry_title\"><a itemprop=\"url\" href=\"https:\/\/www.ele.puc-rio.br\/es\/sua-fatura-de-energia-eletrica-com-geracao-distribuida\/\">Sua fatura de energia el\u00e9trica com Gera\u00e7\u00e3o Distribu\u00edda<\/a><\/h4><p itemprop=\"description\" class=\"q_masonry_blog_excerpt\">&nbsp; &nbsp; Saiba nesta s\u00e9rie de v\u00eddeos como entender a sua fatura de energia com foco no consumo da utiliza\u00e7\u00e3o residencial. Ser\u00e3o tr\u00eas v\u00eddeos que te ajudar\u00e3o a entender melhor a resolu\u00e7\u00e3o normativa. Uma dica para economizar nas suas contas \u00e9 pag\u00e1-las utilizando um cupom......<\/p><div class=\"q_masonry_blog_post_info\"><\/div><\/div><\/article><article  class='post-1360 post type-post status-publish format-standard has-post-thumbnail hentry category-videos-es '><div class=\"q_masonry_blog_post_image\"><a itemprop=\"url\" href=\"https:\/\/www.ele.puc-rio.br\/es\/curto-circuito-em-sistemas-de-distribuicao\/\" target=\"_self\"><img decoding=\"async\" itemprop=\"image\" src=\"https:\/\/www.ele.puc-rio.br\/wp-content\/uploads\/2019\/02\/delberis-3.jpg\" \/><\/a><\/div><div class=\"q_masonry_blog_post_text\"><h4 itemprop=\"name\" class=\"q_masonry_blog_title entry_title\"><a itemprop=\"url\" href=\"https:\/\/www.ele.puc-rio.br\/es\/curto-circuito-em-sistemas-de-distribuicao\/\">Curto-circuito em sistemas de distribui\u00e7\u00e3o<\/a><\/h4><p itemprop=\"description\" class=\"q_masonry_blog_excerpt\">...<\/p><div class=\"q_masonry_blog_post_info\"><\/div><\/div><\/article><article  class='post-1363 post type-post status-publish format-standard has-post-thumbnail hentry category-videos-es '><div class=\"q_masonry_blog_post_image\"><a itemprop=\"url\" href=\"https:\/\/www.ele.puc-rio.br\/es\/habilidades-dos-engenheiros-para-o-futuro\/\" target=\"_self\"><img decoding=\"async\" itemprop=\"image\" src=\"https:\/\/www.ele.puc-rio.br\/wp-content\/uploads\/2019\/02\/delberis-4.jpg\" \/><\/a><\/div><div class=\"q_masonry_blog_post_text\"><h4 itemprop=\"name\" class=\"q_masonry_blog_title entry_title\"><a itemprop=\"url\" href=\"https:\/\/www.ele.puc-rio.br\/es\/habilidades-dos-engenheiros-para-o-futuro\/\">Habilidades dos Engenheiros para o futuro<\/a><\/h4><p itemprop=\"description\" class=\"q_masonry_blog_excerpt\">...<\/p><div class=\"q_masonry_blog_post_info\"><\/div><\/div><\/article><article  class='post-1361 post type-post status-publish format-standard has-post-thumbnail hentry category-videos-es '><div class=\"q_masonry_blog_post_image\"><a itemprop=\"url\" href=\"https:\/\/www.ele.puc-rio.br\/es\/dicas-para-evitar-erros-no-desenvolvimento-da-pesquisa-no-mestrado-e-doutorado\/\" target=\"_self\"><img decoding=\"async\" itemprop=\"image\" src=\"https:\/\/www.ele.puc-rio.br\/wp-content\/uploads\/2019\/02\/delberis-5.jpg\" \/><\/a><\/div><div class=\"q_masonry_blog_post_text\"><h4 itemprop=\"name\" class=\"q_masonry_blog_title entry_title\"><a itemprop=\"url\" href=\"https:\/\/www.ele.puc-rio.br\/es\/dicas-para-evitar-erros-no-desenvolvimento-da-pesquisa-no-mestrado-e-doutorado\/\">Dicas para evitar erros no desenvolvimento da pesquisa no mestrado e doutorado<\/a><\/h4><p itemprop=\"description\" class=\"q_masonry_blog_excerpt\">...<\/p><div class=\"q_masonry_blog_post_info\"><\/div><\/div><\/article><article  class='post-1362 post type-post status-publish format-standard has-post-thumbnail hentry category-videos-es '><div class=\"q_masonry_blog_post_image\"><a itemprop=\"url\" href=\"https:\/\/www.ele.puc-rio.br\/es\/erros-comuns-no-desenvolvimento-das-pesquisas\/\" target=\"_self\"><img decoding=\"async\" itemprop=\"image\" src=\"https:\/\/www.ele.puc-rio.br\/wp-content\/uploads\/2019\/02\/delberis-6.jpg\" \/><\/a><\/div><div class=\"q_masonry_blog_post_text\"><h4 itemprop=\"name\" class=\"q_masonry_blog_title entry_title\"><a itemprop=\"url\" href=\"https:\/\/www.ele.puc-rio.br\/es\/erros-comuns-no-desenvolvimento-das-pesquisas\/\">Erros comuns dos alunos de p\u00f3s-gradua\u00e7\u00e3o no desenvolvimento das pesquisas<\/a><\/h4><p itemprop=\"description\" class=\"q_masonry_blog_excerpt\">...<\/p><div class=\"q_masonry_blog_post_info\"><\/div><\/div><\/article><\/div>[\/vc_column][\/vc_row]<\/p>","protected":false},"excerpt":{"rendered":"<p>[vc_row css_animation=\u00bb\u00bb row_type=\u00bbrow\u00bb use_row_as_full_screen_section=\u00bbno\u00bb type=\u00bbfull_width\u00bb angled_section=\u00bbno\u00bb text_align=\u00bbleft\u00bb background_image_as_pattern=\u00bbwithout_pattern\u00bb][vc_column][vc_empty_space][\/vc_column][\/vc_row]<\/p>\n","protected":false},"author":1,"featured_media":0,"parent":0,"menu_order":0,"comment_status":"closed","ping_status":"closed","template":"","meta":{"_exactmetrics_skip_tracking":false,"_exactmetrics_sitenote_active":false,"_exactmetrics_sitenote_note":"","_exactmetrics_sitenote_category":0,"footnotes":""},"class_list":["post-1126","page","type-page","status-publish","hentry"],"_links":{"self":[{"href":"https:\/\/www.ele.puc-rio.br\/es\/wp-json\/wp\/v2\/pages\/1126\/"}],"collection":[{"href":"https:\/\/www.ele.puc-rio.br\/es\/wp-json\/wp\/v2\/pages\/"}],"about":[{"href":"https:\/\/www.ele.puc-rio.br\/es\/wp-json\/wp\/v2\/types\/page\/"}],"author":[{"embeddable":true,"href":"https:\/\/www.ele.puc-rio.br\/es\/wp-json\/wp\/v2\/users\/1\/"}],"replies":[{"embeddable":true,"href":"https:\/\/www.ele.puc-rio.br\/es\/wp-json\/wp\/v2\/comments\/?post=1126"}],"version-history":[{"count":4,"href":"https:\/\/www.ele.puc-rio.br\/es\/wp-json\/wp\/v2\/pages\/1126\/revisions\/"}],"predecessor-version":[{"id":1380,"href":"https:\/\/www.ele.puc-rio.br\/es\/wp-json\/wp\/v2\/pages\/1126\/revisions\/1380\/"}],"wp:attachment":[{"href":"https:\/\/www.ele.puc-rio.br\/es\/wp-json\/wp\/v2\/media\/?parent=1126"}],"curies":[{"name":"wp","href":"https:\/\/api.w.org\/{rel}","templated":true}]}}