{"id":1071,"date":"2019-01-15T17:32:46","date_gmt":"2019-01-15T17:32:46","guid":{"rendered":"http:\/\/wp2.ele.puc-rio.br\/?page_id=1071"},"modified":"2019-02-22T19:07:28","modified_gmt":"2019-02-22T19:07:28","slug":"pesquisadores","status":"publish","type":"page","link":"https:\/\/www.ele.puc-rio.br\/es\/pesquisadores\/","title":{"rendered":"Investigadores"},"content":{"rendered":"<p>[vc_row css_animation=\u00bb\u00bb row_type=\u00bbrow\u00bb use_row_as_full_screen_section=\u00bbno\u00bb type=\u00bbfull_width\u00bb angled_section=\u00bbno\u00bb text_align=\u00bbleft\u00bb background_image_as_pattern=\u00bbwithout_pattern\u00bb][vc_column][vc_empty_space][vc_row_inner row_type=\u00bbrow\u00bb type=\u00bbfull_width\u00bb text_align=\u00bbleft\u00bb css_animation=\u00bb\u00bb][vc_column_inner width=\u00bb1\/4&#8243;][vc_single_image image=\u00bb1063&#8243; img_size=\u00bbfull\u00bb style=\u00bbvc_box_outline\u00bb border_color=\u00bbsandy_brown\u00bb qode_css_animation=\u00bb\u00bb][vc_column_text]<\/p>\r\n<p style=\"font-weight: 400;\"><span style=\"font-size: 10pt;\"><strong>Nome:\u00a0<\/strong>Patrick Nigri Happ<\/span><br \/>\r\n<span style=\"font-size: 10pt;\"><strong>Forma\u00e7\u00e3o:\u00a0<\/strong>Doutor, PUC-Rio, Brasil<\/span><br \/>\r\n<span style=\"font-size: 10pt;\"><strong>Linha de Pesquisa:<\/strong><\/span><br \/>\r\n<span style=\"font-size: 10pt;\">Vis\u00e3o Computacional<\/span><br \/>\r\n<span style=\"font-size: 10pt;\">Sensoriamento Remoto<\/span><br \/>\r\n<span style=\"font-size: 10pt;\">Reconhecimento de Padr\u00f5es<\/span><br \/>\r\n<span style=\"font-size: 10pt;\">Processamento Paralelo e Distribu\u00eddo<\/span><br \/>\r\n<span style=\"font-size: 10pt;\"><strong>E-mail:\u00a0<\/strong><a href=\"mailto:patrick@ele.puc-rio.br\">patrick@ele.puc-rio.br<\/a><br \/>\r\n<\/span><span style=\"font-size: 10pt;\"><strong><a href=\"http:\/\/lattes.cnpq.br\/9759249709857221\" target=\"_blank\" rel=\"noopener\">CURRICULO LATTES<\/a><\/strong><\/span><\/p>\r\n<p>[\/vc_column_text][\/vc_column_inner][vc_column_inner width=\u00bb1\/4&#8243;][vc_single_image image=\u00bb1060&#8243; img_size=\u00bbfull\u00bb style=\u00bbvc_box_outline\u00bb border_color=\u00bbsandy_brown\u00bb qode_css_animation=\u00bb\u00bb][vc_column_text]<\/p>\r\n<p class=\"m_6085921561488603935gmail-MsoPlainText\"><span style=\"font-size: 10pt;\"><b>Nome:\u00a0<\/b>Jorge Angelo Mitrione Souza<\/span><br \/>\r\n<span style=\"font-size: 10pt;\"><b>Forma\u00e7\u00e3o:<\/b>\u00a0Doutor, PUC-Rio, Brasil<\/span><br \/>\r\n<span style=\"font-size: 10pt;\"><b>Linha de Pesquisa<br \/>\r\n<\/b>Antenas em Microfita<\/span><br \/>\r\n<span style=\"font-size: 10pt;\">Substratos Integrados<\/span><br \/>\r\n<span style=\"font-size: 10pt;\">Pesquisa na \u00e1rea de micro-ondas<\/span><br \/>\r\n<span style=\"font-size: 10pt;\"><b>E-mail:<\/b>\u00a0<span class=\"m_6085921561488603935gmail-MsoHyperlink\"><a href=\"mailto:mitrione@cetuc.puc-rio.br\" target=\"_blank\" rel=\"noopener\">mitrione@cetuc.puc-rio.br<\/a><\/span><b><span lang=\"EN-US\"><strong><br \/>\r\n<\/strong><\/span><\/b><b><span lang=\"EN-US\">Bolsa:\u00a0<\/span><\/b><span lang=\"EN-US\">CAPES PNPD<\/span><br \/>\r\n<b><span lang=\"EN-US\"><strong><a href=\"http:\/\/lattes.cnpq.br\/4740728036750391\" target=\"_blank\" rel=\"noopener\">CURRICULO LATTES<\/a><\/strong><\/span><\/b><br \/>\r\n<\/span><\/p>\r\n<p>[\/vc_column_text][\/vc_column_inner][vc_column_inner width=\u00bb1\/4&#8243;][vc_single_image image=\u00bb295&#8243; img_size=\u00bbfull\u00bb style=\u00bbvc_box_outline\u00bb border_color=\u00bbsandy_brown\u00bb qode_css_animation=\u00bb\u00bb][vc_column_text]<\/p>\r\n<p><span style=\"font-size: 10pt;\"><strong>Nome:\u00a0<\/strong>Edwin Germ\u00e1n Maldonado T\u00e1vara<\/span><br \/>\r\n<span style=\"font-size: 10pt;\"><strong>Forma\u00e7\u00e3o:\u00a0<\/strong>Doutor,PUC-Rio, Brasil<\/span><br \/>\r\n<span style=\"font-size: 10pt;\"><strong>Linha de Pesquisa\u00a0<\/strong><\/span><br \/>\r\n<span style=\"font-size: 10pt;\">Intelig\u00eancia computacional<\/span><br \/>\r\n<span style=\"font-size: 10pt;\">Minera\u00e7\u00e3o de Dados<\/span><br \/>\r\n<span style=\"font-size: 10pt;\">Aprendizado de M\u00e1quina<\/span><br \/>\r\n<span style=\"font-size: 10pt;\"><span lang=\"EN-US\">Deep learning.<br \/>\r\n<strong>E-mail:<\/strong><strong>\u00a0<a href=\"mailto:edwin@ele.puc-rio.br\" target=\"_blank\" rel=\"noopener\">edwin@ele.puc-rio.br<\/a><br \/>\r\n<\/strong><\/span><strong><a href=\"http:\/\/lattes.cnpq.br\/8031853328264618\" target=\"_blank\" rel=\"noopener\">CURRICULO LATTES<\/a><br \/>\r\n<\/strong><\/span><\/p>\r\n<p>[\/vc_column_text][\/vc_column_inner][vc_column_inner width=\u00bb1\/4&#8243;][\/vc_column_inner][\/vc_row_inner][\/vc_column][\/vc_row][vc_row css_animation=\u00bb\u00bb row_type=\u00bbrow\u00bb use_row_as_full_screen_section=\u00bbno\u00bb type=\u00bbfull_width\u00bb angled_section=\u00bbno\u00bb text_align=\u00bbleft\u00bb background_image_as_pattern=\u00bbwithout_pattern\u00bb][vc_column][vc_empty_space height=\u00bb55px\u00bb][\/vc_column][\/vc_row]<\/p>","protected":false},"excerpt":{"rendered":"<p>[vc_row css_animation=\u00bb\u00bb row_type=\u00bbrow\u00bb use_row_as_full_screen_section=\u00bbno\u00bb type=\u00bbfull_width\u00bb angled_section=\u00bbno\u00bb text_align=\u00bbleft\u00bb background_image_as_pattern=\u00bbwithout_pattern\u00bb][vc_column][vc_empty_space][vc_row_inner row_type=\u00bbrow\u00bb type=\u00bbfull_width\u00bb text_align=\u00bbleft\u00bb css_animation=\u00bb\u00bb][vc_column_inner width=\u00bb1\/4&#8243;][vc_single_image image=\u00bb1063&#8243; img_size=\u00bbfull\u00bb style=\u00bbvc_box_outline\u00bb border_color=\u00bbsandy_brown\u00bb qode_css_animation=\u00bb\u00bb][vc_column_text] Nome:\u00a0Patrick Nigri Happ Forma\u00e7\u00e3o:\u00a0Doutor, PUC-Rio, Brasil Linha de Pesquisa: Vis\u00e3o Computacional Sensoriamento Remoto Reconhecimento de Padr\u00f5es Processamento Paralelo e Distribu\u00eddo E-mail:\u00a0patrick@ele.puc-rio.br CURRICULO LATTES [\/vc_column_text][\/vc_column_inner][vc_column_inner width=\u00bb1\/4&#8243;][vc_single_image image=\u00bb1060&#8243; img_size=\u00bbfull\u00bb&#8230;<\/p>\n","protected":false},"author":1,"featured_media":0,"parent":0,"menu_order":0,"comment_status":"closed","ping_status":"closed","template":"","meta":{"_exactmetrics_skip_tracking":false,"_exactmetrics_sitenote_active":false,"_exactmetrics_sitenote_note":"","_exactmetrics_sitenote_category":0,"footnotes":""},"class_list":["post-1071","page","type-page","status-publish","hentry"],"_links":{"self":[{"href":"https:\/\/www.ele.puc-rio.br\/es\/wp-json\/wp\/v2\/pages\/1071\/"}],"collection":[{"href":"https:\/\/www.ele.puc-rio.br\/es\/wp-json\/wp\/v2\/pages\/"}],"about":[{"href":"https:\/\/www.ele.puc-rio.br\/es\/wp-json\/wp\/v2\/types\/page\/"}],"author":[{"embeddable":true,"href":"https:\/\/www.ele.puc-rio.br\/es\/wp-json\/wp\/v2\/users\/1\/"}],"replies":[{"embeddable":true,"href":"https:\/\/www.ele.puc-rio.br\/es\/wp-json\/wp\/v2\/comments\/?post=1071"}],"version-history":[{"count":1,"href":"https:\/\/www.ele.puc-rio.br\/es\/wp-json\/wp\/v2\/pages\/1071\/revisions\/"}],"predecessor-version":[{"id":1072,"href":"https:\/\/www.ele.puc-rio.br\/es\/wp-json\/wp\/v2\/pages\/1071\/revisions\/1072\/"}],"wp:attachment":[{"href":"https:\/\/www.ele.puc-rio.br\/es\/wp-json\/wp\/v2\/media\/?parent=1071"}],"curies":[{"name":"wp","href":"https:\/\/api.w.org\/{rel}","templated":true}]}}