{"id":586,"date":"2019-01-09T19:26:01","date_gmt":"2019-01-09T19:26:01","guid":{"rendered":"http:\/\/wp2.ele.puc-rio.br\/?page_id=586"},"modified":"2019-02-13T13:17:36","modified_gmt":"2019-02-13T13:17:36","slug":"controle-e-automacao","status":"publish","type":"page","link":"https:\/\/www.ele.puc-rio.br\/en\/controle-e-automacao\/","title":{"rendered":"Control and automation"},"content":{"rendered":"<p>[vc_row css_animation=&#8221;&#8221; row_type=&#8221;row&#8221; use_row_as_full_screen_section=&#8221;no&#8221; type=&#8221;full_width&#8221; angled_section=&#8221;no&#8221; text_align=&#8221;left&#8221; background_image_as_pattern=&#8221;without_pattern&#8221;][vc_column][vc_accordion active_tab=&#8221;1&#8243; style=&#8221;accordion&#8221; title=&#8221;Sobre o laborat\u00f3rio&#8221;][vc_accordion_tab title=&#8221;\u00c1rea de Atua\u00e7\u00e3o&#8221;][vc_column_text]<\/p>\r\n<p><img loading=\"lazy\" decoding=\"async\" class=\"aligncenter wp-image-265 size-full\" src=\"http:\/\/wp2.ele.puc-rio.br\/wp-content\/uploads\/2018\/12\/Engenharia-de-Controle-e-Automa\u00e7\u00e3o.jpg\" alt=\"\" width=\"620\" height=\"198\" srcset=\"https:\/\/www.ele.puc-rio.br\/wp-content\/uploads\/2018\/12\/Engenharia-de-Controle-e-Automa\u00e7\u00e3o.jpg 620w, https:\/\/www.ele.puc-rio.br\/wp-content\/uploads\/2018\/12\/Engenharia-de-Controle-e-Automa\u00e7\u00e3o-300x96.jpg 300w\" sizes=\"auto, (max-width: 620px) 100vw, 620px\" \/><\/p>\r\n<p class=\"txtMiolo\" align=\"justify\">A Engenharia de Controle e Automa\u00e7\u00e3o \u00e9 uma carreira que permite o exerc\u00edcio em uma gama variada de \u00e1reas de atua\u00e7\u00e3o. Alguns exemplos s\u00e3o:<\/p>\r\n<ul>\r\n\t<li class=\"txtMiolo\"><strong><span style=\"color: #000000;\">Automa\u00e7\u00e3o industrial<\/span><\/strong><\/li>\r\n\t<li class=\"txtMiolo\"><strong><span style=\"color: #000000;\">Automa\u00e7\u00e3o residencial<\/span><\/strong><\/li>\r\n\t<li class=\"txtMiolo\"><strong><span style=\"color: #000000;\">Rob\u00f3tica<\/span><\/strong><\/li>\r\n\t<li class=\"txtMiolo\"><strong><span style=\"color: #000000;\">Eletr\u00f4nica embarcada (tamb\u00e9m chamada de autotr\u00f4nica)<\/span><\/strong><\/li>\r\n<\/ul>\r\n<p>[\/vc_column_text][\/vc_accordion_tab][vc_accordion_tab title=&#8221;Curso&#8221;][vc_column_text]<\/p>\r\n<p class=\"txtMiolo\" align=\"justify\"><b>Caracter\u00edsticas B\u00e1sicas<\/b><\/p>\r\n<p>A Engenharia de Controle e Automa\u00e7\u00e3o na PUC-Rio \u00e9 um curso que leva ao grau de Bacharel em Engenharia na habilita\u00e7\u00e3o Controle e Automa\u00e7\u00e3o que pode ser cursada em cinco anos. Foi criada em 1997.<\/p>\r\n<p><b>Estrutura<\/b><\/p>\r\n<p>Ela \u00e9 uma habilita\u00e7\u00e3o interdepartamental do CTC &#8211; Centro T\u00e9cnico Cient\u00edfico da PUC-Rio. Os departamentos que a propuseram, apoiam e administram s\u00e3o o de Engenharia El\u00e9trica e o de Engenharia Mec\u00e2nica.<\/p>\r\n<p><b>Como Cursar<\/b><\/p>\r\n<p>As disciplinas obrigat\u00f3rias, no ciclo profissional, compreendem dois grandes grupos &#8211; o primeiro na \u00e1rea de el\u00e9trica e o segundo na de mec\u00e2nica.<\/p>\r\n<p>A grade curricular n\u00e3o \u00e9 formada apenas por disciplinas obrigat\u00f3rias, abrangendo um n\u00famero expressivo de disciplinas optativas (dentre um conjunto) e de eletivas livres comuns a outras \u00e1reas, afins ou n\u00e3o, o que permite ao aluno interagir com colegas que cursam outras habilita\u00e7\u00f5es ou mesmo de outros cursos, al\u00e9m de proporcionar uma forma\u00e7\u00e3o mais ampla e diversificada.<\/p>\r\n<p><b class=\"txtMiolo\">Atividades Complementares<\/b><\/p>\r\n<ul>\r\n\t<li class=\"txtMiolo\"><strong>Mini-atividades (12 a 20 h) experimentais<\/strong><\/li>\r\n\t<li class=\"txtMiolo\"><strong>Visitas t\u00e9cnicas<\/strong><\/li>\r\n\t<li class=\"txtMiolo\"><strong>Ciclos de palestras<\/strong><\/li>\r\n\t<li class=\"txtMiolo\"><strong>Monitorias<\/strong><\/li>\r\n<\/ul>\r\n<p><b class=\"txtMiolo\">Atividades de Interc\u00e2mbio Internacional<\/b><\/p>\r\n<ul>\r\n\t<li class=\"txtMiolo\"><strong>Todas as atividades da CCCI &#8211; Cordena\u00e7\u00e3o Central de Coopera\u00e7\u00e3o Internacional da PUC-Rio<\/strong><\/li>\r\n\t<li class=\"txtMiolo\"><strong>Duplo Diploma com a Fran\u00e7a<\/strong><\/li>\r\n\t<li class=\"txtMiolo\"><strong>Ci\u00eancia Sem Fronteiras<\/strong><\/li>\r\n<\/ul>\r\n<p><b class=\"txtMiolo\">Contatos<\/b><\/p>\r\n<p><span class=\"txtMiolo\">Coordenadora &#8211; Prof. Ana Pavani &#8211;<\/span>\u00a0<a href=\"mailto:apavani@lambda.ele.puc-rio.br\">apavani@lambda.ele.puc-rio.br<\/a><br \/>\r\n<span class=\"txtMiolo\">Secretaria &#8211; (21) 35271203<\/span><\/p>\r\n<p><b class=\"txtMiolo\">Grade Curricular<\/b><\/p>\r\n<p><a href=\"http:\/\/www.puc-rio.br\/ensinopesq\/ccg\/eng_automacao.html\" target=\"_blank\" rel=\"noopener\">http:\/\/www.puc-rio.br\/ensinopesq\/ccg\/eng_automacao.html<\/a><\/p>\r\n<p>&nbsp;<\/p>\r\n<p>[\/vc_column_text][\/vc_accordion_tab][vc_accordion_tab title=&#8221;Atividades&#8221;][vc_column_text]<\/p>\r\n<p><a href=\"http:\/\/www.eca.ctc.puc-rio.br\/atividades.php?strSecao=iniciacao\"><b>Inicia\u00e7\u00f5es, Est\u00e1gios, Monitorias e Competi\u00e7\u00f5es<\/b><\/a><\/p>\r\n<p><a href=\"http:\/\/www.eca.ctc.puc-rio.br\/atividades1.php\"><b>Onde s\u00e3o Realizadas as Atividades?<\/b><\/a><\/p>\r\n<p>[\/vc_column_text][\/vc_accordion_tab][vc_accordion_tab title=&#8221;TFCs&#8221;][vc_column_text]<\/p>\r\n<p class=\"txtMiolo\" align=\"justify\">Os cursos de gradua\u00e7\u00e3o em engenharia apresentam o requisito da elabora\u00e7\u00e3o de um Projeto de Gradua\u00e7\u00e3o. Este \u00e9 um trabalho feito ao final do curso.<\/p>\r\n<p class=\"txtMiolo\" align=\"justify\">Os Projetos de Gradua\u00e7\u00e3o em Engenharia de Controle e Automa\u00e7\u00e3o s\u00e3o depositados no Sistema Maxwell (<a href=\"http:\/\/www.maxwell.lambda.ele.puc-rio.br\/\" target=\"_BLANK\">http:\/\/www.maxwell.lambda.ele.puc-rio.br\/<\/a>) desde 2012; no ano de 2010, um trabalho foi depositado por op\u00e7\u00e3o de seus autores.<\/p>\r\n<p class=\"txtMiolo\" align=\"justify\">Clicando o link abaixo, voc\u00ea ter\u00e1 acesso \u00e0 lista de trabalhos por ano e poder\u00e1 escolher aqueles(s) que desejar ler. \u00c9 importante observar que a decis\u00e3o de deixar ou n\u00e3o um trabalho em acesso p\u00fablico cabe, somente, ao(s) autor(es) de acordo com a Lei Federal 9.610\/98, que disp\u00f5e sobre os Direitos Autorais.<\/p>\r\n<p class=\"txtMiolo\" align=\"justify\"><a href=\"http:\/\/www.maxwell.lambda.ele.puc-rio.br\/ConsultasporGR.php?prog=43&amp;data=&amp;strSecao=show1\" target=\"_BLANK\">TFC por Curso e Ano<\/a><\/p>\r\n<p>[\/vc_column_text][\/vc_accordion_tab][vc_accordion_tab title=&#8221;Estat\u00edsticas&#8221;][vc_column_text][\/vc_column_text][\/vc_accordion_tab][\/vc_accordion][\/vc_column][\/vc_row][vc_row css_animation=&#8221;&#8221; row_type=&#8221;row&#8221; use_row_as_full_screen_section=&#8221;no&#8221; type=&#8221;full_width&#8221; angled_section=&#8221;no&#8221; text_align=&#8221;left&#8221; background_image_as_pattern=&#8221;without_pattern&#8221;][vc_column][vc_empty_space][vc_empty_space][\/vc_column][\/vc_row]<\/p>","protected":false},"excerpt":{"rendered":"<p>[vc_row css_animation=&#8221;&#8221; row_type=&#8221;row&#8221; use_row_as_full_screen_section=&#8221;no&#8221; type=&#8221;full_width&#8221; angled_section=&#8221;no&#8221; text_align=&#8221;left&#8221; background_image_as_pattern=&#8221;without_pattern&#8221;][vc_column][vc_accordion active_tab=&#8221;1&#8243; style=&#8221;accordion&#8221; title=&#8221;Sobre o laborat\u00f3rio&#8221;][vc_accordion_tab title=&#8221;\u00c1rea de Atua\u00e7\u00e3o&#8221;][vc_column_text] A Engenharia de Controle e Automa\u00e7\u00e3o \u00e9 uma carreira que permite o exerc\u00edcio em uma gama variada de \u00e1reas de atua\u00e7\u00e3o. Alguns exemplos s\u00e3o: Automa\u00e7\u00e3o industrial Automa\u00e7\u00e3o residencial Rob\u00f3tica&#8230;<\/p>\n","protected":false},"author":1,"featured_media":0,"parent":0,"menu_order":0,"comment_status":"closed","ping_status":"closed","template":"","meta":{"_exactmetrics_skip_tracking":false,"_exactmetrics_sitenote_active":false,"_exactmetrics_sitenote_note":"","_exactmetrics_sitenote_category":0,"footnotes":""},"class_list":["post-586","page","type-page","status-publish","hentry"],"_links":{"self":[{"href":"https:\/\/www.ele.puc-rio.br\/en\/wp-json\/wp\/v2\/pages\/586\/"}],"collection":[{"href":"https:\/\/www.ele.puc-rio.br\/en\/wp-json\/wp\/v2\/pages\/"}],"about":[{"href":"https:\/\/www.ele.puc-rio.br\/en\/wp-json\/wp\/v2\/types\/page\/"}],"author":[{"embeddable":true,"href":"https:\/\/www.ele.puc-rio.br\/en\/wp-json\/wp\/v2\/users\/1\/"}],"replies":[{"embeddable":true,"href":"https:\/\/www.ele.puc-rio.br\/en\/wp-json\/wp\/v2\/comments\/?post=586"}],"version-history":[{"count":2,"href":"https:\/\/www.ele.puc-rio.br\/en\/wp-json\/wp\/v2\/pages\/586\/revisions\/"}],"predecessor-version":[{"id":799,"href":"https:\/\/www.ele.puc-rio.br\/en\/wp-json\/wp\/v2\/pages\/586\/revisions\/799\/"}],"wp:attachment":[{"href":"https:\/\/www.ele.puc-rio.br\/en\/wp-json\/wp\/v2\/media\/?parent=586"}],"curies":[{"name":"wp","href":"https:\/\/api.w.org\/{rel}","templated":true}]}}