{"id":999,"date":"2019-01-13T22:12:07","date_gmt":"2019-01-13T22:12:07","guid":{"rendered":"http:\/\/wp2.ele.puc-rio.br\/?page_id=999"},"modified":"2019-02-13T14:18:48","modified_gmt":"2019-02-13T14:18:48","slug":"labmad","status":"publish","type":"page","link":"http:\/\/www.ele.puc-rio.br\/es\/laboratorios\/labmad\/","title":{"rendered":"LABORATORIO DE M\u00c9TODOS CUANTITATIVOS DE APOYO A LA DECISI\u00d3N"},"content":{"rendered":"<p>[vc_row css_animation=\u00bb\u00bb row_type=\u00bbrow\u00bb use_row_as_full_screen_section=\u00bbno\u00bb type=\u00bbfull_width\u00bb angled_section=\u00bbno\u00bb text_align=\u00bbleft\u00bb background_image_as_pattern=\u00bbwithout_pattern\u00bb][vc_column][vc_accordion active_tab=\u00bb1&#8243; collapsible=\u00bbyes\u00bb style=\u00bbtoggle\u00bb title=\u00bbBreve historia y misi\u00f3n\u00bb][vc_accordion_tab title=\u00bbBreve historia y misi\u00f3n\u00bb][vc_column_text]<\/p>\r\n<p><img loading=\"lazy\" decoding=\"async\" class=\"alignnone wp-image-227 size-large\" src=\"http:\/\/wp2.ele.puc-rio.br\/wp-content\/uploads\/2018\/12\/laboratorio-de-metodos-1024x379.jpg\" alt=\"\" width=\"1024\" height=\"379\" srcset=\"http:\/\/www.ele.puc-rio.br\/wp-content\/uploads\/2018\/12\/laboratorio-de-metodos-1024x379.jpg 1024w, http:\/\/www.ele.puc-rio.br\/wp-content\/uploads\/2018\/12\/laboratorio-de-metodos-300x111.jpg 300w, http:\/\/www.ele.puc-rio.br\/wp-content\/uploads\/2018\/12\/laboratorio-de-metodos-768x284.jpg 768w, http:\/\/www.ele.puc-rio.br\/wp-content\/uploads\/2018\/12\/laboratorio-de-metodos-700x259.jpg 700w, http:\/\/www.ele.puc-rio.br\/wp-content\/uploads\/2018\/12\/laboratorio-de-metodos.jpg 1053w\" sizes=\"auto, (max-width: 1024px) 100vw, 1024px\" \/><\/p>\r\n<p>El Laboratorio de M\u00e9todos Cuantitativos de Apoyo a la Decisi\u00f3n (LAB-MAD) fue concebido en 1998 como LEC &#8211; Laboratorio de Estad\u00edstica Computacional &#8211; con el fin de crear un espacio con equipos y programas (paquetes computacionales) propios para el \u00e1rea de estad\u00edstica. Posteriormente, desde 2008, el LEC tambi\u00e9n vino ser utilizado por el \u00e1rea de optimizaci\u00f3n del Departamento de Ingenier\u00eda El\u00e9ctrica (DEE), principalmente con desarrollos en optimizaci\u00f3n estoc\u00e1stica. La articulaci\u00f3n de estas dos \u00e1reas de estudio &#8211; estad\u00edstica y optimizaci\u00f3n &#8211; le da un car\u00e1cter \u00fanico a este laboratorio.<\/p>\r\n<p>La misi\u00f3n del LAB-MAD es llevar a cabo proyectos innovadores en las \u00e1reas de modelizaci\u00f3n estad\u00edstica y optimizaci\u00f3n, explorando sobre todo el uso combinado de estas dos herramientas y a menudo en un contexto de an\u00e1lisis econ\u00f3mica de riesgo y retorno, dirigidos al desarrollo de herramientas de apoyo a la decisi\u00f3n.<\/p>\r\n<p>El laboratorio es un espacio de convivencia donde los alumnos de las dos \u00e1reas pueden intercambiar experiencias y conocimientos sobre las disertaciones, tesis y proyectos.<\/p>\r\n<p>[\/vc_column_text][\/vc_accordion_tab][vc_accordion_tab title=\u00bb\u00c1rea de Actuaci\u00f3n\u00bb][vc_column_text]<\/p>\r\n<p><strong>El LAB-MAD desarrolla investigaci\u00f3n de base en modelos estad\u00edsticos y optimizaci\u00f3n, con vistas a aplicaciones en los sectores energ\u00e9tico, econ\u00f3mico y financiero. Algunos de los temas de investigaci\u00f3n b\u00e1sica actualmente en desarrollo son:<\/strong><\/p>\r\n<p><span class=\"txt\"><span style=\"color: #e58b0a;\">\u2022<\/span>\u00a0modelos de programaci\u00f3n estoc\u00e1stica con restricciones de riesgo;<\/span><br \/>\r\n<span class=\"txt\"><span style=\"color: #e58b0a;\">\u2022<\/span>\u00a0m\u00e9todos de descomposici\u00f3n de problemas de optimizaci\u00f3n de gran porte;<\/span><br \/>\r\n<span class=\"txt\"><span style=\"color: #e58b0a;\">\u2022<\/span>\u00a0modelos estad\u00edsticos no lineales y \/ o no-Gaussianos;<\/span><br \/>\r\n<span class=\"txt\"><span style=\"color: #e58b0a;\">\u2022<\/span>\u00a0modelos estad\u00edsticos multivariables;<\/span><br \/>\r\n<span class=\"txt\"><span style=\"color: #e58b0a;\">\u2022<\/span>\u00a0m\u00e9todos cuantitativos para el an\u00e1lisis de riesgo y retorno.<\/span><\/p>\r\n<p><strong>Cuanto a los temas espec\u00edficos de investigaci\u00f3n en curso hoy, algunos ejemplos:<\/strong><\/p>\r\n<p><span class=\"txt\"><span style=\"color: #e58b0a;\">\u2022<\/span>\u00a0modelos estad\u00edsticos de fuentes renovables (e\u00f3lica, solar e hidr\u00e1ulica);<\/span><br \/>\r\n<span class=\"txt\"><span style=\"color: #e58b0a;\">\u2022<\/span>\u00a0contrataci\u00f3n \u00f3ptima de activos f\u00edsicos y financieros de energ\u00eda renovable;<\/span><br \/>\r\n<span class=\"txt\"><span style=\"color: #e58b0a;\">\u2022<\/span>\u00a0planificaci\u00f3n \u00f3ptima de la operaci\u00f3n y expansi\u00f3n de los sistemas el\u00e9ctricos de potencia;<\/span><br \/>\r\n<span class=\"txt\"><span style=\"color: #e58b0a;\">\u2022<\/span>\u00a0c\u00e1lculo de las reservas en seguros y seguridad social;<\/span><br \/>\r\n<span class=\"txt\"><span style=\"color: #e58b0a;\">\u2022<\/span>\u00a0monitoreo de la calidad de las unidades generadoras de energ\u00eda el\u00e9ctrica;<\/span><br \/>\r\n<span class=\"txt\"><span style=\"color: #e58b0a;\">\u2022<\/span>\u00a0m\u00e9todos de gesti\u00f3n de activos y pasivos en activos reales;<\/span><br \/>\r\n<span class=\"txt\"><span style=\"color: #e58b0a;\">\u2022<\/span>\u00a0fijaci\u00f3n de precios de los contratos de energ\u00eda en mercados incompletos;<\/span><br \/>\r\n<span class=\"txt\"><span style=\"color: #e58b0a;\">\u2022<\/span>\u00a0dimensionamiento y operaci\u00f3n \u00f3ptima de sistemas h\u00edbridos solar \/ di\u00e9sel \/ red para consumidores libres.<\/span><\/p>\r\n<p>[\/vc_column_text][\/vc_accordion_tab][vc_accordion_tab title=\u00bbRelevancia \/ Aplicaciones\u00bb][vc_column_text]<\/p>\r\n<div id=\"a3\">\r\n<p>El aumento vertiginoso de la capacidad computacional y del volumen de los datos disponibles en los \u00faltimos a\u00f1os ha permitido una importante expansi\u00f3n del campo de aplicaci\u00f3n de pr\u00e1ctica de los m\u00e9todos cuantitativos de apoyo a la decisi\u00f3n. Con esto, el LAB-MAD encuentra un vasto campo de aplicaci\u00f3n para el producto de su investigaci\u00f3n, especialmente en los sectores energ\u00e9tico y financiero. Esto puede ser visto por los proyectos desarrollados en el \u00e1mbito del LAB-MAD.<\/p>\r\n<p><span class=\"txt\"><strong>Algunos ejemplos recientes de proyecto:<\/strong><\/span><\/p>\r\n<p><span style=\"color: #e58b0a;\">\u2022<\/span>\u00a0gesti\u00f3n de activos y pasivos para el sector de petr\u00f3leo (Petrobras, 2009-2011);<br \/>\r\n<span style=\"color: #e58b0a;\">\u2022<\/span>\u00a0c\u00e1lculo de reserva IBNR para el seguro obligatorio de veh\u00edculos (Seguro Lider, 2012);<br \/>\r\n<span style=\"color: #e58b0a;\">\u2022<\/span>\u00a0an\u00e1lisis de persistencia para productos de Seguridad Social Privada (LIMRA \/ Bradesco, 2012);<br \/>\r\n<span style=\"color: #e58b0a;\">\u2022<\/span>\u00a0an\u00e1lisis de riesgo y retornos para proyectos en el \u00e1rea de petr\u00f3leo (Petrobras, 2008-2009);<br \/>\r\n<span style=\"color: #e58b0a;\">\u2022<\/span>\u00a0indicadores de calidad de generaci\u00f3n (IPEA, 2011-2012);<br \/>\r\n<span style=\"color: #e58b0a;\">\u2022<\/span>\u00a0modelo de optimizaci\u00f3n estoc\u00e1stica para ALM para Seguridad Social P\u00fablica (Gobierno de Angola \/ DGM, 2008-2009);<br \/>\r\n<span style=\"color: #e58b0a;\">\u2022<\/span>\u00a0modelo interno para constituci\u00f3n de reservas (Mongeral, 2007-2008).<\/p>\r\n<\/div>\r\n<p>&nbsp;<\/p>\r\n<p>[\/vc_column_text][\/vc_accordion_tab][vc_accordion_tab title=\u00bbContacto\u00bb][vc_column_text]<\/p>\r\n<div id=\"a4\"><span class=\"txt\"><strong>Profesor(es) Responsable(s):<\/strong><\/span><br \/>\r\n<span class=\"txt\">\u00c1lvaro Veiga, Cristiano Fernandes, Alexandre Street e Delberis Lima<\/span><span class=\"txt\"><strong>Ubicaci\u00f3n:<\/strong><\/span><br \/>\r\n<span class=\"txt\">Rua Marqu\u00eas de S\u00e3o Vicente 225, sala L435 \u2013 G\u00e1vea \u2013 Rio de Janeiro \u2013 RJ<\/span>\r\n<p><span class=\"txt\"><strong>Tel\u00e9fono(s):<\/strong><\/span><br \/>\r\n<span class=\"txt\">(+55 21) 3527-1225 (Prof. \u00c1lvaro Veiga)<\/span><br \/>\r\n<span class=\"txt\">(+55 21) 3527-1222 (LAB-MAD)<\/span><br \/>\r\n<span class=\"txt\">07- (+55 21) 3527-1205 (Secretaria do DEE)<\/span><\/p>\r\n<p><span class=\"txt\"><strong>Email:<\/strong><\/span><br \/>\r\n<a href=\"mailto:labmad@ele.puc-rio.br\">labmad@ele.puc-rio.br<\/a><\/p>\r\n<\/div>\r\n<p>[\/vc_column_text][\/vc_accordion_tab][\/vc_accordion][\/vc_column][\/vc_row][vc_row css_animation=\u00bb\u00bb row_type=\u00bbrow\u00bb use_row_as_full_screen_section=\u00bbno\u00bb type=\u00bbfull_width\u00bb angled_section=\u00bbno\u00bb text_align=\u00bbleft\u00bb background_image_as_pattern=\u00bbwithout_pattern\u00bb][vc_column][vc_empty_space height=\u00bb45px\u00bb][\/vc_column][\/vc_row]<\/p>","protected":false},"excerpt":{"rendered":"<p>[vc_row css_animation=\u00bb\u00bb row_type=\u00bbrow\u00bb use_row_as_full_screen_section=\u00bbno\u00bb type=\u00bbfull_width\u00bb angled_section=\u00bbno\u00bb text_align=\u00bbleft\u00bb background_image_as_pattern=\u00bbwithout_pattern\u00bb][vc_column][vc_accordion active_tab=\u00bb1&#8243; collapsible=\u00bbyes\u00bb style=\u00bbtoggle\u00bb title=\u00bbBreve historia y misi\u00f3n\u00bb][vc_accordion_tab title=\u00bbBreve historia y misi\u00f3n\u00bb][vc_column_text] El Laboratorio de M\u00e9todos Cuantitativos de Apoyo a la Decisi\u00f3n (LAB-MAD) fue concebido en 1998 como LEC &#8211; Laboratorio de Estad\u00edstica Computacional &#8211; con el fin&#8230;<\/p>\n","protected":false},"author":1,"featured_media":0,"parent":648,"menu_order":0,"comment_status":"closed","ping_status":"closed","template":"","meta":{"_exactmetrics_skip_tracking":false,"_exactmetrics_sitenote_active":false,"_exactmetrics_sitenote_note":"","_exactmetrics_sitenote_category":0,"footnotes":""},"class_list":["post-999","page","type-page","status-publish","hentry"],"_links":{"self":[{"href":"http:\/\/www.ele.puc-rio.br\/es\/wp-json\/wp\/v2\/pages\/999\/"}],"collection":[{"href":"http:\/\/www.ele.puc-rio.br\/es\/wp-json\/wp\/v2\/pages\/"}],"about":[{"href":"http:\/\/www.ele.puc-rio.br\/es\/wp-json\/wp\/v2\/types\/page\/"}],"author":[{"embeddable":true,"href":"http:\/\/www.ele.puc-rio.br\/es\/wp-json\/wp\/v2\/users\/1\/"}],"replies":[{"embeddable":true,"href":"http:\/\/www.ele.puc-rio.br\/es\/wp-json\/wp\/v2\/comments\/?post=999"}],"version-history":[{"count":4,"href":"http:\/\/www.ele.puc-rio.br\/es\/wp-json\/wp\/v2\/pages\/999\/revisions\/"}],"predecessor-version":[{"id":1015,"href":"http:\/\/www.ele.puc-rio.br\/es\/wp-json\/wp\/v2\/pages\/999\/revisions\/1015\/"}],"up":[{"embeddable":true,"href":"http:\/\/www.ele.puc-rio.br\/es\/wp-json\/wp\/v2\/pages\/648\/"}],"wp:attachment":[{"href":"http:\/\/www.ele.puc-rio.br\/es\/wp-json\/wp\/v2\/media\/?parent=999"}],"curies":[{"name":"wp","href":"https:\/\/api.w.org\/{rel}","templated":true}]}}