{"id":674,"date":"2019-01-10T11:52:45","date_gmt":"2019-01-10T11:52:45","guid":{"rendered":"http:\/\/wp2.ele.puc-rio.br\/?page_id=674"},"modified":"2022-01-17T14:47:11","modified_gmt":"2022-01-17T17:47:11","slug":"corpodocente","status":"publish","type":"page","link":"http:\/\/www.ele.puc-rio.br\/es\/corpodocente\/","title":{"rendered":"Cuerpo Docente"},"content":{"rendered":"<p>[vc_row css_animation=\u00bb\u00bb row_type=\u00bbrow\u00bb use_row_as_full_screen_section=\u00bbno\u00bb type=\u00bbfull_width\u00bb angled_section=\u00bbno\u00bb text_align=\u00bbleft\u00bb background_image_as_pattern=\u00bbwithout_pattern\u00bb][vc_column][vc_empty_space][vc_column_text]<\/p>\r\n<h2><span style=\"font-size: 24pt;\">Cuadro principal<\/span><\/h2>\r\n<p>[\/vc_column_text][vc_empty_space][vc_row_inner row_type=\u00bbrow\u00bb type=\u00bbfull_width\u00bb text_align=\u00bbleft\u00bb css_animation=\u00bb\u00bb][vc_column_inner width=\u00bb1\/4&#8243;][vc_single_image image=\u00bb275&#8243; img_size=\u00bbfull\u00bb style=\u00bbvc_box_outline\u00bb border_color=\u00bbsandy_brown\u00bb qode_css_animation=\u00bb\u00bb][vc_column_text]<\/p>\r\n<p><span style=\"font-size: 10pt;\"><strong>Nombre: <\/strong>ALEXANDRE STREET DE AGUIAR\u00a0<\/span><br \/>\r\n<span style=\"font-size: 10pt;\"><strong>Formaci\u00f3n acad\u00e9mica: <\/strong>Doutor, PUC-Rio, Brasil<\/span><\/p>\r\n<p><span style=\"font-size: 10pt;\"><strong>\u00c1rea de investigaci\u00f3n\u00a0<\/strong><\/span><br \/>\r\n<span style=\"font-size: 10pt;\">Modelos de optimizaci\u00f3n robusta y estoc\u00e1stica para la planificaci\u00f3n<br \/>\r\nde la operaci\u00f3n y expansi\u00f3n de sistemas el\u00e9ctricos de potencia.<br \/>\r\nModelos de optimizaci\u00f3n y series temporales para mercados de<br \/>\r\nenerg\u00eda el\u00e9ctrica y portafolios de energ\u00eda renovable.<br \/>\r\nTeor\u00eda de decisi\u00f3n y optimizaci\u00f3n estoc\u00e1stica.<\/span><\/p>\r\n<p><span style=\"font-size: 10pt;\"><strong>E-mail:\u00a0<\/strong>street@ele.puc-rio.br<\/span><br \/>\r\n<strong><span style=\"font-size: 10pt;\"><a href=\"http:\/\/lattes.cnpq.br\/6677797217339969\" target=\"_blank\" rel=\"noopener noreferrer\">CURRICULO LATTES<\/a><\/span><\/strong><\/p>\r\n<p>[\/vc_column_text][\/vc_column_inner][vc_column_inner width=\u00bb1\/4&#8243;][vc_single_image image=\u00bb276&#8243; img_size=\u00bbfull\u00bb style=\u00bbvc_box_outline\u00bb border_color=\u00bbsandy_brown\u00bb qode_css_animation=\u00bb\u00bb][vc_column_text]<\/p>\r\n<p><span style=\"font-size: 10pt;\"><strong>Nombre: <\/strong>ALVARO DE LIMA VEIGA FILHO\u00a0<\/span><br \/>\r\n<span style=\"font-size: 10pt;\"><strong>Formaci\u00f3n acad\u00e9mica: <\/strong>Doutor, ENST, Fran\u00e7a<\/span><\/p>\r\n<p><span style=\"font-size: 10pt;\"><strong>\u00c1rea de investigaci\u00f3n <\/strong><\/span><br \/>\r\n<span style=\"font-size: 10pt;\">Modelos estad\u00edsticos no lineales.<\/span><\/p>\r\n<p><span style=\"font-size: 10pt;\"><strong>E-mail:\u00a0<\/strong>alvf@ele.puc-rio.br<\/span><br \/>\r\n<strong><span style=\"font-size: 10pt;\"><a href=\"http:\/\/lattes.cnpq.br\/8855081325345654\" target=\"_blank\" rel=\"noopener noreferrer\">CURRICULO LATTES<\/a><\/span><\/strong><\/p>\r\n<p>[\/vc_column_text][\/vc_column_inner][vc_column_inner width=\u00bb1\/4&#8243;][vc_single_image image=\u00bb1996&#8243; img_size=\u00bb1312&#215;1749&#8243; style=\u00bbvc_box_outline\u00bb border_color=\u00bbsandy_brown\u00bb qode_css_animation=\u00bb\u00bb][vc_column_text]<\/p>\r\n<p><span style=\"font-size: 10pt;\"><strong>Nombre: <\/strong>ANDR\u00c9 MILHORANCE DE CASTRO<\/span><br \/>\r\n<span style=\"font-size: 10pt;\"><strong>Formac\u00edon: <\/strong>Doutor, PUC-Rio, Brasil<\/span><\/p>\r\n<p><span style=\"font-size: 10pt;\"><strong>\u00c1rea de investigac\u00edon<\/strong><\/span><br \/>\r\n<span style=\"font-size: 10pt;\">Confiabilidade, planejamento,<br \/>\r\n<\/span><span style=\"font-size: 10pt;\"> an\u00e1lise e opera\u00e7\u00e3o de sistemas el\u00e9tricos de pot\u00eancia.<\/span><\/p>\r\n<p><span style=\"font-size: 10pt;\"><strong>E-mail: <\/strong>milhorance@ele.puc-rio.br<\/span><br \/>\r\n<strong><span style=\"font-size: 10pt;\"><a href=\"http:\/\/lattes.cnpq.br\/7393026773018789\" target=\"_blank\" rel=\"noopener noreferrer\">CURRICULO LATTES<\/a><\/span><\/strong><\/p>\r\n<p>[\/vc_column_text][\/vc_column_inner][vc_column_inner width=\u00bb1\/4&#8243;][vc_single_image image=\u00bb291&#8243; img_size=\u00bb1312&#215;1749&#8243; style=\u00bbvc_box_outline\u00bb border_color=\u00bbsandy_brown\u00bb qode_css_animation=\u00bb\u00bb][vc_column_text]<\/p>\r\n<p><span style=\"font-size: 10pt;\"><strong>Nombre: <\/strong>ARMANDO MARTINS LEITE DA SILVA\u00a0<\/span><br \/>\r\n<span style=\"font-size: 10pt;\"><strong>Formaci\u00f3n acad\u00e9mica: <\/strong>Doutor, University of Manchester, Inglaterra<\/span><\/p>\r\n<p><span style=\"font-size: 10pt;\"><strong>\u00c1rea de investigaci\u00f3n<\/strong><\/span><br \/>\r\n<span style=\"font-size: 10pt;\">Fiabilidad, evaluaci\u00f3n de riesgos y planificaci\u00f3n<br \/>\r\nde sistemas el\u00e9ctricos.<\/span><\/p>\r\n<p><span style=\"font-size: 10pt;\"><strong>E-mail:\u00a0<\/strong>armando@ele.puc-rio.br<\/span><br \/>\r\n<strong><span style=\"font-size: 10pt;\"><a href=\"http:\/\/buscatextual.cnpq.br\/buscatextual\/visualizacv.do?id=K4783026Y2\" target=\"_blank\" rel=\"noopener noreferrer\">CURRICULO LATTES<\/a><\/span><\/strong><\/p>\r\n<p>[\/vc_column_text][\/vc_column_inner][\/vc_row_inner][vc_row_inner row_type=\u00bbrow\u00bb type=\u00bbfull_width\u00bb text_align=\u00bbleft\u00bb css_animation=\u00bb\u00bb css=\u00bb.vc_custom_1546023120812{margin-top: 35px !important;}\u00bb][vc_column_inner width=\u00bb1\/4&#8243;][vc_single_image image=\u00bb293&#8243; img_size=\u00bbfull\u00bb style=\u00bbvc_box_outline\u00bb border_color=\u00bbsandy_brown\u00bb qode_css_animation=\u00bb\u00bb][vc_column_text]<\/p>\r\n<p><span style=\"font-size: 10pt;\"><strong>Nombre: <\/strong>CRISTIANO AUGUSTO COELHO FERNANDES\u00a0<\/span><br \/>\r\n<span style=\"font-size: 10pt;\"><strong>Formaci\u00f3n acad\u00e9mica: <\/strong>Doutor, London School of Economics, Inglaterra<\/span><\/p>\r\n<p><span style=\"font-size: 10pt;\"><strong>\u00c1rea de investigaci\u00f3n<\/strong><\/span><br \/>\r\n<span style=\"font-size: 10pt;\">Desarrollo de modelos de series temporales<\/span><br \/>\r\n<span style=\"font-size: 10pt;\">con coeficientes variantes en el tiempo con aplicaciones en Energ\u00eda,<\/span><br \/>\r\n<span style=\"font-size: 10pt;\">Seguros, Finanzas y Retail.<\/span><\/p>\r\n<p><span style=\"font-size: 10pt;\"><strong>E-mail:\u00a0<\/strong>cris@ele.puc-rio.br<\/span><br \/>\r\n<strong><span style=\"font-size: 10pt;\"><a href=\"http:\/\/lattes.cnpq.br\/2149571398618532\" target=\"_blank\" rel=\"noopener noreferrer\">CURRICULO LATTES<\/a><\/span><\/strong><\/p>\r\n<p>[\/vc_column_text][\/vc_column_inner][vc_column_inner width=\u00bb1\/4&#8243;][vc_single_image image=\u00bb1104&#8243; img_size=\u00bb1312&#215;1749&#8243; style=\u00bbvc_box_outline\u00bb border_color=\u00bbsandy_brown\u00bb qode_css_animation=\u00bb\u00bb][vc_column_text]<\/p>\r\n<p><span style=\"font-size: 10pt;\"><strong>Nombre: <\/strong>DELBERIS ARAUJO LIMA\u00a0<\/span><br \/>\r\n<span style=\"font-size: 10pt;\"><strong>Formaci\u00f3n acad\u00e9mica: <\/strong>Doutor, UNESP\/FEIS, Brasil<\/span><\/p>\r\n<p><span style=\"font-size: 10pt;\"><strong>\u00c1rea de Investigaci\u00f3n<\/strong><\/span><br \/>\r\n<span style=\"font-size: 10pt;\">Planificaci\u00f3n de sistemas el\u00e9ctricos de potencia,<br \/>\r\nMercado de energ\u00eda el\u00e9ctrica,<br \/>\r\nRedes el\u00e9ctricas inteligentes.<\/span><\/p>\r\n<p><span style=\"font-size: 10pt;\"><strong>E-mail:\u00a0<\/strong>delberis@ele.puc-rio.br<\/span><br \/>\r\n<strong><span style=\"font-size: 10pt;\"><a href=\"http:\/\/buscatextual.cnpq.br\/buscatextual\/visualizacv.do?id=K4773171D1\" target=\"_blank\" rel=\"noopener noreferrer\">CURRICULO LATTES<\/a><\/span><\/strong><\/p>\r\n<p>[\/vc_column_text][\/vc_column_inner][vc_column_inner width=\u00bb1\/4&#8243;][vc_single_image image=\u00bb281&#8243; img_size=\u00bb1312&#215;1749&#8243; style=\u00bbvc_box_outline\u00bb border_color=\u00bbsandy_brown\u00bb qode_css_animation=\u00bb\u00bb][vc_column_text]<\/p>\r\n<p><span style=\"font-size: 10pt;\"><strong>Nombre: <\/strong>EDUARDO COSTA DA SILVA\u00a0<\/span><br \/>\r\n<span style=\"font-size: 10pt;\"><strong>Formaci\u00f3n acad\u00e9mica: <\/strong>Doutor, PUC-Rio, Brasil<\/span><\/p>\r\n<p><span style=\"font-size: 10pt;\"><strong>\u00c1rea de Investigaci\u00f3n<\/strong><\/span><br \/>\r\n<span style=\"font-size: 10pt;\">Instrumentaci\u00f3n Electr\u00f3nica,<br \/>\r\nProcesamiento Anal\u00f3gico de Se\u00f1ales,<br \/>\r\nSensores y Transductores, Equipos Electrom\u00e9dicos,<br \/>\r\nVeh\u00edculos A\u00e9reos No Tripulados.<\/span><\/p>\r\n<p><span style=\"font-size: 10pt;\"><strong>E-mail:\u00a0<\/strong>edusilva@ele.puc-rio.br<\/span><br \/>\r\n<span style=\"font-size: 10pt;\"><strong><a href=\"http:\/\/lattes.cnpq.br\/3248166666175748\" target=\"_blank\" rel=\"noopener noreferrer\">CURRICULO LATTES<\/a><\/strong><\/span><\/p>\r\n<p>[\/vc_column_text][\/vc_column_inner][vc_column_inner width=\u00bb1\/4&#8243;][vc_single_image image=\u00bb324&#8243; img_size=\u00bb1312&#215;1749&#8243; style=\u00bbvc_box_outline\u00bb border_color=\u00bbsandy_brown\u00bb qode_css_animation=\u00bb\u00bb][vc_column_text]<\/p>\r\n<p><span style=\"font-size: 10pt;\"><strong>Nombre: <\/strong>MARLEY M B REBUZZI VELLASCO\u00a0<\/span><br \/>\r\n<span style=\"font-size: 10pt;\"><strong>Formaci\u00f3n acad\u00e9mica: <\/strong>Doutora, University College London, Inglaterra<\/span><\/p>\r\n<p><span style=\"font-size: 10pt;\"><strong>\u00c1rea de investigaci\u00f3n<\/strong><\/span><br \/>\r\n<span style=\"font-size: 10pt;\">Inteligencia Computacional,<br \/>\r\nDescri\u00e7\u00e3o: Redes Neurales, l\u00f3gica difusa,<br \/>\r\ncomputaci\u00f3n evolutiva, sistemas h\u00edbridos inteligentes.<\/span><\/p>\r\n<p><span style=\"font-size: 10pt;\"><strong>E-mail:\u00a0<\/strong>marley@ele.puc-rio.br<\/span><br \/>\r\n<strong><span style=\"font-size: 10pt;\"><a href=\"http:\/\/buscatextual.cnpq.br\/buscatextual\/visualizacv.do?id=K4781818T3\" target=\"_blank\" rel=\"noopener noreferrer\">CURRICULO LATTES<\/a><\/span><\/strong><\/p>\r\n<p>[\/vc_column_text][\/vc_column_inner][\/vc_row_inner][vc_row_inner row_type=\u00bbrow\u00bb type=\u00bbfull_width\u00bb text_align=\u00bbleft\u00bb css_animation=\u00bb\u00bb css=\u00bb.vc_custom_1546023120812{margin-top: 35px !important;}\u00bb][vc_column_inner width=\u00bb1\/4&#8243;][vc_single_image image=\u00bb282&#8243; img_size=\u00bbfull\u00bb style=\u00bbvc_box_outline\u00bb border_color=\u00bbsandy_brown\u00bb qode_css_animation=\u00bb\u00bb][vc_column_text]<\/p>\r\n<p><span style=\"font-size: 10pt;\"><strong>Nombre: <\/strong>MAURO SCHWANKE DA SILVA\u00a0<\/span><br \/>\r\n<span style=\"font-size: 10pt;\"><strong>Formaci\u00f3n acad\u00e9mica: <\/strong>Mestre, PUC-Rio, Brasil<br \/>\r\n<\/span><span style=\"font-size: 10pt;\"><strong>E-mail:\u00a0<\/strong>mauro@ele.puc-rio.br<\/span><\/p>\r\n<p>[\/vc_column_text][\/vc_column_inner][vc_column_inner width=\u00bb1\/4&#8243;][vc_single_image image=\u00bb283&#8243; img_size=\u00bb1312&#215;1749&#8243; style=\u00bbvc_box_outline\u00bb border_color=\u00bbsandy_brown\u00bb qode_css_animation=\u00bb\u00bb][vc_column_text]<\/p>\r\n<p><span style=\"font-size: 10pt;\"><strong>Nombre: <\/strong>MOIS\u00c9S HENRIQUE SZWARCMAN\u00a0<\/span><br \/>\r\n<span style=\"font-size: 10pt;\"><strong>Formaci\u00f3n acad\u00e9mica:<br \/>\r\n<\/strong><\/span><span style=\"font-size: 10pt;\"><strong>E-mail:\u00a0<\/strong>moises@ele.puc-rio.br<\/span><\/p>\r\n<p>[\/vc_column_text][\/vc_column_inner][vc_column_inner width=\u00bb1\/4&#8243;][vc_single_image image=\u00bb284&#8243; img_size=\u00bb1312&#215;1749&#8243; style=\u00bbvc_box_outline\u00bb border_color=\u00bbsandy_brown\u00bb qode_css_animation=\u00bb\u00bb][vc_column_text]<\/p>\r\n<p><span style=\"font-size: 10pt;\"><strong>Nombre: <\/strong>RAUL QUEIROZ FEITOSA\u00a0<\/span><br \/>\r\n<span style=\"font-size: 10pt;\"><strong>Formaci\u00f3n acad\u00e9mica: <\/strong>Doutor, Erlangen-Nurnberg, Alemanha<\/span><\/p>\r\n<p><span style=\"font-size: 10pt;\"><strong>\u00c1rea de investigaci\u00f3n<\/strong><\/span><br \/>\r\n<span style=\"font-size: 10pt;\">An\u00e1lisis de im\u00e1genes y visi\u00f3n computacional<\/span><\/p>\r\n<p><span style=\"font-size: 10pt;\"><strong>E-mail:\u00a0<\/strong>raul@ele.puc-rio.br<\/span><br \/>\r\n<strong><span style=\"font-size: 10pt;\"><a href=\"http:\/\/lattes.cnpq.br\/8934962824316146\" target=\"_blank\" rel=\"noopener noreferrer\">CURRICULO LATTES<\/a><\/span><\/strong><\/p>\r\n<p>[\/vc_column_text][\/vc_column_inner][vc_column_inner width=\u00bb1\/4&#8243;][vc_single_image image=\u00bb285&#8243; img_size=\u00bb1312&#215;1749&#8243; style=\u00bbvc_box_outline\u00bb border_color=\u00bbsandy_brown\u00bb qode_css_animation=\u00bb\u00bb][vc_column_text]<\/p>\r\n<p><span style=\"font-size: 10pt;\"><strong>Nombre: <\/strong>RICARDO BERNARDO PRADA\u00a0<\/span><br \/>\r\n<span style=\"font-size: 10pt;\"><strong>Formaci\u00f3n acad\u00e9mica: <\/strong>Doutor, Imperial College, Inglaterra<\/span><\/p>\r\n<p><span style=\"font-size: 10pt;\"><strong>\u00c1rea de investigaci\u00f3n<\/strong><\/span><br \/>\r\n<span style=\"font-size: 10pt;\">Operaci\u00f3n de sistemas el\u00e9ctricos,<br \/>\r\nestabilidad de tensi\u00f3n,<br \/>\r\nservicios ancilares.<\/span><\/p>\r\n<p><span style=\"font-size: 10pt;\"><strong>E-mail:\u00a0<\/strong>prada@ele.puc-rio.br<\/span><br \/>\r\n<span style=\"font-size: 10pt;\"><strong><a href=\"http:\/\/buscatextual.cnpq.br\/buscatextual\/visualizacv.do?id=K4787978Z5\" target=\"_blank\" rel=\"noopener noreferrer\">CURRICULO LATTES<\/a><\/strong><\/span><\/p>\r\n<p>[\/vc_column_text][\/vc_column_inner][\/vc_row_inner][vc_row_inner row_type=\u00bbrow\u00bb type=\u00bbfull_width\u00bb text_align=\u00bbleft\u00bb css_animation=\u00bb\u00bb css=\u00bb.vc_custom_1546023120812{margin-top: 35px !important;}\u00bb][vc_column_inner width=\u00bb1\/4&#8243;][vc_single_image image=\u00bb286&#8243; img_size=\u00bbfull\u00bb style=\u00bbvc_box_outline\u00bb border_color=\u00bbsandy_brown\u00bb qode_css_animation=\u00bb\u00bb][vc_column_text]<\/p>\r\n<p><span style=\"font-size: 10pt;\"><strong>Nombre: <\/strong>RICARDO TANSCHEIT\u00a0<\/span><br \/>\r\n<span style=\"font-size: 10pt;\"><strong>Formaci\u00f3n acad\u00e9mica: <\/strong>Doutor, Queen Mary College, Inglaterra<\/span><\/p>\r\n<p><span style=\"font-size: 10pt;\"><strong>\u00c1rea de investigaci\u00f3n <\/strong><\/span><br \/>\r\n<span style=\"font-size: 10pt;\">Inteligencia Computacional: l\u00f3gica fuzzy,<br \/>\r\nsistemas h\u00edbridos y aplicaciones.<br \/>\r\n<\/span><span style=\"font-size: 10pt;\"><strong><br \/>\r\nE-mail: <\/strong>ricardo@ele.puc-rio.br<\/span><br \/>\r\n<strong><span style=\"font-size: 10pt;\"><a href=\"http:\/\/lattes.cnpq.br\/8206214061481076\" target=\"_blank\" rel=\"noopener noreferrer\">CURRICULO LATTES<\/a><\/span><\/strong><\/p>\r\n<p>[\/vc_column_text][\/vc_column_inner][vc_column_inner width=\u00bb1\/4&#8243;][vc_single_image image=\u00bb287&#8243; img_size=\u00bb1312&#215;1749&#8243; style=\u00bbvc_box_outline\u00bb border_color=\u00bbsandy_brown\u00bb qode_css_animation=\u00bb\u00bb][vc_column_text]<\/p>\r\n<p><span style=\"font-size: 10pt;\"><strong>Nombre: <\/strong>WOUTER CAARLS\u00a0<\/span><br \/>\r\n<span style=\"font-size: 10pt;\"><strong>Formaci\u00f3n acad\u00e9mica: <\/strong>Doutor, Delft University of Technology, Pa\u00edses Baixos<\/span><\/p>\r\n<p><span style=\"font-size: 10pt;\"><strong>\u00c1rea de investigaci\u00f3n<\/strong><\/span><br \/>\r\n<span style=\"font-size: 10pt;\">Aprendizaje por refuerzo, planificaci\u00f3n del movimiento,<br \/>\r\nprocesamiento de im\u00e1genes, procesamiento paralelo.<\/span><\/p>\r\n<p><span style=\"font-size: 10pt;\"><strong>E-mail:\u00a0<\/strong>wouter@ele.puc-rio.br<\/span><br \/>\r\n<strong><span style=\"font-size: 10pt;\"><a href=\"http:\/\/lattes.cnpq.br\/1164394299894445\" target=\"_blank\" rel=\"noopener noreferrer\">CURRICULO LATTES<\/a><\/span><\/strong><\/p>\r\n<p>[\/vc_column_text][\/vc_column_inner][vc_column_inner width=\u00bb1\/4&#8243;][\/vc_column_inner][vc_column_inner width=\u00bb1\/4&#8243;][\/vc_column_inner][\/vc_row_inner][\/vc_column][\/vc_row][vc_row css_animation=\u00bb\u00bb row_type=\u00bbrow\u00bb use_row_as_full_screen_section=\u00bbno\u00bb type=\u00bbfull_width\u00bb angled_section=\u00bbno\u00bb text_align=\u00bbleft\u00bb background_image_as_pattern=\u00bbwithout_pattern\u00bb css=\u00bb.vc_custom_1546109413102{margin-top: 65px !important;margin-bottom: 65px !important;}\u00bb z_index=\u00bb\u00bb][vc_column][vc_column_text]<\/p>\r\n<h2><span style=\"font-size: 24pt;\">Cuadro adicional<\/span><\/h2>\r\n<p>[\/vc_column_text][vc_empty_space][vc_row_inner row_type=\u00bbrow\u00bb type=\u00bbfull_width\u00bb text_align=\u00bbleft\u00bb css_animation=\u00bb\u00bb][vc_column_inner width=\u00bb1\/4&#8243;][vc_single_image image=\u00bb296&#8243; img_size=\u00bb1312&#215;1749&#8243; style=\u00bbvc_box_outline\u00bb border_color=\u00bbsandy_brown\u00bb qode_css_animation=\u00bb\u00bb][vc_column_text]<\/p>\r\n<p><span style=\"font-size: 10pt;\"><strong>Nombre: <\/strong>MARCO ANTONIO GUIMAR\u00c3ES DIAS\u00a0<\/span><br \/>\r\n<span style=\"font-size: 10pt;\"><strong>Formaci\u00f3n acad\u00e9mica: <\/strong>Doutor, PUC-Rio, Brasil<\/span><\/p>\r\n<p><span style=\"font-size: 10pt;\"><strong>\u00c1rea de investigaci\u00f3n<\/strong><\/span><br \/>\r\n<span style=\"font-size: 10pt;\">Evaluaci\u00f3n de proyectos de inversiones bajo incertidumbres con la teor\u00eda de opciones reales;<\/span><br \/>\r\n<span style=\"font-size: 10pt;\">Estrategias de decisi\u00f3n con la teor\u00eda de juegos y la teor\u00eda de juegos de opciones reales;<\/span><br \/>\r\n<span style=\"font-size: 10pt;\">An\u00e1lisis de valor de la informaci\u00f3n en proyectos de exploraci\u00f3n y producci\u00f3n de petr\u00f3leo y en proyectos de I&amp;D;<\/span><br \/>\r\n<span style=\"font-size: 10pt;\">An\u00e1lisis de inversiones en energ\u00edas renovables;<\/span><br \/>\r\n<span style=\"font-size: 10pt;\">Blockchain, criptomonedas y contratos inteligentes.<\/span><\/p>\r\n<p><span style=\"font-size: 10pt;\"><strong>E-mail:\u00a0<\/strong>marcoagd@ele.puc-rio.br<\/span><\/p>\r\n<p>[\/vc_column_text][\/vc_column_inner][vc_column_inner width=\u00bb1\/4&#8243;][\/vc_column_inner][vc_column_inner width=\u00bb1\/4&#8243;][\/vc_column_inner][vc_column_inner width=\u00bb1\/4&#8243;][\/vc_column_inner][\/vc_row_inner][\/vc_column][\/vc_row][vc_row css_animation=\u00bb\u00bb row_type=\u00bbrow\u00bb use_row_as_full_screen_section=\u00bbno\u00bb type=\u00bbfull_width\u00bb angled_section=\u00bbno\u00bb text_align=\u00bbleft\u00bb background_image_as_pattern=\u00bbwithout_pattern\u00bb][vc_column][vc_column_text]<\/p>\r\n<h2><span style=\"font-size: 24pt;\">Cuadro complementarior<\/span><\/h2>\r\n<p>[\/vc_column_text][vc_empty_space][vc_row_inner row_type=\u00bbrow\u00bb type=\u00bbfull_width\u00bb text_align=\u00bbleft\u00bb css_animation=\u00bb\u00bb][vc_column_inner width=\u00bb1\/4&#8243;][vc_single_image image=\u00bb297&#8243; img_size=\u00bb1312&#215;1749&#8243; style=\u00bbvc_box_outline\u00bb border_color=\u00bbsandy_brown\u00bb qode_css_animation=\u00bb\u00bb][vc_column_text]<\/p>\r\n<p><span style=\"font-size: 10pt;\"><strong>Nombre: <\/strong>DAVID MARTINS VIEIRA\u00a0<\/span><br \/>\r\n<span style=\"font-size: 10pt;\"><strong>Formaci\u00f3n acad\u00e9mica: <\/strong>Gradua\u00e7\u00e3o em Engenharia El\u00e9trica<\/span><\/p>\r\n<p><span style=\"font-size: 10pt;\"><strong>E-mail:\u00a0<\/strong>dmv@ele.puc-rio.br<\/span><br \/>\r\n<span style=\"font-size: 10pt;\"><a href=\"http:\/\/lattes.cnpq.br\/4323170330527273\" target=\"_blank\" rel=\"noopener noreferrer\">CURRICULO LATTES<\/a><\/span><\/p>\r\n<p>[\/vc_column_text][\/vc_column_inner][vc_column_inner width=\u00bb1\/4&#8243;][vc_single_image image=\u00bb298&#8243; img_size=\u00bbfull\u00bb style=\u00bbvc_box_outline\u00bb border_color=\u00bbsandy_brown\u00bb qode_css_animation=\u00bb\u00bb][vc_column_text]<\/p>\r\n<p><span style=\"font-size: 10pt;\"><strong>Nombre: <\/strong>KARLA TEREZA FIGUEIREDO LEITE\u00a0<\/span><br \/>\r\n<span style=\"font-size: 10pt;\"><strong>Formaci\u00f3n acad\u00e9mica: <\/strong>Doutor, PUC-Rio, Brasil<br \/>\r\n<\/span><span style=\"font-size: 10pt;\"><strong>E-mail:\u00a0<\/strong>karla@ele.puc-rio.br<\/span><br \/>\r\n<span style=\"font-size: 10pt;\"><a href=\"http:\/\/lattes.cnpq.br\/2076970816486817\" target=\"_blank\" rel=\"noopener noreferrer\">CURRICULO LATTES<\/a><\/span><\/p>\r\n<p>[\/vc_column_text][\/vc_column_inner][vc_column_inner width=\u00bb1\/4&#8243;][vc_single_image image=\u00bb299&#8243; img_size=\u00bbfull\u00bb style=\u00bbvc_box_outline\u00bb border_color=\u00bbsandy_brown\u00bb qode_css_animation=\u00bb\u00bb][vc_column_text]<\/p>\r\n<p><span style=\"font-size: 10pt;\"><strong>Nombre: <\/strong>LUIZ ANTONIO PEREIRA GUSM\u00c3O\u00a0<\/span><br \/>\r\n<span style=\"font-size: 10pt;\"><strong>Formaci\u00f3n acad\u00e9mica: <\/strong>Especializa\u00e7\u00e3o em Engenharia Eletr\u00f4nica &#8211; Imperial College of Science &amp; Techn., IC, Gr\u00e3-Bretanha.<br \/>\r\n<\/span><span style=\"font-size: 10pt;\"><strong>E-mail:\u00a0<\/strong>lgusmao@ele.puc-rio.br<\/span><br \/>\r\n<span style=\"font-size: 10pt;\"><a href=\"http:\/\/lattes.cnpq.br\/8713216074530326\" target=\"_blank\" rel=\"noopener noreferrer\">CURRICULO LATTES<\/a><\/span><\/p>\r\n<p>[\/vc_column_text][\/vc_column_inner][vc_column_inner width=\u00bb1\/4&#8243;][vc_single_image image=\u00bb300&#8243; img_size=\u00bbfull\u00bb style=\u00bbvc_box_outline\u00bb border_color=\u00bbsandy_brown\u00bb qode_css_animation=\u00bb\u00bb][vc_column_text]<\/p>\r\n<p><span style=\"font-size: 10pt;\"><strong>Nombre: <\/strong>MARCO AURELIO CAVALCANTI PACHECO\u00a0<\/span><br \/>\r\n<span style=\"font-size: 10pt;\"><strong>Formaci\u00f3n acad\u00e9mica: <\/strong>Doutor, University College London, Inglaterra<\/span><\/p>\r\n<p><span style=\"font-size: 10pt;\"><strong>\u00c1rea de investigaci\u00f3n<\/strong><\/span><br \/>\r\n<span style=\"font-size: 10pt;\">Intelig\u00eancia computacional: redes neurais, algoritmos gen\u00e9ticos,\u00a0<\/span><br \/>\r\n<span style=\"font-size: 10pt;\">l\u00f3gica fuzzy, sistemas h\u00edbridos e aplica\u00e7\u00f5es.<\/span><\/p>\r\n<p><span style=\"font-size: 10pt;\"><strong>E-mail:\u00a0<\/strong>marco@ele.puc-rio.br<\/span><br \/>\r\n<span style=\"font-size: 10pt;\"><a href=\"http:\/\/lattes.cnpq.br\/2283022405554044\" target=\"_blank\" rel=\"noopener noreferrer\">CURRICULO LATTES<\/a><\/span><\/p>\r\n<p>[\/vc_column_text][\/vc_column_inner][\/vc_row_inner][\/vc_column][\/vc_row][vc_row css_animation=\u00bb\u00bb row_type=\u00bbrow\u00bb use_row_as_full_screen_section=\u00bbno\u00bb type=\u00bbfull_width\u00bb angled_section=\u00bbno\u00bb text_align=\u00bbleft\u00bb background_image_as_pattern=\u00bbwithout_pattern\u00bb][vc_column width=\u00bb1\/4&#8243;][vc_single_image image=\u00bb301&#8243; img_size=\u00bb1312&#215;1749&#8243; style=\u00bbvc_box_outline\u00bb border_color=\u00bbsandy_brown\u00bb qode_css_animation=\u00bb\u00bb][vc_column_text]<\/p>\r\n<p><span style=\"font-size: 10pt;\"><strong>Nombre: <\/strong>PE. PEDRO MAGALH\u00c3ES G. FERREIRA &#8211; EM\u00c9RITO\u00a0<\/span><br \/>\r\n<span style=\"font-size: 10pt;\"><strong>Formaci\u00f3n acad\u00e9mica:<br \/>\r\n<\/strong><\/span><span style=\"font-size: 10pt;\"><strong>E-mail:\u00a0<\/strong>pedromgf@puc-rio.br<\/span><br \/>\r\n<span style=\"font-size: 10pt;\"><a href=\"http:\/\/lattes.cnpq.br\/4617364703250592\" target=\"_blank\" rel=\"noopener noreferrer\">CURRICULO LATTES<\/a><\/span><\/p>\r\n<p>[\/vc_column_text][\/vc_column][vc_column width=\u00bb1\/4&#8243;][\/vc_column][vc_column width=\u00bb1\/4&#8243;][\/vc_column][vc_column width=\u00bb1\/4&#8243;][\/vc_column][\/vc_row][vc_row css_animation=\u00bb\u00bb row_type=\u00bbrow\u00bb use_row_as_full_screen_section=\u00bbno\u00bb type=\u00bbfull_width\u00bb angled_section=\u00bbno\u00bb text_align=\u00bbleft\u00bb background_image_as_pattern=\u00bbwithout_pattern\u00bb][vc_column][vc_empty_space height=\u00bb45px\u00bb][\/vc_column][\/vc_row]<\/p>","protected":false},"excerpt":{"rendered":"<p>[vc_row css_animation=\u00bb\u00bb row_type=\u00bbrow\u00bb use_row_as_full_screen_section=\u00bbno\u00bb type=\u00bbfull_width\u00bb angled_section=\u00bbno\u00bb text_align=\u00bbleft\u00bb background_image_as_pattern=\u00bbwithout_pattern\u00bb][vc_column][vc_empty_space][vc_column_text] Cuadro principal [\/vc_column_text][vc_empty_space][vc_row_inner row_type=\u00bbrow\u00bb type=\u00bbfull_width\u00bb text_align=\u00bbleft\u00bb css_animation=\u00bb\u00bb][vc_column_inner width=\u00bb1\/4&#8243;][vc_single_image image=\u00bb275&#8243; img_size=\u00bbfull\u00bb style=\u00bbvc_box_outline\u00bb border_color=\u00bbsandy_brown\u00bb qode_css_animation=\u00bb\u00bb][vc_column_text] Nombre: ALEXANDRE STREET DE AGUIAR\u00a0 Formaci\u00f3n acad\u00e9mica: Doutor, PUC-Rio, Brasil \u00c1rea de investigaci\u00f3n\u00a0 Modelos de optimizaci\u00f3n robusta y estoc\u00e1stica para la planificaci\u00f3n de la&#8230;<\/p>\n","protected":false},"author":1,"featured_media":0,"parent":0,"menu_order":0,"comment_status":"closed","ping_status":"closed","template":"","meta":{"_exactmetrics_skip_tracking":false,"_exactmetrics_sitenote_active":false,"_exactmetrics_sitenote_note":"","_exactmetrics_sitenote_category":0,"footnotes":""},"class_list":["post-674","page","type-page","status-publish","hentry"],"_links":{"self":[{"href":"http:\/\/www.ele.puc-rio.br\/es\/wp-json\/wp\/v2\/pages\/674\/"}],"collection":[{"href":"http:\/\/www.ele.puc-rio.br\/es\/wp-json\/wp\/v2\/pages\/"}],"about":[{"href":"http:\/\/www.ele.puc-rio.br\/es\/wp-json\/wp\/v2\/types\/page\/"}],"author":[{"embeddable":true,"href":"http:\/\/www.ele.puc-rio.br\/es\/wp-json\/wp\/v2\/users\/1\/"}],"replies":[{"embeddable":true,"href":"http:\/\/www.ele.puc-rio.br\/es\/wp-json\/wp\/v2\/comments\/?post=674"}],"version-history":[{"count":17,"href":"http:\/\/www.ele.puc-rio.br\/es\/wp-json\/wp\/v2\/pages\/674\/revisions\/"}],"predecessor-version":[{"id":2006,"href":"http:\/\/www.ele.puc-rio.br\/es\/wp-json\/wp\/v2\/pages\/674\/revisions\/2006\/"}],"wp:attachment":[{"href":"http:\/\/www.ele.puc-rio.br\/es\/wp-json\/wp\/v2\/media\/?parent=674"}],"curies":[{"name":"wp","href":"https:\/\/api.w.org\/{rel}","templated":true}]}}