{"id":648,"date":"2019-01-09T20:39:06","date_gmt":"2019-01-09T20:39:06","guid":{"rendered":"http:\/\/wp2.ele.puc-rio.br\/?page_id=648"},"modified":"2019-02-25T16:13:58","modified_gmt":"2019-02-25T16:13:58","slug":"laboratorios","status":"publish","type":"page","link":"http:\/\/www.ele.puc-rio.br\/es\/laboratorios\/","title":{"rendered":"LABORATORIOS"},"content":{"rendered":"<p>El Programa de Posgrado en Ingenier\u00eda El\u00e9ctrica de la Pontificia Universidad Cat\u00f3lica de Rio de Janeiro cuenta con una serie de laboratorios utilizados por sus alumnos, investigadores y profesores. Pr\u00e1cticamente todos tienen acceso a la Internet.<br \/>\r\n<br \/>\r\n<span class=\"txt\"><strong>Son ellos:<\/strong><\/span><br \/>\r\n<br \/>\r\n<a href=\"http:\/\/www.ele.puc-rio.br\/es\/laboratorios\/cpti\/\">\u2022 CPTI \u2013 Centro de Investigaci\u00f3n en Tecnolog\u00eda de Inspecci\u00f3n<\/a><br \/>\r\n<a href=\"http:\/\/www.ele.puc-rio.br\/es\/laboratorios\/ica\/\">\u2022 ICA \u2013 Inteligencia Computacional Aplicada<\/a><br \/>\r\n<a href=\"http:\/\/www.ele.puc-rio.br\/es\/laboratorios\/labmad\/\">\u2022 LAB-MAD \u2013 Laboratorio de M\u00e9todos Cuantitativos de Apoyo a la Decisi\u00f3n<\/a><br \/>\r\n<a href=\"http:\/\/www.ele.puc-rio.br\/es\/laboratorios\/lcq\/\">\u2022 Laboratorio de Comunicaciones Cu\u00e1nticas<\/a><br \/>\r\n<a href=\"http:\/\/www.ele.puc-rio.br\/es\/laboratorios\/lmr\/\">\u2022 Laboratorio de Mediciones de Radio Propagaci\u00f3n<\/a><br \/>\r\n<a href=\"http:\/\/www.ele.puc-rio.br\/es\/laboratorios\/lmcea\/\">\u2022 Laboratorio de M\u00e9todos Computacionales en Electromagnetismo Aplicado<\/a><br \/>\r\n<a href=\"http:\/\/www.ele.puc-rio.br\/es\/laboratorios\/lo\/\">\u2022 Laboratorio de Optoelectr\u00f3nica<\/a><br \/>\r\n<a href=\"http:\/\/www.ele.puc-rio.br\/es\/laboratorios\/lrc\/\">\u2022 Laboratorio de Redes de Comunicaciones<\/a><br \/>\r\n<a href=\"http:\/\/www.ele.puc-rio.br\/es\/lsc\/\">\u2022 Laboratorio de Sistemas de Comunicaciones<\/a><br \/>\r\n<a href=\"http:\/\/www.ele.puc-rio.br\/posgraduacao\/laboratorios\/lsom\/\">\u2022 Laboratorio de Sistemas \u00d3pticos y Microondas<\/a><br \/>\r\n<a href=\"http:\/\/www.ele.puc-rio.br\/es\/laboratorios\/labsem\/\">\u2022 LabSem \u2013 Laboratorios de Semiconductores<\/a><br \/>\r\n<a href=\"http:\/\/www.ele.puc-rio.br\/es\/laboratorios\/lambda\/\">\u2022 LAMBDA \u2013 Laboratorio de Automatizaci\u00f3n y Museos, Bibliotecas Digitales y Archivos<\/a><br \/>\r\n<a href=\"http:\/\/www.ele.puc-rio.br\/es\/laboratorios\/lri\/\">\u2022 LRI \u2013 Laboratorio de Rob\u00f3tica Inteligente<\/a><br \/>\r\n<a href=\"http:\/\/www.ele.puc-rio.br\/es\/laboratorios\/lse\/\">\u2022 LSE \u2013 Laboratorio de Sistemas de Energ\u00eda El\u00e9ctrica<\/a><br \/>\r\n<a href=\"http:\/\/www.ele.puc-rio.br\/es\/laboratorios\/lvc\/\">\u2022 LVC \u2013 Laboratorio de Visi\u00f3n Computacional<\/a><br \/>\r\n<br \/>\r\nUn equipo de apoyo es responsable por mantener todos los laboratorios en perfectas condiciones.<\/p>\r\n<p>&nbsp;<\/p>","protected":false},"excerpt":{"rendered":"<p>El Programa de Posgrado en Ingenier\u00eda El\u00e9ctrica de la Pontificia Universidad Cat\u00f3lica de Rio de Janeiro cuenta con una serie de laboratorios utilizados por sus alumnos, investigadores y profesores. Pr\u00e1cticamente todos tienen acceso a la Internet. Son ellos: \u2022 CPTI \u2013 Centro de Investigaci\u00f3n en&#8230;<\/p>\n","protected":false},"author":1,"featured_media":0,"parent":0,"menu_order":0,"comment_status":"closed","ping_status":"closed","template":"","meta":{"_exactmetrics_skip_tracking":false,"_exactmetrics_sitenote_active":false,"_exactmetrics_sitenote_note":"","_exactmetrics_sitenote_category":0,"footnotes":""},"class_list":["post-648","page","type-page","status-publish","hentry"],"_links":{"self":[{"href":"http:\/\/www.ele.puc-rio.br\/es\/wp-json\/wp\/v2\/pages\/648\/"}],"collection":[{"href":"http:\/\/www.ele.puc-rio.br\/es\/wp-json\/wp\/v2\/pages\/"}],"about":[{"href":"http:\/\/www.ele.puc-rio.br\/es\/wp-json\/wp\/v2\/types\/page\/"}],"author":[{"embeddable":true,"href":"http:\/\/www.ele.puc-rio.br\/es\/wp-json\/wp\/v2\/users\/1\/"}],"replies":[{"embeddable":true,"href":"http:\/\/www.ele.puc-rio.br\/es\/wp-json\/wp\/v2\/comments\/?post=648"}],"version-history":[{"count":4,"href":"http:\/\/www.ele.puc-rio.br\/es\/wp-json\/wp\/v2\/pages\/648\/revisions\/"}],"predecessor-version":[{"id":1403,"href":"http:\/\/www.ele.puc-rio.br\/es\/wp-json\/wp\/v2\/pages\/648\/revisions\/1403\/"}],"wp:attachment":[{"href":"http:\/\/www.ele.puc-rio.br\/es\/wp-json\/wp\/v2\/media\/?parent=648"}],"curies":[{"name":"wp","href":"https:\/\/api.w.org\/{rel}","templated":true}]}}