{"id":624,"date":"2019-01-09T20:18:33","date_gmt":"2019-01-09T20:18:33","guid":{"rendered":"http:\/\/wp2.ele.puc-rio.br\/?page_id=624"},"modified":"2019-02-13T13:07:56","modified_gmt":"2019-02-13T13:07:56","slug":"suportefinanceiro-2","status":"publish","type":"page","link":"http:\/\/www.ele.puc-rio.br\/es\/suportefinanceiro-2\/","title":{"rendered":"APOYO FINANCEIRO"},"content":{"rendered":"<p>El programa cuenta con la financiaci\u00f3n de la PUC-Rio, CAPES, CNPq, FAPERJ y empresas con contratos de investigaci\u00f3n y desarrollo.<br \/>\r\n<br \/>\r\nLos candidatos aprobados para cursar el postgrado acad\u00e9mico en tiempo integral pueden recibir beca de CAPES, CNPq, FAPERJ y otras agencias de fomento a la investigaci\u00f3n, una remuneraci\u00f3n mensual (que dura 24 meses y 48 meses para maestr\u00eda y doctorado ), y la exenci\u00f3n total del pago de las mensualidades escolares. Los candidatos aprobados tiempo parcial pueden recibir, de la propia PUC-Rio o de la CAPES, la exenci\u00f3n parcial del pago de las mensualidades escolares proporcional a la dedicaci\u00f3n al curso. Profesores de otras instituciones (a tiempo integral) y los funcionarios p\u00fablicos federales y departamentales de Rio de Janeiro no pagan las mensualidades escolares.<br \/>\r\n<br \/>\r\nLa concesi\u00f3n de la beca y la exenci\u00f3n del pago del valor de la matricula es valida por um per\u00edodo acad\u00e9mico (um semestre) y puede ser renovada o no dependiendo del desempe\u00f1o acad\u00e9mico del alumno. Candidatos de otros pa\u00edses de Am\u00e9rica pueden solicitar becas PEC\/PG concedidas por la CAPES y CNPQ a trav\u00e9s de los \u00f3rganos consulares. Los candidatos deben buscar informaciones en el consulado brasilero de su pa\u00eds, con antecedencia de m\u00e1s de un a\u00f1o en relaci\u00f3n a la fecha prevista de su primera matricula.<\/p>\r\n<p>&nbsp;<\/p>","protected":false},"excerpt":{"rendered":"<p>El programa cuenta con la financiaci\u00f3n de la PUC-Rio, CAPES, CNPq, FAPERJ y empresas con contratos de investigaci\u00f3n y desarrollo. Los candidatos aprobados para cursar el postgrado acad\u00e9mico en tiempo integral pueden recibir beca de CAPES, CNPq, FAPERJ y otras agencias de fomento a la&#8230;<\/p>\n","protected":false},"author":1,"featured_media":0,"parent":0,"menu_order":0,"comment_status":"closed","ping_status":"closed","template":"","meta":{"_exactmetrics_skip_tracking":false,"_exactmetrics_sitenote_active":false,"_exactmetrics_sitenote_note":"","_exactmetrics_sitenote_category":0,"footnotes":""},"class_list":["post-624","page","type-page","status-publish","hentry"],"_links":{"self":[{"href":"http:\/\/www.ele.puc-rio.br\/es\/wp-json\/wp\/v2\/pages\/624\/"}],"collection":[{"href":"http:\/\/www.ele.puc-rio.br\/es\/wp-json\/wp\/v2\/pages\/"}],"about":[{"href":"http:\/\/www.ele.puc-rio.br\/es\/wp-json\/wp\/v2\/types\/page\/"}],"author":[{"embeddable":true,"href":"http:\/\/www.ele.puc-rio.br\/es\/wp-json\/wp\/v2\/users\/1\/"}],"replies":[{"embeddable":true,"href":"http:\/\/www.ele.puc-rio.br\/es\/wp-json\/wp\/v2\/comments\/?post=624"}],"version-history":[{"count":2,"href":"http:\/\/www.ele.puc-rio.br\/es\/wp-json\/wp\/v2\/pages\/624\/revisions\/"}],"predecessor-version":[{"id":628,"href":"http:\/\/www.ele.puc-rio.br\/es\/wp-json\/wp\/v2\/pages\/624\/revisions\/628\/"}],"wp:attachment":[{"href":"http:\/\/www.ele.puc-rio.br\/es\/wp-json\/wp\/v2\/media\/?parent=624"}],"curies":[{"name":"wp","href":"https:\/\/api.w.org\/{rel}","templated":true}]}}