{"id":621,"date":"2019-01-09T20:17:23","date_gmt":"2019-01-09T20:17:23","guid":{"rendered":"http:\/\/wp2.ele.puc-rio.br\/?page_id=621"},"modified":"2019-02-13T14:16:54","modified_gmt":"2019-02-13T14:16:54","slug":"infraestructura","status":"publish","type":"page","link":"http:\/\/www.ele.puc-rio.br\/es\/infraestructura\/","title":{"rendered":"INFRAESTRUCTURA"},"content":{"rendered":"<p><span class=\"txt\"><strong>Biblioteca<\/strong><\/span><br \/>\r\n<br \/>\r\nLos alumnos, profesores e investigadores del Programa tienen acceso ilimitado a la Biblioteca Central de la PUC-Rio, a la Biblioteca Sectorial del Centro T\u00e9cnico Cient\u00edfico, a la Biblioteca del CETUC, especializada en t\u00edtulos de telecomunicaciones y otros campos relacionados, y a la biblioteca del Laboratorio de Inteligencia Computacional Aplicada especializa en t\u00edtulos de Redes Neuronales, Computaci\u00f3n Evolutiva y L\u00f3gica Fuzzy. Tambi\u00e9n hay un f\u00e1cil acceso a las bibliotecas de IMPA, IME, CBPF y COPPE \/ UFRJ, ubicada en el municipio.<br \/>\r\n<br \/>\r\nEl Sistema de Bibliotecas de la PUC-Rio, totalmente informatizado, permite todav\u00eda el acceso a un gran n\u00famero de bases de datos y tiene un n\u00famero elevado de convenios de consultas con el exterior, con acceso por medio de la red interna de la PUC-Rio. Cabe se\u00f1alar, sin embargo, el acceso remoto a las colecciones de peri\u00f3dicos disponibles para el alumno y profesores por la CAPES mediante el Sistema de Bibliotecas de la PUC-Rio y de la red interna de la Universidad, especialmente a las publicaciones del IEEE, IET (antes IEE) y Elsevier, de importancia y relevancia para las \u00e1reas de concentraci\u00f3n del programa. El sitio es:<a href=\"http:\/\/www.dbd.puc-rio.br\/\">www.dbd.puc-rio.br.<\/a><br \/>\r\n<span class=\"txt\"><strong><br \/>\r\nRecursos Inform\u00e1ticos<\/strong><\/span><\/p>\r\n<p>El programa cuenta con m\u00e1s de 200 microcomputadoras y estaciones de trabajo conectadas en red interna y externa o en clusters, disponibles en muchos laboratorios y oficinas de profesores y en salas de alumnos, con una \u201cprogramoteca\u201d especializada y actualizada, adem\u00e1s de facilidades computaci\u00f3n ofrecidas por el RDC \/ PUC-Rio.<\/p>\r\n<p>&nbsp;<\/p>","protected":false},"excerpt":{"rendered":"<p>Biblioteca Los alumnos, profesores e investigadores del Programa tienen acceso ilimitado a la Biblioteca Central de la PUC-Rio, a la Biblioteca Sectorial del Centro T\u00e9cnico Cient\u00edfico, a la Biblioteca del CETUC, especializada en t\u00edtulos de telecomunicaciones y otros campos relacionados, y a la biblioteca del&#8230;<\/p>\n","protected":false},"author":1,"featured_media":0,"parent":0,"menu_order":0,"comment_status":"closed","ping_status":"closed","template":"","meta":{"_exactmetrics_skip_tracking":false,"_exactmetrics_sitenote_active":false,"_exactmetrics_sitenote_note":"","_exactmetrics_sitenote_category":0,"footnotes":""},"class_list":["post-621","page","type-page","status-publish","hentry"],"_links":{"self":[{"href":"http:\/\/www.ele.puc-rio.br\/es\/wp-json\/wp\/v2\/pages\/621\/"}],"collection":[{"href":"http:\/\/www.ele.puc-rio.br\/es\/wp-json\/wp\/v2\/pages\/"}],"about":[{"href":"http:\/\/www.ele.puc-rio.br\/es\/wp-json\/wp\/v2\/types\/page\/"}],"author":[{"embeddable":true,"href":"http:\/\/www.ele.puc-rio.br\/es\/wp-json\/wp\/v2\/users\/1\/"}],"replies":[{"embeddable":true,"href":"http:\/\/www.ele.puc-rio.br\/es\/wp-json\/wp\/v2\/comments\/?post=621"}],"version-history":[{"count":2,"href":"http:\/\/www.ele.puc-rio.br\/es\/wp-json\/wp\/v2\/pages\/621\/revisions\/"}],"predecessor-version":[{"id":1277,"href":"http:\/\/www.ele.puc-rio.br\/es\/wp-json\/wp\/v2\/pages\/621\/revisions\/1277\/"}],"wp:attachment":[{"href":"http:\/\/www.ele.puc-rio.br\/es\/wp-json\/wp\/v2\/media\/?parent=621"}],"curies":[{"name":"wp","href":"https:\/\/api.w.org\/{rel}","templated":true}]}}