{"id":616,"date":"2019-01-09T20:13:56","date_gmt":"2019-01-09T20:13:56","guid":{"rendered":"http:\/\/wp2.ele.puc-rio.br\/?page_id=616"},"modified":"2023-03-10T08:52:30","modified_gmt":"2023-03-10T11:52:30","slug":"exigencias","status":"publish","type":"page","link":"http:\/\/www.ele.puc-rio.br\/es\/exigencias\/","title":{"rendered":"EXIGENCIAS"},"content":{"rendered":"<p><span class=\"txt\"><strong>Requisitos:<\/strong><\/span><br \/>\r\n<br \/>\r\n<span class=\"txt\"><a href=\"http:\/\/www.ele.puc-rio.br\/wp-content\/uploads\/2023\/03\/requisitos_para_titulacao-novo.pdf\" target=\"_blank\" rel=\"noopener\">\u2022 Requisitos para Titulaci\u00f3n<\/a><\/span><br \/>\r\n<br \/>\r\n<span class=\"txt\"><strong>Regulamentos:<\/strong><\/span><br \/>\r\n<br \/>\r\n<span class=\"txt\"><a href=\"http:\/\/www.ele.puc-rio.br\/files\/alunos_de_pos_cursando_disciplina_de_graduacao.pdf\">\u2022 Alumnos de Postgrado cursando asignatura de Pregrado<\/a><\/span><br \/>\r\n<span class=\"txt\"><a href=\"http:\/\/www.ele.puc-rio.br\/files\/cadastramento_de_alunos.pdf\">\u2022 Registro de Alumnos<\/a><\/span><br \/>\r\n<span class=\"txt\"><a href=\"http:\/\/www.ele.puc-rio.br\/files\/concessao_de_bolsas.pdf\">\u2022 Concesi\u00f3n de Becass<\/a><\/span><br \/>\r\n<span class=\"txt\"><a href=\"http:\/\/www.ele.puc-rio.br\/files\/disciplinas.pdf\">\u2022 Asignaturas<\/a><\/span><br \/>\r\n<span class=\"txt\"><a href=\"http:\/\/www.ele.puc-rio.br\/files\/dissertacao_de_mestrado.pdf\">\u2022 Disertaci\u00f3n de Maestr\u00eda<\/a><\/span><br \/>\r\n<span class=\"txt\"><a href=\"http:\/\/www.ele.puc-rio.br\/files\/estagio_de_docencia_na_graduacao.pdf\">\u2022 Pr\u00e1cticas de Docencia en el Pregrado<\/a><\/span><br \/>\r\n<span class=\"txt\"><a href=\"http:\/\/www.ele.puc-rio.br\/files\/estudo_orientado.pdf\">\u2022 Estudio Orientado<\/a><\/span><br \/>\r\n<span class=\"txt\"><a href=\"http:\/\/www.ele.puc-rio.br\/files\/exame_de_qualificacao.pdf\">\u2022 Propuesta de Examen de Calificaci\u00f3n<\/a><\/span><br \/>\r\n<span class=\"txt\"><a href=\"http:\/\/www.ele.puc-rio.br\/files\/exame_de_lingua_estrangeira.pdf\">\u2022 Examen de Lengua Extranjera<\/a><\/span><br \/>\r\n<span class=\"txt\"><a href=\"http:\/\/www.ele.puc-rio.br\/files\/exame_de_proposta_de_tese_de_doutorado.pdf\">\u2022 Examen de la Propuesta de Tesis de Doctorado<\/a><\/span><br \/>\r\n<span class=\"txt\"><a href=\"http:\/\/www.ele.puc-rio.br\/files\/prazos.pdf\">\u2022 Plazos<\/a><\/span><br \/>\r\n<span class=\"txt\"><a href=\"http:\/\/www.ele.puc-rio.br\/files\/prazos_para_conclusao_de_mestrado_e_doutorado.pdf\">\u2022 Plazos para la Finalizaci\u00f3n de Maestr\u00eda y Doctorado<\/a><\/span><br \/>\r\n<span class=\"txt\"><a href=\"http:\/\/www.ele.puc-rio.br\/files\/prazos_para_submissao_de_dissertacoes_e_teses.pdf\">\u2022 Plazos para Sometimiento de Disertaciones y Tesis<\/a><\/span><br \/>\r\n<span class=\"txt\"><a href=\"http:\/\/www.ele.puc-rio.br\/files\/proposta_de_dissertacao_de_mestrado.pdf\">\u2022 Propuesta de Disertaci\u00f3n de Maestr\u00eda<\/a><\/span><br \/>\r\n<span class=\"txt\"><a href=\"http:\/\/www.ele.puc-rio.br\/files\/tese_de_doutorado.pdf\">\u2022 Tesis de Doctorado<\/a><\/span><br \/>\r\n<br \/>\r\n<span class=\"txt\"><strong>Formularios:<\/strong><\/span><br \/>\r\n<br \/>\r\n<span class=\"txt\"><a href=\"http:\/\/www.ele.puc-rio.br\/files\/formulario_avaliacao_semestral.doc\">\u2022 Evaluaci\u00f3n Semestral de Desempe\u00f1o Acad\u00e9mico de alumnos de Doctorado en Tesis<\/a><\/span><br \/>\r\n<span class=\"txt\"><a href=\"http:\/\/www.ele.puc-rio.br\/wp-content\/uploads\/2020\/07\/1formulario_de_composicao_de_banca_examinadora_tesedissertacao.pdf\" target=\"_blank\" rel=\"noopener noreferrer\">\u2022 Composici\u00f3n de Junta Examinadora de Tesis \/ Disertaci\u00f3n<\/a><\/span><br \/>\r\n<span class=\"txt\"><a href=\"http:\/\/www.ele.puc-rio.br\/files\/formulario_de_composicao_de_banca_carta_de_encaminhamento.doc\">\u2022 Composici\u00f3n de Junta Examinadora &#8211; Carta de Presentaci\u00f3n<\/a><\/span><br \/>\r\n<span class=\"txt\"><a href=\"http:\/\/www.ele.puc-rio.br\/files\/formulario_exame_de_proposta_de_tese.doc\">\u2022 Examen de Propuesta de Tesis<\/a><\/span><br \/>\r\n<span class=\"txt\"><a href=\"http:\/\/www.ele.puc-rio.br\/wp-content\/uploads\/2020\/09\/formulario_proposta_de_dissertacao_de_mestrado-novo.doc\">\u2022 Propuesta de Disertaci\u00f3n de Maestr\u00eda<\/a><\/span><br \/>\r\n<span class=\"txt\"><a href=\"http:\/\/www.ele.puc-rio.br\/files\/formulario_proposta_de_estagio_de_docencia_na_graduacao.doc\">\u2022 Propuesta de Pr\u00e1cticas de Docencia en el Pregrado<\/a><\/span><br \/>\r\n<span class=\"txt\"><a href=\"http:\/\/www.ele.puc-rio.br\/files\/formulario_proposta_de_estudo_orientado.doc\">\u2022 Propuesta de Estudio Orientado<\/a><\/span><br \/>\r\n<span class=\"txt\"><a href=\"http:\/\/www.ele.puc-rio.br\/wp-content\/uploads\/2020\/08\/exame_de_qualificacao-novo.pdf\">\u2022 Propuesta de Examen de Calificaci\u00f3n<\/a><\/span><br \/>\r\n<span class=\"txt\"><a href=\"http:\/\/www.ele.puc-rio.br\/files\/formulario_relatorio_de_estagio_de_docencia_na_graduacao.doc\">\u2022 Informe de Pr\u00e1cticas de Docencia en el Pregrado<\/a><\/span><br \/>\r\n<span class=\"txt\"><a href=\"http:\/\/www.ele.puc-rio.br\/files\/formulario_termo_compromisso_entre_professor_aluno_doutorado.doc\">\u2022 Acuerdo de Compromiso entre Profesor y Alumno de Doctorado<\/a><\/span><br \/>\r\n<span class=\"txt\"><a href=\"http:\/\/www.ele.puc-rio.br\/files\/formulario_termo_compromisso_entre_professor_aluno_mestrado.doc\">\u2022 Acuerdo de Compromiso entre profesor y Alumno de Maestr\u00eda<\/a><\/span><br \/>\r\n<span class=\"txt\"><a href=\"http:\/\/www.ele.puc-rio.br\/files\/formulario_validacao_de_creditos.doc\">\u2022 Validaci\u00f3n de cr\u00e9ditos de asignatura cursada o a cursar fuera del DEE<\/a><\/span><br \/>\r\n<br \/>\r\n<span class=\"txt\"><strong>Gu\u00eda:<\/strong><\/span><br \/>\r\n<br \/>\r\n<span class=\"txt\"><a href=\"http:\/\/www.ele.puc-rio.br\/files\/guia_para_aluno_estrangeiro.pdf\">\u2022 Gu\u00eda para Alumnos Extranjeros<\/a><\/span><\/p>\r\n<p>&nbsp;<\/p>\r\n<p>&nbsp;<\/p>","protected":false},"excerpt":{"rendered":"<p>Requisitos: \u2022 Requisitos para Titulaci\u00f3n Regulamentos: \u2022 Alumnos de Postgrado cursando asignatura de Pregrado \u2022 Registro de Alumnos \u2022 Concesi\u00f3n de Becass \u2022 Asignaturas \u2022 Disertaci\u00f3n de Maestr\u00eda \u2022 Pr\u00e1cticas de Docencia en el Pregrado \u2022 Estudio Orientado \u2022 Propuesta de Examen de Calificaci\u00f3n \u2022&#8230;<\/p>\n","protected":false},"author":1,"featured_media":0,"parent":0,"menu_order":0,"comment_status":"closed","ping_status":"closed","template":"","meta":{"_exactmetrics_skip_tracking":false,"_exactmetrics_sitenote_active":false,"_exactmetrics_sitenote_note":"","_exactmetrics_sitenote_category":0,"footnotes":""},"class_list":["post-616","page","type-page","status-publish","hentry"],"_links":{"self":[{"href":"http:\/\/www.ele.puc-rio.br\/es\/wp-json\/wp\/v2\/pages\/616\/"}],"collection":[{"href":"http:\/\/www.ele.puc-rio.br\/es\/wp-json\/wp\/v2\/pages\/"}],"about":[{"href":"http:\/\/www.ele.puc-rio.br\/es\/wp-json\/wp\/v2\/types\/page\/"}],"author":[{"embeddable":true,"href":"http:\/\/www.ele.puc-rio.br\/es\/wp-json\/wp\/v2\/users\/1\/"}],"replies":[{"embeddable":true,"href":"http:\/\/www.ele.puc-rio.br\/es\/wp-json\/wp\/v2\/comments\/?post=616"}],"version-history":[{"count":9,"href":"http:\/\/www.ele.puc-rio.br\/es\/wp-json\/wp\/v2\/pages\/616\/revisions\/"}],"predecessor-version":[{"id":2125,"href":"http:\/\/www.ele.puc-rio.br\/es\/wp-json\/wp\/v2\/pages\/616\/revisions\/2125\/"}],"wp:attachment":[{"href":"http:\/\/www.ele.puc-rio.br\/es\/wp-json\/wp\/v2\/media\/?parent=616"}],"curies":[{"name":"wp","href":"https:\/\/api.w.org\/{rel}","templated":true}]}}