{"id":614,"date":"2019-01-09T20:11:05","date_gmt":"2019-01-09T20:11:05","guid":{"rendered":"http:\/\/wp2.ele.puc-rio.br\/?page_id=614"},"modified":"2022-03-23T11:23:01","modified_gmt":"2022-03-23T14:23:01","slug":"areas-of-concentration","status":"publish","type":"page","link":"http:\/\/www.ele.puc-rio.br\/es\/areas-of-concentration\/","title":{"rendered":"AREAS OF CONCENTRATION"},"content":{"rendered":"<p>[vc_row css_animation=\u00bb\u00bb row_type=\u00bbrow\u00bb use_row_as_full_screen_section=\u00bbno\u00bb type=\u00bbfull_width\u00bb angled_section=\u00bbno\u00bb text_align=\u00bbleft\u00bb background_image_as_pattern=\u00bbwithout_pattern\u00bb][vc_column][vc_column_text]<\/p>\r\n<h2><span class=\"txt\"><strong>Requisitos para la obtenci\u00f3n de los t\u00edtulos de Mag\u00edster y Doctor<\/strong><\/span><\/h2>\r\n<p>El Reglamento del Programa, que contiene todas las exigencias y plazos, se entrega al alumnos en la fecha de su primera matricula.<br \/>\r\n<br \/>\r\nSe recomienda que el alumno matriculado en el programa obtenga un m\u00ednimo de 12 cr\u00e9ditos en asignaturas relacionadas con su \u00e1rea de concentraci\u00f3n (que se enumeran m\u00e1s abajo). El alumno podr\u00e1, sin embargo, someter a la apreciaci\u00f3n de la Comisi\u00f3n de Postgrado e Investigaci\u00f3n un Plan de Estudios que justifique una lista alternativa de asignaturas. Para cursar asignaturas fuera del \u00e1mbito ELE es necesaria para la aprobaci\u00f3n del profesor-tutor y la aprobaci\u00f3n de la comisi\u00f3n, salvo las listadas entre las recomendadas.<\/p>\r\n<h2><span class=\"txt\"><strong>\u00c1rea de Concentraci\u00f3n y sus L\u00edneas de Investigaci\u00f3n<\/strong><\/span><\/h2>\r\n<p>\u00a0[\/vc_column_text][vc_accordion style=\u00bbaccordion\u00bb][vc_accordion_tab title=\u00bb<a>Electromagnetismo Aplicado<\/a>\u00ab][vc_column_text]<\/p>\r\n<p><span class=\"txt\">\u2022 Antenas: Desarrollo de m\u00e9todos num\u00e9ricos y anal\u00edticos, de s\u00edntesis y an\u00e1lisis del desempe\u00f1o de antenas y estructuras radiantes. En sistemas de comunicaciones terrestres, fijos, celulares y v\u00eda sat\u00e9lite.<br \/>\r\n<\/span><br \/>\r\n<span class=\"txt\">\u2022 Comunicaci\u00f3n Cu\u00e1ntica: Estudio y desenvolvimiento de t\u00e9cnicas de manipulaci\u00f3n y transmisi\u00f3n de informaci\u00f3n cu\u00e1ntica codificada a trav\u00e9s de fibras \u00f3pticas y en espacio libre.<br \/>\r\n<\/span><br \/>\r\n<span class=\"txt\">\u2022 Optoelectr\u00f3nica: Nanodispositivos y nanomateriales, dispositivos optoelectr\u00f3nicos: detectores, l\u00e1sers; sensores, c\u00e9lulas de combustible, nuevos materiales.\u00a0<br \/>\r\n<br \/>\r\n\u2022 Optoelectr\u00f3nica e Instrumentaci\u00f3n: Dispositivos electro-\u00f3pticos, fibras y componentes de sistemas \u00f3pticos; t\u00e9cnicas de\u00a0<br \/>\r\ninstrumentaci\u00f3n.<br \/>\r\n<\/span><br \/>\r\n<span class=\"txt\">\u2022 Radio Propagaci\u00f3n: Caracterizaci\u00f3n del canal de propagaci\u00f3n, radiometeorolog\u00eda, sistemas de comunicaci\u00f3n celular, radio cognitivo.<\/span><\/p>\r\n<p>[\/vc_column_text][\/vc_accordion_tab][vc_accordion_tab title=\u00bb<a>M\u00e9todos de Apoyo a la Decisi\u00f3n<\/a>\u00ab][vc_column_text]<\/p>\r\n<p><span class=\"txt\">\u2022 Inteligencia Computacional: Redes Neurales, l\u00f3gica difusa, computaci\u00f3n evolutiva, sistemas h\u00edbridos inteligentes.<br \/>\r\n<\/span><br \/>\r\n<span class=\"txt\">\u2022 Modelos estad\u00edsticos lineales y no lineales: Procesos estoc\u00e1sticos, modelos de series temporales y econom\u00e9tricos, modelos en espacio de estado. Aplicaciones: energ\u00eda, econom\u00eda y finanzas, seguros y\u00a0<i>commodities<\/i>.<\/span><\/p>\r\n<p>[\/vc_column_text][\/vc_accordion_tab][vc_accordion_tab title=\u00bb<a>Procesamiento de Se\u00f1ales, Automaci\u00f3n y Rob\u00f3tica<\/a><br \/>\r\n\u00ab][vc_column_text]<\/p>\r\n<p><span class=\"txt\">\u2022 Instrumentaci\u00f3n Electr\u00f3nica: Desarrollo de nuevas t\u00e9cnicas electr\u00f3nicas, que posibiliten solucionar diversos problemas experimentales en ingenier\u00eda.<\/span><br \/>\r\n<br \/>\r\n<span class=\"txt\">\u2022 Procesamiento de la se\u00f1al: Procesamiento de se\u00f1al adaptable; procesamiento estad\u00edstico de se\u00f1ales; descomposiciones de se\u00f1ales; explotaci\u00f3n del conocimiento previo. Aplicaciones: sistemas de comunicaci\u00f3n; sistemas electr\u00f3nicos; sensores y sistemas de defensa; an\u00e1lisis de imagen.<\/span><br \/>\r\n<br \/>\r\n<span class=\"txt\">\u2022 Rob\u00f3tica: Sistemas rob\u00f3ticos operados remotamente, sistemas aut\u00f3nomos, procesamiento adaptativo de se\u00f1ales, procesamiento de im\u00e1genes, descomposici\u00f3n de se\u00f1ales, electr\u00f3nica integrada, sensores y actuadores, automatizaci\u00f3n, aprendizaje de refuerzo, planificaci\u00f3n de movimiento, procesamiento paralelo, inteligencia computacional; teor\u00eda, modelado y control de sistemas rob\u00f3ticos.<\/span><\/p>\r\n<p>[\/vc_column_text][\/vc_accordion_tab][vc_accordion_tab title=\u00bb<a>Sistemas de Comunicaciones<\/a>\u00ab][vc_column_text]<\/p>\r\n<p><span class=\"txt\">\u2022 Procesamiento de se\u00f1ales para comunicaciones: Desarrollo de t\u00e9cnicas de procesamiento de se\u00f1ales digitales para sistemas de comunicaci\u00f3n.<\/span><span class=\"txt\"><br \/>\r\n<\/span><br \/>\r\n<span class=\"txt\">\u2022 Sistemas de Transmisi\u00f3n Digital: Estudios, an\u00e1lisis y desarrollo de t\u00e9cnicas para modulaci\u00f3n y transmisi\u00f3n, estimaci\u00f3n de par\u00e1metros y detecci\u00f3n en sistemas de transmisi\u00f3n digital.<\/span><\/p>\r\n<p>[\/vc_column_text][\/vc_accordion_tab][vc_accordion_tab title=\u00bb<a>Sistemas de Energ\u00eda El\u00e9ctrica<\/a><br \/>\r\n\u00ab][vc_column_text]<\/p>\r\n<div id=\"a6\">\r\n<p><span class=\"txt\">\u2022 M\u00e9todos Probabil\u00edsticos Aplicados a Sistemas de Potencia: Utilizaci\u00f3n de modelos y m\u00e9todos probabil\u00edsticos en la evaluaci\u00f3n del desempe\u00f1o pasado, presente y futuro de sistemas el\u00e9ctricos de potencia. No s\u00f3lo los aspectos conceptuales son debidamente estudiados, sino tambi\u00e9n aspectos pr\u00e1cticos que definir\u00e1n nuevas t\u00e9cnicas y criterios de planificaci\u00f3n de la expansi\u00f3n, operaci\u00f3n, mantenimiento y monitoreo del desempe\u00f1o de los sistemas de potencia actuales.<\/span><br \/>\r\n<br \/>\r\n<span class=\"txt\">\u2022 Planificaci\u00f3n y operaci\u00f3n en Sistemas de Potencia: Seguridad en la operaci\u00f3n de sistemas el\u00e9ctricos, estabilidad de tensi\u00f3n, modelos de planificaci\u00f3n de la operaci\u00f3n de sistemas el\u00e9ctricos, despacho de generaci\u00f3n y mercados de energ\u00eda; expansi\u00f3n de la transmisi\u00f3n, distribuci\u00f3n y generaci\u00f3n; integraci\u00f3n de las energ\u00edas renovables; mercados el\u00e9ctricos; tecnolog\u00edas de medici\u00f3n y control.<\/span><\/p>\r\n<\/div>\r\n<p>[\/vc_column_text][\/vc_accordion_tab][\/vc_accordion][vc_empty_space height=\u00bb40px\u00bb][\/vc_column][\/vc_row]<\/p>","protected":false},"excerpt":{"rendered":"<p>[vc_row css_animation=\u00bb\u00bb row_type=\u00bbrow\u00bb use_row_as_full_screen_section=\u00bbno\u00bb type=\u00bbfull_width\u00bb angled_section=\u00bbno\u00bb text_align=\u00bbleft\u00bb background_image_as_pattern=\u00bbwithout_pattern\u00bb][vc_column][vc_column_text] Requisitos para la obtenci\u00f3n de los t\u00edtulos de Mag\u00edster y Doctor El Reglamento del Programa, que contiene todas las exigencias y plazos, se entrega al alumnos en la fecha de su primera matricula. Se recomienda que el&#8230;<\/p>\n","protected":false},"author":1,"featured_media":0,"parent":0,"menu_order":0,"comment_status":"closed","ping_status":"closed","template":"","meta":{"_exactmetrics_skip_tracking":false,"_exactmetrics_sitenote_active":false,"_exactmetrics_sitenote_note":"","_exactmetrics_sitenote_category":0,"footnotes":""},"class_list":["post-614","page","type-page","status-publish","hentry"],"_links":{"self":[{"href":"http:\/\/www.ele.puc-rio.br\/es\/wp-json\/wp\/v2\/pages\/614\/"}],"collection":[{"href":"http:\/\/www.ele.puc-rio.br\/es\/wp-json\/wp\/v2\/pages\/"}],"about":[{"href":"http:\/\/www.ele.puc-rio.br\/es\/wp-json\/wp\/v2\/types\/page\/"}],"author":[{"embeddable":true,"href":"http:\/\/www.ele.puc-rio.br\/es\/wp-json\/wp\/v2\/users\/1\/"}],"replies":[{"embeddable":true,"href":"http:\/\/www.ele.puc-rio.br\/es\/wp-json\/wp\/v2\/comments\/?post=614"}],"version-history":[{"count":4,"href":"http:\/\/www.ele.puc-rio.br\/es\/wp-json\/wp\/v2\/pages\/614\/revisions\/"}],"predecessor-version":[{"id":2028,"href":"http:\/\/www.ele.puc-rio.br\/es\/wp-json\/wp\/v2\/pages\/614\/revisions\/2028\/"}],"wp:attachment":[{"href":"http:\/\/www.ele.puc-rio.br\/es\/wp-json\/wp\/v2\/media\/?parent=614"}],"curies":[{"name":"wp","href":"https:\/\/api.w.org\/{rel}","templated":true}]}}