{"id":605,"date":"2019-01-09T19:52:36","date_gmt":"2019-01-09T19:52:36","guid":{"rendered":"http:\/\/wp2.ele.puc-rio.br\/?page_id=605"},"modified":"2019-02-13T14:48:56","modified_gmt":"2019-02-13T14:48:56","slug":"objetivos","status":"publish","type":"page","link":"http:\/\/www.ele.puc-rio.br\/es\/objetivos\/","title":{"rendered":"OBJETIVOS"},"content":{"rendered":"<p>El Programa de Postgrado en Ingenier\u00eda El\u00e9ctrica de la PUC-Rio es un agente de transformaci\u00f3n social por medio de la promoci\u00f3n de:<br \/>\r\n<br \/>\r\n<span class=\"txt\"><span style=\"color: #e58b0a;\">\u2022<\/span>\u00a0Capacitaci\u00f3n y la mejora continua de profesionales en niveles de pregrado, postgrado, reciclaje y extensi\u00f3n, en colaboraci\u00f3n con otras unidades de la PUC-Rio y otras instituciones de ense\u00f1anza e investigaci\u00f3n;<\/span><br \/>\r\n<span class=\"txt\"><span style=\"color: #e58b0a;\">\u2022<\/span>\u00a0Investigaci\u00f3n b\u00e1sica y aplicada, con una fuerte interacci\u00f3n interdisciplinar, as\u00ed como la difusi\u00f3n y el registro sus resultados de manera apropiada;<\/span><br \/>\r\n<span class=\"txt\"><span style=\"color: #e58b0a;\">\u2022<\/span>\u00a0Colaboraci\u00f3n con ingenieros, empresas, escuelas y el gobierno, para los cuales se ofrecen servicios de desarrollo y asesoramiento, as\u00ed como la organizaci\u00f3n de eventos y centros de informaci\u00f3n.<\/span><\/p>\r\n<p>El papel del Programa de Postgrado en Ingenier\u00eda El\u00e9ctrica es la formaci\u00f3n de recursos humanos cualificados relacionados con la creaci\u00f3n y transferencia a la comunidad acad\u00e9mica y empresarial de conocimientos cient\u00edficos y tecnol\u00f3gicos. Constituyendo una de las \u00e1reas que interact\u00faan m\u00e1s con el llamado sector productivo, es notable la diversidad de las l\u00edneas investigaci\u00f3n activa en el programa. Su cuerpo docente est\u00e1 altamente cualificado, que se obtiene en una variedad de instituciones de primera l\u00ednea en el extranjero sobre todo, y en el pa\u00eds.<\/p>\r\n<p>&nbsp;<\/p>\r\n<p>&nbsp;<\/p>\r\n<p>&nbsp;<\/p>","protected":false},"excerpt":{"rendered":"<p>El Programa de Postgrado en Ingenier\u00eda El\u00e9ctrica de la PUC-Rio es un agente de transformaci\u00f3n social por medio de la promoci\u00f3n de: \u2022\u00a0Capacitaci\u00f3n y la mejora continua de profesionales en niveles de pregrado, postgrado, reciclaje y extensi\u00f3n, en colaboraci\u00f3n con otras unidades de la PUC-Rio&#8230;<\/p>\n","protected":false},"author":1,"featured_media":0,"parent":0,"menu_order":0,"comment_status":"closed","ping_status":"closed","template":"","meta":{"_exactmetrics_skip_tracking":false,"_exactmetrics_sitenote_active":false,"_exactmetrics_sitenote_note":"","_exactmetrics_sitenote_category":0,"footnotes":""},"class_list":["post-605","page","type-page","status-publish","hentry"],"_links":{"self":[{"href":"http:\/\/www.ele.puc-rio.br\/es\/wp-json\/wp\/v2\/pages\/605\/"}],"collection":[{"href":"http:\/\/www.ele.puc-rio.br\/es\/wp-json\/wp\/v2\/pages\/"}],"about":[{"href":"http:\/\/www.ele.puc-rio.br\/es\/wp-json\/wp\/v2\/types\/page\/"}],"author":[{"embeddable":true,"href":"http:\/\/www.ele.puc-rio.br\/es\/wp-json\/wp\/v2\/users\/1\/"}],"replies":[{"embeddable":true,"href":"http:\/\/www.ele.puc-rio.br\/es\/wp-json\/wp\/v2\/comments\/?post=605"}],"version-history":[{"count":5,"href":"http:\/\/www.ele.puc-rio.br\/es\/wp-json\/wp\/v2\/pages\/605\/revisions\/"}],"predecessor-version":[{"id":1125,"href":"http:\/\/www.ele.puc-rio.br\/es\/wp-json\/wp\/v2\/pages\/605\/revisions\/1125\/"}],"wp:attachment":[{"href":"http:\/\/www.ele.puc-rio.br\/es\/wp-json\/wp\/v2\/media\/?parent=605"}],"curies":[{"name":"wp","href":"https:\/\/api.w.org\/{rel}","templated":true}]}}