{"id":583,"date":"2019-01-09T19:32:05","date_gmt":"2019-01-09T19:32:05","guid":{"rendered":"http:\/\/wp2.ele.puc-rio.br\/?page_id=583"},"modified":"2019-02-13T13:09:10","modified_gmt":"2019-02-13T13:09:10","slug":"computacao","status":"publish","type":"page","link":"http:\/\/www.ele.puc-rio.br\/es\/computacao\/","title":{"rendered":"COMPUTACI\u00d3N"},"content":{"rendered":"<p>La habilitaci\u00f3n en Ingenier\u00eda de Computaci\u00f3n es de responsabilidad del Departamento de Ingenier\u00eda El\u00e9ctrica\u00a0<br \/>\r\ny del Departamento de Inform\u00e1tica<br \/>\r\n<br \/>\r\n<br \/>\r\n<a href=\"http:\/\/www.inf.puc-rio.br\/graduacao\/engenharia-de-computacao-puc-rio\/\">Vea m\u00e1s<\/a>\u00a0<br \/>\r\n<br \/>\r\n<br \/>\r\n<br \/>\r\n<\/p>\r\n<p>&nbsp;<\/p>\r\n<p>&nbsp;<\/p>\r\n<p>&nbsp;<\/p>","protected":false},"excerpt":{"rendered":"<p>La habilitaci\u00f3n en Ingenier\u00eda de Computaci\u00f3n es de responsabilidad del Departamento de Ingenier\u00eda El\u00e9ctrica\u00a0 y del Departamento de Inform\u00e1tica Vea m\u00e1s\u00a0 &nbsp; &nbsp; &nbsp;<\/p>\n","protected":false},"author":1,"featured_media":0,"parent":0,"menu_order":0,"comment_status":"closed","ping_status":"closed","template":"","meta":{"_exactmetrics_skip_tracking":false,"_exactmetrics_sitenote_active":false,"_exactmetrics_sitenote_note":"","_exactmetrics_sitenote_category":0,"footnotes":""},"class_list":["post-583","page","type-page","status-publish","hentry"],"_links":{"self":[{"href":"http:\/\/www.ele.puc-rio.br\/es\/wp-json\/wp\/v2\/pages\/583\/"}],"collection":[{"href":"http:\/\/www.ele.puc-rio.br\/es\/wp-json\/wp\/v2\/pages\/"}],"about":[{"href":"http:\/\/www.ele.puc-rio.br\/es\/wp-json\/wp\/v2\/types\/page\/"}],"author":[{"embeddable":true,"href":"http:\/\/www.ele.puc-rio.br\/es\/wp-json\/wp\/v2\/users\/1\/"}],"replies":[{"embeddable":true,"href":"http:\/\/www.ele.puc-rio.br\/es\/wp-json\/wp\/v2\/comments\/?post=583"}],"version-history":[{"count":2,"href":"http:\/\/www.ele.puc-rio.br\/es\/wp-json\/wp\/v2\/pages\/583\/revisions\/"}],"predecessor-version":[{"id":1051,"href":"http:\/\/www.ele.puc-rio.br\/es\/wp-json\/wp\/v2\/pages\/583\/revisions\/1051\/"}],"wp:attachment":[{"href":"http:\/\/www.ele.puc-rio.br\/es\/wp-json\/wp\/v2\/media\/?parent=583"}],"curies":[{"name":"wp","href":"https:\/\/api.w.org\/{rel}","templated":true}]}}