{"id":574,"date":"2019-01-09T19:04:25","date_gmt":"2019-01-09T19:04:25","guid":{"rendered":"http:\/\/wp2.ele.puc-rio.br\/?page_id=574"},"modified":"2019-02-13T14:18:14","modified_gmt":"2019-02-13T14:18:14","slug":"cpti","status":"publish","type":"page","link":"http:\/\/www.ele.puc-rio.br\/es\/laboratorios\/cpti\/","title":{"rendered":"CENTRO DE INVESTIGACI\u00d3N EN TECNOLOG\u00cdA DE INSPECCI\u00d3N"},"content":{"rendered":"<p>[vc_row css_animation=\u00bb\u00bb row_type=\u00bbrow\u00bb use_row_as_full_screen_section=\u00bbno\u00bb type=\u00bbfull_width\u00bb angled_section=\u00bbno\u00bb text_align=\u00bbleft\u00bb background_image_as_pattern=\u00bbwithout_pattern\u00bb][vc_column][vc_accordion active_tab=\u00bb1&#8243; collapsible=\u00bbyes\u00bb style=\u00bbtoggle\u00bb title=\u00bbBreve Hist\u00f3rico\u00bb][vc_accordion_tab title=\u00bb<a>Sobre el Laboratorio<\/a>\u00ab][vc_column_text]<br \/>\r\n<br \/>\r\n<img loading=\"lazy\" decoding=\"async\" class=\"aligncenter wp-image-461 \" src=\"http:\/\/wp2.ele.puc-rio.br\/wp-content\/uploads\/2018\/12\/centro-de-pesquisa.jpg\" alt=\"\" width=\"598\" height=\"248\" \/><\/p>\r\n<p>El CPTI desarrolla estudios sobre nuevas tecnolog\u00edas de inspecci\u00f3n y ensayos no destructivos utilizando ultrasonidos, corrientes parasitas y m\u00e9todos magn\u00e9ticos, as\u00ed como el desarrollo de software y hardware embarcados, desarrollo de sensor y el proyecto de aparatos de monitoreo remoto. Creado en asociaci\u00f3n con la PETROBRAS, el CPTI ha dado lugar a diversos tipos de PIGs instrumentados, aparatos capaces de inspeccionar oleoductos y gasoductos para localizar y medir defectos. El equipo del Centro de Investigaci\u00f3n en Tecnolog\u00eda de Inspecci\u00f3n tiene una historia de 20 a\u00f1os de asociaci\u00f3n con el CENPES\/PETROBRAS. Estas actividades dieron como resultado la creaci\u00f3n de la empresa Pipeway Ingenier\u00eda, siendo sus or\u00edgenes la incubadora de empresas de la PUC-Rio y actualmente hace negocios en Brasil y en varios pa\u00edses.<\/p>\r\n<p>[\/vc_column_text][\/vc_accordion_tab][vc_accordion_tab title=\u00bb<a>Contacto<\/a>\u00ab][vc_column_text]<\/p>\r\n<div id=\"a2\"><span class=\"txt\"><strong>Profesor(es) Responsable(s):<\/strong><\/span><br \/>\r\n<span class=\"txt\">Jean Pierre Von Der Weid<\/span><br \/>\r\n<br \/>\r\n<span class=\"txt\"><strong>Vea m\u00e1s en:<\/strong><\/span><br \/>\r\n<a href=\"http:\/\/www.ele.puc-rio.br\/graduacao\/www.cpti.cetuc.puc-rio.br\">\u2022 www.cpti.cetuc.puc-rio.br<\/a><\/div>\r\n<p>[\/vc_column_text][\/vc_accordion_tab][\/vc_accordion][\/vc_column][\/vc_row]<\/p>\r\n<p>&nbsp;<\/p>","protected":false},"excerpt":{"rendered":"<p>[vc_row css_animation=\u00bb\u00bb row_type=\u00bbrow\u00bb use_row_as_full_screen_section=\u00bbno\u00bb type=\u00bbfull_width\u00bb angled_section=\u00bbno\u00bb text_align=\u00bbleft\u00bb background_image_as_pattern=\u00bbwithout_pattern\u00bb][vc_column][vc_accordion active_tab=\u00bb1&#8243; collapsible=\u00bbyes\u00bb style=\u00bbtoggle\u00bb title=\u00bbBreve Hist\u00f3rico\u00bb][vc_accordion_tab title=\u00bbSobre el Laboratorio\u00ab][vc_column_text] El CPTI desarrolla estudios sobre nuevas tecnolog\u00edas de inspecci\u00f3n y ensayos no destructivos utilizando ultrasonidos, corrientes parasitas y m\u00e9todos magn\u00e9ticos, as\u00ed como el desarrollo de software y hardware embarcados,&#8230;<\/p>\n","protected":false},"author":1,"featured_media":0,"parent":648,"menu_order":0,"comment_status":"closed","ping_status":"closed","template":"","meta":{"_exactmetrics_skip_tracking":false,"_exactmetrics_sitenote_active":false,"_exactmetrics_sitenote_note":"","_exactmetrics_sitenote_category":0,"footnotes":""},"class_list":["post-574","page","type-page","status-publish","hentry"],"_links":{"self":[{"href":"http:\/\/www.ele.puc-rio.br\/es\/wp-json\/wp\/v2\/pages\/574\/"}],"collection":[{"href":"http:\/\/www.ele.puc-rio.br\/es\/wp-json\/wp\/v2\/pages\/"}],"about":[{"href":"http:\/\/www.ele.puc-rio.br\/es\/wp-json\/wp\/v2\/types\/page\/"}],"author":[{"embeddable":true,"href":"http:\/\/www.ele.puc-rio.br\/es\/wp-json\/wp\/v2\/users\/1\/"}],"replies":[{"embeddable":true,"href":"http:\/\/www.ele.puc-rio.br\/es\/wp-json\/wp\/v2\/comments\/?post=574"}],"version-history":[{"count":3,"href":"http:\/\/www.ele.puc-rio.br\/es\/wp-json\/wp\/v2\/pages\/574\/revisions\/"}],"predecessor-version":[{"id":577,"href":"http:\/\/www.ele.puc-rio.br\/es\/wp-json\/wp\/v2\/pages\/574\/revisions\/577\/"}],"up":[{"embeddable":true,"href":"http:\/\/www.ele.puc-rio.br\/es\/wp-json\/wp\/v2\/pages\/648\/"}],"wp:attachment":[{"href":"http:\/\/www.ele.puc-rio.br\/es\/wp-json\/wp\/v2\/media\/?parent=574"}],"curies":[{"name":"wp","href":"https:\/\/api.w.org\/{rel}","templated":true}]}}