{"id":536,"date":"2019-01-09T14:56:51","date_gmt":"2019-01-09T14:56:51","guid":{"rendered":"http:\/\/wp2.ele.puc-rio.br\/?page_id=536"},"modified":"2019-02-25T20:33:06","modified_gmt":"2019-02-25T20:33:06","slug":"atividades-2","status":"publish","type":"page","link":"http:\/\/www.ele.puc-rio.br\/es\/atividades-2\/","title":{"rendered":"ACTIVIDADES"},"content":{"rendered":"<p>[vc_row css_animation=\u00bb\u00bb row_type=\u00bbrow\u00bb use_row_as_full_screen_section=\u00bbno\u00bb type=\u00bbfull_width\u00bb angled_section=\u00bbno\u00bb text_align=\u00bbleft\u00bb background_image_as_pattern=\u00bbwithout_pattern\u00bb][vc_column][vc_column_text]<\/p>\r\n<h2><span class=\"txt\"><strong>Iniciaciones, pr\u00e1cticas profesionales e Monitor\u00edas<\/strong><\/span><\/h2>\r\n<p>A los alumnos de Ingenier\u00eda El\u00e9ctrica son ofrecidas actividades que les permiten integraci\u00f3n en grupos de investigaci\u00f3n y \/ o desarrollo, en trabajos de alto nivel, equivalentes a los internacionales. La integraci\u00f3n ocurre por medio de:<\/p>\r\n<p>&nbsp;<\/p>\r\n<p>[\/vc_column_text][vc_accordion active_tab=\u00bb1&#8243; style=\u00bbtoggle\u00bb][vc_accordion_tab title=\u00bb<a>Actividades de Iniciaci\u00f3n<\/a>\u00ab][vc_column_text]<\/p>\r\n<p>Alumnos de pregrado participan de actividades de Iniciaci\u00f3n Cient\u00edfica e Iniciaci\u00f3n Tecnol\u00f3gica, desarrollando trabajos junto a alumnos de postgrado, profesores, investigadores y t\u00e9cnicos. Estas actividades son remuneradas por medio de becas de agencias de fomento, o por proyectos con empresas que se desarrollan en diferentes laboratorios.<\/p>\r\n<p>[\/vc_column_text][\/vc_accordion_tab][vc_accordion_tab title=\u00bb<a>Pr\u00e1cticas Profesionales<\/a>\u00ab][vc_column_text]<\/p>\r\n<p>Alumnos de pregrado participan de actividades relacionadas a los proyectos que son desarrollados en los laboratorios por medio de convenios o contratos con las empresas.<\/p>\r\n<p>[\/vc_column_text][\/vc_accordion_tab][vc_accordion_tab title=\u00bb<a>Monitor\u00edas<\/a>\u00ab][vc_column_text]<\/p>\r\n<p>Los alumnos tambi\u00e9n pueden participar de monitor\u00edas, cuando desarrollan trabajos de apoyo docente en los cursos de laboratorio, con actividades experimentales.<\/p>\r\n<p>[\/vc_column_text][\/vc_accordion_tab][vc_accordion_tab title=\u00bbSitio\u00bb][vc_column_text]<\/p>\r\n<p><a href=\"http:\/\/www.lamps.ind.puc-rio.br\/\" target=\"_blank\" rel=\"noopener\">lamps.ind.puc-rio.br<\/a><\/p>\r\n<p>[\/vc_column_text][\/vc_accordion_tab][\/vc_accordion][vc_empty_space][vc_column_text]<\/p>\r\n<h2><span class=\"txt\"><strong>\u00bfD\u00f3nde las actividades se realizan?<\/strong><\/span><\/h2>\r\n<p>Las Iniciaciones, las pr\u00e1cticas profesionales y monitor\u00edas desarrolladas son apoyadas por una amplia red de laboratorios, proyectos y l\u00edneas de investigaci\u00f3n y desarrollo.<\/p>\r\n<p><a href=\"http:\/\/www.ele.puc-rio.br\/es\/laboratorios\/cpti\/\">\u2022 CPTI \u2013 Centro de Investigaci\u00f3n en Tecnolog\u00eda de Inspecci\u00f3n<\/a><br \/>\r\n<a href=\"http:\/\/www.ele.puc-rio.br\/es\/laboratorios\/ica\/\">\u2022 ICA \u2013 Inteligencia Computacional Aplicada<\/a><br \/>\r\n<a href=\"http:\/\/www.ele.puc-rio.br\/es\/laboratorios\/labmad\/\">\u2022 LAB-MAD \u2013 Laboratorio de M\u00e9todos Cuantitativos de Apoyo a la Decisi\u00f3n<\/a><br \/>\r\n<a href=\"http:\/\/www.ele.puc-rio.br\/es\/laboratorios\/lcq\/\">\u2022 Laboratorio de Comunicaciones Cu\u00e1nticas<\/a><br \/>\r\n<a href=\"http:\/\/www.ele.puc-rio.br\/es\/laboratorios\/lmr\/\">\u2022 Laboratorio de Mediciones de Radio Propagaci\u00f3n<\/a><br \/>\r\n<a href=\"http:\/\/www.ele.puc-rio.br\/es\/laboratorios\/lmcea\/\">\u2022 Laboratorio de M\u00e9todos Computacionales en Electromagnetismo Aplicado<\/a><br \/>\r\n<a href=\"http:\/\/www.ele.puc-rio.br\/es\/laboratorios\/lo\/\">\u2022 Laboratorio de Optoelectr\u00f3nica<\/a><br \/>\r\n<a href=\"http:\/\/www.ele.puc-rio.br\/es\/laboratorios\/lrc\/\">\u2022 Laboratorio de Redes de Comunicaciones<\/a><br \/>\r\n<a href=\"http:\/\/www.ele.puc-rio.br\/es\/lsc\/\">\u2022 Laboratorio de Sistemas de Comunicaciones<\/a><br \/>\r\n<a href=\"http:\/\/www.ele.puc-rio.br\/posgraduacao\/laboratorios\/lsom\/\">\u2022 Laboratorio de Sistemas \u00d3pticos y Microondas<\/a><br \/>\r\n<a href=\"http:\/\/www.ele.puc-rio.br\/es\/laboratorios\/labsem\/\">\u2022 LabSem \u2013 Laboratorios de Semiconductores<\/a><br \/>\r\n<a href=\"http:\/\/www.ele.puc-rio.br\/es\/laboratorios\/lambda\/\">\u2022 LAMBDA \u2013 Laboratorio de Automatizaci\u00f3n y Museos, Bibliotecas Digitales y Archivos<\/a><br \/>\r\n<a href=\"http:\/\/www.ele.puc-rio.br\/es\/laboratorios\/lri\/\">\u2022 LRI \u2013 Laboratorio de Rob\u00f3tica Inteligente<\/a><br \/>\r\n<a href=\"http:\/\/www.ele.puc-rio.br\/es\/laboratorios\/lse\/\">\u2022 LSE \u2013 Laboratorio de Sistemas de Energ\u00eda El\u00e9ctrica<\/a><br \/>\r\n<a href=\"http:\/\/www.ele.puc-rio.br\/es\/laboratorios\/lvc\/\">\u2022 LVC \u2013 Laboratorio de Visi\u00f3n Computacional<\/a><br \/>\r\n<a href=\"http:\/\/www.ele.puc-rio.br\/es\/pac\/\">\u2022 Proyecto de Cobertura Digital en \u00c1reas del Programa de Aceleraci\u00f3n del Crecimiento (PAC)<\/a><br \/>\r\n<a href=\"http:\/\/www.ele.puc-rio.br\/es\/pifm\/\">\u2022 Proyecto de Identificaci\u00f3n de Fonogramas Musicales<\/a><br \/>\r\n<a href=\"http:\/\/www.ele.puc-rio.br\/es\/sistemas-de-telecomunicaciones\/\">\u2022 Sistemas de Telecomunicaciones<\/a><br \/>\r\n<a href=\"http:\/\/www.ele.puc-rio.br\/es\/pscvr\/\">\u2022 Proyectos de Sistemas de Comunicaciones V\u00eda Radio\u00a0<\/a><br \/>\r\n<a href=\"http:\/\/www.ele.puc-rio.br\/es\/radiocognitivo\/\">\u2022 Radio Cognitivo<\/a><\/p>\r\n<p>&nbsp;<\/p>\r\n<p>&nbsp;<\/p>\r\n<p>[\/vc_column_text][\/vc_column][\/vc_row]<\/p>","protected":false},"excerpt":{"rendered":"<p>[vc_row css_animation=\u00bb\u00bb row_type=\u00bbrow\u00bb use_row_as_full_screen_section=\u00bbno\u00bb type=\u00bbfull_width\u00bb angled_section=\u00bbno\u00bb text_align=\u00bbleft\u00bb background_image_as_pattern=\u00bbwithout_pattern\u00bb][vc_column][vc_column_text] Iniciaciones, pr\u00e1cticas profesionales e Monitor\u00edas A los alumnos de Ingenier\u00eda El\u00e9ctrica son ofrecidas actividades que les permiten integraci\u00f3n en grupos de investigaci\u00f3n y \/ o desarrollo, en trabajos de alto nivel, equivalentes a los internacionales. La integraci\u00f3n&#8230;<\/p>\n","protected":false},"author":1,"featured_media":0,"parent":0,"menu_order":0,"comment_status":"closed","ping_status":"closed","template":"","meta":{"_exactmetrics_skip_tracking":false,"_exactmetrics_sitenote_active":false,"_exactmetrics_sitenote_note":"","_exactmetrics_sitenote_category":0,"footnotes":""},"class_list":["post-536","page","type-page","status-publish","hentry"],"_links":{"self":[{"href":"http:\/\/www.ele.puc-rio.br\/es\/wp-json\/wp\/v2\/pages\/536\/"}],"collection":[{"href":"http:\/\/www.ele.puc-rio.br\/es\/wp-json\/wp\/v2\/pages\/"}],"about":[{"href":"http:\/\/www.ele.puc-rio.br\/es\/wp-json\/wp\/v2\/types\/page\/"}],"author":[{"embeddable":true,"href":"http:\/\/www.ele.puc-rio.br\/es\/wp-json\/wp\/v2\/users\/1\/"}],"replies":[{"embeddable":true,"href":"http:\/\/www.ele.puc-rio.br\/es\/wp-json\/wp\/v2\/comments\/?post=536"}],"version-history":[{"count":5,"href":"http:\/\/www.ele.puc-rio.br\/es\/wp-json\/wp\/v2\/pages\/536\/revisions\/"}],"predecessor-version":[{"id":1479,"href":"http:\/\/www.ele.puc-rio.br\/es\/wp-json\/wp\/v2\/pages\/536\/revisions\/1479\/"}],"wp:attachment":[{"href":"http:\/\/www.ele.puc-rio.br\/es\/wp-json\/wp\/v2\/media\/?parent=536"}],"curies":[{"name":"wp","href":"https:\/\/api.w.org\/{rel}","templated":true}]}}