{"id":530,"date":"2019-01-09T14:51:33","date_gmt":"2019-01-09T14:51:33","guid":{"rendered":"http:\/\/wp2.ele.puc-rio.br\/?page_id=530"},"modified":"2019-02-25T20:52:30","modified_gmt":"2019-02-25T20:52:30","slug":"cursar","status":"publish","type":"page","link":"http:\/\/www.ele.puc-rio.br\/es\/cursar\/","title":{"rendered":"CURSAR"},"content":{"rendered":"<p>El alumno puede elegir por un \u00e9nfasis despu\u00e9s de haber asistido a las asignaturas requeridas de las tres \u00e1reas, que comprenden un n\u00facleo com\u00fan de toda la Ingenier\u00eda El\u00e9ctrica, proporcionando un conocimiento en el que se pueda basar su elecci\u00f3n.<br \/>\r\n<br \/>\r\nOtra caracter\u00edstica importantes es que la malla curricular no solo comprende asignaturas obligatorias como tambi\u00e9n, gran n\u00famero de asignaturas optativas (de un conjunto) y de electivas libres comunes a otras \u00e1reas, sean pertinentes o no, lo que permite al alumno interactuar con colegas que cursan otros \u00e9nfasis o mismo otros cursos, adem\u00e1s proporcionan una formaci\u00f3n m\u00e1s amplia y diversa.<\/p>\r\n<p><span class=\"txt\"><strong>Malla Curricular<\/strong><\/span><br \/>\r\n<br \/>\r\n<a href=\"http:\/\/www.puc-rio.br\/ensinopesq\/ccg\/eng_eletrica.html\" target=\"_blank\" rel=\"noopener\">\u2022 www.puc-rio.br\/ensinopesq\/ccg\/eng_eletrica.html<\/a><br \/>\r\n<br \/>\r\n<span class=\"txt\"><strong>Horario<\/strong><\/span><br \/>\r\n<br \/>\r\n<a href=\"http:\/\/microhorario.rdc.puc-rio.br\/WebMicroHorarioConsulta\/MicroHorarioConsulta.aspx?sessao=U2lzdGVtYT1QVUNPTkxJTkVfQUxVTk8mQXBsaWNhY2FvPU1JQ1JPX0hPUkFSSU8mRnVuY2FvPUNPTlNVTFRBJklEPTc3OWRjNTNhZWQ1MDRiODliZjMyZDJiOTZjYjU4YjMw\">\u2022 microhorario.rdc.puc-rio.br<\/a><br \/>\r\n<br \/>\r\n<span class=\"txt\"><strong>Actividades Complementarias<\/strong><\/span><br \/>\r\n<br \/>\r\n<span class=\"txt\">Actividad de corta duraci\u00f3n (12 h a 20 h) experimentales<br \/>\r\nCiclos de Conferencias<br \/>\r\nVisitas<br \/>\r\nMonitor\u00edas<br \/>\r\n<\/span><br \/>\r\n<span class=\"txt\"><strong>Las actividades de Intercambio Internacional<\/strong><\/span><br \/>\r\n<br \/>\r\n<span class=\"txt\">Todas las actividades de la CCCI \u2013 Coordinaci\u00f3n Central de Cooperaci\u00f3n Internacional<br \/>\r\nCiencia sin Fronteras<br \/>\r\nProgramas de Doble Titulaci\u00f3n con Alemania y Francia<\/span><br \/>\r\n<br \/>\r\n<span class=\"txt\"><strong>Contactos<\/strong><\/span><br \/>\r\n<br \/>\r\n<span class=\"txt\">Coordinador \u2013 Professor Guilherme P. Tempor\u00e3o \u2013\u00a0<a href=\"mailto:temporao@cetuc.puc-rio.br\">temporao@cetuc.puc-rio.br<\/a><\/span><br \/>\r\n<span class=\"txt\">Secretar\u00eda \u2013 (+55 21) 3527-1203<\/span><\/p>\r\n<p>&nbsp;<\/p>\r\n<p>&nbsp;<\/p>","protected":false},"excerpt":{"rendered":"<p>El alumno puede elegir por un \u00e9nfasis despu\u00e9s de haber asistido a las asignaturas requeridas de las tres \u00e1reas, que comprenden un n\u00facleo com\u00fan de toda la Ingenier\u00eda El\u00e9ctrica, proporcionando un conocimiento en el que se pueda basar su elecci\u00f3n. Otra caracter\u00edstica importantes es que&#8230;<\/p>\n","protected":false},"author":1,"featured_media":0,"parent":0,"menu_order":0,"comment_status":"closed","ping_status":"closed","template":"","meta":{"_exactmetrics_skip_tracking":false,"_exactmetrics_sitenote_active":false,"_exactmetrics_sitenote_note":"","_exactmetrics_sitenote_category":0,"footnotes":""},"class_list":["post-530","page","type-page","status-publish","hentry"],"_links":{"self":[{"href":"http:\/\/www.ele.puc-rio.br\/es\/wp-json\/wp\/v2\/pages\/530\/"}],"collection":[{"href":"http:\/\/www.ele.puc-rio.br\/es\/wp-json\/wp\/v2\/pages\/"}],"about":[{"href":"http:\/\/www.ele.puc-rio.br\/es\/wp-json\/wp\/v2\/types\/page\/"}],"author":[{"embeddable":true,"href":"http:\/\/www.ele.puc-rio.br\/es\/wp-json\/wp\/v2\/users\/1\/"}],"replies":[{"embeddable":true,"href":"http:\/\/www.ele.puc-rio.br\/es\/wp-json\/wp\/v2\/comments\/?post=530"}],"version-history":[{"count":4,"href":"http:\/\/www.ele.puc-rio.br\/es\/wp-json\/wp\/v2\/pages\/530\/revisions\/"}],"predecessor-version":[{"id":1485,"href":"http:\/\/www.ele.puc-rio.br\/es\/wp-json\/wp\/v2\/pages\/530\/revisions\/1485\/"}],"wp:attachment":[{"href":"http:\/\/www.ele.puc-rio.br\/es\/wp-json\/wp\/v2\/media\/?parent=530"}],"curies":[{"name":"wp","href":"https:\/\/api.w.org\/{rel}","templated":true}]}}