{"id":525,"date":"2018-12-21T15:02:18","date_gmt":"2018-12-21T15:02:18","guid":{"rendered":"http:\/\/wp2.ele.puc-rio.br\/?page_id=525"},"modified":"2019-02-13T14:17:24","modified_gmt":"2019-02-13T14:17:24","slug":"engenhariaeletrica","status":"publish","type":"page","link":"http:\/\/www.ele.puc-rio.br\/es\/engenhariaeletrica\/","title":{"rendered":"INGENIER\u00cdA EL\u00c9CTRICA"},"content":{"rendered":"<p>[vc_row css_animation=\u00bb\u00bb row_type=\u00bbrow\u00bb use_row_as_full_screen_section=\u00bbno\u00bb type=\u00bbfull_width\u00bb angled_section=\u00bbno\u00bb text_align=\u00bbleft\u00bb background_image_as_pattern=\u00bbwithout_pattern\u00bb][vc_column][vc_column_text]<\/p>\r\n<h2><span class=\"txt\"><strong>Las caracter\u00edsticas b\u00e1sicas<\/strong><\/span><\/h2>\r\n<p>El programa de pregrado de Ingenier\u00eda El\u00e9ctrica en la PUC-Rio lleva el t\u00edtulo de Ingeniero Electricista y que puede ser concluido en cuatro a\u00f1os y medio, o cinco. Ella presenta caracter\u00edsticas importantes a sus alumnos. La primera es tener tres \u00e9nfasis, lo que permite a los alumnos especializarse en uno o m\u00e1s durante su curso. Son ellas:<\/p>\r\n<p>\u00a0[\/vc_column_text][vc_accordion active_tab=\u00bb1&#8243; style=\u00bbtoggle\u00bb][vc_accordion_tab title=\u00bb<a>Electr\u00f3nica y Computaci\u00f3n<\/a>\u00ab][vc_column_text]<\/p>\r\n<p>Electr\u00f3nica y Computaci\u00f3n es un \u00e1rea que tiene por objetivo el proyecto y la implementaci\u00f3n de sistemas anal\u00f3gicos y digitales para varios aparatos y sistemas industriales, el desarrollo e implementaci\u00f3n de m\u00e9todos de procesamiento de la se\u00f1al y el uso de t\u00e9cnicas de inteligencia computacional.<\/p>\r\n<p>[\/vc_column_text][\/vc_accordion_tab][vc_accordion_tab title=\u00bb<a>Sistemas de Energ\u00eda El\u00e9ctrica<\/a>\u00ab][vc_column_text]<\/p>\r\n<p>Sistemas de Energ\u00eda El\u00e9ctrica es un \u00e1rea de la Ingenier\u00eda El\u00e9ctrica que tiene como objeto dise\u00f1ar, modelar y simular sistemas de generaci\u00f3n, transmisi\u00f3n y distribuci\u00f3n de electricidad.\u00a0<br \/>\r\n<br \/>\r\nCasi toda la energ\u00eda es producida en centrales hidroel\u00e9ctricas y t\u00e9rmicas (99,2% seg\u00fan el Balance Energ\u00e9tico Nacional de 2011, en la publicaci\u00f3n del MME \u2013 Ministerio de Minas y Energ\u00eda).\u00a0<br \/>\r\n<br \/>\r\nEl transporte de la energ\u00eda el\u00e9ctrica desde las centrales hasta los centros de carga es hecho por l\u00edneas de transmisi\u00f3n en alta tensi\u00f3n. Las l\u00edneas en baja tensi\u00f3n de la distribuci\u00f3n el\u00e9ctrica, proporcionan la energ\u00eda recibida del sistema de transmisi\u00f3n a los consumidores.\u00a0<br \/>\r\n<br \/>\r\nEl crecimiento y las interconexiones de los sistemas hacen su operaci\u00f3n y control de tareas complejas. La eficiencia energ\u00e9tica, generaci\u00f3n distribuida y redes inteligentes son algunos de los desaf\u00edos actuales.\u00a0<br \/>\r\n<br \/>\r\nDebido al aumento del consumo de energ\u00eda en el pa\u00eds y por lo tanto la necesidad de expansi\u00f3n de los sistemas de energ\u00eda, as\u00ed como la promoci\u00f3n de nuevas fuentes de energ\u00eda alternativas (e\u00f3lica, solar, biomasa, etc.) hay una fuerte demanda por profesionales de trabajo en esta \u00e1rea.<\/p>\r\n<p>[\/vc_column_text][\/vc_accordion_tab][vc_accordion_tab title=\u00bb<a>Telecomunicaciones<\/a>\u00ab][vc_column_text]<\/p>\r\n<div id=\"p3\">\r\n<p>Telecomunicaciones es un \u00e1rea de la Ingenier\u00eda El\u00e9ctrica que se ocupa de la transmisi\u00f3n y recepci\u00f3n de se\u00f1ales de audio, v\u00eddeos y datos, analizando y proyectando los diferentes sistemas de comunicaci\u00f3n red por cable o red inal\u00e1mbrica, los mecanismos f\u00edsicos de propagaci\u00f3n de ondas radioel\u00e9ctricas, los dispositivos necesarios y el procesamiento de se\u00f1ales pertinentes.<br \/>\r\n<br \/>\r\nLas telecomunicaciones est\u00e1n presentes en todos los aspectos de la vida actual y son esenciales para la sociedad moderna.<\/p>\r\n<\/div>\r\n<p>[\/vc_column_text][\/vc_accordion_tab][\/vc_accordion][vc_empty_space height=\u00bb40px\u00bb][\/vc_column][\/vc_row]<\/p>","protected":false},"excerpt":{"rendered":"<p>[vc_row css_animation=\u00bb\u00bb row_type=\u00bbrow\u00bb use_row_as_full_screen_section=\u00bbno\u00bb type=\u00bbfull_width\u00bb angled_section=\u00bbno\u00bb text_align=\u00bbleft\u00bb background_image_as_pattern=\u00bbwithout_pattern\u00bb][vc_column][vc_column_text] Las caracter\u00edsticas b\u00e1sicas El programa de pregrado de Ingenier\u00eda El\u00e9ctrica en la PUC-Rio lleva el t\u00edtulo de Ingeniero Electricista y que puede ser concluido en cuatro a\u00f1os y medio, o cinco. Ella presenta caracter\u00edsticas importantes a sus&#8230;<\/p>\n","protected":false},"author":1,"featured_media":0,"parent":0,"menu_order":0,"comment_status":"closed","ping_status":"closed","template":"","meta":{"_exactmetrics_skip_tracking":false,"_exactmetrics_sitenote_active":false,"_exactmetrics_sitenote_note":"","_exactmetrics_sitenote_category":0,"footnotes":""},"class_list":["post-525","page","type-page","status-publish","hentry"],"_links":{"self":[{"href":"http:\/\/www.ele.puc-rio.br\/es\/wp-json\/wp\/v2\/pages\/525\/"}],"collection":[{"href":"http:\/\/www.ele.puc-rio.br\/es\/wp-json\/wp\/v2\/pages\/"}],"about":[{"href":"http:\/\/www.ele.puc-rio.br\/es\/wp-json\/wp\/v2\/types\/page\/"}],"author":[{"embeddable":true,"href":"http:\/\/www.ele.puc-rio.br\/es\/wp-json\/wp\/v2\/users\/1\/"}],"replies":[{"embeddable":true,"href":"http:\/\/www.ele.puc-rio.br\/es\/wp-json\/wp\/v2\/comments\/?post=525"}],"version-history":[{"count":5,"href":"http:\/\/www.ele.puc-rio.br\/es\/wp-json\/wp\/v2\/pages\/525\/revisions\/"}],"predecessor-version":[{"id":1048,"href":"http:\/\/www.ele.puc-rio.br\/es\/wp-json\/wp\/v2\/pages\/525\/revisions\/1048\/"}],"wp:attachment":[{"href":"http:\/\/www.ele.puc-rio.br\/es\/wp-json\/wp\/v2\/media\/?parent=525"}],"curies":[{"name":"wp","href":"https:\/\/api.w.org\/{rel}","templated":true}]}}