{"id":488,"date":"2019-01-09T12:38:23","date_gmt":"2019-01-09T12:38:23","guid":{"rendered":"http:\/\/wp2.ele.puc-rio.br\/?page_id=488"},"modified":"2019-02-13T14:48:25","modified_gmt":"2019-02-13T14:48:25","slug":"mercadodetrabalho","status":"publish","type":"page","link":"http:\/\/www.ele.puc-rio.br\/es\/mercadodetrabalho\/","title":{"rendered":"MERCADO DE TRABAJO"},"content":{"rendered":"<p>El\u00a0<strong>Mercado de Trabajo<\/strong>\u00a0espec\u00edfico de Ingenier\u00eda El\u00e9ctrica abarca a todas las empresas con actividades relacionadas con electricidad, especialmente empresas p\u00fablicas y privadas de generaci\u00f3n, transmisi\u00f3n o distribuci\u00f3n de energ\u00eda el\u00e9ctrica; empresas proveedoras de servicios de telecomunicaciones, empresas de instalaci\u00f3n o desarrollo de sistemas automatizados, centros de investigaci\u00f3n e industrias productoras de aparatos y sistemas el\u00e9ctricos, de telecomunicaciones y de computaci\u00f3n, empresas de consultor\u00eda y agencias gubernamentales.\u00a0<\/p>\r\n<p>El Departamento de Ingenier\u00eda El\u00e9ctrica de la PUC-Rio dispone de m\u00e1s de 20\u00a0<strong>laborat\u00f3rios<\/strong>, donde se desarrollan investigaciones conducidas por profesores y donde los alumnos de pregrado pueden participar, sea por medio de trabajos de iniciaci\u00f3n cient\u00edfica, trabajos de finalizaci\u00f3n del curso y estudios orientados, sea por medio de participaci\u00f3n en proyectos desarrollados en colaboraci\u00f3n con empresas p\u00fablicas, privadas o financiadas por agencias de fomento de investigaci\u00f3n (CNPq, CAPES, FAPERJ, por ejemplo).<\/p>\r\n<p>&nbsp;<\/p>","protected":false},"excerpt":{"rendered":"<p>El\u00a0Mercado de Trabajo\u00a0espec\u00edfico de Ingenier\u00eda El\u00e9ctrica abarca a todas las empresas con actividades relacionadas con electricidad, especialmente empresas p\u00fablicas y privadas de generaci\u00f3n, transmisi\u00f3n o distribuci\u00f3n de energ\u00eda el\u00e9ctrica; empresas proveedoras de servicios de telecomunicaciones, empresas de instalaci\u00f3n o desarrollo de sistemas automatizados, centros de&#8230;<\/p>\n","protected":false},"author":1,"featured_media":0,"parent":0,"menu_order":0,"comment_status":"closed","ping_status":"closed","template":"","meta":{"_exactmetrics_skip_tracking":false,"_exactmetrics_sitenote_active":false,"_exactmetrics_sitenote_note":"","_exactmetrics_sitenote_category":0,"footnotes":""},"class_list":["post-488","page","type-page","status-publish","hentry"],"_links":{"self":[{"href":"http:\/\/www.ele.puc-rio.br\/es\/wp-json\/wp\/v2\/pages\/488\/"}],"collection":[{"href":"http:\/\/www.ele.puc-rio.br\/es\/wp-json\/wp\/v2\/pages\/"}],"about":[{"href":"http:\/\/www.ele.puc-rio.br\/es\/wp-json\/wp\/v2\/types\/page\/"}],"author":[{"embeddable":true,"href":"http:\/\/www.ele.puc-rio.br\/es\/wp-json\/wp\/v2\/users\/1\/"}],"replies":[{"embeddable":true,"href":"http:\/\/www.ele.puc-rio.br\/es\/wp-json\/wp\/v2\/comments\/?post=488"}],"version-history":[{"count":1,"href":"http:\/\/www.ele.puc-rio.br\/es\/wp-json\/wp\/v2\/pages\/488\/revisions\/"}],"predecessor-version":[{"id":489,"href":"http:\/\/www.ele.puc-rio.br\/es\/wp-json\/wp\/v2\/pages\/488\/revisions\/489\/"}],"wp:attachment":[{"href":"http:\/\/www.ele.puc-rio.br\/es\/wp-json\/wp\/v2\/media\/?parent=488"}],"curies":[{"name":"wp","href":"https:\/\/api.w.org\/{rel}","templated":true}]}}