{"id":484,"date":"2019-01-09T12:33:25","date_gmt":"2019-01-09T12:33:25","guid":{"rendered":"http:\/\/wp2.ele.puc-rio.br\/?page_id=484"},"modified":"2019-02-13T14:02:05","modified_gmt":"2019-02-13T14:02:05","slug":"estrutura","status":"publish","type":"page","link":"http:\/\/www.ele.puc-rio.br\/es\/estrutura\/","title":{"rendered":"ESTRUCTURA ADMINISTRATIVA"},"content":{"rendered":"<p><span class=\"txt\"><strong>Director:<\/strong><\/span><br \/>\r\nProfessor Delberis A. Lima<br \/>\r\n<br \/>\r\n<span class=\"txt\"><strong>Coordinador del Programa de Postgrado en Ingenier\u00eda El\u00e9ctrica:<\/strong><\/span><br \/>\r\nProfessor Ricardo B. Prada<br \/>\r\n<br \/>\r\n<span class=\"txt\"><strong>Coordinador del Pregrado en Ingenier\u00eda El\u00e9ctrica:<\/strong><\/span><br \/>\r\nProfessor Guilherme Tempor\u00e3o<br \/>\r\n<br \/>\r\n<span class=\"txt\"><strong>Coordinador del Pregrado en Control y Automatizaci\u00f3n:<\/strong><\/span><br \/>\r\nProfessora Ana Pavani<br \/>\r\n<br \/>\r\n<span class=\"txt\"><strong>Coordinador del Pregrado en Ingenier\u00eda de Computaci\u00f3n (DI):<\/strong><\/span><br \/>\r\nProfessora Noemi Rodriguez<br \/>\r\n<br \/>\r\n<\/p>\r\n<p>&nbsp;<\/p>\r\n<p>&nbsp;<\/p>","protected":false},"excerpt":{"rendered":"<p>Director: Professor Delberis A. Lima Coordinador del Programa de Postgrado en Ingenier\u00eda El\u00e9ctrica: Professor Ricardo B. Prada Coordinador del Pregrado en Ingenier\u00eda El\u00e9ctrica: Professor Guilherme Tempor\u00e3o Coordinador del Pregrado en Control y Automatizaci\u00f3n: Professora Ana Pavani Coordinador del Pregrado en Ingenier\u00eda de Computaci\u00f3n (DI): Professora&#8230;<\/p>\n","protected":false},"author":1,"featured_media":0,"parent":0,"menu_order":0,"comment_status":"closed","ping_status":"closed","template":"","meta":{"_exactmetrics_skip_tracking":false,"_exactmetrics_sitenote_active":false,"_exactmetrics_sitenote_note":"","_exactmetrics_sitenote_category":0,"footnotes":""},"class_list":["post-484","page","type-page","status-publish","hentry"],"_links":{"self":[{"href":"http:\/\/www.ele.puc-rio.br\/es\/wp-json\/wp\/v2\/pages\/484\/"}],"collection":[{"href":"http:\/\/www.ele.puc-rio.br\/es\/wp-json\/wp\/v2\/pages\/"}],"about":[{"href":"http:\/\/www.ele.puc-rio.br\/es\/wp-json\/wp\/v2\/types\/page\/"}],"author":[{"embeddable":true,"href":"http:\/\/www.ele.puc-rio.br\/es\/wp-json\/wp\/v2\/users\/1\/"}],"replies":[{"embeddable":true,"href":"http:\/\/www.ele.puc-rio.br\/es\/wp-json\/wp\/v2\/comments\/?post=484"}],"version-history":[{"count":4,"href":"http:\/\/www.ele.puc-rio.br\/es\/wp-json\/wp\/v2\/pages\/484\/revisions\/"}],"predecessor-version":[{"id":1275,"href":"http:\/\/www.ele.puc-rio.br\/es\/wp-json\/wp\/v2\/pages\/484\/revisions\/1275\/"}],"wp:attachment":[{"href":"http:\/\/www.ele.puc-rio.br\/es\/wp-json\/wp\/v2\/media\/?parent=484"}],"curies":[{"name":"wp","href":"https:\/\/api.w.org\/{rel}","templated":true}]}}