{"id":458,"date":"2018-12-20T11:12:44","date_gmt":"2018-12-20T11:12:44","guid":{"rendered":"http:\/\/wp2.ele.puc-rio.br\/?page_id=458"},"modified":"2022-01-13T11:27:20","modified_gmt":"2022-01-13T14:27:20","slug":"inicio","status":"publish","type":"page","link":"http:\/\/www.ele.puc-rio.br\/es\/","title":{"rendered":"In\u00edcio"},"content":{"rendered":"<p>[vc_row css_animation=\u00bb\u00bb row_type=\u00bbrow\u00bb use_row_as_full_screen_section=\u00bbyes\u00bb type=\u00bbfull_width\u00bb angled_section=\u00bbno\u00bb text_align=\u00bbleft\u00bb background_image_as_pattern=\u00bbwithout_pattern\u00bb z_index=\u00bb\u00bb][vc_column][vc_gallery interval=\u00bb3&#8243; images=\u00bb1079,1082,1085&#8243; img_size=\u00bbfull\u00bb onclick=\u00bb\u00bb enable_drag=\u00bbyes\u00bb direction_nav=\u00bbyes\u00bb][\/vc_column][\/vc_row][vc_row css_animation=\u00bb\u00bb row_type=\u00bbrow\u00bb use_row_as_full_screen_section=\u00bbno\u00bb type=\u00bbfull_width\u00bb angled_section=\u00bbno\u00bb text_align=\u00bbleft\u00bb background_image_as_pattern=\u00bbwithout_pattern\u00bb css=\u00bb.vc_custom_1547235036486{margin-top: -100px !important;background-image: url(http:\/\/wp2.ele.puc-rio.br\/wp-content\/uploads\/2019\/01\/efeito.png?id=453) !important;background-position: center !important;background-repeat: no-repeat !important;background-size: contain !important;}\u00bb z_index=\u00bb\u00bb][vc_column offset=\u00bbvc_hidden-xs\u00bb][vc_empty_space height=\u00bb100px\u00bb][\/vc_column][\/vc_row][vc_row css_animation=\u00bb\u00bb row_type=\u00bbrow\u00bb use_row_as_full_screen_section=\u00bbno\u00bb type=\u00bbgrid\u00bb angled_section=\u00bbno\u00bb text_align=\u00bbleft\u00bb background_image_as_pattern=\u00bbwithout_pattern\u00bb z_index=\u00bb\u00bb][vc_column][vc_empty_space height=\u00bb52px\u00bb][vc_column_text]<\/p>\r\n<h1 style=\"text-align: center;\">BIENVENIDOS<\/h1>\r\n<p>El Departamento de Ingenier\u00eda El\u00e9ctrica de la Pontificia Universidad Cat\u00f3lica del R\u00edo de Janeiro (DEE) se destina a la generaci\u00f3n y transmisi\u00f3n de conocimiento cient\u00edfico y tecnol\u00f3gico, al ser un agente de cambio social mediante la promoci\u00f3n de:<\/p>\r\n<p>\u2022 formaci\u00f3n y mejora continua de profesionales en niveles de pregrado, postgrado, actualizaci\u00f3n y extensi\u00f3n, en colaboraci\u00f3n con otras unidades de la PUC-Rio y otras instituciones de ense\u00f1anza e investigaci\u00f3n;<\/p>\r\n<p>\u2022 investigaci\u00f3n b\u00e1sica y aplicada, con fuerte interacci\u00f3n interdisciplinar, divulgando y registrando sus resultados de manera apropiada;<\/p>\r\n<p>\u2022 colaboraci\u00f3n con ingenieros, empresas, escuelas y el gobierno, para los cuales se ofrecen servicios de desarrollo y asesor\u00eda, as\u00ed como la organizaci\u00f3n de eventos y centros de informaci\u00f3n.<\/p>\r\n<p>[\/vc_column_text][vc_empty_space][\/vc_column][\/vc_row]<\/p>","protected":false},"excerpt":{"rendered":"<p>[vc_row css_animation=\u00bb\u00bb row_type=\u00bbrow\u00bb use_row_as_full_screen_section=\u00bbyes\u00bb type=\u00bbfull_width\u00bb angled_section=\u00bbno\u00bb text_align=\u00bbleft\u00bb background_image_as_pattern=\u00bbwithout_pattern\u00bb z_index=\u00bb\u00bb][vc_column][vc_gallery interval=\u00bb3&#8243; images=\u00bb1079,1082,1085&#8243; img_size=\u00bbfull\u00bb onclick=\u00bb\u00bb enable_drag=\u00bbyes\u00bb direction_nav=\u00bbyes\u00bb][\/vc_column][\/vc_row][vc_row css_animation=\u00bb\u00bb row_type=\u00bbrow\u00bb use_row_as_full_screen_section=\u00bbno\u00bb type=\u00bbfull_width\u00bb angled_section=\u00bbno\u00bb text_align=\u00bbleft\u00bb background_image_as_pattern=\u00bbwithout_pattern\u00bb css=\u00bb.vc_custom_1547235036486{margin-top: -100px !important;background-image: url(http:\/\/wp2.ele.puc-rio.br\/wp-content\/uploads\/2019\/01\/efeito.png?id=453) !important;background-position: center !important;background-repeat: no-repeat !important;background-size: contain !important;}\u00bb z_index=\u00bb\u00bb][vc_column offset=\u00bbvc_hidden-xs\u00bb][vc_empty_space height=\u00bb100px\u00bb][\/vc_column][\/vc_row][vc_row css_animation=\u00bb\u00bb row_type=\u00bbrow\u00bb use_row_as_full_screen_section=\u00bbno\u00bb type=\u00bbgrid\u00bb angled_section=\u00bbno\u00bb text_align=\u00bbleft\u00bb background_image_as_pattern=\u00bbwithout_pattern\u00bb z_index=\u00bb\u00bb][vc_column][vc_empty_space height=\u00bb52px\u00bb][vc_column_text]&#8230;<\/p>\n","protected":false},"author":1,"featured_media":0,"parent":0,"menu_order":0,"comment_status":"closed","ping_status":"closed","template":"full_width.php","meta":{"_exactmetrics_skip_tracking":false,"_exactmetrics_sitenote_active":false,"_exactmetrics_sitenote_note":"","_exactmetrics_sitenote_category":0,"footnotes":""},"class_list":["post-458","page","type-page","status-publish","hentry"],"_links":{"self":[{"href":"http:\/\/www.ele.puc-rio.br\/es\/wp-json\/wp\/v2\/pages\/458\/"}],"collection":[{"href":"http:\/\/www.ele.puc-rio.br\/es\/wp-json\/wp\/v2\/pages\/"}],"about":[{"href":"http:\/\/www.ele.puc-rio.br\/es\/wp-json\/wp\/v2\/types\/page\/"}],"author":[{"embeddable":true,"href":"http:\/\/www.ele.puc-rio.br\/es\/wp-json\/wp\/v2\/users\/1\/"}],"replies":[{"embeddable":true,"href":"http:\/\/www.ele.puc-rio.br\/es\/wp-json\/wp\/v2\/comments\/?post=458"}],"version-history":[{"count":11,"href":"http:\/\/www.ele.puc-rio.br\/es\/wp-json\/wp\/v2\/pages\/458\/revisions\/"}],"predecessor-version":[{"id":1980,"href":"http:\/\/www.ele.puc-rio.br\/es\/wp-json\/wp\/v2\/pages\/458\/revisions\/1980\/"}],"wp:attachment":[{"href":"http:\/\/www.ele.puc-rio.br\/es\/wp-json\/wp\/v2\/media\/?parent=458"}],"curies":[{"name":"wp","href":"https:\/\/api.w.org\/{rel}","templated":true}]}}