{"id":1428,"date":"2019-02-25T18:54:20","date_gmt":"2019-02-25T18:54:20","guid":{"rendered":"http:\/\/www.ele.puc-rio.br\/?page_id=1428"},"modified":"2019-02-25T18:54:20","modified_gmt":"2019-02-25T18:54:20","slug":"sistemas-de-telecomunicaciones","status":"publish","type":"page","link":"http:\/\/www.ele.puc-rio.br\/es\/sistemas-de-telecomunicaciones\/","title":{"rendered":"Sistemas de Telecomunicaciones"},"content":{"rendered":"<p>En el \u00e1rea de sistemas de telecomunicaciones, la ense\u00f1anza est\u00e1 fuertemente apoyada en las actividades de investigaci\u00f3n y desarrollo que cuentan con recursos provenientes de la universidad, de convenios y contratos con empresas privadas y organismos gubernamentales. En l\u00edneas generales, la comunicaci\u00f3n m\u00f3vil (sistemas 3G, 4G y futuros), la comunicaci\u00f3n por sat\u00e9lite (an\u00e1lisis de interferencias y uso eficiente de la \u00f3rbita y del espectro), las redes de alta velocidad (rendimiento y capacidad), la comunicaci\u00f3n (criptograf\u00eda y c\u00f3digos) y el procesamiento digital de se\u00f1ales de voz y v\u00eddeo (codificaci\u00f3n, reconocimiento de locutor, video).<\/p>","protected":false},"excerpt":{"rendered":"<p>En el \u00e1rea de sistemas de telecomunicaciones, la ense\u00f1anza est\u00e1 fuertemente apoyada en las actividades de investigaci\u00f3n y desarrollo que cuentan con recursos provenientes de la universidad, de convenios y contratos con empresas privadas y organismos gubernamentales. En l\u00edneas generales, la comunicaci\u00f3n m\u00f3vil (sistemas 3G,&#8230;<\/p>\n","protected":false},"author":1,"featured_media":0,"parent":0,"menu_order":0,"comment_status":"closed","ping_status":"closed","template":"","meta":{"_exactmetrics_skip_tracking":false,"_exactmetrics_sitenote_active":false,"_exactmetrics_sitenote_note":"","_exactmetrics_sitenote_category":0,"footnotes":""},"class_list":["post-1428","page","type-page","status-publish","hentry"],"_links":{"self":[{"href":"http:\/\/www.ele.puc-rio.br\/es\/wp-json\/wp\/v2\/pages\/1428\/"}],"collection":[{"href":"http:\/\/www.ele.puc-rio.br\/es\/wp-json\/wp\/v2\/pages\/"}],"about":[{"href":"http:\/\/www.ele.puc-rio.br\/es\/wp-json\/wp\/v2\/types\/page\/"}],"author":[{"embeddable":true,"href":"http:\/\/www.ele.puc-rio.br\/es\/wp-json\/wp\/v2\/users\/1\/"}],"replies":[{"embeddable":true,"href":"http:\/\/www.ele.puc-rio.br\/es\/wp-json\/wp\/v2\/comments\/?post=1428"}],"version-history":[{"count":1,"href":"http:\/\/www.ele.puc-rio.br\/es\/wp-json\/wp\/v2\/pages\/1428\/revisions\/"}],"predecessor-version":[{"id":1429,"href":"http:\/\/www.ele.puc-rio.br\/es\/wp-json\/wp\/v2\/pages\/1428\/revisions\/1429\/"}],"wp:attachment":[{"href":"http:\/\/www.ele.puc-rio.br\/es\/wp-json\/wp\/v2\/media\/?parent=1428"}],"curies":[{"name":"wp","href":"https:\/\/api.w.org\/{rel}","templated":true}]}}