{"id":1422,"date":"2019-02-25T18:50:43","date_gmt":"2019-02-25T18:50:43","guid":{"rendered":"http:\/\/www.ele.puc-rio.br\/?page_id=1422"},"modified":"2019-02-25T20:22:51","modified_gmt":"2019-02-25T20:22:51","slug":"pifm","status":"publish","type":"page","link":"http:\/\/www.ele.puc-rio.br\/es\/pifm\/","title":{"rendered":"Proyecto de Identificaci\u00f3n de Fonogramas Musicales"},"content":{"rendered":"<p>La PUC-Rio viene desarrollando un software para captaci\u00f3n, identificaci\u00f3n y monitoreo de audio para utilizaci\u00f3n y desempe\u00f1o de las actividades inherentes del ECAD &#8211; Oficina Central de Recaudaci\u00f3n y Distribuci\u00f3n. Es parte del alcance del proyecto el entrenamiento y capacitaci\u00f3n para utilizaci\u00f3n del personal a ser indicado por el \u00f3rgano.<\/p>\r\n<p>Este sistema, denominado ECAD.Tec CIA Radio, ya est\u00e1 presente en diversas capitales y fue creado para automatizar la captaci\u00f3n, grabaci\u00f3n e identificaci\u00f3n de canciones ejecutadas por las emisoras radio brasile\u00f1as. Es el primer sistema desarrollado por una empresa latinoamericana totalmente destinada a la gesti\u00f3n de derechos de autor, siendo el 100% de propiedad intelectual del ECAD.<\/p>\r\n<p>Alumnos de graduaci\u00f3n participan en actividades de Iniciaci\u00f3n Cient\u00edfica y de Iniciaci\u00f3n Tecnol\u00f3gica, desarrollando trabajos junto a alumnos de postgrado, profesores, investigadores y t\u00e9cnicos. Estas actividades son remuneradas a trav\u00e9s de becas de las agencias de fomento o, a trav\u00e9s de proyectos con empresas que se desarrollan en los diversos laboratorios.<\/p>\r\n<p>&nbsp;<\/p>\r\n<p>&nbsp;<\/p>\r\n<p>&nbsp;<\/p>","protected":false},"excerpt":{"rendered":"<p>La PUC-Rio viene desarrollando un software para captaci\u00f3n, identificaci\u00f3n y monitoreo de audio para utilizaci\u00f3n y desempe\u00f1o de las actividades inherentes del ECAD &#8211; Oficina Central de Recaudaci\u00f3n y Distribuci\u00f3n. Es parte del alcance del proyecto el entrenamiento y capacitaci\u00f3n para utilizaci\u00f3n del personal a&#8230;<\/p>\n","protected":false},"author":1,"featured_media":0,"parent":0,"menu_order":0,"comment_status":"closed","ping_status":"closed","template":"","meta":{"_exactmetrics_skip_tracking":false,"_exactmetrics_sitenote_active":false,"_exactmetrics_sitenote_note":"","_exactmetrics_sitenote_category":0,"footnotes":""},"class_list":["post-1422","page","type-page","status-publish","hentry"],"_links":{"self":[{"href":"http:\/\/www.ele.puc-rio.br\/es\/wp-json\/wp\/v2\/pages\/1422\/"}],"collection":[{"href":"http:\/\/www.ele.puc-rio.br\/es\/wp-json\/wp\/v2\/pages\/"}],"about":[{"href":"http:\/\/www.ele.puc-rio.br\/es\/wp-json\/wp\/v2\/types\/page\/"}],"author":[{"embeddable":true,"href":"http:\/\/www.ele.puc-rio.br\/es\/wp-json\/wp\/v2\/users\/1\/"}],"replies":[{"embeddable":true,"href":"http:\/\/www.ele.puc-rio.br\/es\/wp-json\/wp\/v2\/comments\/?post=1422"}],"version-history":[{"count":2,"href":"http:\/\/www.ele.puc-rio.br\/es\/wp-json\/wp\/v2\/pages\/1422\/revisions\/"}],"predecessor-version":[{"id":1471,"href":"http:\/\/www.ele.puc-rio.br\/es\/wp-json\/wp\/v2\/pages\/1422\/revisions\/1471\/"}],"wp:attachment":[{"href":"http:\/\/www.ele.puc-rio.br\/es\/wp-json\/wp\/v2\/media\/?parent=1422"}],"curies":[{"name":"wp","href":"https:\/\/api.w.org\/{rel}","templated":true}]}}