{"id":1415,"date":"2019-02-25T18:43:11","date_gmt":"2019-02-25T18:43:11","guid":{"rendered":"http:\/\/www.ele.puc-rio.br\/?page_id=1415"},"modified":"2019-02-25T20:22:34","modified_gmt":"2019-02-25T20:22:34","slug":"pac","status":"publish","type":"page","link":"http:\/\/www.ele.puc-rio.br\/es\/pac\/","title":{"rendered":"PAC"},"content":{"rendered":"<p>Este proyecto est\u00e1 orientado a dise\u00f1ar e implantar redes de acceso inal\u00e1mbrico a Internet en comunidades de R\u00edo de Janeiro (Santa Marta, Ciudad de Dios, Rocinha, Complejo Alem\u00e1n, etc.), integrando el Programa Rio Estado Digital y visando la inclusi\u00f3n social por la reducci\u00f3n de la exclusi\u00f3n digital.<\/p>\r\n<p>&nbsp;<\/p>\r\n<p>&nbsp;<\/p>\r\n<p>&nbsp;<\/p>\r\n<p>&nbsp;<\/p>\r\n<p>&nbsp;<\/p>","protected":false},"excerpt":{"rendered":"<p>Este proyecto est\u00e1 orientado a dise\u00f1ar e implantar redes de acceso inal\u00e1mbrico a Internet en comunidades de R\u00edo de Janeiro (Santa Marta, Ciudad de Dios, Rocinha, Complejo Alem\u00e1n, etc.), integrando el Programa Rio Estado Digital y visando la inclusi\u00f3n social por la reducci\u00f3n de la&#8230;<\/p>\n","protected":false},"author":1,"featured_media":0,"parent":0,"menu_order":0,"comment_status":"closed","ping_status":"closed","template":"","meta":{"_exactmetrics_skip_tracking":false,"_exactmetrics_sitenote_active":false,"_exactmetrics_sitenote_note":"","_exactmetrics_sitenote_category":0,"footnotes":""},"class_list":["post-1415","page","type-page","status-publish","hentry"],"_links":{"self":[{"href":"http:\/\/www.ele.puc-rio.br\/es\/wp-json\/wp\/v2\/pages\/1415\/"}],"collection":[{"href":"http:\/\/www.ele.puc-rio.br\/es\/wp-json\/wp\/v2\/pages\/"}],"about":[{"href":"http:\/\/www.ele.puc-rio.br\/es\/wp-json\/wp\/v2\/types\/page\/"}],"author":[{"embeddable":true,"href":"http:\/\/www.ele.puc-rio.br\/es\/wp-json\/wp\/v2\/users\/1\/"}],"replies":[{"embeddable":true,"href":"http:\/\/www.ele.puc-rio.br\/es\/wp-json\/wp\/v2\/comments\/?post=1415"}],"version-history":[{"count":3,"href":"http:\/\/www.ele.puc-rio.br\/es\/wp-json\/wp\/v2\/pages\/1415\/revisions\/"}],"predecessor-version":[{"id":1469,"href":"http:\/\/www.ele.puc-rio.br\/es\/wp-json\/wp\/v2\/pages\/1415\/revisions\/1469\/"}],"wp:attachment":[{"href":"http:\/\/www.ele.puc-rio.br\/es\/wp-json\/wp\/v2\/media\/?parent=1415"}],"curies":[{"name":"wp","href":"https:\/\/api.w.org\/{rel}","templated":true}]}}