{"id":1400,"date":"2018-12-24T15:54:00","date_gmt":"2018-12-24T15:54:00","guid":{"rendered":"http:\/\/www.ele.puc-rio.br\/laboratorios\/lse\/"},"modified":"2019-02-25T16:12:03","modified_gmt":"2019-02-25T16:12:03","slug":"lse","status":"publish","type":"page","link":"http:\/\/www.ele.puc-rio.br\/es\/laboratorios\/lse\/","title":{"rendered":"LSE \u2013 Laborat\u00f3rio de Sistemas de Energia El\u00e9trica"},"content":{"rendered":"<p>[vc_row css_animation=\u00bb\u00bb row_type=\u00bbrow\u00bb use_row_as_full_screen_section=\u00bbno\u00bb type=\u00bbfull_width\u00bb angled_section=\u00bbno\u00bb text_align=\u00bbleft\u00bb background_image_as_pattern=\u00bbwithout_pattern\u00bb][vc_column][vc_accordion active_tab=\u00bb1&#8243; collapsible=\u00bbyes\u00bb style=\u00bbtoggle\u00bb title=\u00bbAcerca del laboratorio\u00bb][vc_accordion_tab title=\u00bb\u00c1rea de actuaci\u00f3n\u00bb][vc_column_text]<\/p>\r\n<p>El Laboratorio de Sistemas de Energ\u00eda El\u00e9ctrica de la PUC-Rio se dedica a la investigaci\u00f3n y al desarrollo en las \u00e1reas de simulaci\u00f3n computacional de problemas asociados a la operaci\u00f3n y la planificaci\u00f3n de sistemas el\u00e9ctricos de potencia. Su misi\u00f3n es crear herramientas de software que ayuden a la comprensi\u00f3n de los fen\u00f3menos, el an\u00e1lisis de los problemas y el desarrollo de aplicaciones. Su competencia incluye el desarrollo de herramientas computacionales aplicables en los diversos segmentos del sector el\u00e9ctrico.<\/p>\r\n<p>[\/vc_column_text][\/vc_accordion_tab][vc_accordion_tab title=\u00bbBreve historia\u00bb][vc_column_text]<\/p>\r\n<p>El LSE fue creado en 1975 a partir de la posibilidad de utilizaci\u00f3n de herramientas computacionales para simulaci\u00f3n y an\u00e1lisis en el sector el\u00e9ctrico. Unidad asociada de investigaci\u00f3n del CEPEL \/ Eletrobras, est\u00e1 equipada con microcomputadoras, impresoras y un conjunto de softwares de uso com\u00fan del sector el\u00e9ctrico.<\/p>\r\n<p>[\/vc_column_text][\/vc_accordion_tab][vc_accordion_tab title=\u00bbRelevancia \/ Impactos\u00bb][vc_column_text]<\/p>\r\n<p>Las herramientas y aplicaciones desarrolladas en el LSE han sido repasadas para el llamado sector productivo a trav\u00e9s de contratos espec\u00edficos, convenios y proyectos de I &amp; D regulados por la ANEEL. El laboratorio tambi\u00e9n act\u00faa en la promoci\u00f3n de convenios y proyectos con grupos de investigaci\u00f3n con otras universidades en Brasil (UFMA, UNESP, UNIOESTE) y en el exterior (UCLM-ES).<\/p>\r\n<p>Actualmente est\u00e1 desarrollando proyecto, en asociaci\u00f3n con la Asociaci\u00f3n Brasile\u00f1a de Energ\u00eda E\u00f3lica (ABEE\u00f3lica), para la creaci\u00f3n de una red brasile\u00f1a de investigaci\u00f3n en energ\u00eda e\u00f3lica (RBPEE).<\/p>\r\n<p>[\/vc_column_text][\/vc_accordion_tab][vc_accordion_tab title=\u00bbContacto\u00bb][vc_column_text]<\/p>\r\n<p><span class=\"txt\"><strong>Professor(es) Responsable(es):<\/strong><\/span><br \/>\r\n<span class=\"txt\">Ricardo B. Prada<\/span><\/p>\r\n<p><span class=\"txt\"><strong>Endere\u00e7o:<\/strong><\/span><br \/>\r\n<span class=\"txt\">Rua Marqu\u00eas de S\u00e3o Vicente 225, sala L447 &#8211; G\u00e1vea &#8211; Rio de Janeiro &#8211; RJ<\/span><\/p>\r\n<p><span class=\"txt\"><strong>Telefono(s):<\/strong><\/span><br \/>\r\n<span class=\"txt\">(+55 21) 3527-1228\u00a0<\/span><\/p>\r\n<p>[\/vc_column_text][\/vc_accordion_tab][\/vc_accordion][vc_empty_space height=\u00bb40px\u00bb][\/vc_column][\/vc_row]<\/p>","protected":false},"excerpt":{"rendered":"<p>[vc_row css_animation=\u00bb\u00bb row_type=\u00bbrow\u00bb use_row_as_full_screen_section=\u00bbno\u00bb type=\u00bbfull_width\u00bb angled_section=\u00bbno\u00bb text_align=\u00bbleft\u00bb background_image_as_pattern=\u00bbwithout_pattern\u00bb][vc_column][vc_accordion active_tab=\u00bb1&#8243; collapsible=\u00bbyes\u00bb style=\u00bbtoggle\u00bb title=\u00bbAcerca del laboratorio\u00bb][vc_accordion_tab title=\u00bb\u00c1rea de actuaci\u00f3n\u00bb][vc_column_text] El Laboratorio de Sistemas de Energ\u00eda El\u00e9ctrica de la PUC-Rio se dedica a la investigaci\u00f3n y al desarrollo en las \u00e1reas de simulaci\u00f3n computacional de problemas asociados a&#8230;<\/p>\n","protected":false},"author":1,"featured_media":0,"parent":648,"menu_order":0,"comment_status":"closed","ping_status":"closed","template":"","meta":{"_exactmetrics_skip_tracking":false,"_exactmetrics_sitenote_active":false,"_exactmetrics_sitenote_note":"","_exactmetrics_sitenote_category":0,"footnotes":""},"class_list":["post-1400","page","type-page","status-publish","hentry"],"_links":{"self":[{"href":"http:\/\/www.ele.puc-rio.br\/es\/wp-json\/wp\/v2\/pages\/1400\/"}],"collection":[{"href":"http:\/\/www.ele.puc-rio.br\/es\/wp-json\/wp\/v2\/pages\/"}],"about":[{"href":"http:\/\/www.ele.puc-rio.br\/es\/wp-json\/wp\/v2\/types\/page\/"}],"author":[{"embeddable":true,"href":"http:\/\/www.ele.puc-rio.br\/es\/wp-json\/wp\/v2\/users\/1\/"}],"replies":[{"embeddable":true,"href":"http:\/\/www.ele.puc-rio.br\/es\/wp-json\/wp\/v2\/comments\/?post=1400"}],"version-history":[{"count":2,"href":"http:\/\/www.ele.puc-rio.br\/es\/wp-json\/wp\/v2\/pages\/1400\/revisions\/"}],"predecessor-version":[{"id":1402,"href":"http:\/\/www.ele.puc-rio.br\/es\/wp-json\/wp\/v2\/pages\/1400\/revisions\/1402\/"}],"up":[{"embeddable":true,"href":"http:\/\/www.ele.puc-rio.br\/es\/wp-json\/wp\/v2\/pages\/648\/"}],"wp:attachment":[{"href":"http:\/\/www.ele.puc-rio.br\/es\/wp-json\/wp\/v2\/media\/?parent=1400"}],"curies":[{"name":"wp","href":"https:\/\/api.w.org\/{rel}","templated":true}]}}