{"id":1236,"date":"2019-01-23T18:59:34","date_gmt":"2019-01-23T18:59:34","guid":{"rendered":"http:\/\/wp2.ele.puc-rio.br\/?page_id=1236"},"modified":"2019-02-13T14:30:31","modified_gmt":"2019-02-13T14:30:31","slug":"lvc","status":"publish","type":"page","link":"http:\/\/www.ele.puc-rio.br\/es\/laboratorios\/lvc\/","title":{"rendered":"LABORATORIO DE VISI\u00d3N COMPUTACIONAL"},"content":{"rendered":"<p>[vc_row css_animation=\u00bb\u00bb row_type=\u00bbrow\u00bb use_row_as_full_screen_section=\u00bbno\u00bb type=\u00bbfull_width\u00bb angled_section=\u00bbno\u00bb text_align=\u00bbleft\u00bb background_image_as_pattern=\u00bbwithout_pattern\u00bb][vc_column][vc_accordion active_tab=\u00bb1&#8243; collapsible=\u00bbyes\u00bb style=\u00bbtoggle\u00bb title=\u00bb<a>\u00c1rea de Actuaci\u00f3n<\/a><br \/>\r\n\u00ab][vc_accordion_tab title=\u00bb<a>\u00c1rea de Actuaci\u00f3n<\/a><br \/>\r\n\u00ab][vc_column_text]<\/p>\r\n<p>El\u00a0<strong>Laboratorio de Visi\u00f3n Computacional (LVC)<\/strong>\u00a0del Departamento de Ingenier\u00eda El\u00e9ctrica de la PUC-Rio se dedica a la investigaci\u00f3n y al desarrollo de m\u00e9todos y sistemas computacionales que emulan la capacidad de los humanos para extraer informaciones de im\u00e1genes.\u00a0<br \/>\r\n<br \/>\r\nEspec\u00edficamente, el LVC (Laboratorio de Visi\u00f3n Computacional) desarrolla m\u00e9todos y herramientas para la interpretaci\u00f3n autom\u00e1tica de im\u00e1genes, enfoc\u00e1ndose principalmente en las siguientes \u00e1reas:<\/p>\r\n<p><br \/>\r\n<span class=\"txt\"><span style=\"color: #e58b0a;\">\u2022<\/span>\u00a0An\u00e1lisis de im\u00e1genes de sensoramiento remoto;<\/span><br \/>\r\n<span class=\"txt\"><span style=\"color: #e58b0a;\">\u2022<\/span>\u00a0Biometr\u00eda;<\/span><br \/>\r\n<span class=\"txt\"><span style=\"color: #e58b0a;\">\u2022<\/span>\u00a0An\u00e1lisis de im\u00e1genes m\u00e9dicas;<\/span><br \/>\r\n<span class=\"txt\"><span style=\"color: #e58b0a;\">\u2022<\/span>\u00a0Seguimiento de objetos en secuencias de v\u00eddeos.<\/span><\/p>\r\n<p>[\/vc_column_text][\/vc_accordion_tab][vc_accordion_tab title=\u00bb<a>Breve historia<\/a>\u00ab][vc_column_text]<\/p>\r\n<p>El LVC fue creado en 2000 como resultado de una asociaci\u00f3n con dos institutos de la Universidad de Hannover (Alemania), con el apoyo financiero conjunto de la CAPES y del DAAD. Dirigido inicialmente para el tema Interpretaci\u00f3n de Im\u00e1genes Basada en Conocimiento, el LVC expandi\u00f3 su actuaci\u00f3n con mayor \u00e9nfasis en Teledetecci\u00f3n, Im\u00e1genes M\u00e9dicas y Biometr\u00eda. El LVC es uno de los laboratorios-base de la Red Brasile\u00f1a de Visualizaci\u00f3n Avanzada (RVA). Se trata de una de las redes del Sistema Brasile\u00f1o de Tecnolog\u00eda (Sibratec), cuya misi\u00f3n es la innovaci\u00f3n tecnol\u00f3gica. El coordinador del LVC desde su fundaci\u00f3n, el Prof. Raul Feitosa, que es miembro del n\u00facleo de coordinaci\u00f3n de la RVA.<\/p>\r\n<p>[\/vc_column_text][\/vc_accordion_tab][vc_accordion_tab title=\u00bb<a>Relevancia \/ Impacto<\/a>\u00ab][vc_column_text]<\/p>\r\n<p>Las t\u00e9cnicas y herramientas desarrolladas por el LVC han sido la base de numerosos proyectos de investigaci\u00f3n llevados a cabo en la propia PUC-Rio, y en colaboraci\u00f3n con instituciones de investigaci\u00f3n brasile\u00f1as y extranjeras con quien el LVC mantiene activa interacci\u00f3n (Alemania, Italia, Francia, Espa\u00f1a). La transferencia de tecnolog\u00eda al sector empresarial es otro \u00e9nfasis del LVC, habiendo participado en los proyectos cofinanciados por diversas empresas como Petrobras, Montreal, Orbisat, Geopixel, entre otras.<\/p>\r\n<p>[\/vc_column_text][\/vc_accordion_tab][vc_accordion_tab title=\u00bb<a>Contacto<\/a>\u00ab][vc_column_text]<\/p>\r\n<div id=\"a4\">\r\n<p><span class=\"txt\"><strong>Profesor(es) Responsable(s):<\/strong><\/span><br \/>\r\n<span class=\"txt\">Raul Queiroz Feitosa<\/span><br \/>\r\n<br \/>\r\n<span class=\"txt\"><strong>Ubicaci\u00f3n:<\/strong><\/span><br \/>\r\n<span class=\"txt\">Rua Marqu\u00eas de S\u00e3o Vicente 225, Pr\u00e9dio Cardeal Leme, 4\u00baandar, G\u00e1vea, Rio de Janeiro &#8211; RJ<\/span><br \/>\r\n<br \/>\r\n<span class=\"txt\"><strong>Tel\u00e9fono(s):<\/strong><\/span><br \/>\r\n<span class=\"txt\">(+55 21) 3527-1626\u00a0<\/span><br \/>\r\n<br \/>\r\n<span class=\"txt\"><strong>Email:<\/strong><\/span><br \/>\r\n<a href=\"mailto:raul@ele.puc-rio.br\">raul@ele.puc-rio.br<\/a><br \/>\r\n<br \/>\r\n<span class=\"txt\"><strong>Vea m\u00e1s en:<\/strong><\/span><br \/>\r\n<a href=\"http:\/\/www.lvc.ele.puc-rio.br\/\">www.lvc.ele.puc-rio.br<\/a><\/p>\r\n<\/div>\r\n<p>&nbsp;<\/p>\r\n<p>[\/vc_column_text][\/vc_accordion_tab][\/vc_accordion][vc_empty_space height=\u00bb45px\u00bb][\/vc_column][\/vc_row]<\/p>","protected":false},"excerpt":{"rendered":"<p>[vc_row css_animation=\u00bb\u00bb row_type=\u00bbrow\u00bb use_row_as_full_screen_section=\u00bbno\u00bb type=\u00bbfull_width\u00bb angled_section=\u00bbno\u00bb text_align=\u00bbleft\u00bb background_image_as_pattern=\u00bbwithout_pattern\u00bb][vc_column][vc_accordion active_tab=\u00bb1&#8243; collapsible=\u00bbyes\u00bb style=\u00bbtoggle\u00bb title=\u00bb\u00c1rea de Actuaci\u00f3n \u00ab][vc_accordion_tab title=\u00bb\u00c1rea de Actuaci\u00f3n \u00ab][vc_column_text] El\u00a0Laboratorio de Visi\u00f3n Computacional (LVC)\u00a0del Departamento de Ingenier\u00eda El\u00e9ctrica de la PUC-Rio se dedica a la investigaci\u00f3n y al desarrollo de m\u00e9todos y sistemas computacionales que&#8230;<\/p>\n","protected":false},"author":1,"featured_media":0,"parent":648,"menu_order":0,"comment_status":"closed","ping_status":"closed","template":"","meta":{"_exactmetrics_skip_tracking":false,"_exactmetrics_sitenote_active":false,"_exactmetrics_sitenote_note":"","_exactmetrics_sitenote_category":0,"footnotes":""},"class_list":["post-1236","page","type-page","status-publish","hentry"],"_links":{"self":[{"href":"http:\/\/www.ele.puc-rio.br\/es\/wp-json\/wp\/v2\/pages\/1236\/"}],"collection":[{"href":"http:\/\/www.ele.puc-rio.br\/es\/wp-json\/wp\/v2\/pages\/"}],"about":[{"href":"http:\/\/www.ele.puc-rio.br\/es\/wp-json\/wp\/v2\/types\/page\/"}],"author":[{"embeddable":true,"href":"http:\/\/www.ele.puc-rio.br\/es\/wp-json\/wp\/v2\/users\/1\/"}],"replies":[{"embeddable":true,"href":"http:\/\/www.ele.puc-rio.br\/es\/wp-json\/wp\/v2\/comments\/?post=1236"}],"version-history":[{"count":2,"href":"http:\/\/www.ele.puc-rio.br\/es\/wp-json\/wp\/v2\/pages\/1236\/revisions\/"}],"predecessor-version":[{"id":1238,"href":"http:\/\/www.ele.puc-rio.br\/es\/wp-json\/wp\/v2\/pages\/1236\/revisions\/1238\/"}],"up":[{"embeddable":true,"href":"http:\/\/www.ele.puc-rio.br\/es\/wp-json\/wp\/v2\/pages\/648\/"}],"wp:attachment":[{"href":"http:\/\/www.ele.puc-rio.br\/es\/wp-json\/wp\/v2\/media\/?parent=1236"}],"curies":[{"name":"wp","href":"https:\/\/api.w.org\/{rel}","templated":true}]}}