{"id":1221,"date":"2019-01-23T15:32:22","date_gmt":"2019-01-23T15:32:22","guid":{"rendered":"http:\/\/wp2.ele.puc-rio.br\/?page_id=1221"},"modified":"2019-02-13T14:18:27","modified_gmt":"2019-02-13T14:18:27","slug":"lambda","status":"publish","type":"page","link":"http:\/\/www.ele.puc-rio.br\/es\/laboratorios\/lambda\/","title":{"rendered":"LABORATORIO DE AUTOMATIZACI\u00d3N Y MUSEOS, BIBLIOTECAS DIGITALES Y ARCHIVOS"},"content":{"rendered":"<p>[vc_row css_animation=\u00bb\u00bb row_type=\u00bbrow\u00bb use_row_as_full_screen_section=\u00bbno\u00bb type=\u00bbfull_width\u00bb angled_section=\u00bbno\u00bb text_align=\u00bbleft\u00bb background_image_as_pattern=\u00bbwithout_pattern\u00bb][vc_column][vc_accordion active_tab=\u00bb1&#8243; collapsible=\u00bbyes\u00bb style=\u00bbtoggle\u00bb title=\u00bb<a>\u00a0Sobre el LAMBDA<\/a>\u00ab][vc_accordion_tab title=\u00bb<a>\u00a0Sobre el LAMBDA<\/a>\u00ab][vc_column_text]<\/p>\r\n<p>El LAMBDA es un laboratorio cuyo enfoque es el uso de las TIC &#8211; Tecnolog\u00edas de la Informaci\u00f3n y Comunicaci\u00f3n en la educaci\u00f3n, la cultura y la difusi\u00f3n de la informaci\u00f3n acad\u00e9mica \/ cient\u00edfica.<br \/>\r\n<br \/>\r\nEn cultura, numerosos proyectos han sido desarrollados junto la Biblioteca Nacional, al Centro Cultural de los Pueblos de la Amazon\u00eda y a la Fundaci\u00f3n Casa de Rui Barbosa. Ellos siempre se han centrado en el uso de las TIC &#8211; Tecnolog\u00eda Informaci\u00f3n y Comunicaci\u00f3n para almacenar y difundir, en un formato accesible y f\u00e1cil de encontrar las versiones digitales de sus colecciones &#8211; im\u00e1genes, texto, audio, fotos, etc.\u00a0<br \/>\r\n<br \/>\r\nEl LAMBDA es el desarrollador y operador del Sistema Maxwell, que es el repositorio institucional de la PUC-Rio, abrigando tesis y disertaciones, proyectos de pregrado, peri\u00f3dicos, monograf\u00edas y harto material educativo. El Maxwell se integra en las redes nacionales e internacionales de bibliotecas digitales \/ repositorios institucionales y clasificado en el ranking do \u201cWebometrics\u201d como el de lugar 238 en el mundo y 5 en Brasil, participan del ranking m\u00e1s de 1.400 repositorios en todos los continentes.<br \/>\r\n<br \/>\r\nEl Maxwell es tambi\u00e9n un sistema de educaci\u00f3n a la distancia y sirve para apoyar tanto a la ense\u00f1anza presencial c\u00f3mo impartir cursos a la distancia. Fue creado para ser accesible a los ciegos y deficientes visuales.<br \/>\r\n<br \/>\r\nEl LAMBDA mantiene proyectos de desarrollo de material educativo en Ingenier\u00eda El\u00e9ctrica, en los cuales alumnos de pregrado participan activamente junto a los profesores, alumnos de postgrado y t\u00e9cnicos.<br \/>\r\n<br \/>\r\nAdem\u00e1s de la ense\u00f1anza en Ingenier\u00eda El\u00e9ctrica, proyectos educativos en otras \u00e1reas de ciencia y tecnolog\u00eda se han desarrollado en el LAMBDA. Por ejemplo podemos citar dos proyectos de desarrollo de museos virtuales &#8211; uno terminado y el otro est\u00e1 en progreso.<\/p>\r\n<p>[\/vc_column_text][\/vc_accordion_tab][vc_accordion_tab title=\u00bb<a>Contact<\/a>\u00ab][vc_column_text]<\/p>\r\n<div>\u00a0<\/div>\r\n<div>\r\n<section class=\"content-other\">\r\n<div class=\"container\">\r\n<div class=\"content-text\">\r\n<div id=\"a2\"><span class=\"txt\"><strong>Profesor(es) Responsable(s):<\/strong><\/span><br \/>\r\n<span class=\"txt\">Ana Pavani<\/span><br \/>\r\n<br \/>\r\n<span class=\"txt\"><strong>Ubicaci\u00f3n:<\/strong><\/span><br \/>\r\n<span class=\"txt\">Rua Marqu\u00eas de S\u00e3o Vicente 225, Pr\u00e9dio Cardeal Leme, 4\u00ba andar, Salas 413, 415 e 417<\/span><br \/>\r\n<br \/>\r\n<span class=\"txt\"><strong>Tel\u00e9fono(s):<\/strong><\/span><br \/>\r\n<span class=\"txt\">(+55 21) 3527-1223\u00a0<\/span><br \/>\r\n<span class=\"txt\">(+55 21) 3527-1224<\/span>\u00a0<br \/>\r\n<br \/>\r\n<span class=\"txt\"><strong>Email:<\/strong><\/span><br \/>\r\n<a href=\"mailto:info.maxwell@puc-rio.br\">info.maxwell@puc-rio.br<\/a><br \/>\r\n<br \/>\r\n<span class=\"txt\"><strong>Vea m\u00e1s en:<\/strong><\/span><br \/>\r\n<a href=\"http:\/\/www.maxwell.vrac.puc-rio.br\/equipe.php?tipBusca=laboratorio\">Laborat\u00f3rio LAMBDA<\/a><br \/>\r\n<a href=\"http:\/\/www.maxwell.vrac.puc-rio.br\/\">www.maxwell.vrac.puc-rio.br<\/a><\/div>\r\n<br \/>\r\n<br \/>\r\n<\/div>\r\n<\/div>\r\n<\/section>\r\n<footer class=\"footer\">\r\n<div class=\"footer-bottom\">\r\n<div class=\"container\">\r\n<div class=\"row\">\r\n<div class=\"col-md-6 col-sm-6 col-xs-12\"><a href=\"http:\/\/webmail.ele.puc-rio.br\/\">Acesso ao webmail<\/a>\r\n<h6>\u00a9 2017 DEE &#8211; DEPARTAMENTO DE INGENIER\u00cdA EL\u00c9CTRICA &#8211; PUC RIO<\/h6>\r\n<\/div>\r\n<div class=\"col-md-offset-3 col-md-3  col-sm-offset-3 col-sm-3 col-xs-12\">\u00a0<\/div>\r\n<\/div>\r\n<\/div>\r\n<\/div>\r\n<\/footer>\r\n<\/div>\r\n<p>&nbsp;<\/p>\r\n<p>[\/vc_column_text][\/vc_accordion_tab][\/vc_accordion][vc_empty_space height=\u00bb55px\u00bb][\/vc_column][\/vc_row]<\/p>","protected":false},"excerpt":{"rendered":"<p>[vc_row css_animation=\u00bb\u00bb row_type=\u00bbrow\u00bb use_row_as_full_screen_section=\u00bbno\u00bb type=\u00bbfull_width\u00bb angled_section=\u00bbno\u00bb text_align=\u00bbleft\u00bb background_image_as_pattern=\u00bbwithout_pattern\u00bb][vc_column][vc_accordion active_tab=\u00bb1&#8243; collapsible=\u00bbyes\u00bb style=\u00bbtoggle\u00bb title=\u00bb\u00a0Sobre el LAMBDA\u00ab][vc_accordion_tab title=\u00bb\u00a0Sobre el LAMBDA\u00ab][vc_column_text] El LAMBDA es un laboratorio cuyo enfoque es el uso de las TIC &#8211; Tecnolog\u00edas de la Informaci\u00f3n y Comunicaci\u00f3n en la educaci\u00f3n, la cultura y la difusi\u00f3n&#8230;<\/p>\n","protected":false},"author":1,"featured_media":0,"parent":648,"menu_order":0,"comment_status":"closed","ping_status":"closed","template":"","meta":{"_exactmetrics_skip_tracking":false,"_exactmetrics_sitenote_active":false,"_exactmetrics_sitenote_note":"","_exactmetrics_sitenote_category":0,"footnotes":""},"class_list":["post-1221","page","type-page","status-publish","hentry"],"_links":{"self":[{"href":"http:\/\/www.ele.puc-rio.br\/es\/wp-json\/wp\/v2\/pages\/1221\/"}],"collection":[{"href":"http:\/\/www.ele.puc-rio.br\/es\/wp-json\/wp\/v2\/pages\/"}],"about":[{"href":"http:\/\/www.ele.puc-rio.br\/es\/wp-json\/wp\/v2\/types\/page\/"}],"author":[{"embeddable":true,"href":"http:\/\/www.ele.puc-rio.br\/es\/wp-json\/wp\/v2\/users\/1\/"}],"replies":[{"embeddable":true,"href":"http:\/\/www.ele.puc-rio.br\/es\/wp-json\/wp\/v2\/comments\/?post=1221"}],"version-history":[{"count":1,"href":"http:\/\/www.ele.puc-rio.br\/es\/wp-json\/wp\/v2\/pages\/1221\/revisions\/"}],"predecessor-version":[{"id":1222,"href":"http:\/\/www.ele.puc-rio.br\/es\/wp-json\/wp\/v2\/pages\/1221\/revisions\/1222\/"}],"up":[{"embeddable":true,"href":"http:\/\/www.ele.puc-rio.br\/es\/wp-json\/wp\/v2\/pages\/648\/"}],"wp:attachment":[{"href":"http:\/\/www.ele.puc-rio.br\/es\/wp-json\/wp\/v2\/media\/?parent=1221"}],"curies":[{"name":"wp","href":"https:\/\/api.w.org\/{rel}","templated":true}]}}