{"id":1213,"date":"2019-01-23T15:17:56","date_gmt":"2019-01-23T15:17:56","guid":{"rendered":"http:\/\/wp2.ele.puc-rio.br\/?page_id=1213"},"modified":"2019-02-13T14:30:40","modified_gmt":"2019-02-13T14:30:40","slug":"labsem","status":"publish","type":"page","link":"http:\/\/www.ele.puc-rio.br\/es\/laboratorios\/labsem\/","title":{"rendered":"LABORATORIOS DE SEMICONDUCTORES"},"content":{"rendered":"<p>[vc_row css_animation=\u00bb\u00bb row_type=\u00bbrow\u00bb use_row_as_full_screen_section=\u00bbno\u00bb type=\u00bbfull_width\u00bb angled_section=\u00bbno\u00bb text_align=\u00bbleft\u00bb background_image_as_pattern=\u00bbwithout_pattern\u00bb][vc_column][vc_accordion active_tab=\u00bb1&#8243; collapsible=\u00bbyes\u00bb style=\u00bbtoggle\u00bb title=\u00bb<a>Sobre el Laboratorio<\/a>\u00ab][vc_accordion_tab title=\u00bb<a>Sobre el Laboratorio<\/a>\u00ab][vc_column_text]<\/p>\r\n<p>El Laboratorio de Semiconductores (LabSem) cuenta con equipos de \u00faltima generaci\u00f3n, capaces de proporcionar muestras de calidad comparable a los m\u00e1s altos est\u00e1ndares internacionales. En el LabSem se llevan a cabo investigaciones b\u00e1sica y aplicada en el \u00e1rea de nano estructuras semiconductoras III-V para dispositivos electr\u00f3nicos y opto electr\u00f3nicos. Las actividades van desde el crecimiento epitaxial (en capas) hasta la producci\u00f3n de dispositivos, pasando por las diferentes etapas de estudio y caracterizaci\u00f3n de propiedades \u00f3pticas, el\u00e9ctricas, electr\u00f3nicas, optoelectr\u00f3nicas y estructurales.<\/p>\r\n<p>[\/vc_column_text][\/vc_accordion_tab][vc_accordion_tab title=\u00bb<a>Contacto<\/a>\u00ab][vc_column_text]<\/p>\r\n<div id=\"a2\">\r\n<div id=\"a2\"><span class=\"txt\"><strong>Profesor(es) Responsable(s):<\/strong><\/span><br \/>\r\n<span class=\"txt\">Patr\u00edcia Lustoza de Souza<\/span><br \/>\r\n<br \/>\r\n<span class=\"txt\"><strong>Ubicaci\u00f3n:<\/strong><\/span><br \/>\r\n<span class=\"txt\">Rua Marqu\u00eas de S\u00e3o Vicente 225, CETUC &#8211; G\u00e1vea &#8211; Rio de Janeiro &#8211; RJ<\/span><br \/>\r\n<br \/>\r\n<span class=\"txt\"><strong>Tel\u00e9fono(s):<\/strong><\/span><br \/>\r\n<span class=\"txt\">(+55 21) 3527-1154\u00a0<\/span><br \/>\r\n<span class=\"txt\">(+55 21) 3527-1155\u00a0<\/span><br \/>\r\n<span class=\"txt\">(+55 21) 3527-1161\u00a0<\/span><br \/>\r\n<br \/>\r\n<span class=\"txt\"><strong>Email:<\/strong><\/span><br \/>\r\n<a href=\"mailto:plustoza@cetuc.puc-rio.br\">plustoza@cetuc.puc-rio.br<\/a><br \/>\r\n<br \/>\r\n<span class=\"txt\"><strong>Vea m\u00e1s en:<\/strong><\/span><br \/>\r\n<a href=\"http:\/\/www.ele.puc-rio.br\/posgraduacao\/www.labsem.cetuc.puc-rio.br\">www.labsem.cetuc.puc-rio.br<\/a><\/div>\r\n<div>\u00a0<\/div>\r\n<\/div>\r\n<p>[\/vc_column_text][\/vc_accordion_tab][\/vc_accordion][vc_empty_space height=\u00bb50px\u00bb][\/vc_column][\/vc_row]<\/p>","protected":false},"excerpt":{"rendered":"<p>[vc_row css_animation=\u00bb\u00bb row_type=\u00bbrow\u00bb use_row_as_full_screen_section=\u00bbno\u00bb type=\u00bbfull_width\u00bb angled_section=\u00bbno\u00bb text_align=\u00bbleft\u00bb background_image_as_pattern=\u00bbwithout_pattern\u00bb][vc_column][vc_accordion active_tab=\u00bb1&#8243; collapsible=\u00bbyes\u00bb style=\u00bbtoggle\u00bb title=\u00bbSobre el Laboratorio\u00ab][vc_accordion_tab title=\u00bbSobre el Laboratorio\u00ab][vc_column_text] El Laboratorio de Semiconductores (LabSem) cuenta con equipos de \u00faltima generaci\u00f3n, capaces de proporcionar muestras de calidad comparable a los m\u00e1s altos est\u00e1ndares internacionales. En el LabSem se&#8230;<\/p>\n","protected":false},"author":1,"featured_media":0,"parent":648,"menu_order":0,"comment_status":"closed","ping_status":"closed","template":"","meta":{"_exactmetrics_skip_tracking":false,"_exactmetrics_sitenote_active":false,"_exactmetrics_sitenote_note":"","_exactmetrics_sitenote_category":0,"footnotes":""},"class_list":["post-1213","page","type-page","status-publish","hentry"],"_links":{"self":[{"href":"http:\/\/www.ele.puc-rio.br\/es\/wp-json\/wp\/v2\/pages\/1213\/"}],"collection":[{"href":"http:\/\/www.ele.puc-rio.br\/es\/wp-json\/wp\/v2\/pages\/"}],"about":[{"href":"http:\/\/www.ele.puc-rio.br\/es\/wp-json\/wp\/v2\/types\/page\/"}],"author":[{"embeddable":true,"href":"http:\/\/www.ele.puc-rio.br\/es\/wp-json\/wp\/v2\/users\/1\/"}],"replies":[{"embeddable":true,"href":"http:\/\/www.ele.puc-rio.br\/es\/wp-json\/wp\/v2\/comments\/?post=1213"}],"version-history":[{"count":1,"href":"http:\/\/www.ele.puc-rio.br\/es\/wp-json\/wp\/v2\/pages\/1213\/revisions\/"}],"predecessor-version":[{"id":1214,"href":"http:\/\/www.ele.puc-rio.br\/es\/wp-json\/wp\/v2\/pages\/1213\/revisions\/1214\/"}],"up":[{"embeddable":true,"href":"http:\/\/www.ele.puc-rio.br\/es\/wp-json\/wp\/v2\/pages\/648\/"}],"wp:attachment":[{"href":"http:\/\/www.ele.puc-rio.br\/es\/wp-json\/wp\/v2\/media\/?parent=1213"}],"curies":[{"name":"wp","href":"https:\/\/api.w.org\/{rel}","templated":true}]}}