{"id":1201,"date":"2019-01-23T14:06:38","date_gmt":"2019-01-23T14:06:38","guid":{"rendered":"http:\/\/wp2.ele.puc-rio.br\/?page_id=1201"},"modified":"2019-01-23T14:13:07","modified_gmt":"2019-01-23T14:13:07","slug":"lsc","status":"publish","type":"page","link":"http:\/\/www.ele.puc-rio.br\/es\/lsc\/","title":{"rendered":"LABORATORIO DE SISTEMAS DE COMUNICACIONES"},"content":{"rendered":"<p>[vc_row css_animation=\u00bb\u00bb row_type=\u00bbrow\u00bb use_row_as_full_screen_section=\u00bbno\u00bb type=\u00bbfull_width\u00bb angled_section=\u00bbno\u00bb text_align=\u00bbleft\u00bb background_image_as_pattern=\u00bbwithout_pattern\u00bb][vc_column][vc_accordion active_tab=\u00bb1&#8243; collapsible=\u00bbyes\u00bb style=\u00bbtoggle\u00bb title=\u00bb<a>Sobre el Laboratorio<\/a>\u00ab][vc_accordion_tab title=\u00bb<a>About the Laboratory<\/a>\u00ab][vc_column_text]<\/p>\r\n<p>En este laboratorio se realizan modelado y simulaciones computacionales de sistemas de comunicaciones m\u00f3viles y personales, las comunicaciones por sat\u00e9lite, as\u00ed como procesamiento de imagen (incluyendo video) y voz. Para el procesamiento de imagen y voz tambi\u00e9n est\u00e1n disponibles recursos de entrada y salida de alta calidad incluyendo esc\u00e1neres, digitalizadores de v\u00eddeo, impresoras, grabadoras de audio, micr\u00f3fono, aud\u00edfonos y altavoces.<\/p>\r\n<p>[\/vc_column_text][\/vc_accordion_tab][vc_accordion_tab title=\u00bb<a>Contacto<\/a>\u00ab][vc_column_text]<\/p>\r\n<div id=\"a2\">\r\n<div id=\"a2\"><span class=\"txt\"><strong>Profesor(es) Responsable(s):<\/strong><\/span><br \/>\r\n<span class=\"txt\">Jos\u00e9 Mauro P. Fortes<\/span><br \/>\r\n<br \/>\r\n<span class=\"txt\"><strong>Ubicaci\u00f3n:<\/strong><\/span><br \/>\r\n<span class=\"txt\">Rua Marqu\u00eas de S\u00e3o Vicente 225, Ala Kennedy, 7\u00ba. andar &#8211; G\u00e1vea &#8211; Rio de Janeiro &#8211; RJ<\/span><br \/>\r\n<br \/>\r\n<span class=\"txt\"><strong>Tel\u00e9fono(s):<\/strong><\/span><br \/>\r\n<span class=\"txt\">(+55 21) 3527-1152\u00a0<\/span><br \/>\r\n<br \/>\r\n<span class=\"txt\"><strong>Email:<\/strong><\/span><br \/>\r\n<a href=\"mailto:jmfortes@cetuc.puc-rio.br\">jmfortes@cetuc.puc-rio.br<\/a><\/div>\r\n<\/div>\r\n<p>[\/vc_column_text][\/vc_accordion_tab][\/vc_accordion][vc_empty_space height=\u00bb45px\u00bb][\/vc_column][\/vc_row]<\/p>","protected":false},"excerpt":{"rendered":"<p>[vc_row css_animation=\u00bb\u00bb row_type=\u00bbrow\u00bb use_row_as_full_screen_section=\u00bbno\u00bb type=\u00bbfull_width\u00bb angled_section=\u00bbno\u00bb text_align=\u00bbleft\u00bb background_image_as_pattern=\u00bbwithout_pattern\u00bb][vc_column][vc_accordion active_tab=\u00bb1&#8243; collapsible=\u00bbyes\u00bb style=\u00bbtoggle\u00bb title=\u00bbSobre el Laboratorio\u00ab][vc_accordion_tab title=\u00bbAbout the Laboratory\u00ab][vc_column_text] En este laboratorio se realizan modelado y simulaciones computacionales de sistemas de comunicaciones m\u00f3viles y personales, las comunicaciones por sat\u00e9lite, as\u00ed como procesamiento de imagen (incluyendo video) y&#8230;<\/p>\n","protected":false},"author":1,"featured_media":0,"parent":0,"menu_order":0,"comment_status":"closed","ping_status":"closed","template":"","meta":{"_exactmetrics_skip_tracking":false,"_exactmetrics_sitenote_active":false,"_exactmetrics_sitenote_note":"","_exactmetrics_sitenote_category":0,"footnotes":""},"class_list":["post-1201","page","type-page","status-publish","hentry"],"_links":{"self":[{"href":"http:\/\/www.ele.puc-rio.br\/es\/wp-json\/wp\/v2\/pages\/1201\/"}],"collection":[{"href":"http:\/\/www.ele.puc-rio.br\/es\/wp-json\/wp\/v2\/pages\/"}],"about":[{"href":"http:\/\/www.ele.puc-rio.br\/es\/wp-json\/wp\/v2\/types\/page\/"}],"author":[{"embeddable":true,"href":"http:\/\/www.ele.puc-rio.br\/es\/wp-json\/wp\/v2\/users\/1\/"}],"replies":[{"embeddable":true,"href":"http:\/\/www.ele.puc-rio.br\/es\/wp-json\/wp\/v2\/comments\/?post=1201"}],"version-history":[{"count":3,"href":"http:\/\/www.ele.puc-rio.br\/es\/wp-json\/wp\/v2\/pages\/1201\/revisions\/"}],"predecessor-version":[{"id":1204,"href":"http:\/\/www.ele.puc-rio.br\/es\/wp-json\/wp\/v2\/pages\/1201\/revisions\/1204\/"}],"wp:attachment":[{"href":"http:\/\/www.ele.puc-rio.br\/es\/wp-json\/wp\/v2\/media\/?parent=1201"}],"curies":[{"name":"wp","href":"https:\/\/api.w.org\/{rel}","templated":true}]}}