{"id":1183,"date":"2019-01-22T20:07:41","date_gmt":"2019-01-22T20:07:41","guid":{"rendered":"http:\/\/wp2.ele.puc-rio.br\/?page_id=1183"},"modified":"2019-02-13T14:18:55","modified_gmt":"2019-02-13T14:18:55","slug":"lo","status":"publish","type":"page","link":"http:\/\/www.ele.puc-rio.br\/es\/laboratorios\/lo\/","title":{"rendered":"LABORATORIO DE OPTOELECTR\u00d3NICA"},"content":{"rendered":"<p>[vc_row css_animation=\u00bb\u00bb row_type=\u00bbrow\u00bb use_row_as_full_screen_section=\u00bbno\u00bb type=\u00bbfull_width\u00bb angled_section=\u00bbno\u00bb text_align=\u00bbleft\u00bb background_image_as_pattern=\u00bbwithout_pattern\u00bb][vc_column][vc_accordion active_tab=\u00bb1&#8243; style=\u00bbtoggle\u00bb title=\u00bbBreve Hist\u00f3rico\u00bb][vc_accordion_tab title=\u00bb<a>Sobre el Laboratorio<\/a>\u00ab][vc_column_text]<\/p>\r\n<p>Desarrolla investigaciones en metrolog\u00eda de fibras y componentes \u00f3pticos, comunicaciones \u00f3pticas de alta capacidad y comunicaciones \u00f3pticas de espacio libre. Dotado de varios dispositivos de \u00faltima generaci\u00f3n, este laboratorio actualmente lleva a cabo investigaciones en t\u00e9cnicas de reflectometr\u00eda por recuento de fotones, amplificaci\u00f3n \u00f3ptica en las bandas L y U, monitoreo de redes \u00f3pticas pasivas, tomograf\u00eda de coherencia \u00f3ptica y espectroscopia de fotones \u00fanicos, entre otros.<\/p>\r\n<p>[\/vc_column_text][\/vc_accordion_tab][vc_accordion_tab title=\u00bb<a>\u00a0Contacto<\/a>\u00ab][vc_column_text]<\/p>\r\n<div id=\"a2\"><span class=\"txt\"><strong>Profesor(es) Responsable(s):<\/strong><\/span><br \/>\r\n<span class=\"txt\">Jean Pierre Von der Weid<\/span><br \/>\r\n<br \/>\r\n<span class=\"txt\"><strong>Ubicaci\u00f3n:<\/strong><\/span><br \/>\r\n<span class=\"txt\">Rua Marqu\u00eas de S\u00e3o Vicente 225, Ala Kennedy, 7\u00ba. andar &#8211; G\u00e1vea &#8211; Rio de Janeiro &#8211; RJ<\/span><br \/>\r\n<br \/>\r\n<span class=\"txt\"><strong>Tel\u00e9fono(s):<\/strong><\/span><br \/>\r\n<span class=\"txt\">(+55 21) 3527-1158\u00a0<\/span><br \/>\r\n<br \/>\r\n<span class=\"txt\"><strong>Email:<\/strong><\/span><br \/>\r\n<a href=\"mailto:vdweid@cetuc.puc-rio.br\">vdweid@cetuc.puc-rio.br<\/a><\/div>\r\n<p>[\/vc_column_text][\/vc_accordion_tab][\/vc_accordion][vc_row_inner row_type=\u00bbrow\u00bb type=\u00bbfull_width\u00bb text_align=\u00bbleft\u00bb css_animation=\u00bb\u00bb][vc_column_inner][vc_empty_space height=\u00bb60px\u00bb][\/vc_column_inner][\/vc_row_inner][\/vc_column][\/vc_row]<\/p>","protected":false},"excerpt":{"rendered":"<p>[vc_row css_animation=\u00bb\u00bb row_type=\u00bbrow\u00bb use_row_as_full_screen_section=\u00bbno\u00bb type=\u00bbfull_width\u00bb angled_section=\u00bbno\u00bb text_align=\u00bbleft\u00bb background_image_as_pattern=\u00bbwithout_pattern\u00bb][vc_column][vc_accordion active_tab=\u00bb1&#8243; style=\u00bbtoggle\u00bb title=\u00bbBreve Hist\u00f3rico\u00bb][vc_accordion_tab title=\u00bbSobre el Laboratorio\u00ab][vc_column_text] Desarrolla investigaciones en metrolog\u00eda de fibras y componentes \u00f3pticos, comunicaciones \u00f3pticas de alta capacidad y comunicaciones \u00f3pticas de espacio libre. Dotado de varios dispositivos de \u00faltima generaci\u00f3n, este laboratorio actualmente&#8230;<\/p>\n","protected":false},"author":1,"featured_media":0,"parent":648,"menu_order":0,"comment_status":"closed","ping_status":"closed","template":"","meta":{"_exactmetrics_skip_tracking":false,"_exactmetrics_sitenote_active":false,"_exactmetrics_sitenote_note":"","_exactmetrics_sitenote_category":0,"footnotes":""},"class_list":["post-1183","page","type-page","status-publish","hentry"],"_links":{"self":[{"href":"http:\/\/www.ele.puc-rio.br\/es\/wp-json\/wp\/v2\/pages\/1183\/"}],"collection":[{"href":"http:\/\/www.ele.puc-rio.br\/es\/wp-json\/wp\/v2\/pages\/"}],"about":[{"href":"http:\/\/www.ele.puc-rio.br\/es\/wp-json\/wp\/v2\/types\/page\/"}],"author":[{"embeddable":true,"href":"http:\/\/www.ele.puc-rio.br\/es\/wp-json\/wp\/v2\/users\/1\/"}],"replies":[{"embeddable":true,"href":"http:\/\/www.ele.puc-rio.br\/es\/wp-json\/wp\/v2\/comments\/?post=1183"}],"version-history":[{"count":1,"href":"http:\/\/www.ele.puc-rio.br\/es\/wp-json\/wp\/v2\/pages\/1183\/revisions\/"}],"predecessor-version":[{"id":1184,"href":"http:\/\/www.ele.puc-rio.br\/es\/wp-json\/wp\/v2\/pages\/1183\/revisions\/1184\/"}],"up":[{"embeddable":true,"href":"http:\/\/www.ele.puc-rio.br\/es\/wp-json\/wp\/v2\/pages\/648\/"}],"wp:attachment":[{"href":"http:\/\/www.ele.puc-rio.br\/es\/wp-json\/wp\/v2\/media\/?parent=1183"}],"curies":[{"name":"wp","href":"https:\/\/api.w.org\/{rel}","templated":true}]}}