{"id":1177,"date":"2019-01-22T19:38:40","date_gmt":"2019-01-22T19:38:40","guid":{"rendered":"http:\/\/wp2.ele.puc-rio.br\/?page_id=1177"},"modified":"2019-02-13T14:18:41","modified_gmt":"2019-02-13T14:18:41","slug":"lmcea","status":"publish","type":"page","link":"http:\/\/www.ele.puc-rio.br\/es\/laboratorios\/lmcea\/","title":{"rendered":"LABORATORIO DE M\u00c9TODOS COMPUTACIONALES EN ELECTROMAGNETISMO APLICADO"},"content":{"rendered":"<p>[vc_row css_animation=\u00bb\u00bb row_type=\u00bbrow\u00bb use_row_as_full_screen_section=\u00bbno\u00bb type=\u00bbfull_width\u00bb angled_section=\u00bbno\u00bb text_align=\u00bbleft\u00bb background_image_as_pattern=\u00bbwithout_pattern\u00bb][vc_column][vc_accordion active_tab=\u00bb1&#8243; style=\u00bbtoggle\u00bb title=\u00bbBreve Hist\u00f3rico\u00bb][vc_accordion_tab title=\u00bb<a>Sobre el Laboratorio<\/a>\u00ab][vc_column_text]<\/p>\r\n<p>Laboratorio con microcomputadoras y estaciones de trabajo de gran capacidad, equipados con los principales softwares dedicados al desarrollo de m\u00e9todos computacionales para proyecto y an\u00e1lisis de desempe\u00f1o de antenas, c\u00e1lculo de cobertura de sistemas de radio y soluci\u00f3n, y an\u00e1lisis de problemas de electromagnetismo en general.<\/p>\r\n<p>[\/vc_column_text][\/vc_accordion_tab][vc_accordion_tab title=\u00bb<a>Contacto<\/a>\u00ab][vc_column_text]<\/p>\r\n<div id=\"a2\">\r\n<div id=\"a2\"><span class=\"txt\"><strong>Profesor(es) Responsable(s):<\/strong><\/span><br \/>\r\n<span class=\"txt\">Jos\u00e9 Ricardo Bergmann<\/span><br \/>\r\n<br \/>\r\n<span class=\"txt\"><strong>Ubicaci\u00f3n:<\/strong><\/span><br \/>\r\n<span class=\"txt\">Rua Marqu\u00eas de S\u00e3o Vicente 225, Ala Kennedy, 7\u00ba. andar &#8211; G\u00e1vea &#8211; Rio de Janeiro &#8211; RJ<\/span><br \/>\r\n<br \/>\r\n<span class=\"txt\"><strong>Tel\u00e9fono(s):<\/strong><\/span><br \/>\r\n<span class=\"txt\">(+55 21) 3527-1619<\/span>\u00a0<br \/>\r\n<br \/>\r\n<span class=\"txt\"><strong>Email:<\/strong><\/span><br \/>\r\n<a href=\"mailto:bergmann@cetuc.puc-rio.br\">bergmann@cetuc.puc-rio.br<\/a><\/div>\r\n<\/div>\r\n<p>[\/vc_column_text][\/vc_accordion_tab][\/vc_accordion][vc_row_inner row_type=\u00bbrow\u00bb type=\u00bbfull_width\u00bb text_align=\u00bbleft\u00bb css_animation=\u00bb\u00bb][vc_column_inner][vc_empty_space height=\u00bb60px\u00bb][\/vc_column_inner][\/vc_row_inner][\/vc_column][\/vc_row]<\/p>","protected":false},"excerpt":{"rendered":"<p>[vc_row css_animation=\u00bb\u00bb row_type=\u00bbrow\u00bb use_row_as_full_screen_section=\u00bbno\u00bb type=\u00bbfull_width\u00bb angled_section=\u00bbno\u00bb text_align=\u00bbleft\u00bb background_image_as_pattern=\u00bbwithout_pattern\u00bb][vc_column][vc_accordion active_tab=\u00bb1&#8243; style=\u00bbtoggle\u00bb title=\u00bbBreve Hist\u00f3rico\u00bb][vc_accordion_tab title=\u00bbSobre el Laboratorio\u00ab][vc_column_text] Laboratorio con microcomputadoras y estaciones de trabajo de gran capacidad, equipados con los principales softwares dedicados al desarrollo de m\u00e9todos computacionales para proyecto y an\u00e1lisis de desempe\u00f1o de antenas, c\u00e1lculo&#8230;<\/p>\n","protected":false},"author":1,"featured_media":0,"parent":648,"menu_order":0,"comment_status":"closed","ping_status":"closed","template":"","meta":{"_exactmetrics_skip_tracking":false,"_exactmetrics_sitenote_active":false,"_exactmetrics_sitenote_note":"","_exactmetrics_sitenote_category":0,"footnotes":""},"class_list":["post-1177","page","type-page","status-publish","hentry"],"_links":{"self":[{"href":"http:\/\/www.ele.puc-rio.br\/es\/wp-json\/wp\/v2\/pages\/1177\/"}],"collection":[{"href":"http:\/\/www.ele.puc-rio.br\/es\/wp-json\/wp\/v2\/pages\/"}],"about":[{"href":"http:\/\/www.ele.puc-rio.br\/es\/wp-json\/wp\/v2\/types\/page\/"}],"author":[{"embeddable":true,"href":"http:\/\/www.ele.puc-rio.br\/es\/wp-json\/wp\/v2\/users\/1\/"}],"replies":[{"embeddable":true,"href":"http:\/\/www.ele.puc-rio.br\/es\/wp-json\/wp\/v2\/comments\/?post=1177"}],"version-history":[{"count":1,"href":"http:\/\/www.ele.puc-rio.br\/es\/wp-json\/wp\/v2\/pages\/1177\/revisions\/"}],"predecessor-version":[{"id":1178,"href":"http:\/\/www.ele.puc-rio.br\/es\/wp-json\/wp\/v2\/pages\/1177\/revisions\/1178\/"}],"up":[{"embeddable":true,"href":"http:\/\/www.ele.puc-rio.br\/es\/wp-json\/wp\/v2\/pages\/648\/"}],"wp:attachment":[{"href":"http:\/\/www.ele.puc-rio.br\/es\/wp-json\/wp\/v2\/media\/?parent=1177"}],"curies":[{"name":"wp","href":"https:\/\/api.w.org\/{rel}","templated":true}]}}