{"id":1170,"date":"2019-01-21T19:37:19","date_gmt":"2019-01-21T19:37:19","guid":{"rendered":"http:\/\/wp2.ele.puc-rio.br\/?page_id=1170"},"modified":"2019-01-21T19:37:19","modified_gmt":"2019-01-21T19:37:19","slug":"engenharia-eletrica","status":"publish","type":"page","link":"http:\/\/www.ele.puc-rio.br\/es\/engenharia-eletrica\/","title":{"rendered":"Engenharia el\u00e9trica"},"content":{"rendered":"<p>La ingenier\u00eda el\u00e9ctrica es la rama de la ingenier\u00eda que trabaja con los estudios y aplicaciones de la electricidad, electromagnetismo y electr\u00f3nica. Este sector surgi\u00f3 a mediados del siglo XIX cuando de la comercializaci\u00f3n, de la distribuci\u00f3n y utilizaci\u00f3n de la energ\u00eda el\u00e9ctrica.<\/p>\r\n<p>En los Estados Unidos, la ingenier\u00eda el\u00e9ctrica se considera para hacer frente a los problemas asociados con los sistemas de energ\u00eda el\u00e9ctrica y sistemas electr\u00f3nicos, siendo que las principales instituciones, como el Instituto de Tecnolog\u00eda de Massachusetts, el Instituto de Tecnolog\u00eda de California, la Universidad de Stanford y la Universidad de Michigan , abordan sistemas el\u00e9ctricos, electr\u00f3nicos, microelectr\u00f3nicos o de comunicaciones de forma integrada a la ingenier\u00eda el\u00e9ctrica. En los dem\u00e1s pa\u00edses de Am\u00e9rica no es diferente. En Brasil, por ejemplo, a la electr\u00f3nica en algunos cursos corresponde la mayor parte de los contenidos abordados durante la graduaci\u00f3n en ingenier\u00eda el\u00e9ctrica. Siendo as\u00ed, la distinci\u00f3n entre ingenier\u00eda el\u00e9ctrica e ingenier\u00eda electr\u00f3nica no ocurre, se consideran un curso com\u00fan.<\/p>","protected":false},"excerpt":{"rendered":"<p>La ingenier\u00eda el\u00e9ctrica es la rama de la ingenier\u00eda que trabaja con los estudios y aplicaciones de la electricidad, electromagnetismo y electr\u00f3nica. Este sector surgi\u00f3 a mediados del siglo XIX cuando de la comercializaci\u00f3n, de la distribuci\u00f3n y utilizaci\u00f3n de la energ\u00eda el\u00e9ctrica. En los&#8230;<\/p>\n","protected":false},"author":1,"featured_media":0,"parent":0,"menu_order":0,"comment_status":"closed","ping_status":"closed","template":"","meta":{"_exactmetrics_skip_tracking":false,"_exactmetrics_sitenote_active":false,"_exactmetrics_sitenote_note":"","_exactmetrics_sitenote_category":0,"footnotes":""},"class_list":["post-1170","page","type-page","status-publish","hentry"],"_links":{"self":[{"href":"http:\/\/www.ele.puc-rio.br\/es\/wp-json\/wp\/v2\/pages\/1170\/"}],"collection":[{"href":"http:\/\/www.ele.puc-rio.br\/es\/wp-json\/wp\/v2\/pages\/"}],"about":[{"href":"http:\/\/www.ele.puc-rio.br\/es\/wp-json\/wp\/v2\/types\/page\/"}],"author":[{"embeddable":true,"href":"http:\/\/www.ele.puc-rio.br\/es\/wp-json\/wp\/v2\/users\/1\/"}],"replies":[{"embeddable":true,"href":"http:\/\/www.ele.puc-rio.br\/es\/wp-json\/wp\/v2\/comments\/?post=1170"}],"version-history":[{"count":1,"href":"http:\/\/www.ele.puc-rio.br\/es\/wp-json\/wp\/v2\/pages\/1170\/revisions\/"}],"predecessor-version":[{"id":1171,"href":"http:\/\/www.ele.puc-rio.br\/es\/wp-json\/wp\/v2\/pages\/1170\/revisions\/1171\/"}],"wp:attachment":[{"href":"http:\/\/www.ele.puc-rio.br\/es\/wp-json\/wp\/v2\/media\/?parent=1170"}],"curies":[{"name":"wp","href":"https:\/\/api.w.org\/{rel}","templated":true}]}}