{"id":1021,"date":"2019-01-14T09:02:27","date_gmt":"2019-01-14T09:02:27","guid":{"rendered":"http:\/\/wp2.ele.puc-rio.br\/?page_id=1021"},"modified":"2019-02-13T14:18:33","modified_gmt":"2019-02-13T14:18:33","slug":"lcq","status":"publish","type":"page","link":"http:\/\/www.ele.puc-rio.br\/es\/laboratorios\/lcq\/","title":{"rendered":"LABORATORIO DE COMUNICACIONES CU\u00c1NTICAS"},"content":{"rendered":"<p>[vc_row css_animation=\u00bb\u00bb row_type=\u00bbrow\u00bb use_row_as_full_screen_section=\u00bbno\u00bb type=\u00bbfull_width\u00bb angled_section=\u00bbno\u00bb text_align=\u00bbleft\u00bb background_image_as_pattern=\u00bbwithout_pattern\u00bb][vc_column][vc_accordion active_tab=\u00bb1&#8243; collapsible=\u00bbyes\u00bb style=\u00bbtoggle\u00bb title=\u00bb<a>Sobre el Laboratorio<\/a>\u00ab][vc_accordion_tab title=\u00bb<a>Sobre el Laboratorio<\/a>\u00ab][vc_column_text]<\/p>\r\n<p>El Laboratorio de Comunicaciones Cu\u00e1nticas es un ambiente de desarrollo de nuevas tecnolog\u00edas para generaci\u00f3n, manipulaci\u00f3n, transmisi\u00f3n y detecci\u00f3n de fotones \u00fanicos. Las aplicaciones de estas tecnolog\u00edas se extienden a partir de la exploraci\u00f3n de propiedades f\u00edsicas fundamentales, tales como el Entrelazamiento Cu\u00e1ntico, hasta sistemas comerciales, tales como la Criptograf\u00eda.<\/p>\r\n<p>[\/vc_column_text][\/vc_accordion_tab][vc_accordion_tab title=\u00bb<a>Contacto<\/a>\u00ab][vc_column_text]<\/p>\r\n<div id=\"a2\"><span class=\"txt\"><strong>Profesor(es) Responsable(s):<\/strong><\/span><br \/>\r\n<strong><span class=\"txt\">Guilherme Tempor\u00e3o<\/span><\/strong><br \/>\r\n<br \/>\r\n<span class=\"txt\"><strong>Ubicaci\u00f3n:<\/strong><\/span><br \/>\r\n<span class=\"txt\">Rua Marqu\u00eas de S\u00e3o Vicente 225, Ala Kennedy, 7\u00ba. andar &#8211; G\u00e1vea &#8211; Rio de Janeiro &#8211; RJ<\/span><br \/>\r\n<br \/>\r\n<span class=\"txt\"><strong>Tel\u00e9fono(s):<\/strong><\/span><br \/>\r\n<span class=\"txt\">(+55 21) 3527-1683<\/span>\u00a0<br \/>\r\n<br \/>\r\n<span class=\"txt\"><strong>Email:<\/strong><\/span><br \/>\r\n<a href=\"mailto:temporao@cetuc.puc-rio.br\">temporao@cetuc.puc-rio.br<\/a><\/div>\r\n<p>&nbsp;<\/p>\r\n<p>[\/vc_column_text][\/vc_accordion_tab][\/vc_accordion][vc_empty_space height=\u00bb45px\u00bb][\/vc_column][\/vc_row]<\/p>","protected":false},"excerpt":{"rendered":"<p>[vc_row css_animation=\u00bb\u00bb row_type=\u00bbrow\u00bb use_row_as_full_screen_section=\u00bbno\u00bb type=\u00bbfull_width\u00bb angled_section=\u00bbno\u00bb text_align=\u00bbleft\u00bb background_image_as_pattern=\u00bbwithout_pattern\u00bb][vc_column][vc_accordion active_tab=\u00bb1&#8243; collapsible=\u00bbyes\u00bb style=\u00bbtoggle\u00bb title=\u00bbSobre el Laboratorio\u00ab][vc_accordion_tab title=\u00bbSobre el Laboratorio\u00ab][vc_column_text] El Laboratorio de Comunicaciones Cu\u00e1nticas es un ambiente de desarrollo de nuevas tecnolog\u00edas para generaci\u00f3n, manipulaci\u00f3n, transmisi\u00f3n y detecci\u00f3n de fotones \u00fanicos. Las aplicaciones de estas tecnolog\u00edas se&#8230;<\/p>\n","protected":false},"author":1,"featured_media":0,"parent":648,"menu_order":0,"comment_status":"closed","ping_status":"closed","template":"","meta":{"_exactmetrics_skip_tracking":false,"_exactmetrics_sitenote_active":false,"_exactmetrics_sitenote_note":"","_exactmetrics_sitenote_category":0,"footnotes":""},"class_list":["post-1021","page","type-page","status-publish","hentry"],"_links":{"self":[{"href":"http:\/\/www.ele.puc-rio.br\/es\/wp-json\/wp\/v2\/pages\/1021\/"}],"collection":[{"href":"http:\/\/www.ele.puc-rio.br\/es\/wp-json\/wp\/v2\/pages\/"}],"about":[{"href":"http:\/\/www.ele.puc-rio.br\/es\/wp-json\/wp\/v2\/types\/page\/"}],"author":[{"embeddable":true,"href":"http:\/\/www.ele.puc-rio.br\/es\/wp-json\/wp\/v2\/users\/1\/"}],"replies":[{"embeddable":true,"href":"http:\/\/www.ele.puc-rio.br\/es\/wp-json\/wp\/v2\/comments\/?post=1021"}],"version-history":[{"count":2,"href":"http:\/\/www.ele.puc-rio.br\/es\/wp-json\/wp\/v2\/pages\/1021\/revisions\/"}],"predecessor-version":[{"id":1023,"href":"http:\/\/www.ele.puc-rio.br\/es\/wp-json\/wp\/v2\/pages\/1021\/revisions\/1023\/"}],"up":[{"embeddable":true,"href":"http:\/\/www.ele.puc-rio.br\/es\/wp-json\/wp\/v2\/pages\/648\/"}],"wp:attachment":[{"href":"http:\/\/www.ele.puc-rio.br\/es\/wp-json\/wp\/v2\/media\/?parent=1021"}],"curies":[{"name":"wp","href":"https:\/\/api.w.org\/{rel}","templated":true}]}}