{"id":990,"date":"2019-01-13T21:25:58","date_gmt":"2019-01-13T21:25:58","guid":{"rendered":"http:\/\/wp2.ele.puc-rio.br\/?page_id=990"},"modified":"2019-02-13T14:26:47","modified_gmt":"2019-02-13T14:26:47","slug":"ica","status":"publish","type":"page","link":"http:\/\/www.ele.puc-rio.br\/en\/laboratorios\/ica\/","title":{"rendered":"APPLIED COMPUTATIONAL INTELLIGENCE"},"content":{"rendered":"<p>[vc_row css_animation=&#8221;&#8221; row_type=&#8221;row&#8221; use_row_as_full_screen_section=&#8221;no&#8221; type=&#8221;full_width&#8221; angled_section=&#8221;no&#8221; text_align=&#8221;left&#8221; background_image_as_pattern=&#8221;without_pattern&#8221;][vc_column][vc_accordion active_tab=&#8221;1&#8243; collapsible=&#8221;yes&#8221; style=&#8221;toggle&#8221; title=&#8221;Brief Background&#8221;][vc_accordion_tab title=&#8221;<a>Brief Background<\/a>&#8220;][vc_column_text]<\/p>\r\n<p>Since 1993, ICA has been working in the development of decision support systems, attracting some of PUC-Rio&#8217;s best students and employing almost 100% of its doctoral students. Its team is currently made up of over 60 staff and 15 doctors. Situated in the Cardeal Leme building, it has three laboratories (total area of around 150 m\u00b2) where 80 people work, and three clusters (PCs and GPU). In 2013, ICA moves to bigger premises (around 240 m\u00b2) in the new NRCP building in the university campus.<\/p>\r\n<p>[\/vc_column_text][\/vc_accordion_tab][vc_accordion_tab title=&#8221;Area of Work&#8221;][vc_column_text]<\/p>\r\n<p>ICA is part of the Department of Electrical Engineering at PUC-Rio. It works in the development of technologies for smart decision support systems. It focuses on applied research and its swift transformation into technological products of interest to large Brazilian businesses. In its work, ICA galvanizes human resources and directs research towards the resolution of business problems, responding rapidly and flexibly to any customer request.<\/p>\r\n<p>&nbsp;<\/p>\r\n<p>ICA&#8217;s mission is to supply decision support software in line with its customers business needs, which translates into enhanced competitiveness, quality, and cost reductions. Our solutions combine rapid development, innovation and flexibility so that the businesses that depend on software to support their key areas can obtain concrete results through improved processes.<\/p>\r\n<p>&nbsp;<\/p>\r\n<p>ICA has extensive experience in the development and application of smart models to support decision processes in different areas, such as oil exploration and production, energy and nanotechnology. We conduct research and development in partnership with a wide range of companies, including Petrobras, TAG, Vale, ONS, Light, Plena, Furnas, Taesa, Souza Cruz, Eletrobr\u00e1s, Embratel and PUC-Rio. ICA&#8217;s specialties include: smart inference, forecasting and optimization systems, economic and risk analysis under uncertainty, development of proxies under uncertainty, data processing and data mining, distributed and cooperative computing, synthesis and characterization of new nanometric devices.<\/p>\r\n<p>[\/vc_column_text][\/vc_accordion_tab][vc_accordion_tab title=&#8221;Importance\/Impacts&#8221;][vc_column_text]<\/p>\r\n<p>ICA has its own laboratory equipped with the advanced computer infrastructure needed for its scientific research activities. Its collaborators have produced more than 350 articles, three books, 25 doctoral theses and 43 master&#8217;s dissertations. It also won four Petrobras Technology Awards in 2005, 2007, 2008 and 2010.<\/p>\r\n<p>One of the main results achieved by ICA&#8217;s in its projects in partnership with Petrobras is the OCTOPUS system, which provides a decision support environment integrated to the E&amp;P area, jointly optimizing the trajectory and location of wells using reservoir simulation. It also has SMARt, a modular decision support system for optimizing oil refinery scheduling, and CONFPETRO, a system for profiling human reliability for different oil industry areas.<\/p>\r\n<p>ICA stands out in the electricity industry for its work in the areas of planning and operations, control, programming, generation, energy efficiency, distribution, commercialization, forecasting, risk analysis, environment, quality and human reliability, inference and modeling. The projects for this sector include: a smart decision support system for the recovery of losses by fraud and for the profiling of perpetrators of fraud, and a strategic planning support system for the commercialization of energy.<\/p>\r\n<p>[\/vc_column_text][\/vc_accordion_tab][vc_accordion_tab title=&#8221;Contact Information&#8221;][vc_column_text]<\/p>\r\n<p><span class=\"txt\"><strong>Lead Professor(s):<\/strong><\/span><br \/>\r\n<span class=\"txt\">Marco Aur\u00e9lio C. Pacheco e Marley Vallesco<\/span><\/p>\r\n<p><span class=\"txt\"><strong>Address:<\/strong><\/span><br \/>\r\n<span class=\"txt\">Rua Marqu\u00eas de S\u00e3o Vicente 225, Pr\u00e9dio Cardeal Leme, 6\u00ba andar, Sala 612 &#8211; G\u00e1vea, Rio de Janeiro &#8211; RJ<\/span><\/p>\r\n<p><span class=\"txt\"><strong>Tel:<\/strong><\/span><br \/>\r\n<span class=\"txt\">(+55 21) 3527-1207<\/span><br \/>\r\n<span class=\"txt\">(+55 21) 3527-1221<\/span><br \/>\r\n<span class=\"txt\">(+55 21) 3527-1634<\/span><\/p>\r\n<p><span class=\"txt\"><strong>Find out more at:<\/strong><\/span><br \/>\r\n<a href=\"http:\/\/www.ele.puc-rio.br\/graduacao\/ica.ele.puc-rio.br\">\u2022 www.ica.ele.puc-rio.br<\/a><\/p>\r\n<p>[\/vc_column_text][\/vc_accordion_tab][\/vc_accordion][vc_empty_space height=&#8221;50px&#8221;][\/vc_column][\/vc_row]<\/p>","protected":false},"excerpt":{"rendered":"<p>[vc_row css_animation=&#8221;&#8221; row_type=&#8221;row&#8221; use_row_as_full_screen_section=&#8221;no&#8221; type=&#8221;full_width&#8221; angled_section=&#8221;no&#8221; text_align=&#8221;left&#8221; background_image_as_pattern=&#8221;without_pattern&#8221;][vc_column][vc_accordion active_tab=&#8221;1&#8243; collapsible=&#8221;yes&#8221; style=&#8221;toggle&#8221; title=&#8221;Brief Background&#8221;][vc_accordion_tab title=&#8221;Brief Background&#8220;][vc_column_text] Since 1993, ICA has been working in the development of decision support systems, attracting some of PUC-Rio&#8217;s best students and employing almost 100% of its doctoral students. Its team is&#8230;<\/p>\n","protected":false},"author":1,"featured_media":0,"parent":647,"menu_order":0,"comment_status":"closed","ping_status":"closed","template":"","meta":{"_exactmetrics_skip_tracking":false,"_exactmetrics_sitenote_active":false,"_exactmetrics_sitenote_note":"","_exactmetrics_sitenote_category":0,"footnotes":""},"class_list":["post-990","page","type-page","status-publish","hentry"],"_links":{"self":[{"href":"http:\/\/www.ele.puc-rio.br\/en\/wp-json\/wp\/v2\/pages\/990\/"}],"collection":[{"href":"http:\/\/www.ele.puc-rio.br\/en\/wp-json\/wp\/v2\/pages\/"}],"about":[{"href":"http:\/\/www.ele.puc-rio.br\/en\/wp-json\/wp\/v2\/types\/page\/"}],"author":[{"embeddable":true,"href":"http:\/\/www.ele.puc-rio.br\/en\/wp-json\/wp\/v2\/users\/1\/"}],"replies":[{"embeddable":true,"href":"http:\/\/www.ele.puc-rio.br\/en\/wp-json\/wp\/v2\/comments\/?post=990"}],"version-history":[{"count":4,"href":"http:\/\/www.ele.puc-rio.br\/en\/wp-json\/wp\/v2\/pages\/990\/revisions\/"}],"predecessor-version":[{"id":994,"href":"http:\/\/www.ele.puc-rio.br\/en\/wp-json\/wp\/v2\/pages\/990\/revisions\/994\/"}],"up":[{"embeddable":true,"href":"http:\/\/www.ele.puc-rio.br\/en\/wp-json\/wp\/v2\/pages\/647\/"}],"wp:attachment":[{"href":"http:\/\/www.ele.puc-rio.br\/en\/wp-json\/wp\/v2\/media\/?parent=990"}],"curies":[{"name":"wp","href":"https:\/\/api.w.org\/{rel}","templated":true}]}}