{"id":729,"date":"2019-01-10T12:21:38","date_gmt":"2019-01-10T12:21:38","guid":{"rendered":"http:\/\/wp2.ele.puc-rio.br\/?page_id=729"},"modified":"2019-02-22T19:14:43","modified_gmt":"2019-02-22T19:14:43","slug":"corpotecnicoeadministrativo","status":"publish","type":"page","link":"http:\/\/www.ele.puc-rio.br\/en\/corpotecnicoeadministrativo\/","title":{"rendered":"ADMINISTRATIVE STAFF"},"content":{"rendered":"<p>[vc_row css_animation=&#8221;&#8221; row_type=&#8221;row&#8221; use_row_as_full_screen_section=&#8221;no&#8221; type=&#8221;full_width&#8221; angled_section=&#8221;no&#8221; text_align=&#8221;left&#8221; background_image_as_pattern=&#8221;without_pattern&#8221;][vc_column][vc_empty_space][vc_row_inner row_type=&#8221;row&#8221; type=&#8221;full_width&#8221; text_align=&#8221;left&#8221; css_animation=&#8221;&#8221;][vc_column_inner width=&#8221;1\/4&#8243;][vc_single_image image=&#8221;365&#8243; img_size=&#8221;full&#8221; style=&#8221;vc_box_outline&#8221; border_color=&#8221;sandy_brown&#8221; qode_css_animation=&#8221;&#8221;][vc_column_text]<\/p>\r\n<p><span style=\"font-size: 10pt;\"><strong>Nome:\u00a0<\/strong>BRUNO XIMENES DE PAIVA\u00a0<\/span><br \/>\r\n<span style=\"font-size: 10pt;\"><strong>Cargo:\u00a0<\/strong>Auxiliar<br \/>\r\n<\/span><span style=\"font-size: 10pt;\"><strong>E-mail:\u00a0<\/strong>bruno@ele.puc-rio.br<\/span><\/p>\r\n<p>[\/vc_column_text][\/vc_column_inner][vc_column_inner width=&#8221;1\/4&#8243;][vc_single_image image=&#8221;366&#8243; img_size=&#8221;full&#8221; style=&#8221;vc_box_outline&#8221; border_color=&#8221;sandy_brown&#8221; qode_css_animation=&#8221;&#8221;][vc_column_text]<\/p>\r\n<p><span style=\"font-size: 10pt;\"><strong>Nome:\u00a0<\/strong>CARLOS AFONSO PACHECO CAMPOS\u00a0<\/span><br \/>\r\n<span style=\"font-size: 10pt;\"><strong>Cargo:\u00a0<\/strong>T\u00e9cnico de laborat\u00f3rio (Eletrot\u00e9cnica)<br \/>\r\n<\/span><span style=\"font-size: 10pt;\"><strong>E-mail:\u00a0<\/strong>cafonso@ele.puc-rio.br<\/span><\/p>\r\n<p>[\/vc_column_text][\/vc_column_inner][vc_column_inner width=&#8221;1\/4&#8243;][vc_single_image image=&#8221;367&#8243; img_size=&#8221;full&#8221; style=&#8221;vc_box_outline&#8221; border_color=&#8221;sandy_brown&#8221; qode_css_animation=&#8221;&#8221;][vc_column_text]<\/p>\r\n<p><span style=\"font-size: 10pt;\"><strong>Nome:\u00a0<\/strong>DANILO FERREIRA\u00a0<\/span><br \/>\r\n<span style=\"font-size: 10pt;\"><strong>Cargo:\u00a0<\/strong>Auxiliar<br \/>\r\n<\/span><span style=\"font-size: 10pt;\"><strong>E-mail:\u00a0<\/strong>danilo@ele.puc-rio.br<\/span><\/p>\r\n<p>[\/vc_column_text][\/vc_column_inner][vc_column_inner width=&#8221;1\/4&#8243;][vc_single_image image=&#8221;368&#8243; img_size=&#8221;1312&#215;1749&#8243; style=&#8221;vc_box_outline&#8221; border_color=&#8221;sandy_brown&#8221; qode_css_animation=&#8221;&#8221;][vc_column_text]<\/p>\r\n<p><span style=\"font-size: 10pt;\"><strong>Nome:\u00a0<\/strong>EVANDRO COSTA DOS REIS\u00a0<\/span><br \/>\r\n<span style=\"font-size: 10pt;\"><strong>Cargo:\u00a0<\/strong>T\u00e9cnico de laborat\u00f3rio (Eletr\u00f4nica)<\/span><\/p>\r\n<p><span style=\"font-size: 10pt;\"><strong>E-mail:\u00a0<\/strong>evandro@ele.puc-rio.br<\/span><\/p>\r\n<p>[\/vc_column_text][\/vc_column_inner][\/vc_row_inner][vc_row_inner row_type=&#8221;row&#8221; type=&#8221;full_width&#8221; text_align=&#8221;left&#8221; css_animation=&#8221;&#8221; css=&#8221;.vc_custom_1546023120812{margin-top: 35px !important;}&#8221;][vc_column_inner width=&#8221;1\/4&#8243;][vc_single_image image=&#8221;369&#8243; img_size=&#8221;full&#8221; style=&#8221;vc_box_outline&#8221; border_color=&#8221;sandy_brown&#8221; qode_css_animation=&#8221;&#8221;][vc_column_text]<\/p>\r\n<p><span style=\"font-size: 10pt;\"><strong>Nome:\u00a0<\/strong>ISNARDE ANTONIO ERNESTO\u00a0<\/span><br \/>\r\n<span style=\"font-size: 10pt;\"><strong>Cargo:\u00a0<\/strong>Suporte t\u00e9cnico<br \/>\r\n<\/span><span style=\"font-size: 10pt;\"><strong>E-mail:\u00a0<\/strong>isnarde@ele.puc-rio.br<\/span><\/p>\r\n<p>[\/vc_column_text][\/vc_column_inner][vc_column_inner width=&#8221;1\/4&#8243;][vc_single_image image=&#8221;374&#8243; img_size=&#8221;1312&#215;1749&#8243; style=&#8221;vc_box_outline&#8221; border_color=&#8221;sandy_brown&#8221; qode_css_animation=&#8221;&#8221;][vc_column_text]<\/p>\r\n<p><span style=\"font-size: 10pt;\"><strong>Nome:\u00a0<\/strong>LU\u00cdS F. V. GOMES\u00a0<\/span><br \/>\r\n<span style=\"font-size: 10pt;\"><strong>Cargo:\u00a0<\/strong>Gerente de T.I.<br \/>\r\n<\/span><span style=\"font-size: 10pt;\"><strong>E-mail:\u00a0<\/strong>lf@ele.puc-rio.br<\/span><br \/>\r\n<span style=\"font-size: 10pt;\"><a href=\"http:\/\/lattes.cnpq.br\/6577273081687333\" target=\"_blank\" rel=\"noopener\">CURRICULUM LATTES<\/a><\/span><\/p>\r\n<p>[\/vc_column_text][\/vc_column_inner][vc_column_inner width=&#8221;1\/4&#8243;][vc_single_image image=&#8221;370&#8243; img_size=&#8221;1312&#215;1749&#8243; style=&#8221;vc_box_outline&#8221; border_color=&#8221;sandy_brown&#8221; qode_css_animation=&#8221;&#8221;][vc_column_text]<\/p>\r\n<p><span style=\"font-size: 10pt;\"><strong>Nome:\u00a0<\/strong>MANUEL RAMOS MARTINS\u00a0<\/span><br \/>\r\n<span style=\"font-size: 10pt;\"><strong>Cargo:\u00a0<\/strong>T\u00e9cnico de laborat\u00f3rio (Eletr\u00f4nica)<br \/>\r\n<\/span><span style=\"font-size: 10pt;\"><strong>E-mail:\u00a0<\/strong>manuel@ele.puc-rio.br<\/span><\/p>\r\n<p>[\/vc_column_text][\/vc_column_inner][vc_column_inner width=&#8221;1\/4&#8243;][vc_single_image image=&#8221;371&#8243; img_size=&#8221;1312&#215;1749&#8243; style=&#8221;vc_box_outline&#8221; border_color=&#8221;sandy_brown&#8221; qode_css_animation=&#8221;&#8221;][vc_column_text]<\/p>\r\n<p><span style=\"font-size: 10pt;\"><strong>Nome:\u00a0<\/strong>MARCIA BRUM GUERRA GOMES\u00a0<\/span><br \/>\r\n<span style=\"font-size: 10pt;\"><strong>Cargo:\u00a0<\/strong>Assessora da dire\u00e7\u00e3o<br \/>\r\n<\/span><span style=\"font-size: 10pt;\"><strong>E-mail:\u00a0<\/strong>marcia@ele.puc-rio.br<\/span><\/p>\r\n<p>[\/vc_column_text][\/vc_column_inner][\/vc_row_inner][vc_row_inner row_type=&#8221;row&#8221; type=&#8221;full_width&#8221; text_align=&#8221;left&#8221; css_animation=&#8221;&#8221; css=&#8221;.vc_custom_1546023120812{margin-top: 35px !important;}&#8221;][vc_column_inner width=&#8221;1\/4&#8243;][vc_single_image image=&#8221;372&#8243; img_size=&#8221;full&#8221; style=&#8221;vc_box_outline&#8221; border_color=&#8221;sandy_brown&#8221; qode_css_animation=&#8221;&#8221;][vc_column_text]<\/p>\r\n<p><span style=\"font-size: 10pt;\"><strong>Nome:\u00a0<\/strong>RAFAEL DOS SANTOS\u00a0<\/span><br \/>\r\n<span style=\"font-size: 10pt;\"><strong>Cargo:\u00a0<\/strong>Secret\u00e1rio da Gradua\u00e7\u00e3o<br \/>\r\n<\/span><span style=\"font-size: 10pt;\"><strong>E-mail:\u00a0<\/strong>rsantos@ele.puc-rio.br<\/span><\/p>\r\n<p>[\/vc_column_text][\/vc_column_inner][vc_column_inner width=&#8221;1\/4&#8243;][vc_single_image image=&#8221;373&#8243; img_size=&#8221;1312&#215;1749&#8243; style=&#8221;vc_box_outline&#8221; border_color=&#8221;sandy_brown&#8221; qode_css_animation=&#8221;&#8221;][vc_column_text]<\/p>\r\n<p><span style=\"font-size: 10pt;\"><strong>Nome:\u00a0<\/strong>T\u00c9O ROMANO\u00a0<\/span><br \/>\r\n<span style=\"font-size: 10pt;\"><strong>Cargo:\u00a0<\/strong>Secret\u00e1rio da P\u00f3s-Gradua\u00e7\u00e3o<br \/>\r\n<\/span><span style=\"font-size: 10pt;\"><strong>E-mail:\u00a0<\/strong>romano@ele.puc-rio.br<\/span><\/p>\r\n<p>[\/vc_column_text][\/vc_column_inner][vc_column_inner width=&#8221;1\/4&#8243;][\/vc_column_inner][vc_column_inner width=&#8221;1\/4&#8243;][\/vc_column_inner][\/vc_row_inner][\/vc_column][\/vc_row][vc_row css_animation=&#8221;&#8221; row_type=&#8221;row&#8221; use_row_as_full_screen_section=&#8221;no&#8221; type=&#8221;full_width&#8221; angled_section=&#8221;no&#8221; text_align=&#8221;left&#8221; background_image_as_pattern=&#8221;without_pattern&#8221;][vc_column][vc_empty_space][vc_empty_space][\/vc_column][\/vc_row]<\/p>","protected":false},"excerpt":{"rendered":"<p>[vc_row css_animation=&#8221;&#8221; row_type=&#8221;row&#8221; use_row_as_full_screen_section=&#8221;no&#8221; type=&#8221;full_width&#8221; angled_section=&#8221;no&#8221; text_align=&#8221;left&#8221; background_image_as_pattern=&#8221;without_pattern&#8221;][vc_column][vc_empty_space][vc_row_inner row_type=&#8221;row&#8221; type=&#8221;full_width&#8221; text_align=&#8221;left&#8221; css_animation=&#8221;&#8221;][vc_column_inner width=&#8221;1\/4&#8243;][vc_single_image image=&#8221;365&#8243; img_size=&#8221;full&#8221; style=&#8221;vc_box_outline&#8221; border_color=&#8221;sandy_brown&#8221; qode_css_animation=&#8221;&#8221;][vc_column_text] Nome:\u00a0BRUNO XIMENES DE PAIVA\u00a0 Cargo:\u00a0Auxiliar E-mail:\u00a0bruno@ele.puc-rio.br [\/vc_column_text][\/vc_column_inner][vc_column_inner width=&#8221;1\/4&#8243;][vc_single_image image=&#8221;366&#8243; img_size=&#8221;full&#8221; style=&#8221;vc_box_outline&#8221; border_color=&#8221;sandy_brown&#8221; qode_css_animation=&#8221;&#8221;][vc_column_text] Nome:\u00a0CARLOS AFONSO PACHECO CAMPOS\u00a0 Cargo:\u00a0T\u00e9cnico de laborat\u00f3rio (Eletrot\u00e9cnica) E-mail:\u00a0cafonso@ele.puc-rio.br [\/vc_column_text][\/vc_column_inner][vc_column_inner width=&#8221;1\/4&#8243;][vc_single_image image=&#8221;367&#8243; img_size=&#8221;full&#8221; style=&#8221;vc_box_outline&#8221;&#8230;<\/p>\n","protected":false},"author":1,"featured_media":0,"parent":0,"menu_order":0,"comment_status":"closed","ping_status":"closed","template":"","meta":{"_exactmetrics_skip_tracking":false,"_exactmetrics_sitenote_active":false,"_exactmetrics_sitenote_note":"","_exactmetrics_sitenote_category":0,"footnotes":""},"class_list":["post-729","page","type-page","status-publish","hentry"],"_links":{"self":[{"href":"http:\/\/www.ele.puc-rio.br\/en\/wp-json\/wp\/v2\/pages\/729\/"}],"collection":[{"href":"http:\/\/www.ele.puc-rio.br\/en\/wp-json\/wp\/v2\/pages\/"}],"about":[{"href":"http:\/\/www.ele.puc-rio.br\/en\/wp-json\/wp\/v2\/types\/page\/"}],"author":[{"embeddable":true,"href":"http:\/\/www.ele.puc-rio.br\/en\/wp-json\/wp\/v2\/users\/1\/"}],"replies":[{"embeddable":true,"href":"http:\/\/www.ele.puc-rio.br\/en\/wp-json\/wp\/v2\/comments\/?post=729"}],"version-history":[{"count":1,"href":"http:\/\/www.ele.puc-rio.br\/en\/wp-json\/wp\/v2\/pages\/729\/revisions\/"}],"predecessor-version":[{"id":730,"href":"http:\/\/www.ele.puc-rio.br\/en\/wp-json\/wp\/v2\/pages\/729\/revisions\/730\/"}],"wp:attachment":[{"href":"http:\/\/www.ele.puc-rio.br\/en\/wp-json\/wp\/v2\/media\/?parent=729"}],"curies":[{"name":"wp","href":"https:\/\/api.w.org\/{rel}","templated":true}]}}