{"id":701,"date":"2019-01-10T12:04:19","date_gmt":"2019-01-10T12:04:19","guid":{"rendered":"http:\/\/wp2.ele.puc-rio.br\/?page_id=701"},"modified":"2019-04-17T13:35:42","modified_gmt":"2019-04-17T16:35:42","slug":"corpodocente-2","status":"publish","type":"page","link":"http:\/\/www.ele.puc-rio.br\/en\/corpodocente-2\/","title":{"rendered":"FACULTY"},"content":{"rendered":"<p>[vc_row css_animation=&#8221;&#8221; row_type=&#8221;row&#8221; use_row_as_full_screen_section=&#8221;no&#8221; type=&#8221;full_width&#8221; angled_section=&#8221;no&#8221; text_align=&#8221;left&#8221; background_image_as_pattern=&#8221;without_pattern&#8221;][vc_column][vc_empty_space][vc_column_text]<\/p>\r\n<h2><span style=\"font-size: 24pt;\">Main Faculty<\/span><\/h2>\r\n<p>[\/vc_column_text][vc_empty_space][vc_row_inner row_type=&#8221;row&#8221; type=&#8221;full_width&#8221; text_align=&#8221;left&#8221; css_animation=&#8221;&#8221;][vc_column_inner width=&#8221;1\/4&#8243;][vc_single_image image=&#8221;275&#8243; img_size=&#8221;full&#8221; style=&#8221;vc_box_outline&#8221; border_color=&#8221;sandy_brown&#8221; qode_css_animation=&#8221;&#8221;][vc_column_text]<\/p>\r\n<p><span style=\"font-size: 10pt;\"><strong>Name: <\/strong>ALEXANDRE STREET DE AGUIAR\u00a0<\/span><br \/>\r\n<span style=\"font-size: 10pt;\"><strong>Academic background\/Institution\u00a0: <\/strong>Doctor, PUC-Rio, Brasil<\/span><\/p>\r\n<p><span style=\"font-size: 10pt;\"><strong>Research Area<br \/>\r\n<\/strong><\/span><span style=\"font-size: 10pt;\">Robust and stochastic models for power system operation and planning.<br \/>\r\n<\/span><span style=\"font-size: 10pt;\">Optimization and time-series models for power-system economics and renewable energy.<br \/>\r\n<\/span><span style=\"font-size: 10pt;\">Decision theory and multistage stochastic optimization.<\/span><\/p>\r\n<p><span style=\"font-size: 10pt;\"><strong>E-mail:\u00a0<\/strong>street@ele.puc-rio.br<\/span><br \/>\r\n<strong><span style=\"font-size: 10pt;\"><a href=\"http:\/\/lattes.cnpq.br\/6677797217339969\" target=\"_blank\" rel=\"noopener noreferrer\">CURRICULUM LATTES<\/a><\/span><\/strong><\/p>\r\n<p>[\/vc_column_text][\/vc_column_inner][vc_column_inner width=&#8221;1\/4&#8243;][vc_single_image image=&#8221;276&#8243; img_size=&#8221;full&#8221; style=&#8221;vc_box_outline&#8221; border_color=&#8221;sandy_brown&#8221; qode_css_animation=&#8221;&#8221;][vc_column_text]<\/p>\r\n<p><span style=\"font-size: 10pt;\"><strong>Name: <\/strong>ALVARO DE LIMA VEIGA FILHO\u00a0<\/span><br \/>\r\n<span style=\"font-size: 10pt;\"><strong>Academic background\/Institution\u00a0: <\/strong>Doctor, ENST, Fran\u00e7a<\/span><\/p>\r\n<p><span style=\"font-size: 10pt;\"><strong>Research Area <\/strong><\/span><br \/>\r\n<span style=\"font-size: 10pt;\">Non-linear statistical models.<\/span><\/p>\r\n<p><span style=\"font-size: 10pt;\"><strong>E-mail:\u00a0<\/strong>alvf@ele.puc-rio.br<\/span><br \/>\r\n<strong><span style=\"font-size: 10pt;\"><a href=\"http:\/\/lattes.cnpq.br\/8855081325345654\" target=\"_blank\" rel=\"noopener noreferrer\">CURRICULUM LATTES<\/a><\/span><\/strong><\/p>\r\n<p>[\/vc_column_text][\/vc_column_inner][vc_column_inner width=&#8221;1\/4&#8243;][vc_single_image image=&#8221;290&#8243; img_size=&#8221;full&#8221; style=&#8221;vc_box_outline&#8221; border_color=&#8221;sandy_brown&#8221; qode_css_animation=&#8221;&#8221;][vc_column_text]<\/p>\r\n<p><span style=\"font-size: 10pt;\"><strong>Name: <\/strong>ANTONIO CANDEA LEITE\u00a0<\/span><br \/>\r\n<span style=\"font-size: 10pt;\"><strong>Academic background\/Institution\u00a0: <\/strong>Doctor in Science, COPPE\/UFRJ, Brasil<\/span><\/p>\r\n<p><span style=\"font-size: 10pt;\"><strong>Research Area <\/strong><\/span><br \/>\r\n<span style=\"font-size: 10pt;\">Control, Automation and Robotics<\/span><\/p>\r\n<p><span style=\"font-size: 10pt;\"><strong>E-mail:\u00a0<\/strong>antonio@ele.puc-rio.br<\/span><br \/>\r\n<strong><span style=\"font-size: 10pt;\"><a href=\"http:\/\/lattes.cnpq.br\/2182811805491668\" target=\"_blank\" rel=\"noopener noreferrer\">CURRICULUM LATTES<\/a><\/span><\/strong><\/p>\r\n<p>[\/vc_column_text][\/vc_column_inner][vc_column_inner width=&#8221;1\/4&#8243;][vc_single_image image=&#8221;291&#8243; img_size=&#8221;1312&#215;1749&#8243; style=&#8221;vc_box_outline&#8221; border_color=&#8221;sandy_brown&#8221; qode_css_animation=&#8221;&#8221;][vc_column_text]<\/p>\r\n<p><span style=\"font-size: 10pt;\"><strong>Name: <\/strong>ARMANDO MARTINS LEITE DA SILVA\u00a0<\/span><br \/>\r\n<span style=\"font-size: 10pt;\"><strong>Academic background\/Institution\u00a0: <\/strong>Doctor, University of Manchester, Inglaterra<\/span><\/p>\r\n<p><span style=\"font-size: 10pt;\"><strong>Research Area<\/strong><\/span><br \/>\r\n<span style=\"font-size: 10pt;\">Reliability, risk assessment, and planning of power systems.<\/span><\/p>\r\n<p><span style=\"font-size: 10pt;\"><strong>E-mail:\u00a0<\/strong>armando@ele.puc-rio.br<\/span><br \/>\r\n<strong><span style=\"font-size: 10pt;\"><a href=\"http:\/\/buscatextual.cnpq.br\/buscatextual\/visualizacv.do?id=K4783026Y2\" target=\"_blank\" rel=\"noopener noreferrer\">CURRICULO LATTES<\/a><\/span><\/strong><\/p>\r\n<p>[\/vc_column_text][\/vc_column_inner][\/vc_row_inner][vc_row_inner row_type=&#8221;row&#8221; type=&#8221;full_width&#8221; text_align=&#8221;left&#8221; css_animation=&#8221;&#8221; css=&#8221;.vc_custom_1546023120812{margin-top: 35px !important;}&#8221;][vc_column_inner width=&#8221;1\/4&#8243;][vc_single_image image=&#8221;293&#8243; img_size=&#8221;full&#8221; style=&#8221;vc_box_outline&#8221; border_color=&#8221;sandy_brown&#8221; qode_css_animation=&#8221;&#8221;][vc_column_text]<\/p>\r\n<p><span style=\"font-size: 10pt;\"><strong>Name: <\/strong>CRISTIANO AUGUSTO COELHO FERNANDES\u00a0<\/span><br \/>\r\n<span style=\"font-size: 10pt;\"><strong>Academic background\/Institution\u00a0: <\/strong>Doctor, London School of Economics, Inglaterra<\/span><\/p>\r\n<p><span style=\"font-size: 10pt;\"><strong>Research Area<\/strong><\/span><br \/>\r\n<span style=\"font-size: 10pt;\">Development of time series models with time varying<br \/>\r\ncoefficients with applications in Energy,<br \/>\r\nInsurance, Finance and Retail.<\/span><\/p>\r\n<p><span style=\"font-size: 10pt;\"><strong>E-mail:\u00a0<\/strong>cris@ele.puc-rio.br<\/span><br \/>\r\n<strong><span style=\"font-size: 10pt;\"><a href=\"http:\/\/lattes.cnpq.br\/2149571398618532\" target=\"_blank\" rel=\"noopener noreferrer\">CURRICULUM LATTES<\/a><\/span><\/strong><\/p>\r\n<p>[\/vc_column_text][\/vc_column_inner][vc_column_inner width=&#8221;1\/4&#8243;][vc_single_image image=&#8221;1103&#8243; img_size=&#8221;1312&#215;1749&#8243; style=&#8221;vc_box_outline&#8221; border_color=&#8221;sandy_brown&#8221; qode_css_animation=&#8221;&#8221;][vc_column_text]<\/p>\r\n<p><span style=\"font-size: 10pt;\"><strong>Name: <\/strong>DELBERIS ARAUJO LIMA\u00a0<\/span><br \/>\r\n<span style=\"font-size: 10pt;\"><strong>Academic background\/Institution\u00a0: <\/strong>Doctor, UNESP\/FEIS, Brasil<\/span><\/p>\r\n<p><span style=\"font-size: 10pt;\"><strong>Research Area<br \/>\r\n<\/strong><\/span><span style=\"font-size: 10pt;\">Planning of electric power systems,<br \/>\r\nElectricity Market,<br \/>\r\n<\/span><span style=\"font-size: 10pt;\">Smart-grid.<\/span><\/p>\r\n<p><span style=\"font-size: 10pt;\"><strong>E-mail:\u00a0<\/strong>delberis@ele.puc-rio.br<\/span><br \/>\r\n<strong><span style=\"font-size: 10pt;\"><a href=\"http:\/\/buscatextual.cnpq.br\/buscatextual\/visualizacv.do?id=K4773171D1\" target=\"_blank\" rel=\"noopener noreferrer\">CURRICULUM LATTES<\/a><\/span><\/strong><\/p>\r\n<p>[\/vc_column_text][\/vc_column_inner][vc_column_inner width=&#8221;1\/4&#8243;][vc_single_image image=&#8221;281&#8243; img_size=&#8221;1312&#215;1749&#8243; style=&#8221;vc_box_outline&#8221; border_color=&#8221;sandy_brown&#8221; qode_css_animation=&#8221;&#8221;][vc_column_text]<\/p>\r\n<p><span style=\"font-size: 10pt;\"><strong>Name: <\/strong>EDUARDO COSTA DA SILVA\u00a0<\/span><br \/>\r\n<span style=\"font-size: 10pt;\"><strong>Academic background\/Institution\u00a0: <\/strong>Doctor, PUC-Rio, Brasil<\/span><\/p>\r\n<p><span style=\"font-size: 10pt;\"><strong>Research Area<\/strong><\/span><br \/>\r\n<span style=\"font-size: 10pt;\">Electronic Instrumentation, Analog Signal Processing,<br \/>\r\nSensors and Transducers, Electromedical Equipment,<br \/>\r\nUnmanned Aerial Vehicles.<\/span><br \/>\r\n<span style=\"font-size: 10pt;\"><br \/>\r\n<\/span><span style=\"font-size: 10pt;\"><strong>E-mail:\u00a0<\/strong>edusilva@ele.puc-rio.br<\/span><br \/>\r\n<span style=\"font-size: 10pt;\"><strong><a href=\"http:\/\/lattes.cnpq.br\/3248166666175748\" target=\"_blank\" rel=\"noopener noreferrer\">CURRICULUM LATTES<\/a><\/strong><\/span><\/p>\r\n<p>[\/vc_column_text][\/vc_column_inner][vc_column_inner width=&#8221;1\/4&#8243;][vc_single_image image=&#8221;324&#8243; img_size=&#8221;1312&#215;1749&#8243; style=&#8221;vc_box_outline&#8221; border_color=&#8221;sandy_brown&#8221; qode_css_animation=&#8221;&#8221;][vc_column_text]<\/p>\r\n<p><span style=\"font-size: 10pt;\"><strong>Name: <\/strong>MARLEY M B REBUZZI VELLASCO\u00a0<\/span><br \/>\r\n<span style=\"font-size: 10pt;\"><strong>Academic background\/Institution\u00a0: <\/strong>Doutora, University College London, Inglaterra<\/span><\/p>\r\n<p><span style=\"font-size: 10pt;\"><strong>Research Area<br \/>\r\n<\/strong><\/span><span style=\"font-size: 10pt;\">Computational Intelligence: Neural Networks,<br \/>\r\nFuzzy Logic, Evolutionary Computation,<br \/>\r\nHybrid Intelligent Systems.<\/span><\/p>\r\n<p><span style=\"font-size: 10pt;\"><strong>E-mail:\u00a0<\/strong>marley@ele.puc-rio.br<\/span><br \/>\r\n<strong><span style=\"font-size: 10pt;\"><a href=\"http:\/\/buscatextual.cnpq.br\/buscatextual\/visualizacv.do?id=K4781818T3\" target=\"_blank\" rel=\"noopener noreferrer\">CURRICULUM LATTES<\/a><\/span><\/strong><\/p>\r\n<p>[\/vc_column_text][\/vc_column_inner][\/vc_row_inner][vc_row_inner row_type=&#8221;row&#8221; type=&#8221;full_width&#8221; text_align=&#8221;left&#8221; css_animation=&#8221;&#8221; css=&#8221;.vc_custom_1546023120812{margin-top: 35px !important;}&#8221;][vc_column_inner width=&#8221;1\/4&#8243;][vc_single_image image=&#8221;282&#8243; img_size=&#8221;full&#8221; style=&#8221;vc_box_outline&#8221; border_color=&#8221;sandy_brown&#8221; qode_css_animation=&#8221;&#8221;][vc_column_text]<\/p>\r\n<p><span style=\"font-size: 10pt;\"><strong>Name: <\/strong>MAURO SCHWANKE DA SILVA\u00a0<\/span><br \/>\r\n<span style=\"font-size: 10pt;\"><strong>Academic background\/Institution\u00a0: <\/strong>Mestre, PUC-Rio, Brasil<br \/>\r\n<\/span><span style=\"font-size: 10pt;\"><strong>E-mail:\u00a0<\/strong>mauro@ele.puc-rio.br<\/span><\/p>\r\n<p>[\/vc_column_text][\/vc_column_inner][vc_column_inner width=&#8221;1\/4&#8243;][vc_single_image image=&#8221;283&#8243; img_size=&#8221;1312&#215;1749&#8243; style=&#8221;vc_box_outline&#8221; border_color=&#8221;sandy_brown&#8221; qode_css_animation=&#8221;&#8221;][vc_column_text]<\/p>\r\n<p><span style=\"font-size: 10pt;\"><strong>Name: <\/strong>MOIS\u00c9S HENRIQUE SZWARCMAN\u00a0<\/span><br \/>\r\n<span style=\"font-size: 10pt;\"><strong>Academic background\/Institution\u00a0:<br \/>\r\n<\/strong><\/span><span style=\"font-size: 10pt;\"><strong>E-mail:\u00a0<\/strong>moises@ele.puc-rio.br<\/span><\/p>\r\n<p>[\/vc_column_text][\/vc_column_inner][vc_column_inner width=&#8221;1\/4&#8243;][vc_single_image image=&#8221;284&#8243; img_size=&#8221;1312&#215;1749&#8243; style=&#8221;vc_box_outline&#8221; border_color=&#8221;sandy_brown&#8221; qode_css_animation=&#8221;&#8221;][vc_column_text]<\/p>\r\n<p><span style=\"font-size: 10pt;\"><strong>Name: <\/strong>RAUL QUEIROZ FEITOSA\u00a0<\/span><br \/>\r\n<span style=\"font-size: 10pt;\"><strong>Academic background\/Institution\u00a0: <\/strong>Doutor, Erlangen-Nurnberg, Alemanha<\/span><\/p>\r\n<p><span style=\"font-size: 10pt;\"><strong>Research Area<\/strong><\/span><br \/>\r\n<span style=\"font-size: 10pt;\">Image analysis and computer vision<\/span><\/p>\r\n<p><span style=\"font-size: 10pt;\"><strong>E-mail:\u00a0<\/strong>raul@ele.puc-rio.br<\/span><br \/>\r\n<strong><span style=\"font-size: 10pt;\"><a href=\"http:\/\/lattes.cnpq.br\/8934962824316146\" target=\"_blank\" rel=\"noopener noreferrer\">CURRICULUM LATTES<\/a><\/span><\/strong><\/p>\r\n<p>[\/vc_column_text][\/vc_column_inner][vc_column_inner width=&#8221;1\/4&#8243;][vc_single_image image=&#8221;285&#8243; img_size=&#8221;1312&#215;1749&#8243; style=&#8221;vc_box_outline&#8221; border_color=&#8221;sandy_brown&#8221; qode_css_animation=&#8221;&#8221;][vc_column_text]<\/p>\r\n<p><span style=\"font-size: 10pt;\"><strong>Name: <\/strong>RICARDO BERNARDO PRADA\u00a0<\/span><br \/>\r\n<span style=\"font-size: 10pt;\"><strong>Academic background\/Institution\u00a0: <\/strong>Doutor, Imperial College, Inglaterra<\/span><\/p>\r\n<p><span style=\"font-size: 10pt;\"><strong>Research Area<\/strong><\/span><br \/>\r\n<span style=\"font-size: 10pt;\">Operation of electrical systems,<br \/>\r\nvoltage stability,<br \/>\r\nancillary services.<\/span><\/p>\r\n<p><span style=\"font-size: 10pt;\"><strong>E-mail:\u00a0<\/strong>prada@ele.puc-rio.br<\/span><br \/>\r\n<span style=\"font-size: 10pt;\"><strong><a href=\"http:\/\/buscatextual.cnpq.br\/buscatextual\/visualizacv.do?id=K4787978Z5\" target=\"_blank\" rel=\"noopener noreferrer\">CURRICULUM LATTES<\/a><\/strong><\/span><\/p>\r\n<p>[\/vc_column_text][\/vc_column_inner][\/vc_row_inner][vc_row_inner row_type=&#8221;row&#8221; type=&#8221;full_width&#8221; text_align=&#8221;left&#8221; css_animation=&#8221;&#8221; css=&#8221;.vc_custom_1546023120812{margin-top: 35px !important;}&#8221;][vc_column_inner width=&#8221;1\/4&#8243;][vc_single_image image=&#8221;286&#8243; img_size=&#8221;full&#8221; style=&#8221;vc_box_outline&#8221; border_color=&#8221;sandy_brown&#8221; qode_css_animation=&#8221;&#8221;][vc_column_text]<\/p>\r\n<p><span style=\"font-size: 10pt;\"><strong>Name: <\/strong>RICARDO TANSCHEIT\u00a0<\/span><br \/>\r\n<span style=\"font-size: 10pt;\"><strong>Academic background\/Institution\u00a0: <\/strong>Doutor, Queen Mary College, Inglaterra<\/span><\/p>\r\n<p><span style=\"font-size: 10pt;\"><strong>Research Area<\/strong><\/span><br \/>\r\n<span style=\"font-size: 10pt;\">Computational Intelligence:<br \/>\r\nfuzzy logic,<br \/>\r\nhybrid systems and applications.<\/span><\/p>\r\n<p><span style=\"font-size: 10pt;\"><strong>E-mail:\u00a0<\/strong>ricardo@ele.puc-rio.br<\/span><br \/>\r\n<strong><span style=\"font-size: 10pt;\"><a href=\"http:\/\/lattes.cnpq.br\/8206214061481076\" target=\"_blank\" rel=\"noopener noreferrer\">CURRICULUM LATTES<\/a><\/span><\/strong><\/p>\r\n<p>[\/vc_column_text][\/vc_column_inner][vc_column_inner width=&#8221;1\/4&#8243;][vc_single_image image=&#8221;287&#8243; img_size=&#8221;1312&#215;1749&#8243; style=&#8221;vc_box_outline&#8221; border_color=&#8221;sandy_brown&#8221; qode_css_animation=&#8221;&#8221;][vc_column_text]<\/p>\r\n<p><span style=\"font-size: 10pt;\"><strong>Name: <\/strong>WOUTER CAARLS\u00a0<\/span><br \/>\r\n<span style=\"font-size: 10pt;\"><strong>Academic background\/Institution\u00a0: <\/strong>Doutor, Delft University of Technology, Pa\u00edses Baixos<\/span><\/p>\r\n<p><span style=\"font-size: 10pt;\"><strong>Research Area<br \/>\r\n<\/strong><\/span><span style=\"font-size: 10pt;\">Reinforcement learning, movement planning,<br \/>\r\n<\/span><span style=\"font-size: 10pt;\">image processing, parallel processing.<\/span><\/p>\r\n<p><span style=\"font-size: 10pt;\"><strong>E-mail:\u00a0<\/strong>wouter@ele.puc-rio.br<\/span><br \/>\r\n<strong><span style=\"font-size: 10pt;\"><a href=\"http:\/\/lattes.cnpq.br\/1164394299894445\" target=\"_blank\" rel=\"noopener noreferrer\">CURRICULUM LATTES<\/a><\/span><\/strong><\/p>\r\n<p>[\/vc_column_text][\/vc_column_inner][vc_column_inner width=&#8221;1\/4&#8243;][\/vc_column_inner][vc_column_inner width=&#8221;1\/4&#8243;][\/vc_column_inner][\/vc_row_inner][\/vc_column][\/vc_row][vc_row css_animation=&#8221;&#8221; row_type=&#8221;row&#8221; use_row_as_full_screen_section=&#8221;no&#8221; type=&#8221;full_width&#8221; angled_section=&#8221;no&#8221; text_align=&#8221;left&#8221; background_image_as_pattern=&#8221;without_pattern&#8221; css=&#8221;.vc_custom_1546109413102{margin-top: 65px !important;margin-bottom: 65px !important;}&#8221; z_index=&#8221;&#8221;][vc_column][vc_column_text]<\/p>\r\n<h2><span style=\"font-size: 24pt;\">Supplementary Faculty<\/span><\/h2>\r\n<p>[\/vc_column_text][vc_empty_space][vc_row_inner row_type=&#8221;row&#8221; type=&#8221;full_width&#8221; text_align=&#8221;left&#8221; css_animation=&#8221;&#8221;][vc_column_inner width=&#8221;1\/4&#8243;][vc_single_image image=&#8221;296&#8243; img_size=&#8221;1312&#215;1749&#8243; style=&#8221;vc_box_outline&#8221; border_color=&#8221;sandy_brown&#8221; qode_css_animation=&#8221;&#8221;][vc_column_text]<\/p>\r\n<p><span style=\"font-size: 10pt;\"><strong>Name: <\/strong>MARCO ANTONIO GUIMAR\u00c3ES DIAS\u00a0<\/span><br \/>\r\n<span style=\"font-size: 10pt;\"><strong>Academic background\/Institution\u00a0: <\/strong>Doutor, PUC-Rio, Brasil<\/span><\/p>\r\n<p><span style=\"font-size: 10pt;\"><strong>Research Area <\/strong><\/span><br \/>\r\n<span style=\"font-size: 10pt;\">Investment under uncertainty analysis in projects with real options theory;\u00a0<\/span><br \/>\r\n<span style=\"font-size: 10pt;\">Decision strategies with game theory and the theory of real option games;<\/span><br \/>\r\n<span style=\"font-size: 10pt;\">Value of information analysis in oil exploration and production projects and in R&amp;D projects;<\/span><br \/>\r\n<span style=\"font-size: 10pt;\">Analysis of investments in renewable energies;<\/span><br \/>\r\n<span style=\"font-size: 10pt;\">Blockchain, cryptocurrencies and smart contracts.<\/span><\/p>\r\n<p><span style=\"font-size: 10pt;\"><strong>E-mail:\u00a0<\/strong>marcoagd@ele.puc-rio.br<\/span><\/p>\r\n<p>[\/vc_column_text][\/vc_column_inner][vc_column_inner width=&#8221;1\/4&#8243;][\/vc_column_inner][vc_column_inner width=&#8221;1\/4&#8243;][\/vc_column_inner][vc_column_inner width=&#8221;1\/4&#8243;][\/vc_column_inner][\/vc_row_inner][\/vc_column][\/vc_row][vc_row css_animation=&#8221;&#8221; row_type=&#8221;row&#8221; use_row_as_full_screen_section=&#8221;no&#8221; type=&#8221;full_width&#8221; angled_section=&#8221;no&#8221; text_align=&#8221;left&#8221; background_image_as_pattern=&#8221;without_pattern&#8221;][vc_column][vc_column_text]<\/p>\r\n<h2><span style=\"font-size: 24pt;\">Complementary Faculty<\/span><\/h2>\r\n<p>[\/vc_column_text][vc_empty_space][vc_row_inner row_type=&#8221;row&#8221; type=&#8221;full_width&#8221; text_align=&#8221;left&#8221; css_animation=&#8221;&#8221;][vc_column_inner width=&#8221;1\/4&#8243;][vc_single_image image=&#8221;297&#8243; img_size=&#8221;1312&#215;1749&#8243; style=&#8221;vc_box_outline&#8221; border_color=&#8221;sandy_brown&#8221; qode_css_animation=&#8221;&#8221;][vc_column_text]<\/p>\r\n<p><span style=\"font-size: 10pt;\"><strong>Name: <\/strong>DAVID MARTINS VIEIRA\u00a0<\/span><br \/>\r\n<span style=\"font-size: 10pt;\"><strong>Academic background\/Institution\u00a0: <\/strong>Gradua\u00e7\u00e3o em Engenharia El\u00e9trica<\/span><\/p>\r\n<p><span style=\"font-size: 10pt;\"><strong>E-mail:\u00a0<\/strong>dmv@ele.puc-rio.br<\/span><br \/>\r\n<strong><span style=\"font-size: 10pt;\"><a href=\"http:\/\/lattes.cnpq.br\/4323170330527273\" target=\"_blank\" rel=\"noopener noreferrer\">CURRICULUM LATTES<\/a><\/span><\/strong><\/p>\r\n<p>[\/vc_column_text][\/vc_column_inner][vc_column_inner width=&#8221;1\/4&#8243;][vc_single_image image=&#8221;298&#8243; img_size=&#8221;full&#8221; style=&#8221;vc_box_outline&#8221; border_color=&#8221;sandy_brown&#8221; qode_css_animation=&#8221;&#8221;][vc_column_text]<\/p>\r\n<p><span style=\"font-size: 10pt;\"><strong>Name: <\/strong>KARLA TEREZA FIGUEIREDO LEITE\u00a0<\/span><br \/>\r\n<span style=\"font-size: 10pt;\"><strong>Academic background\/Institution\u00a0: <\/strong>Doutor, PUC-Rio, Brasil<br \/>\r\n<\/span><span style=\"font-size: 10pt;\"><strong>E-mail:\u00a0<\/strong>karla@ele.puc-rio.br<\/span><br \/>\r\n<strong><span style=\"font-size: 10pt;\"><a href=\"http:\/\/lattes.cnpq.br\/2076970816486817\" target=\"_blank\" rel=\"noopener noreferrer\">CURRICULUM LATTES<\/a><\/span><\/strong><\/p>\r\n<p>[\/vc_column_text][\/vc_column_inner][vc_column_inner width=&#8221;1\/4&#8243;][vc_single_image image=&#8221;299&#8243; img_size=&#8221;full&#8221; style=&#8221;vc_box_outline&#8221; border_color=&#8221;sandy_brown&#8221; qode_css_animation=&#8221;&#8221;][vc_column_text]<\/p>\r\n<p><span style=\"font-size: 10pt;\"><strong>Name: <\/strong>LUIZ ANTONIO PEREIRA GUSM\u00c3O\u00a0<\/span><br \/>\r\n<span style=\"font-size: 10pt;\"><strong>Academic background\/Institution\u00a0: <\/strong>Especializa\u00e7\u00e3o em Engenharia Eletr\u00f4nica &#8211; Imperial College of Science &amp; Techn., IC, Gr\u00e3-Bretanha.<\/span><\/p>\r\n<p><span style=\"font-size: 10pt;\"><strong>E-mail:\u00a0<\/strong>lgusmao@ele.puc-rio.br<\/span><br \/>\r\n<strong><span style=\"font-size: 10pt;\"><a href=\"http:\/\/lattes.cnpq.br\/8713216074530326\" target=\"_blank\" rel=\"noopener noreferrer\">CURRICULUM LATTES<\/a><\/span><\/strong><\/p>\r\n<p>[\/vc_column_text][\/vc_column_inner][vc_column_inner width=&#8221;1\/4&#8243;][vc_single_image image=&#8221;300&#8243; img_size=&#8221;full&#8221; style=&#8221;vc_box_outline&#8221; border_color=&#8221;sandy_brown&#8221; qode_css_animation=&#8221;&#8221;][vc_column_text]<\/p>\r\n<p><span style=\"font-size: 10pt;\"><strong>Name: <\/strong>MARCO AURELIO CAVALCANTI PACHECO\u00a0<\/span><br \/>\r\n<span style=\"font-size: 10pt;\"><strong>Academic background\/Institution\u00a0: <\/strong>Doutor, University College London, Inglaterra<\/span><\/p>\r\n<p><span style=\"font-size: 10pt;\"><strong>Research Area<\/strong><\/span><br \/>\r\n<span style=\"font-size: 10pt;\">Data Science, Artificial Intelligence, Machine Learning,<br \/>\r\nNeural Networks, Genetic Algorithms,<br \/>\r\nHybrid Systems and Decision Support Applications.<\/span><\/p>\r\n<p><span style=\"font-size: 10pt;\"><strong>E-mail:\u00a0<\/strong>marco@ele.puc-rio.br<\/span><br \/>\r\n<strong><span style=\"font-size: 10pt;\"><a href=\"http:\/\/lattes.cnpq.br\/2283022405554044\" target=\"_blank\" rel=\"noopener noreferrer\">CURRICULUM LATTES<\/a><\/span><\/strong><\/p>\r\n<p>[\/vc_column_text][\/vc_column_inner][\/vc_row_inner][\/vc_column][\/vc_row][vc_row css_animation=&#8221;&#8221; row_type=&#8221;row&#8221; use_row_as_full_screen_section=&#8221;no&#8221; type=&#8221;full_width&#8221; angled_section=&#8221;no&#8221; text_align=&#8221;left&#8221; background_image_as_pattern=&#8221;without_pattern&#8221;][vc_column width=&#8221;1\/4&#8243;][vc_single_image image=&#8221;301&#8243; img_size=&#8221;1312&#215;1749&#8243; style=&#8221;vc_box_outline&#8221; border_color=&#8221;sandy_brown&#8221; qode_css_animation=&#8221;&#8221;][vc_column_text]<\/p>\r\n<p><span style=\"font-size: 10pt;\"><strong>Name: <\/strong>PE. PEDRO MAGALH\u00c3ES G. FERREIRA &#8211; EM\u00c9RITO\u00a0<\/span><br \/>\r\n<span style=\"font-size: 10pt;\"><strong>Academic background\/Institution\u00a0:<br \/>\r\n<\/strong><\/span><span style=\"font-size: 10pt;\"><strong>E-mail:\u00a0<\/strong>pedromgf@puc-rio.br<\/span><br \/>\r\n<strong><span style=\"font-size: 10pt;\"><a href=\"http:\/\/lattes.cnpq.br\/4617364703250592\" target=\"_blank\" rel=\"noopener noreferrer\">CURRICULUM LATTES<\/a><\/span><\/strong><\/p>\r\n<p>[\/vc_column_text][\/vc_column][vc_column width=&#8221;1\/4&#8243;][\/vc_column][vc_column width=&#8221;1\/4&#8243;][\/vc_column][vc_column width=&#8221;1\/4&#8243;][\/vc_column][\/vc_row][vc_row css_animation=&#8221;&#8221; row_type=&#8221;row&#8221; use_row_as_full_screen_section=&#8221;no&#8221; type=&#8221;full_width&#8221; angled_section=&#8221;no&#8221; text_align=&#8221;left&#8221; background_image_as_pattern=&#8221;without_pattern&#8221;][vc_column][vc_empty_space height=&#8221;45px&#8221;][\/vc_column][\/vc_row]<\/p>","protected":false},"excerpt":{"rendered":"<p>[vc_row css_animation=&#8221;&#8221; row_type=&#8221;row&#8221; use_row_as_full_screen_section=&#8221;no&#8221; type=&#8221;full_width&#8221; angled_section=&#8221;no&#8221; text_align=&#8221;left&#8221; background_image_as_pattern=&#8221;without_pattern&#8221;][vc_column][vc_empty_space][vc_column_text] Main Faculty [\/vc_column_text][vc_empty_space][vc_row_inner row_type=&#8221;row&#8221; type=&#8221;full_width&#8221; text_align=&#8221;left&#8221; css_animation=&#8221;&#8221;][vc_column_inner width=&#8221;1\/4&#8243;][vc_single_image image=&#8221;275&#8243; img_size=&#8221;full&#8221; style=&#8221;vc_box_outline&#8221; border_color=&#8221;sandy_brown&#8221; qode_css_animation=&#8221;&#8221;][vc_column_text] Name: ALEXANDRE STREET DE AGUIAR\u00a0 Academic background\/Institution\u00a0: Doctor, PUC-Rio, Brasil Research Area Robust and stochastic models for power system operation and planning. Optimization and&#8230;<\/p>\n","protected":false},"author":1,"featured_media":0,"parent":0,"menu_order":0,"comment_status":"closed","ping_status":"closed","template":"","meta":{"_exactmetrics_skip_tracking":false,"_exactmetrics_sitenote_active":false,"_exactmetrics_sitenote_note":"","_exactmetrics_sitenote_category":0,"footnotes":""},"class_list":["post-701","page","type-page","status-publish","hentry"],"_links":{"self":[{"href":"http:\/\/www.ele.puc-rio.br\/en\/wp-json\/wp\/v2\/pages\/701\/"}],"collection":[{"href":"http:\/\/www.ele.puc-rio.br\/en\/wp-json\/wp\/v2\/pages\/"}],"about":[{"href":"http:\/\/www.ele.puc-rio.br\/en\/wp-json\/wp\/v2\/types\/page\/"}],"author":[{"embeddable":true,"href":"http:\/\/www.ele.puc-rio.br\/en\/wp-json\/wp\/v2\/users\/1\/"}],"replies":[{"embeddable":true,"href":"http:\/\/www.ele.puc-rio.br\/en\/wp-json\/wp\/v2\/comments\/?post=701"}],"version-history":[{"count":12,"href":"http:\/\/www.ele.puc-rio.br\/en\/wp-json\/wp\/v2\/pages\/701\/revisions\/"}],"predecessor-version":[{"id":1710,"href":"http:\/\/www.ele.puc-rio.br\/en\/wp-json\/wp\/v2\/pages\/701\/revisions\/1710\/"}],"wp:attachment":[{"href":"http:\/\/www.ele.puc-rio.br\/en\/wp-json\/wp\/v2\/media\/?parent=701"}],"curies":[{"name":"wp","href":"https:\/\/api.w.org\/{rel}","templated":true}]}}