{"id":2174,"date":"2023-04-13T08:51:25","date_gmt":"2023-04-13T11:51:25","guid":{"rendered":"http:\/\/www.ele.puc-rio.br\/?page_id=2174"},"modified":"2023-04-13T08:52:14","modified_gmt":"2023-04-13T11:52:14","slug":"cronograma","status":"publish","type":"page","link":"http:\/\/www.ele.puc-rio.br\/en\/cronograma\/","title":{"rendered":"CRONOGRAMA"},"content":{"rendered":"<!--?xml version=\"1.0\" encoding=\"UTF-8\"?-->\r\n<p>&nbsp;<\/p>\r\n<!--This file was converted to xhtml by LibreOffice - see https:\/\/cgit.freedesktop.org\/libreoffice\/core\/tree\/filter\/source\/xslt for the code.-->\r\n<p>&nbsp;<\/p>\r\n<p>\r\n<style>\r\n    table { border-collapse:collapse; border-spacing:0; empty-cells:show }\r\n    td, th { vertical-align:top; font-size:10pt;}\r\n    h1, h2, h3, h4, h5, h6 { clear:both;}\r\n    p { white-space: nowrap; }\r\n    ol, ul { margin:0; padding:0;}\r\n    li { list-style: none; margin:0; padding:0;}\r\n    span.footnodeNumber { padding-right:1em; }\r\n    span.annotation_style_by_filter { font-size:95%; font-family:Arial; background-color:#fff000;  margin:0; border:0; padding:0;  }\r\n    span.heading_numbering { margin-right: 0.8rem; }* { margin:0;}\r\n    .ta1 { writing-mode:horizontal-tb; direction:ltr; }\r\n    .Default { font-size:10pt; font-family:'Liberation Sans'; }\r\n    .ce1 { font-size:10pt; font-family:'Liberation Sans'; font-weight:bold; }\r\n    .ce2 { font-size:10pt; font-family:'Liberation Sans'; text-align:center ! important; margin-left:0cm; }\r\n    .ce3 { font-size:10pt; font-family:'Liberation Sans'; background-color:#ffd8ce; }\r\n    .ce4 { font-size:10pt; font-family:'Liberation Sans'; background-color:#dde8cb; }\r\n    .ce5 { font-size:10pt; font-family:'Liberation Sans'; background-color:transparent; }\r\n    .co1 { width:2.258cm; }\r\n    .co2 { width:2.559cm; }\r\n    .co3 { width:2.669cm; }\r\n    .ro1 { height:0.452cm; }\r\n    .T1 { font-family:'Liberation Sans'; font-size:10pt; font-weight:normal; text-decoration:none ! important; font-style:normal; text-shadow:none; }\r\n    \/* ODF styles with no properties representable as CSS:\r\n     { } *\/\r\n<\/style>\r\n<\/p>\r\n<table class=\"ta1\" style=\"width: 91.5679%;\" border=\"0\" cellspacing=\"0\" cellpadding=\"0\">\r\n<colgroup> \r\n<col width=\"99\" \/> \r\n<col width=\"99\" \/> \r\n<col width=\"112\" \/> \r\n<col width=\"117\" \/> \r\n<col width=\"99\" \/> \r\n<col width=\"99\" \/> \r\n<col width=\"99\" \/> \r\n<col width=\"99\" \/> \r\n<col width=\"99\" \/><\/colgroup>\r\n<tbody>\r\n<tr class=\"ro1\">\r\n<td class=\"ce1\" style=\"text-align: left; width: 10.7726%;\">\r\n<p><span style=\"font-size: 18pt;\"><a href=\"http:\/\/www.ele.puc-rio.br\/files\/prazos_para_conclusao_de_mestrado_e_doutorado.pdf\">Mestrado<\/a><\/span><\/p>\r\n<\/td>\r\n<td class=\"Default\" style=\"text-align: left; width: 12.9489%;\">\u00a0<\/td>\r\n<td class=\"Default\" style=\"text-align: left; width: 10.0109%;\">\u00a0<\/td>\r\n<td class=\"Default\" style=\"text-align: left; width: 12.7312%;\">\u00a0<\/td>\r\n<td class=\"Default\" style=\"text-align: left; width: 10.7726%;\">\u00a0<\/td>\r\n<td class=\"Default\" style=\"text-align: left; width: 10.7726%;\">\u00a0<\/td>\r\n<td class=\"Default\" style=\"text-align: left; width: 10.7726%;\">\u00a0<\/td>\r\n<td class=\"Default\" style=\"text-align: left; width: 10.6638%;\">\u00a0<\/td>\r\n<td class=\"Default\" style=\"text-align: left; width: 10.6638%;\">\u00a0<\/td>\r\n<\/tr>\r\n<tr class=\"ro1\">\r\n<td class=\"Default\" style=\"text-align: left; width: 10.7726%;\">\r\n<p>Ano<\/p>\r\n<\/td>\r\n<td class=\"ce2\" style=\"text-align: right; width: 22.9597%;\" colspan=\"2\">\r\n<p style=\"text-align: center;\">1<\/p>\r\n<\/td>\r\n<td class=\"ce2\" style=\"width: 23.5038%; text-align: center;\" colspan=\"2\">\r\n<p>2<\/p>\r\n<\/td>\r\n<td class=\"Default\" style=\"width: 10.7726%; text-align: center;\">\u00a0<\/td>\r\n<td class=\"Default\" style=\"text-align: left; width: 10.7726%;\">\u00a0<\/td>\r\n<td class=\"Default\" style=\"text-align: left; width: 10.6638%;\">\u00a0<\/td>\r\n<td class=\"Default\" style=\"text-align: left; width: 10.6638%;\">\u00a0<\/td>\r\n<\/tr>\r\n<tr class=\"ro1\">\r\n<td class=\"Default\" style=\"text-align: left; width: 10.7726%;\">\r\n<p>Per\u00edodo<\/p>\r\n<\/td>\r\n<td class=\"ce2\" style=\"width: 12.9489%; text-align: center;\">\r\n<p>1<\/p>\r\n<\/td>\r\n<td class=\"ce2\" style=\"width: 10.0109%; text-align: center;\">\r\n<p>2<\/p>\r\n<\/td>\r\n<td class=\"ce2\" style=\"width: 12.7312%; text-align: center;\">\r\n<p>3<\/p>\r\n<\/td>\r\n<td class=\"ce2\" style=\"width: 10.7726%; text-align: center;\">\r\n<p>4<\/p>\r\n<\/td>\r\n<td class=\"Default\" style=\"text-align: left; width: 10.7726%;\">\u00a0<\/td>\r\n<td class=\"Default\" style=\"text-align: left; width: 10.7726%;\">\u00a0<\/td>\r\n<td class=\"Default\" style=\"text-align: left; width: 10.6638%;\">\u00a0<\/td>\r\n<td class=\"Default\" style=\"text-align: left; width: 10.6638%;\">\u00a0<\/td>\r\n<\/tr>\r\n<tr class=\"ro1\">\r\n<td class=\"Default\" style=\"text-align: left; width: 10.7726%;\">\r\n<p>Atividade<\/p>\r\n<\/td>\r\n<td class=\"Default\" style=\"width: 12.9489%; text-align: center;\">\r\n<p><a href=\"http:\/\/www.ele.puc-rio.br\/files\/disciplinas.pdf\">4 disciplinas<\/a>[1]<\/p>\r\n<\/td>\r\n<td class=\"Default\" style=\"width: 10.0109%; text-align: center;\">\r\n<p><a href=\"http:\/\/www.ele.puc-rio.br\/files\/disciplinas.pdf\">4 disciplinas<\/a>[1]<\/p>\r\n<\/td>\r\n<td class=\"Default\" style=\"width: 12.7312%; text-align: center;\">\r\n<p><a href=\"http:\/\/www.ele.puc-rio.br\/files\/dissertacao_de_mestrado.pdf\">Pesquisa<\/a><\/p>\r\n<\/td>\r\n<td class=\"Default\" style=\"width: 10.7726%; text-align: center;\">\r\n<p><a href=\"http:\/\/www.ele.puc-rio.br\/files\/dissertacao_de_mestrado.pdf\">Pesquisa<\/a><\/p>\r\n<\/td>\r\n<td class=\"Default\" style=\"text-align: left; width: 10.7726%;\">\u00a0<\/td>\r\n<td class=\"Default\" style=\"text-align: left; width: 10.7726%;\">\u00a0<\/td>\r\n<td class=\"Default\" style=\"text-align: left; width: 10.6638%;\">\u00a0<\/td>\r\n<td class=\"Default\" style=\"text-align: left; width: 10.6638%;\">\u00a0<\/td>\r\n<\/tr>\r\n<tr class=\"ro1\">\r\n<td class=\"Default\" style=\"text-align: left; width: 10.7726%;\">\r\n<p><a href=\"http:\/\/www.ele.puc-rio.br\/wp-content\/uploads\/2020\/08\/requisitos_para_titulacao-novo.pdf\">Exig\u00eancia<\/a>[2]<\/p>\r\n<\/td>\r\n<td class=\"Default\" style=\"width: 12.9489%; text-align: center;\">\r\n<p><a href=\"http:\/\/www.ele.puc-rio.br\/wp-content\/uploads\/2019\/07\/exame_de_lingua_estrangeira.pdf\">L\u00ednguas<\/a>[3]<\/p>\r\n<\/td>\r\n<td class=\"Default\" style=\"width: 10.0109%; text-align: center;\">\u00a0<\/td>\r\n<td class=\"Default\" style=\"width: 12.7312%; text-align: center;\">\r\n<p><a href=\"http:\/\/www.ele.puc-rio.br\/files\/proposta_de_dissertacao_de_mestrado.pdf\">Proposta<\/a>[4]<\/p>\r\n<\/td>\r\n<td class=\"Default\" style=\"width: 10.7726%; text-align: center;\">\r\n<p><a href=\"http:\/\/www.ele.puc-rio.br\/files\/prazos_para_submissao_de_dissertacoes_e_teses.pdf\">Defesa<\/a>[5]<\/p>\r\n<\/td>\r\n<td class=\"Default\" style=\"text-align: left; width: 10.7726%;\">\u00a0<\/td>\r\n<td class=\"Default\" style=\"text-align: left; width: 10.7726%;\">\u00a0<\/td>\r\n<td class=\"Default\" style=\"text-align: left; width: 10.6638%;\">\u00a0<\/td>\r\n<td class=\"Default\" style=\"text-align: left; width: 10.6638%;\">\u00a0<\/td>\r\n<\/tr>\r\n<tr class=\"ro1\">\r\n<td class=\"Default\" style=\"text-align: left; width: 10.7726%;\">\u00a0<\/td>\r\n<td class=\"Default\" style=\"text-align: left; width: 12.9489%;\">\u00a0<\/td>\r\n<td class=\"Default\" style=\"text-align: left; width: 10.0109%;\">\u00a0<\/td>\r\n<td class=\"Default\" style=\"text-align: left; width: 12.7312%;\">\u00a0<\/td>\r\n<td class=\"Default\" style=\"text-align: left; width: 10.7726%;\">\u00a0<\/td>\r\n<td class=\"Default\" style=\"text-align: left; width: 10.7726%;\">\u00a0<\/td>\r\n<td class=\"Default\" style=\"text-align: left; width: 10.7726%;\">\u00a0<\/td>\r\n<td class=\"Default\" style=\"text-align: left; width: 10.6638%;\">\u00a0<\/td>\r\n<td class=\"Default\" style=\"text-align: left; width: 10.6638%;\">\u00a0<\/td>\r\n<\/tr>\r\n<tr class=\"ro1\">\r\n<td class=\"Default\" style=\"text-align: left; width: 10.7726%;\">\u00a0<\/td>\r\n<td class=\"Default\" style=\"text-align: left; width: 12.9489%;\">\u00a0<\/td>\r\n<td class=\"Default\" style=\"text-align: left; width: 10.0109%;\">\u00a0<\/td>\r\n<td class=\"Default\" style=\"text-align: left; width: 12.7312%;\">\u00a0<\/td>\r\n<td class=\"Default\" style=\"text-align: left; width: 10.7726%;\">\u00a0<\/td>\r\n<td class=\"Default\" style=\"text-align: left; width: 10.7726%;\">\u00a0<\/td>\r\n<td class=\"Default\" style=\"text-align: left; width: 10.7726%;\">\u00a0<\/td>\r\n<td class=\"Default\" style=\"text-align: left; width: 10.6638%;\">\u00a0<\/td>\r\n<td class=\"Default\" style=\"text-align: left; width: 10.6638%;\">\u00a0<\/td>\r\n<\/tr>\r\n<tr class=\"ro1\">\r\n<td class=\"ce1\" style=\"text-align: left; width: 10.7726%;\">\r\n<p><span style=\"font-size: 18pt;\"><a href=\"http:\/\/www.ele.puc-rio.br\/files\/prazos_para_conclusao_de_mestrado_e_doutorado.pdf\">Doutorado<\/a><\/span><\/p>\r\n<\/td>\r\n<td class=\"Default\" style=\"text-align: left; width: 12.9489%;\">\u00a0<\/td>\r\n<td class=\"Default\" style=\"text-align: left; width: 10.0109%;\">\u00a0<\/td>\r\n<td class=\"Default\" style=\"text-align: left; width: 12.7312%;\">\u00a0<\/td>\r\n<td class=\"Default\" style=\"text-align: left; width: 10.7726%;\">\u00a0<\/td>\r\n<td class=\"Default\" style=\"text-align: left; width: 10.7726%;\">\u00a0<\/td>\r\n<td class=\"Default\" style=\"text-align: left; width: 10.7726%;\">\u00a0<\/td>\r\n<td class=\"Default\" style=\"text-align: left; width: 10.6638%;\">\u00a0<\/td>\r\n<td class=\"Default\" style=\"text-align: left; width: 10.6638%;\">\u00a0<\/td>\r\n<\/tr>\r\n<tr class=\"ro1\">\r\n<td class=\"Default\" style=\"text-align: left; width: 10.7726%;\">\r\n<p>Ano<\/p>\r\n<\/td>\r\n<td class=\"ce2\" style=\"width: 22.9597%; text-align: center;\" colspan=\"2\">\r\n<p>1<\/p>\r\n<\/td>\r\n<td class=\"ce2\" style=\"width: 23.5038%; text-align: center;\" colspan=\"2\">\r\n<p>2<\/p>\r\n<\/td>\r\n<td class=\"ce2\" style=\"width: 21.5452%; text-align: center;\" colspan=\"2\">\r\n<p>3<\/p>\r\n<\/td>\r\n<td class=\"ce2\" style=\"width: 21.3275%; text-align: center;\" colspan=\"2\">\r\n<p>4<\/p>\r\n<\/td>\r\n<\/tr>\r\n<tr class=\"ro1\">\r\n<td class=\"Default\" style=\"text-align: left; width: 10.7726%;\">\r\n<p>Per\u00edodo<\/p>\r\n<\/td>\r\n<td class=\"ce2\" style=\"width: 12.9489%; text-align: center;\">\r\n<p>1<\/p>\r\n<\/td>\r\n<td class=\"ce2\" style=\"width: 10.0109%; text-align: center;\">\r\n<p>2<\/p>\r\n<\/td>\r\n<td class=\"ce2\" style=\"width: 12.7312%; text-align: center;\">\r\n<p>3<\/p>\r\n<\/td>\r\n<td class=\"ce2\" style=\"width: 10.7726%; text-align: center;\">\r\n<p>4<\/p>\r\n<\/td>\r\n<td class=\"ce2\" style=\"width: 10.7726%; text-align: center;\">\r\n<p>5<\/p>\r\n<\/td>\r\n<td class=\"ce2\" style=\"width: 10.7726%; text-align: center;\">\r\n<p>6<\/p>\r\n<\/td>\r\n<td class=\"ce2\" style=\"width: 10.6638%; text-align: center;\">\r\n<p>7<\/p>\r\n<\/td>\r\n<td class=\"ce2\" style=\"width: 10.6638%; text-align: center;\">\r\n<p>8<\/p>\r\n<\/td>\r\n<\/tr>\r\n<tr class=\"ro1\">\r\n<td class=\"Default\" style=\"text-align: left; width: 10.7726%;\">\r\n<p>Atividade<\/p>\r\n<\/td>\r\n<td class=\"Default\" style=\"width: 12.9489%; text-align: center;\">\r\n<p><a href=\"http:\/\/www.ele.puc-rio.br\/files\/disciplinas.pdf\">4 disciplinas<\/a>[6]<\/p>\r\n<\/td>\r\n<td class=\"Default\" style=\"width: 10.0109%; text-align: center;\">\r\n<p><a href=\"http:\/\/www.ele.puc-rio.br\/files\/disciplinas.pdf\">1 disc<\/a>\/<a href=\"http:\/\/www.ele.puc-rio.br\/files\/tese_de_doutorado.pdf\">pesq<\/a><\/p>\r\n<\/td>\r\n<td class=\"Default\" style=\"width: 12.7312%; text-align: center;\">\r\n<p><a href=\"http:\/\/www.ele.puc-rio.br\/files\/tese_de_doutorado.pdf\">Pesquisa<\/a><\/p>\r\n<\/td>\r\n<td class=\"Default\" style=\"width: 10.7726%; text-align: center;\">\r\n<p><a href=\"http:\/\/www.ele.puc-rio.br\/files\/tese_de_doutorado.pdf\">Pesquisa<\/a><\/p>\r\n<\/td>\r\n<td class=\"Default\" style=\"width: 10.7726%; text-align: center;\">\r\n<p><a href=\"http:\/\/www.ele.puc-rio.br\/files\/tese_de_doutorado.pdf\">Pesquisa<\/a><\/p>\r\n<\/td>\r\n<td class=\"Default\" style=\"width: 10.7726%; text-align: center;\">\r\n<p><a href=\"http:\/\/www.ele.puc-rio.br\/files\/tese_de_doutorado.pdf\">Pesquisa<\/a><\/p>\r\n<\/td>\r\n<td class=\"Default\" style=\"width: 10.6638%; text-align: center;\">\r\n<p><a href=\"http:\/\/www.ele.puc-rio.br\/files\/tese_de_doutorado.pdf\">Pesquisa<\/a><\/p>\r\n<\/td>\r\n<td class=\"Default\" style=\"width: 10.6638%; text-align: center;\">\r\n<p><a href=\"http:\/\/www.ele.puc-rio.br\/files\/tese_de_doutorado.pdf\">Pesquisa<\/a><\/p>\r\n<\/td>\r\n<\/tr>\r\n<tr class=\"ro1\">\r\n<td class=\"Default\" style=\"text-align: left; width: 10.7726%;\">\r\n<p><a href=\"http:\/\/www.ele.puc-rio.br\/wp-content\/uploads\/2020\/08\/requisitos_para_titulacao-novo.pdf\">Exig\u00eancia<\/a>[2]<\/p>\r\n<\/td>\r\n<td class=\"Default\" style=\"width: 12.9489%; text-align: center;\">\r\n<p><a href=\"http:\/\/www.ele.puc-rio.br\/wp-content\/uploads\/2019\/07\/exame_de_lingua_estrangeira.pdf\">L\u00ednguas<\/a>[3]<\/p>\r\n<\/td>\r\n<td class=\"Default\" style=\"width: 10.0109%; text-align: center;\">\r\n<p><a href=\"http:\/\/www.ele.puc-rio.br\/wp-content\/uploads\/2021\/02\/exame_de_qualificacao-novo.pdf\">Qualifica\u00e7\u00e3o<\/a>[7]<\/p>\r\n<\/td>\r\n<td class=\"ce3\" style=\"width: 12.7312%; text-align: center;\">\r\n<p><a href=\"http:\/\/www.ele.puc-rio.br\/wp-content\/uploads\/2021\/02\/exame_de_qualificacao-novo.pdf\">Qualifica\u00e7\u00e3o<\/a>[7]<\/p>\r\n<\/td>\r\n<td class=\"ce4\" style=\"width: 10.7726%; text-align: center;\">\r\n<p><a href=\"http:\/\/www.ele.puc-rio.br\/files\/exame_de_proposta_de_tese_de_doutorado.pdf\">Proposta<\/a>[8]<\/p>\r\n<\/td>\r\n<td class=\"ce4\" style=\"width: 10.7726%; text-align: center;\">\r\n<p><a href=\"http:\/\/www.ele.puc-rio.br\/files\/exame_de_proposta_de_tese_de_doutorado.pdf\">Proposta<\/a>[8]<\/p>\r\n<\/td>\r\n<td class=\"ce5\" style=\"width: 10.7726%; text-align: center;\">\r\n<p><a href=\"http:\/\/www.ele.puc-rio.br\/files\/exame_de_proposta_de_tese_de_doutorado.pdf\">Proposta<\/a>[8]<\/p>\r\n<\/td>\r\n<td class=\"Default\" style=\"width: 10.6638%; text-align: center;\">\u00a0<\/td>\r\n<td class=\"Default\" style=\"width: 10.6638%; text-align: center;\">\r\n<p><a href=\"http:\/\/www.ele.puc-rio.br\/files\/prazos_para_submissao_de_dissertacoes_e_teses.pdf\">Defesa<\/a>[5]<\/p>\r\n<\/td>\r\n<\/tr>\r\n<tr class=\"ro1\">\r\n<td class=\"Default\" style=\"text-align: left; width: 10.7726%;\">\u00a0<\/td>\r\n<td class=\"Default\" style=\"text-align: left; width: 12.9489%;\">\u00a0<\/td>\r\n<td class=\"Default\" style=\"text-align: left; width: 10.0109%;\">\u00a0<\/td>\r\n<td class=\"Default\" style=\"text-align: left; width: 12.7312%;\">\u00a0<\/td>\r\n<td class=\"Default\" style=\"text-align: left; width: 10.7726%;\">\u00a0<\/td>\r\n<td class=\"Default\" style=\"text-align: left; width: 10.7726%;\">\u00a0<\/td>\r\n<td class=\"Default\" style=\"text-align: left; width: 10.7726%;\">\u00a0<\/td>\r\n<td class=\"Default\" style=\"text-align: left; width: 10.6638%;\">\u00a0<\/td>\r\n<td class=\"Default\" style=\"text-align: left; width: 10.6638%;\">\u00a0<\/td>\r\n<\/tr>\r\n<tr class=\"ro1\">\r\n<td class=\"Default\" style=\"text-align: left; width: 10.7726%;\">\r\n<p>[1]<\/p>\r\n<\/td>\r\n<td class=\"Default\" style=\"text-align: left; width: 89.3362%;\" colspan=\"8\">\r\n<p>Alunos que n\u00e3o recebem bolsa de fomento podem cursar 3\/3\/2 disciplinas<\/p>\r\n<\/td>\r\n<\/tr>\r\n<tr class=\"ro1\">\r\n<td class=\"Default\" style=\"text-align: left; width: 10.7726%;\">\r\n<p>[2]<\/p>\r\n<\/td>\r\n<td class=\"Default\" style=\"text-align: left; width: 89.3362%;\" colspan=\"8\">\r\n<p>Todos os requisitos devem ser atendidos at\u00e9 3 meses ap\u00f3s a aprova\u00e7\u00e3o da disserta\u00e7\u00e3o\/tese<\/p>\r\n<\/td>\r\n<\/tr>\r\n<tr class=\"ro1\">\r\n<td class=\"Default\" style=\"text-align: left; width: 10.7726%;\">\r\n<p>[3]<\/p>\r\n<\/td>\r\n<td class=\"Default\" style=\"text-align: left; width: 89.3362%;\" colspan=\"8\">\r\n<p>Caso o teste n\u00e3o seja dispon\u00edvel no 1\u00ba per\u00edodo pode fazer no 2\u00ba<\/p>\r\n<\/td>\r\n<\/tr>\r\n<tr class=\"ro1\">\r\n<td class=\"Default\" style=\"text-align: left; width: 10.7726%;\">\r\n<p>[4]<\/p>\r\n<\/td>\r\n<td class=\"Default\" style=\"text-align: left; width: 89.3362%;\" colspan=\"8\">\r\n<p>At\u00e9 o final da 2\u00ba semana de aulas do 3\u00ba per\u00edodo<\/p>\r\n<\/td>\r\n<\/tr>\r\n<tr class=\"ro1\">\r\n<td class=\"Default\" style=\"text-align: left; width: 10.7726%;\">\r\n<p>[5]<\/p>\r\n<\/td>\r\n<td class=\"Default\" style=\"text-align: left; width: 89.3362%;\" colspan=\"8\">\r\n<p><span class=\"T1\">Entrega do texto e proposi\u00e7\u00e3o da banca examinadora<\/span> at\u00e9 a data limite da vig\u00eancia da matr\u00edcula<\/p>\r\n<\/td>\r\n<\/tr>\r\n<tr class=\"ro1\">\r\n<td class=\"Default\" style=\"text-align: left; width: 10.7726%;\">\u00a0<\/td>\r\n<td class=\"Default\" style=\"text-align: left; width: 89.3362%;\" colspan=\"8\">\r\n<p>Defesa at\u00e9 60 dias depois da entrega<\/p>\r\n<\/td>\r\n<\/tr>\r\n<tr class=\"ro1\">\r\n<td class=\"Default\" style=\"text-align: left; width: 10.7726%;\">\r\n<p>[6]<\/p>\r\n<\/td>\r\n<td class=\"Default\" style=\"text-align: left; width: 89.3362%;\" colspan=\"8\">\r\n<p>Alunos que n\u00e3o recebem bolsa de fomento, ou que v\u00eam do mestrado do DEE, podem cursar 3\/2 disciplinas<\/p>\r\n<\/td>\r\n<\/tr>\r\n<tr class=\"ro1\">\r\n<td class=\"Default\" style=\"text-align: left; width: 10.7726%;\">\r\n<p>[7]<\/p>\r\n<\/td>\r\n<td class=\"Default\" style=\"text-align: left; width: 89.3362%;\" colspan=\"8\">\r\n<p>Proposta at\u00e9 o final da 2\u00ba semana de aulas do 2\u00ba per\u00edodo<\/p>\r\n<\/td>\r\n<\/tr>\r\n<tr class=\"ro1\">\r\n<td class=\"Default\" style=\"text-align: left; width: 10.7726%;\">\u00a0<\/td>\r\n<td class=\"Default\" style=\"text-align: left; width: 89.3362%;\" colspan=\"8\">\r\n<p>Em caso de reprova\u00e7\u00e3o, defesa at\u00e9 o final de mar\u00e7o\/outubro<\/p>\r\n<\/td>\r\n<\/tr>\r\n<tr class=\"ro1\">\r\n<td class=\"Default\" style=\"text-align: left; width: 10.7726%;\">\r\n<p>[8]<\/p>\r\n<\/td>\r\n<td class=\"Default\" style=\"text-align: left; width: 89.3362%;\" colspan=\"8\">\r\n<p>Entrega do texto e proposi\u00e7\u00e3o da banca examinadora 20 dias antes da defesa<\/p>\r\n<\/td>\r\n<\/tr>\r\n<\/tbody>\r\n<\/table>\r\n<p>&nbsp;<\/p>\r\n<p>&nbsp;<\/p>","protected":false},"excerpt":{"rendered":"<p>&nbsp; &nbsp; Mestrado \u00a0 \u00a0 \u00a0 \u00a0 \u00a0 \u00a0 \u00a0 \u00a0 Ano 1 2 \u00a0 \u00a0 \u00a0 \u00a0 Per\u00edodo 1 2 3 4 \u00a0 \u00a0 \u00a0 \u00a0 Atividade 4 disciplinas[1] 4 disciplinas[1] Pesquisa Pesquisa \u00a0 \u00a0 \u00a0 \u00a0 Exig\u00eancia[2] L\u00ednguas[3] \u00a0 Proposta[4] Defesa[5] \u00a0 \u00a0&#8230;<\/p>\n","protected":false},"author":5,"featured_media":0,"parent":0,"menu_order":0,"comment_status":"closed","ping_status":"closed","template":"","meta":{"_exactmetrics_skip_tracking":false,"_exactmetrics_sitenote_active":false,"_exactmetrics_sitenote_note":"","_exactmetrics_sitenote_category":0,"footnotes":""},"class_list":["post-2174","page","type-page","status-publish","hentry"],"_links":{"self":[{"href":"http:\/\/www.ele.puc-rio.br\/en\/wp-json\/wp\/v2\/pages\/2174\/"}],"collection":[{"href":"http:\/\/www.ele.puc-rio.br\/en\/wp-json\/wp\/v2\/pages\/"}],"about":[{"href":"http:\/\/www.ele.puc-rio.br\/en\/wp-json\/wp\/v2\/types\/page\/"}],"author":[{"embeddable":true,"href":"http:\/\/www.ele.puc-rio.br\/en\/wp-json\/wp\/v2\/users\/5\/"}],"replies":[{"embeddable":true,"href":"http:\/\/www.ele.puc-rio.br\/en\/wp-json\/wp\/v2\/comments\/?post=2174"}],"version-history":[{"count":3,"href":"http:\/\/www.ele.puc-rio.br\/en\/wp-json\/wp\/v2\/pages\/2174\/revisions\/"}],"predecessor-version":[{"id":2179,"href":"http:\/\/www.ele.puc-rio.br\/en\/wp-json\/wp\/v2\/pages\/2174\/revisions\/2179\/"}],"wp:attachment":[{"href":"http:\/\/www.ele.puc-rio.br\/en\/wp-json\/wp\/v2\/media\/?parent=2174"}],"curies":[{"name":"wp","href":"https:\/\/api.w.org\/{rel}","templated":true}]}}