{"id":1231,"date":"2019-01-23T18:44:40","date_gmt":"2019-01-23T18:44:40","guid":{"rendered":"http:\/\/wp2.ele.puc-rio.br\/?page_id=1231"},"modified":"2019-02-13T14:29:43","modified_gmt":"2019-02-13T14:29:43","slug":"lse","status":"publish","type":"page","link":"http:\/\/www.ele.puc-rio.br\/en\/laboratorios\/lse\/","title":{"rendered":"POWER SYSTEMS LABORATORY"},"content":{"rendered":"<p>[vc_row css_animation=&#8221;&#8221; row_type=&#8221;row&#8221; use_row_as_full_screen_section=&#8221;no&#8221; type=&#8221;full_width&#8221; angled_section=&#8221;no&#8221; text_align=&#8221;left&#8221; background_image_as_pattern=&#8221;without_pattern&#8221;][vc_column][vc_accordion active_tab=&#8221;1&#8243; collapsible=&#8221;yes&#8221; style=&#8221;toggle&#8221; title=&#8221;<a>Area of Work<\/a>&#8220;][vc_accordion_tab title=&#8221;<a>Area of Work<\/a>&#8220;][vc_column_text]<\/p>\r\n<p>The Power Systems Laboratory (LSE) at PUC-Rio engages in research and development in the computer simulation of problems associated with the operation and planning of electrical power systems. Its mission is to create software tools that assist the comprehension of the phenomena, the analysis of the problems, and the development of applications. Its competencies include the development of computational tools applicable to the different segments of the electricity sector.<\/p>\r\n<p>[\/vc_column_text][\/vc_accordion_tab][vc_accordion_tab title=&#8221;<a>Brief Background<\/a>&#8220;][vc_column_text]<\/p>\r\n<p>LSE was created in 1975 in recognition of the potential for the use of computational tools for simulation and analysis in the electricity sector. It is a research partner of CEPEL\/Eletrobras, and is equipped with personal computers, printers and a set of software commonly used in the industry.<\/p>\r\n<p>[\/vc_column_text][\/vc_accordion_tab][vc_accordion_tab title=&#8221;<a>Importance \/ Impacts<\/a>&#8220;][vc_column_text]<\/p>\r\n<p>The tools and applications developed by LSE have been transferred to industry through specific contracts, agreements and R&amp;D projects regulated by the electricity sector regulatory agency, ANEEL. LSE also has agreements and projects with research groups from other universities from Brazil (UFMA, UNESP, UNIOESTE) and abroad (UCLM, Spain).<br \/>\r\n<br \/>\r\nWe are currently involved in a project in partnership with the Brazilian Wind Energy Association for the creation of a Brazilian wind energy research network.<\/p>\r\n<p>[\/vc_column_text][\/vc_accordion_tab][vc_accordion_tab title=&#8221;<a>Contact Information<\/a>&#8220;][vc_column_text]<\/p>\r\n<div id=\"a4\"><span class=\"txt\"><strong>Lead Professor(s):<\/strong><\/span><br \/>\r\n<strong><span class=\"txt\">Ricardo B. Prada<\/span><\/strong><br \/>\r\n<br \/>\r\n<span class=\"txt\"><strong>Address:<\/strong><\/span><br \/>\r\n<span class=\"txt\">Rua Marqu\u00eas de S\u00e3o Vicente 225, sala L447 &#8211; G\u00e1vea &#8211; Rio de Janeiro &#8211; RJ<\/span><br \/>\r\n<br \/>\r\n<span class=\"txt\"><strong>Tel:<\/strong><\/span><br \/>\r\n<span class=\"txt\">(+55 21) 3527-1228\u00a0<\/span><br \/>\r\n<br \/>\r\n<\/div>\r\n<p>[\/vc_column_text][\/vc_accordion_tab][\/vc_accordion][vc_empty_space height=&#8221;40px&#8221;][\/vc_column][\/vc_row]<\/p>","protected":false},"excerpt":{"rendered":"<p>[vc_row css_animation=&#8221;&#8221; row_type=&#8221;row&#8221; use_row_as_full_screen_section=&#8221;no&#8221; type=&#8221;full_width&#8221; angled_section=&#8221;no&#8221; text_align=&#8221;left&#8221; background_image_as_pattern=&#8221;without_pattern&#8221;][vc_column][vc_accordion active_tab=&#8221;1&#8243; collapsible=&#8221;yes&#8221; style=&#8221;toggle&#8221; title=&#8221;Area of Work&#8220;][vc_accordion_tab title=&#8221;Area of Work&#8220;][vc_column_text] The Power Systems Laboratory (LSE) at PUC-Rio engages in research and development in the computer simulation of problems associated with the operation and planning of electrical power systems&#8230;.<\/p>\n","protected":false},"author":1,"featured_media":0,"parent":647,"menu_order":0,"comment_status":"closed","ping_status":"closed","template":"","meta":{"_exactmetrics_skip_tracking":false,"_exactmetrics_sitenote_active":false,"_exactmetrics_sitenote_note":"","_exactmetrics_sitenote_category":0,"footnotes":""},"class_list":["post-1231","page","type-page","status-publish","hentry"],"_links":{"self":[{"href":"http:\/\/www.ele.puc-rio.br\/en\/wp-json\/wp\/v2\/pages\/1231\/"}],"collection":[{"href":"http:\/\/www.ele.puc-rio.br\/en\/wp-json\/wp\/v2\/pages\/"}],"about":[{"href":"http:\/\/www.ele.puc-rio.br\/en\/wp-json\/wp\/v2\/types\/page\/"}],"author":[{"embeddable":true,"href":"http:\/\/www.ele.puc-rio.br\/en\/wp-json\/wp\/v2\/users\/1\/"}],"replies":[{"embeddable":true,"href":"http:\/\/www.ele.puc-rio.br\/en\/wp-json\/wp\/v2\/comments\/?post=1231"}],"version-history":[{"count":2,"href":"http:\/\/www.ele.puc-rio.br\/en\/wp-json\/wp\/v2\/pages\/1231\/revisions\/"}],"predecessor-version":[{"id":1233,"href":"http:\/\/www.ele.puc-rio.br\/en\/wp-json\/wp\/v2\/pages\/1231\/revisions\/1233\/"}],"up":[{"embeddable":true,"href":"http:\/\/www.ele.puc-rio.br\/en\/wp-json\/wp\/v2\/pages\/647\/"}],"wp:attachment":[{"href":"http:\/\/www.ele.puc-rio.br\/en\/wp-json\/wp\/v2\/media\/?parent=1231"}],"curies":[{"name":"wp","href":"https:\/\/api.w.org\/{rel}","templated":true}]}}