{"id":1227,"date":"2019-01-23T18:29:39","date_gmt":"2019-01-23T18:29:39","guid":{"rendered":"http:\/\/wp2.ele.puc-rio.br\/?page_id=1227"},"modified":"2019-02-13T14:29:01","modified_gmt":"2019-02-13T14:29:01","slug":"lri","status":"publish","type":"page","link":"http:\/\/www.ele.puc-rio.br\/en\/laboratorios\/lri\/","title":{"rendered":"INTELLIGENT ROBOTICS LABORATORY"},"content":{"rendered":"<p>[vc_row css_animation=&#8221;&#8221; row_type=&#8221;row&#8221; use_row_as_full_screen_section=&#8221;no&#8221; type=&#8221;full_width&#8221; angled_section=&#8221;no&#8221; text_align=&#8221;left&#8221; background_image_as_pattern=&#8221;without_pattern&#8221;][vc_column][vc_accordion active_tab=&#8221;1&#8243; collapsible=&#8221;yes&#8221; style=&#8221;toggle&#8221; title=&#8221;<a>Area of Work<\/a>&#8220;][vc_accordion_tab title=&#8221;<a>Area of Work<\/a>&#8220;][vc_column_text]<\/p>\r\n<p>Autonomous robotics is an area of research that has developed fast in recent years. Robots already help man in many different tasks, from small domestic chores to space exploration. As information technology develops, especially hardware, more powerful computers can be used to develop new robotic control techniques, making them more autonomous. The degree of autonomy increases as new intelligent features are added to the robots. These can be materialized through new techniques that enable them to execute complex tasks which could only be done by humans before, like: learning from experience, reacting intelligently to environmental stimuli, and moving around unfamiliar environments, avoiding unexpected obstacles.<\/p>\r\n<p>[\/vc_column_text][\/vc_accordion_tab][vc_accordion_tab title=&#8221;<a>Brief Background<\/a>&#8220;][vc_column_text]<\/p>\r\n<p><img loading=\"lazy\" decoding=\"async\" class=\"size-medium wp-image-256 aligncenter\" src=\"http:\/\/wp2.ele.puc-rio.br\/wp-content\/uploads\/2018\/12\/LRI-\u2013-Laborat\u00f3rio-de-Rob\u00f3tica-Inteligente-300x265.jpg\" alt=\"\" width=\"300\" height=\"265\" srcset=\"http:\/\/www.ele.puc-rio.br\/wp-content\/uploads\/2018\/12\/LRI-\u2013-Laborat\u00f3rio-de-Rob\u00f3tica-Inteligente-300x265.jpg 300w, http:\/\/www.ele.puc-rio.br\/wp-content\/uploads\/2018\/12\/LRI-\u2013-Laborat\u00f3rio-de-Rob\u00f3tica-Inteligente.jpg 456w\" sizes=\"auto, (max-width: 300px) 100vw, 300px\" \/><\/p>\r\n<p>LRI was created in 2009 with the support of funding from FAPERJ (grant n\u00b0 29\/2008) with the objective of: continuing the research program and the training of human resources from the PUC-Rio Electrical Engineering Department in computational intelligence; and consolidating the research into agent theories and intelligent robotics already being conducted by the Applied Computational Intelligence Research Group. In 2011, thanks to funding received from FINEP for the &#8220;Automation and Intelligent Robotics Systemsquot; project, the LRI&#8217;s research into intelligent multi-agent robotics systems was consolidated with the acquisition of equipment for the robotic soccer paradigm.<\/p>\r\n<p>[\/vc_column_text][\/vc_accordion_tab][vc_accordion_tab title=&#8221;<a>Importance \/ Impacts<\/a>&#8220;][vc_column_text]<\/p>\r\n<p>The findings of the research and development of computational intelligence models applied to robotics in multi-agent systems, bipedal robot control, control of movement and positioning in unfamiliar environments for onshore platforms, and control of manipulators, assure synergy and feasibility in the execution of projects with a high degree of autonomy and logic in the most varied of areas.<\/p>\r\n<p>[\/vc_column_text][\/vc_accordion_tab][vc_accordion_tab title=&#8221;<a>Contact Information<\/a>&#8220;][vc_column_text]<\/p>\r\n<div id=\"a4\">\r\n<div id=\"a4\"><span class=\"txt\"><strong>Lead Professor(s):<\/strong><\/span><br \/>\r\n<span class=\"txt\">Karla T. Figueiredo Leite e Marley Vellasco<\/span><br \/>\r\n<br \/>\r\n<span class=\"txt\"><strong>Address:<\/strong><\/span><br \/>\r\n<span class=\"txt\">Rua Marqu\u00eas de S\u00e3o Vicente 225, Pr\u00e9dio Cardeal Leme, T\u00e9rreo (em frente ao caixa do Ita\u00fa) &#8211; G\u00e1vea &#8211; Rio de Janeiro &#8211; RJ<\/span><br \/>\r\n<br \/>\r\n<span class=\"txt\"><strong>Tel:<\/strong><\/span><br \/>\r\n<span class=\"txt\">(+55 21) 3527-2093\u00a0<\/span><br \/>\r\n<br \/>\r\n<span class=\"txt\"><strong>Email:<\/strong><\/span><br \/>\r\n<a href=\"mailto:marley@ele.puc-rio.br\">marley@ele.puc-rio.br<\/a><br \/>\r\n<a href=\"mailto:karla@ele.puc-rio.br\">karla@ele.puc-rio.br<\/a><br \/>\r\n<br \/>\r\n<span class=\"txt\"><strong>Find out more at:<\/strong><\/span><br \/>\r\n<a href=\"http:\/\/lri.ica.ele.puc-rio.br\/\">lri.ica.ele.puc-rio.br<\/a><\/div>\r\n<p>&nbsp;<\/p>\r\n<\/div>\r\n<p>[\/vc_column_text][\/vc_accordion_tab][\/vc_accordion][vc_empty_space height=&#8221;45px&#8221;][\/vc_column][\/vc_row]<\/p>","protected":false},"excerpt":{"rendered":"<p>[vc_row css_animation=&#8221;&#8221; row_type=&#8221;row&#8221; use_row_as_full_screen_section=&#8221;no&#8221; type=&#8221;full_width&#8221; angled_section=&#8221;no&#8221; text_align=&#8221;left&#8221; background_image_as_pattern=&#8221;without_pattern&#8221;][vc_column][vc_accordion active_tab=&#8221;1&#8243; collapsible=&#8221;yes&#8221; style=&#8221;toggle&#8221; title=&#8221;Area of Work&#8220;][vc_accordion_tab title=&#8221;Area of Work&#8220;][vc_column_text] Autonomous robotics is an area of research that has developed fast in recent years. Robots already help man in many different tasks, from small domestic chores to space&#8230;<\/p>\n","protected":false},"author":1,"featured_media":0,"parent":647,"menu_order":0,"comment_status":"closed","ping_status":"closed","template":"","meta":{"_exactmetrics_skip_tracking":false,"_exactmetrics_sitenote_active":false,"_exactmetrics_sitenote_note":"","_exactmetrics_sitenote_category":0,"footnotes":""},"class_list":["post-1227","page","type-page","status-publish","hentry"],"_links":{"self":[{"href":"http:\/\/www.ele.puc-rio.br\/en\/wp-json\/wp\/v2\/pages\/1227\/"}],"collection":[{"href":"http:\/\/www.ele.puc-rio.br\/en\/wp-json\/wp\/v2\/pages\/"}],"about":[{"href":"http:\/\/www.ele.puc-rio.br\/en\/wp-json\/wp\/v2\/types\/page\/"}],"author":[{"embeddable":true,"href":"http:\/\/www.ele.puc-rio.br\/en\/wp-json\/wp\/v2\/users\/1\/"}],"replies":[{"embeddable":true,"href":"http:\/\/www.ele.puc-rio.br\/en\/wp-json\/wp\/v2\/comments\/?post=1227"}],"version-history":[{"count":1,"href":"http:\/\/www.ele.puc-rio.br\/en\/wp-json\/wp\/v2\/pages\/1227\/revisions\/"}],"predecessor-version":[{"id":1228,"href":"http:\/\/www.ele.puc-rio.br\/en\/wp-json\/wp\/v2\/pages\/1227\/revisions\/1228\/"}],"up":[{"embeddable":true,"href":"http:\/\/www.ele.puc-rio.br\/en\/wp-json\/wp\/v2\/pages\/647\/"}],"wp:attachment":[{"href":"http:\/\/www.ele.puc-rio.br\/en\/wp-json\/wp\/v2\/media\/?parent=1227"}],"curies":[{"name":"wp","href":"https:\/\/api.w.org\/{rel}","templated":true}]}}