{"id":1219,"date":"2019-01-23T15:29:53","date_gmt":"2019-01-23T15:29:53","guid":{"rendered":"http:\/\/wp2.ele.puc-rio.br\/?page_id=1219"},"modified":"2019-02-13T14:29:09","modified_gmt":"2019-02-13T14:29:09","slug":"lambda","status":"publish","type":"page","link":"http:\/\/www.ele.puc-rio.br\/en\/laboratorios\/lambda\/","title":{"rendered":"LABORATORY FOR AUTOMATION, MUSEUMS, DIGITAL LIBRARIES AND ARCHIVES"},"content":{"rendered":"<p>[vc_row css_animation=&#8221;&#8221; row_type=&#8221;row&#8221; use_row_as_full_screen_section=&#8221;no&#8221; type=&#8221;full_width&#8221; angled_section=&#8221;no&#8221; text_align=&#8221;left&#8221; background_image_as_pattern=&#8221;without_pattern&#8221;][vc_column][vc_accordion active_tab=&#8221;1&#8243; collapsible=&#8221;yes&#8221; style=&#8221;toggle&#8221; title=&#8221;<a>About the LAMBDA<\/a>&#8220;][vc_accordion_tab title=&#8221;<a>About the LAMBDA<\/a>&#8220;][vc_column_text]<\/p>\r\n<p>LAMBDA is a laboratory whose focus is the use of information and communication technologies (ICT) in education, culture and the dissemination of academic and scientific information.<br \/>\r\n<br \/>\r\nIn the area of culture, we have developed countless projects alongside the National Library, the Cultural Center for the Peoples of the Amazon, and Casa de Rui Barbosa Foundation. Their focus has always been on the use of ICT to disseminate and store in an easily accessible and retrievable manner the digital versions of their image, text, audio, photographic archives, etc.\u00a0<br \/>\r\n<br \/>\r\nLAMBDA develops and operates the Maxwell System, which is the PUC-Rio institutional repository. It holds theses and dissertations, undergraduate projects, periodicals, monographs, and a broad range of educational material. The system is linked to national and international digital libraries and institutional repositories via networks, and is classified in the Webometrics ranking as 238th in the world and 5th in Brazil. Over 1,400 repositories are classified from every continent.<br \/>\r\n<br \/>\r\nMaxwell is also a distance education system, and serves not only to support classroom learning but also for distance learning courses. It was developed to be accessed by blind and partially sighted people.<br \/>\r\n<br \/>\r\nLAMBDA has projects for the production of educational material for electrical engineering in which undergraduates participate actively, alongside professors, graduate students and staff.<br \/>\r\n<br \/>\r\nAlongside its electrical engineering education projects, LAMBDA also has education projects in different science and technology areas. It has completed one project for a virtual museum and is in the process of developing another.<\/p>\r\n<p>[\/vc_column_text][\/vc_accordion_tab][vc_accordion_tab title=&#8221;<a>Contact Information<\/a>&#8220;][vc_column_text]<\/p>\r\n<div id=\"a2\">\r\n<div id=\"a2\"><span class=\"txt\"><strong>Lead Professor(s):<\/strong><\/span><br \/>\r\n<span class=\"txt\">Ana Pavani<\/span><br \/>\r\n<br \/>\r\n<span class=\"txt\"><strong>Address:<\/strong><\/span><br \/>\r\n<span class=\"txt\">Rua Marqu\u00eas de S\u00e3o Vicente 225, Pr\u00e9dio Cardeal Leme, 4\u00ba andar, Salas 413, 415 e 417<\/span><br \/>\r\n<br \/>\r\n<span class=\"txt\"><strong>Tel:<\/strong><\/span><br \/>\r\n<span class=\"txt\">(+55 21) 3527-1223\u00a0<\/span><br \/>\r\n<span class=\"txt\">(+55 21) 3527-1224<\/span>\u00a0<br \/>\r\n<br \/>\r\n<span class=\"txt\"><strong>Email:<\/strong><\/span><br \/>\r\n<a href=\"mailto:info.maxwell@puc-rio.br\">info.maxwell@puc-rio.br<\/a><br \/>\r\n<br \/>\r\n<span class=\"txt\"><strong>Find out more at:<\/strong><\/span><br \/>\r\n<a href=\"http:\/\/www.maxwell.vrac.puc-rio.br\/equipe.php?tipBusca=laboratorio\">Laboratory LAMBDA<\/a><br \/>\r\n<a href=\"http:\/\/www.maxwell.vrac.puc-rio.br\/\">www.maxwell.vrac.puc-rio.br<\/a><\/div>\r\n<\/div>\r\n<p>&nbsp;<\/p>\r\n<p>[\/vc_column_text][\/vc_accordion_tab][\/vc_accordion][vc_empty_space height=&#8221;55px&#8221;][\/vc_column][\/vc_row]<\/p>","protected":false},"excerpt":{"rendered":"<p>[vc_row css_animation=&#8221;&#8221; row_type=&#8221;row&#8221; use_row_as_full_screen_section=&#8221;no&#8221; type=&#8221;full_width&#8221; angled_section=&#8221;no&#8221; text_align=&#8221;left&#8221; background_image_as_pattern=&#8221;without_pattern&#8221;][vc_column][vc_accordion active_tab=&#8221;1&#8243; collapsible=&#8221;yes&#8221; style=&#8221;toggle&#8221; title=&#8221;About the LAMBDA&#8220;][vc_accordion_tab title=&#8221;About the LAMBDA&#8220;][vc_column_text] LAMBDA is a laboratory whose focus is the use of information and communication technologies (ICT) in education, culture and the dissemination of academic and scientific information. In the&#8230;<\/p>\n","protected":false},"author":1,"featured_media":0,"parent":647,"menu_order":0,"comment_status":"closed","ping_status":"closed","template":"","meta":{"_exactmetrics_skip_tracking":false,"_exactmetrics_sitenote_active":false,"_exactmetrics_sitenote_note":"","_exactmetrics_sitenote_category":0,"footnotes":""},"class_list":["post-1219","page","type-page","status-publish","hentry"],"_links":{"self":[{"href":"http:\/\/www.ele.puc-rio.br\/en\/wp-json\/wp\/v2\/pages\/1219\/"}],"collection":[{"href":"http:\/\/www.ele.puc-rio.br\/en\/wp-json\/wp\/v2\/pages\/"}],"about":[{"href":"http:\/\/www.ele.puc-rio.br\/en\/wp-json\/wp\/v2\/types\/page\/"}],"author":[{"embeddable":true,"href":"http:\/\/www.ele.puc-rio.br\/en\/wp-json\/wp\/v2\/users\/1\/"}],"replies":[{"embeddable":true,"href":"http:\/\/www.ele.puc-rio.br\/en\/wp-json\/wp\/v2\/comments\/?post=1219"}],"version-history":[{"count":1,"href":"http:\/\/www.ele.puc-rio.br\/en\/wp-json\/wp\/v2\/pages\/1219\/revisions\/"}],"predecessor-version":[{"id":1220,"href":"http:\/\/www.ele.puc-rio.br\/en\/wp-json\/wp\/v2\/pages\/1219\/revisions\/1220\/"}],"up":[{"embeddable":true,"href":"http:\/\/www.ele.puc-rio.br\/en\/wp-json\/wp\/v2\/pages\/647\/"}],"wp:attachment":[{"href":"http:\/\/www.ele.puc-rio.br\/en\/wp-json\/wp\/v2\/media\/?parent=1219"}],"curies":[{"name":"wp","href":"https:\/\/api.w.org\/{rel}","templated":true}]}}