{"id":1215,"date":"2019-01-23T15:21:41","date_gmt":"2019-01-23T15:21:41","guid":{"rendered":"http:\/\/wp2.ele.puc-rio.br\/?page_id=1215"},"modified":"2019-02-13T14:48:18","modified_gmt":"2019-02-13T14:48:18","slug":"labsem","status":"publish","type":"page","link":"http:\/\/www.ele.puc-rio.br\/en\/laboratorios\/labsem\/","title":{"rendered":"SEMICONDUCTOR LABORATORIES"},"content":{"rendered":"<p>[vc_row css_animation=&#8221;&#8221; row_type=&#8221;row&#8221; use_row_as_full_screen_section=&#8221;no&#8221; type=&#8221;full_width&#8221; angled_section=&#8221;no&#8221; text_align=&#8221;left&#8221; background_image_as_pattern=&#8221;without_pattern&#8221;][vc_column][vc_accordion active_tab=&#8221;1&#8243; collapsible=&#8221;yes&#8221; style=&#8221;toggle&#8221; title=&#8221;<a>About the Laboratory<\/a>&#8220;][vc_accordion_tab title=&#8221;<a>About the Laboratory<\/a>&#8220;][vc_column_text]<\/p>\r\n<p>LabSem has state-of-the-art equipment capable of supplying samples whose quality is comparable with the highest international standards. We conduct basic and applied research in the area of III-V semiconductor nanostructures for electronic and optoelectronic devices. The activities range from epitaxial growth (by layers) to making devices themselves, passing through different stages of study and characterization of optical, electrical, electronic, optoelectronic and structural properties.<\/p>\r\n<p>[\/vc_column_text][\/vc_accordion_tab][vc_accordion_tab title=&#8221;<a>Contact Information<\/a>&#8220;][vc_column_text]<\/p>\r\n<div id=\"a2\">\r\n<div id=\"a2\">\r\n<div id=\"a2\"><span class=\"txt\"><strong>Lead Professor(s):<\/strong><\/span><br \/>\r\n<span class=\"txt\">Patr\u00edcia Lustoza de Souza<\/span><br \/>\r\n<br \/>\r\n<span class=\"txt\"><strong>Address:<\/strong><\/span><br \/>\r\n<span class=\"txt\">Rua Marqu\u00eas de S\u00e3o Vicente 225, CETUC &#8211; G\u00e1vea &#8211; Rio de Janeiro &#8211; RJ<\/span><br \/>\r\n<br \/>\r\n<span class=\"txt\"><strong>Tel:<\/strong><\/span><br \/>\r\n<span class=\"txt\">(+55 21) 3527-1154\u00a0<\/span><br \/>\r\n<span class=\"txt\">(+55 21) 3527-1155\u00a0<\/span><br \/>\r\n<span class=\"txt\">(+55 21) 3527-1161\u00a0<\/span><br \/>\r\n<br \/>\r\n<span class=\"txt\"><strong>Email:<\/strong><\/span><br \/>\r\n<a href=\"mailto:plustoza@cetuc.puc-rio.br\">plustoza@cetuc.puc-rio.br<\/a><br \/>\r\n<br \/>\r\n<span class=\"txt\"><strong>Find out more at:<\/strong><\/span><br \/>\r\n<a href=\"http:\/\/www.ele.puc-rio.br\/posgraduacao\/www.labsem.cetuc.puc-rio.br\">www.labsem.cetuc.puc-rio.br<\/a><\/div>\r\n<br \/>\r\n<br \/>\r\n<\/div>\r\n<\/div>\r\n<p>[\/vc_column_text][\/vc_accordion_tab][\/vc_accordion][vc_empty_space height=&#8221;50px&#8221;][\/vc_column][\/vc_row]<\/p>","protected":false},"excerpt":{"rendered":"<p>[vc_row css_animation=&#8221;&#8221; row_type=&#8221;row&#8221; use_row_as_full_screen_section=&#8221;no&#8221; type=&#8221;full_width&#8221; angled_section=&#8221;no&#8221; text_align=&#8221;left&#8221; background_image_as_pattern=&#8221;without_pattern&#8221;][vc_column][vc_accordion active_tab=&#8221;1&#8243; collapsible=&#8221;yes&#8221; style=&#8221;toggle&#8221; title=&#8221;About the Laboratory&#8220;][vc_accordion_tab title=&#8221;About the Laboratory&#8220;][vc_column_text] LabSem has state-of-the-art equipment capable of supplying samples whose quality is comparable with the highest international standards. We conduct basic and applied research in the area of III-V&#8230;<\/p>\n","protected":false},"author":1,"featured_media":0,"parent":647,"menu_order":0,"comment_status":"closed","ping_status":"closed","template":"","meta":{"_exactmetrics_skip_tracking":false,"_exactmetrics_sitenote_active":false,"_exactmetrics_sitenote_note":"","_exactmetrics_sitenote_category":0,"footnotes":""},"class_list":["post-1215","page","type-page","status-publish","hentry"],"_links":{"self":[{"href":"http:\/\/www.ele.puc-rio.br\/en\/wp-json\/wp\/v2\/pages\/1215\/"}],"collection":[{"href":"http:\/\/www.ele.puc-rio.br\/en\/wp-json\/wp\/v2\/pages\/"}],"about":[{"href":"http:\/\/www.ele.puc-rio.br\/en\/wp-json\/wp\/v2\/types\/page\/"}],"author":[{"embeddable":true,"href":"http:\/\/www.ele.puc-rio.br\/en\/wp-json\/wp\/v2\/users\/1\/"}],"replies":[{"embeddable":true,"href":"http:\/\/www.ele.puc-rio.br\/en\/wp-json\/wp\/v2\/comments\/?post=1215"}],"version-history":[{"count":1,"href":"http:\/\/www.ele.puc-rio.br\/en\/wp-json\/wp\/v2\/pages\/1215\/revisions\/"}],"predecessor-version":[{"id":1216,"href":"http:\/\/www.ele.puc-rio.br\/en\/wp-json\/wp\/v2\/pages\/1215\/revisions\/1216\/"}],"up":[{"embeddable":true,"href":"http:\/\/www.ele.puc-rio.br\/en\/wp-json\/wp\/v2\/pages\/647\/"}],"wp:attachment":[{"href":"http:\/\/www.ele.puc-rio.br\/en\/wp-json\/wp\/v2\/media\/?parent=1215"}],"curies":[{"name":"wp","href":"https:\/\/api.w.org\/{rel}","templated":true}]}}