{"id":1132,"date":"2019-01-15T23:08:07","date_gmt":"2019-01-15T23:08:07","guid":{"rendered":"http:\/\/wp2.ele.puc-rio.br\/?page_id=1132"},"modified":"2019-02-22T19:18:19","modified_gmt":"2019-02-22T19:18:19","slug":"videos","status":"publish","type":"page","link":"http:\/\/www.ele.puc-rio.br\/en\/videos\/","title":{"rendered":"Videos"},"content":{"rendered":"<p>[vc_row css_animation=&#8221;&#8221; row_type=&#8221;row&#8221; use_row_as_full_screen_section=&#8221;no&#8221; type=&#8221;full_width&#8221; angled_section=&#8221;no&#8221; text_align=&#8221;left&#8221; background_image_as_pattern=&#8221;without_pattern&#8221;][vc_column][vc_empty_space]<div class='q_masonry_blog'><div class=\"q_masonry_blog_grid_sizer\"><\/div><div class=\"q_masonry_blog_grid_gutter\"><\/div><article  class='post-1353 post type-post status-publish format-standard has-post-thumbnail hentry category-videos-en '><div class=\"q_masonry_blog_post_image\"><a itemprop=\"url\" href=\"http:\/\/www.ele.puc-rio.br\/en\/sistemas-de-energia-eletrica\/\" target=\"_self\"><img decoding=\"async\" itemprop=\"image\" src=\"http:\/\/www.ele.puc-rio.br\/wp-content\/uploads\/2019\/02\/delberis-1.jpg\" \/><\/a><\/div><div class=\"q_masonry_blog_post_text\"><h4 itemprop=\"name\" class=\"q_masonry_blog_title entry_title\"><a itemprop=\"url\" href=\"http:\/\/www.ele.puc-rio.br\/en\/sistemas-de-energia-eletrica\/\">Sistemas de Energia El\u00e9trica<\/a><\/h4><p itemprop=\"description\" class=\"q_masonry_blog_excerpt\">&nbsp; &nbsp;...<\/p><div class=\"q_masonry_blog_post_info\"><\/div><\/div><\/article><article  class='post-1354 post type-post status-publish format-standard has-post-thumbnail hentry category-videos-en '><div class=\"q_masonry_blog_post_image\"><a itemprop=\"url\" href=\"http:\/\/www.ele.puc-rio.br\/en\/sua-fatura-de-energia-eletrica-com-geracao-distribuida\/\" target=\"_self\"><img decoding=\"async\" itemprop=\"image\" src=\"http:\/\/www.ele.puc-rio.br\/wp-content\/uploads\/2019\/02\/delberis-2.jpg\" \/><\/a><\/div><div class=\"q_masonry_blog_post_text\"><h4 itemprop=\"name\" class=\"q_masonry_blog_title entry_title\"><a itemprop=\"url\" href=\"http:\/\/www.ele.puc-rio.br\/en\/sua-fatura-de-energia-eletrica-com-geracao-distribuida\/\">Sua fatura de energia el\u00e9trica com Gera\u00e7\u00e3o Distribu\u00edda<\/a><\/h4><p itemprop=\"description\" class=\"q_masonry_blog_excerpt\">&nbsp; &nbsp; Saiba nesta s\u00e9rie de v\u00eddeos como entender a sua fatura de energia com foco no consumo da utiliza\u00e7\u00e3o residencial. Ser\u00e3o tr\u00eas v\u00eddeos que te ajudar\u00e3o a entender melhor a resolu\u00e7\u00e3o normativa. Uma dica para economizar nas suas contas \u00e9 pag\u00e1-las utilizando um cupom......<\/p><div class=\"q_masonry_blog_post_info\"><\/div><\/div><\/article><article  class='post-1356 post type-post status-publish format-standard has-post-thumbnail hentry category-videos-en '><div class=\"q_masonry_blog_post_image\"><a itemprop=\"url\" href=\"http:\/\/www.ele.puc-rio.br\/en\/curto-circuito-em-sistemas-de-distribuicao\/\" target=\"_self\"><img decoding=\"async\" itemprop=\"image\" src=\"http:\/\/www.ele.puc-rio.br\/wp-content\/uploads\/2019\/02\/delberis-3.jpg\" \/><\/a><\/div><div class=\"q_masonry_blog_post_text\"><h4 itemprop=\"name\" class=\"q_masonry_blog_title entry_title\"><a itemprop=\"url\" href=\"http:\/\/www.ele.puc-rio.br\/en\/curto-circuito-em-sistemas-de-distribuicao\/\">Curto-circuito em sistemas de distribui\u00e7\u00e3o<\/a><\/h4><p itemprop=\"description\" class=\"q_masonry_blog_excerpt\">...<\/p><div class=\"q_masonry_blog_post_info\"><\/div><\/div><\/article><article  class='post-1352 post type-post status-publish format-standard has-post-thumbnail hentry category-videos-en '><div class=\"q_masonry_blog_post_image\"><a itemprop=\"url\" href=\"http:\/\/www.ele.puc-rio.br\/en\/habilidades-dos-engenheiros-para-o-futuro\/\" target=\"_self\"><img decoding=\"async\" itemprop=\"image\" src=\"http:\/\/www.ele.puc-rio.br\/wp-content\/uploads\/2019\/02\/delberis-4.jpg\" \/><\/a><\/div><div class=\"q_masonry_blog_post_text\"><h4 itemprop=\"name\" class=\"q_masonry_blog_title entry_title\"><a itemprop=\"url\" href=\"http:\/\/www.ele.puc-rio.br\/en\/habilidades-dos-engenheiros-para-o-futuro\/\">Habilidades dos Engenheiros para o futuro<\/a><\/h4><p itemprop=\"description\" class=\"q_masonry_blog_excerpt\">...<\/p><div class=\"q_masonry_blog_post_info\"><\/div><\/div><\/article><article  class='post-1355 post type-post status-publish format-standard has-post-thumbnail hentry category-videos-en '><div class=\"q_masonry_blog_post_image\"><a itemprop=\"url\" href=\"http:\/\/www.ele.puc-rio.br\/en\/dicas-para-evitar-erros-no-desenvolvimento-da-pesquisa-no-mestrado-e-doutorado\/\" target=\"_self\"><img decoding=\"async\" itemprop=\"image\" src=\"http:\/\/www.ele.puc-rio.br\/wp-content\/uploads\/2019\/02\/delberis-5.jpg\" \/><\/a><\/div><div class=\"q_masonry_blog_post_text\"><h4 itemprop=\"name\" class=\"q_masonry_blog_title entry_title\"><a itemprop=\"url\" href=\"http:\/\/www.ele.puc-rio.br\/en\/dicas-para-evitar-erros-no-desenvolvimento-da-pesquisa-no-mestrado-e-doutorado\/\">Dicas para evitar erros no desenvolvimento da pesquisa no mestrado e doutorado<\/a><\/h4><p itemprop=\"description\" class=\"q_masonry_blog_excerpt\">...<\/p><div class=\"q_masonry_blog_post_info\"><\/div><\/div><\/article><article  class='post-1357 post type-post status-publish format-standard has-post-thumbnail hentry category-videos-en '><div class=\"q_masonry_blog_post_image\"><a itemprop=\"url\" href=\"http:\/\/www.ele.puc-rio.br\/en\/erros-comuns-no-desenvolvimento-das-pesquisas\/\" target=\"_self\"><img decoding=\"async\" itemprop=\"image\" src=\"http:\/\/www.ele.puc-rio.br\/wp-content\/uploads\/2019\/02\/delberis-6.jpg\" \/><\/a><\/div><div class=\"q_masonry_blog_post_text\"><h4 itemprop=\"name\" class=\"q_masonry_blog_title entry_title\"><a itemprop=\"url\" href=\"http:\/\/www.ele.puc-rio.br\/en\/erros-comuns-no-desenvolvimento-das-pesquisas\/\">Erros comuns dos alunos de p\u00f3s-gradua\u00e7\u00e3o no desenvolvimento das pesquisas<\/a><\/h4><p itemprop=\"description\" class=\"q_masonry_blog_excerpt\">...<\/p><div class=\"q_masonry_blog_post_info\"><\/div><\/div><\/article><\/div>[\/vc_column][\/vc_row]<\/p>","protected":false},"excerpt":{"rendered":"<p>[vc_row css_animation=&#8221;&#8221; row_type=&#8221;row&#8221; use_row_as_full_screen_section=&#8221;no&#8221; type=&#8221;full_width&#8221; angled_section=&#8221;no&#8221; text_align=&#8221;left&#8221; background_image_as_pattern=&#8221;without_pattern&#8221;][vc_column][vc_empty_space][\/vc_column][\/vc_row]<\/p>\n","protected":false},"author":1,"featured_media":0,"parent":0,"menu_order":0,"comment_status":"closed","ping_status":"closed","template":"","meta":{"_exactmetrics_skip_tracking":false,"_exactmetrics_sitenote_active":false,"_exactmetrics_sitenote_note":"","_exactmetrics_sitenote_category":0,"footnotes":""},"class_list":["post-1132","page","type-page","status-publish","hentry"],"_links":{"self":[{"href":"http:\/\/www.ele.puc-rio.br\/en\/wp-json\/wp\/v2\/pages\/1132\/"}],"collection":[{"href":"http:\/\/www.ele.puc-rio.br\/en\/wp-json\/wp\/v2\/pages\/"}],"about":[{"href":"http:\/\/www.ele.puc-rio.br\/en\/wp-json\/wp\/v2\/types\/page\/"}],"author":[{"embeddable":true,"href":"http:\/\/www.ele.puc-rio.br\/en\/wp-json\/wp\/v2\/users\/1\/"}],"replies":[{"embeddable":true,"href":"http:\/\/www.ele.puc-rio.br\/en\/wp-json\/wp\/v2\/comments\/?post=1132"}],"version-history":[{"count":2,"href":"http:\/\/www.ele.puc-rio.br\/en\/wp-json\/wp\/v2\/pages\/1132\/revisions\/"}],"predecessor-version":[{"id":1381,"href":"http:\/\/www.ele.puc-rio.br\/en\/wp-json\/wp\/v2\/pages\/1132\/revisions\/1381\/"}],"wp:attachment":[{"href":"http:\/\/www.ele.puc-rio.br\/en\/wp-json\/wp\/v2\/media\/?parent=1132"}],"curies":[{"name":"wp","href":"https:\/\/api.w.org\/{rel}","templated":true}]}}