{"id":1028,"date":"2019-01-14T09:12:07","date_gmt":"2019-01-14T09:12:07","guid":{"rendered":"http:\/\/wp2.ele.puc-rio.br\/?page_id=1028"},"modified":"2019-02-13T14:48:10","modified_gmt":"2019-02-13T14:48:10","slug":"lmr","status":"publish","type":"page","link":"http:\/\/www.ele.puc-rio.br\/en\/laboratorios\/lmr\/","title":{"rendered":"QUANTUM COMMUNICATION LABORATORY"},"content":{"rendered":"<p>[vc_row css_animation=&#8221;&#8221; row_type=&#8221;row&#8221; use_row_as_full_screen_section=&#8221;no&#8221; type=&#8221;full_width&#8221; angled_section=&#8221;no&#8221; text_align=&#8221;left&#8221; background_image_as_pattern=&#8221;without_pattern&#8221;][vc_column][vc_accordion active_tab=&#8221;1&#8243; collapsible=&#8221;yes&#8221; style=&#8221;toggle&#8221; title=&#8221;<a>About the Laboratory<\/a>&#8220;][vc_accordion_tab title=&#8221;<a>About the Laboratory<\/a>&#8220;][vc_column_text]<\/p>\r\n<p>The Quantum Communication Laboratory is an environment for the development of new technologies for the generation, manipulation, transmission and detection of single photons. The applications of these technologies range from the exploration of fundamental physical properties, such as quantum entanglement, to commercial systems like cryptography.<\/p>\r\n<p>&nbsp;<\/p>\r\n<p><img loading=\"lazy\" decoding=\"async\" class=\"size-medium wp-image-235 aligncenter\" src=\"http:\/\/wp2.ele.puc-rio.br\/wp-content\/uploads\/2018\/12\/Laborat\u00f3rio-de-Medidas-de-Radiopropaga\u00e7\u00e3o-300x199.jpg\" alt=\"\" width=\"300\" height=\"199\" srcset=\"http:\/\/www.ele.puc-rio.br\/wp-content\/uploads\/2018\/12\/Laborat\u00f3rio-de-Medidas-de-Radiopropaga\u00e7\u00e3o-300x199.jpg 300w, http:\/\/www.ele.puc-rio.br\/wp-content\/uploads\/2018\/12\/Laborat\u00f3rio-de-Medidas-de-Radiopropaga\u00e7\u00e3o.jpg 536w\" sizes=\"auto, (max-width: 300px) 100vw, 300px\" \/><\/p>\r\n<p><img loading=\"lazy\" decoding=\"async\" class=\"size-medium wp-image-236 aligncenter\" src=\"http:\/\/wp2.ele.puc-rio.br\/wp-content\/uploads\/2018\/12\/Laborat\u00f3rio-de-Medidas-de-Radiopropaga\u00e7\u00e3o-2-300x199.jpg\" alt=\"\" width=\"300\" height=\"199\" srcset=\"http:\/\/www.ele.puc-rio.br\/wp-content\/uploads\/2018\/12\/Laborat\u00f3rio-de-Medidas-de-Radiopropaga\u00e7\u00e3o-2-300x199.jpg 300w, http:\/\/www.ele.puc-rio.br\/wp-content\/uploads\/2018\/12\/Laborat\u00f3rio-de-Medidas-de-Radiopropaga\u00e7\u00e3o-2.jpg 536w\" sizes=\"auto, (max-width: 300px) 100vw, 300px\" \/><\/p>\r\n<p>[\/vc_column_text][\/vc_accordion_tab][vc_accordion_tab title=&#8221;<a>Contact Information<\/a>&#8220;][vc_column_text]<\/p>\r\n<div id=\"a2\"><span class=\"txt\"><strong>Lead Professor(s):<\/strong><\/span><br \/>\r\n<span class=\"txt\">Guilherme Tempor\u00e3o<\/span><br \/>\r\n<br \/>\r\n<span class=\"txt\"><strong>Address:<\/strong><\/span><br \/>\r\n<span class=\"txt\">Rua Marqu\u00eas de S\u00e3o Vicente 225, Ala Kennedy, 7\u00ba. andar &#8211; G\u00e1vea &#8211; Rio de Janeiro &#8211; RJ<\/span><br \/>\r\n<br \/>\r\n<span class=\"txt\"><strong>Tel:<\/strong><\/span><br \/>\r\n<span class=\"txt\">(+55 21) 3527-1683<\/span>\u00a0<br \/>\r\n<br \/>\r\n<span class=\"txt\"><strong>Email:<\/strong><\/span><br \/>\r\n<a href=\"mailto:temporao@cetuc.puc-rio.br\">temporao@cetuc.puc-rio.br<\/a><\/div>\r\n<p>&nbsp;<\/p>\r\n<p>[\/vc_column_text][\/vc_accordion_tab][\/vc_accordion][vc_empty_space height=&#8221;42px&#8221;][\/vc_column][\/vc_row]<\/p>","protected":false},"excerpt":{"rendered":"<p>[vc_row css_animation=&#8221;&#8221; row_type=&#8221;row&#8221; use_row_as_full_screen_section=&#8221;no&#8221; type=&#8221;full_width&#8221; angled_section=&#8221;no&#8221; text_align=&#8221;left&#8221; background_image_as_pattern=&#8221;without_pattern&#8221;][vc_column][vc_accordion active_tab=&#8221;1&#8243; collapsible=&#8221;yes&#8221; style=&#8221;toggle&#8221; title=&#8221;About the Laboratory&#8220;][vc_accordion_tab title=&#8221;About the Laboratory&#8220;][vc_column_text] The Quantum Communication Laboratory is an environment for the development of new technologies for the generation, manipulation, transmission and detection of single photons. The applications of these technologies&#8230;<\/p>\n","protected":false},"author":1,"featured_media":0,"parent":647,"menu_order":0,"comment_status":"closed","ping_status":"closed","template":"","meta":{"_exactmetrics_skip_tracking":false,"_exactmetrics_sitenote_active":false,"_exactmetrics_sitenote_note":"","_exactmetrics_sitenote_category":0,"footnotes":""},"class_list":["post-1028","page","type-page","status-publish","hentry"],"_links":{"self":[{"href":"http:\/\/www.ele.puc-rio.br\/en\/wp-json\/wp\/v2\/pages\/1028\/"}],"collection":[{"href":"http:\/\/www.ele.puc-rio.br\/en\/wp-json\/wp\/v2\/pages\/"}],"about":[{"href":"http:\/\/www.ele.puc-rio.br\/en\/wp-json\/wp\/v2\/types\/page\/"}],"author":[{"embeddable":true,"href":"http:\/\/www.ele.puc-rio.br\/en\/wp-json\/wp\/v2\/users\/1\/"}],"replies":[{"embeddable":true,"href":"http:\/\/www.ele.puc-rio.br\/en\/wp-json\/wp\/v2\/comments\/?post=1028"}],"version-history":[{"count":1,"href":"http:\/\/www.ele.puc-rio.br\/en\/wp-json\/wp\/v2\/pages\/1028\/revisions\/"}],"predecessor-version":[{"id":1029,"href":"http:\/\/www.ele.puc-rio.br\/en\/wp-json\/wp\/v2\/pages\/1028\/revisions\/1029\/"}],"up":[{"embeddable":true,"href":"http:\/\/www.ele.puc-rio.br\/en\/wp-json\/wp\/v2\/pages\/647\/"}],"wp:attachment":[{"href":"http:\/\/www.ele.puc-rio.br\/en\/wp-json\/wp\/v2\/media\/?parent=1028"}],"curies":[{"name":"wp","href":"https:\/\/api.w.org\/{rel}","templated":true}]}}